{"id":1842,"date":"2026-01-20T09:51:20","date_gmt":"2026-01-20T09:51:20","guid":{"rendered":"https:\/\/abora.neu.cm-rz.de\/?page_id=1842"},"modified":"2026-03-26T12:46:59","modified_gmt":"2026-03-26T12:46:59","slug":"dilmun-schiffe","status":"publish","type":"page","link":"https:\/\/abora.eu\/en\/dilmun-schiffe\/","title":{"rendered":"DILMUN ships"},"content":{"rendered":"<p>[et_pb_section fb_built=&#8220;1&#8243; _builder_version=&#8220;4.27.5&#8243; _module_preset=&#8220;default&#8220; background_image=&#8220;https:\/\/abora.eu\/wp-content\/uploads\/auf-Bodden-Querformat-00-scaled.jpg&#8220; background_position=&#8220;top_center&#8220; background_vertical_offset=&#8220;49%&#8220; height=&#8220;463px&#8220; global_colors_info=&#8220;{}&#8220;][\/et_pb_section][et_pb_section fb_built=&#8220;1&#8243; _builder_version=&#8220;4.27.5&#8243; _module_preset=&#8220;default&#8220; background_enable_image=&#8220;off&#8220; background_size=&#8220;initial&#8220; background_position=&#8220;bottom_center&#8220; background_vertical_offset=&#8220;100%&#8220; custom_padding=&#8220;100px||100px||true|false&#8220; global_colors_info=&#8220;{}&#8220;][et_pb_row column_structure=&#8220;3_4,1_4&#8243; _builder_version=&#8220;4.27.5&#8243; _module_preset=&#8220;default&#8220; global_colors_info=&#8220;{}&#8220;][et_pb_column type=&#8220;3_4&#8243; _builder_version=&#8220;4.27.5&#8243; _module_preset=&#8220;default&#8220; global_colors_info=&#8220;{}&#8220;][et_pb_text _builder_version=&#8220;4.27.5&#8243; _dynamic_attributes=&#8220;link_option_url&#8220; _module_preset=&#8220;default&#8220; text_font=&#8220;librefranklin-semibold||||||||&#8220; text_font_size=&#8220;18px&#8220; link_option_url=&#8220;@ET-DC@eyJkeW5hbWljIjp0cnVlLCJjb250ZW50IjoicG9zdF9saW5rX3VybF9wYWdlIiwic2V0dGluZ3MiOnsicG9zdF9pZCI6IjUzIn19@&#8220; global_colors_info=&#8220;{}&#8220; text_text_color__hover_enabled=&#8220;on|hover&#8220; text_text_color__hover=&#8220;#FF9600&#8243;]<\/p>\n<p>zur\u00fcck<\/p>\n<p>[\/et_pb_text][et_pb_text _builder_version=&#8220;4.27.5&#8243; _module_preset=&#8220;default&#8220; header_2_font_size=&#8220;22px&#8220; header_2_line_height=&#8220;1.6em&#8220; global_colors_info=&#8220;{}&#8220;]<\/p>\n<h2>Die DILMUN Schilfboote<\/h2>\n<p>[\/et_pb_text][et_pb_text _builder_version=&#8220;4.27.5&#8243; _module_preset=&#8220;default&#8220; global_colors_info=&#8220;{}&#8220;]<\/p>\n<p>Der Name DILMUN bezeichnet die fr\u00fchen experimentellen Schilfbootprojekte von Dominique G\u00f6rlitz. Er verweist auf die gleichnamige Insel Bahrain im Persischen Golf, die in den sumerischen \u00dcberlieferungen als Sitz des Gottes Enki galt \u2013 Schutzpatron der Seefahrer sowie Gott der Weisheit und der Wissenschaft. In diesem Sinne steht die DILMUN-Reihe f\u00fcr den Beginn einer experimentellen Ann\u00e4herung an die technischen M\u00f6glichkeiten fr\u00fcher Seefahrt und bildet das Fundament aller sp\u00e4teren ABORA-Expeditionen.<\/p>\n<p>[\/et_pb_text][\/et_pb_column][et_pb_column type=&#8220;1_4&#8243; _builder_version=&#8220;4.27.5&#8243; _module_preset=&#8220;default&#8220; global_colors_info=&#8220;{}&#8220;][et_pb_button button_url=&#8220;@ET-DC@eyJkeW5hbWljIjp0cnVlLCJjb250ZW50IjoicG9zdF9saW5rX3VybF9wYWdlIiwic2V0dGluZ3MiOnsicG9zdF9pZCI6IjQ5In19@&#8220; button_text=&#8220;Aktuelles&#8220; button_alignment=&#8220;right&#8220; _builder_version=&#8220;4.27.5&#8243; _dynamic_attributes=&#8220;button_url&#8220; _module_preset=&#8220;default&#8220; custom_button=&#8220;on&#8220; button_text_color=&#8220;#FFFFFF&#8220; button_bg_color=&#8220;#FF9600&#8243; button_border_radius=&#8220;25px&#8220; button_font=&#8220;librefranklin-semibold||||||||&#8220; button_use_icon=&#8220;off&#8220; custom_padding=&#8220;|40px||40px|false|true&#8220; global_colors_info=&#8220;{}&#8220;][\/et_pb_button][\/et_pb_column][\/et_pb_row][et_pb_row column_structure=&#8220;1_4,1_4,1_4,1_4&#8243; use_custom_gutter=&#8220;on&#8220; gutter_width=&#8220;2&#8243; _builder_version=&#8220;4.27.5&#8243; _module_preset=&#8220;default&#8220; filter_saturate=&#8220;81%&#8220; global_colors_info=&#8220;{}&#8220;][et_pb_column type=&#8220;1_4&#8243; _builder_version=&#8220;4.27.5&#8243; _module_preset=&#8220;default&#8220; use_background_color_gradient=&#8220;on&#8220; background_color_gradient_stops=&#8220;rgba(255,255,255,0) 68%|rgba(0,62,109,0.84) 90%&#8220; background_color_gradient_overlays_image=&#8220;on&#8220; background_image=&#8220;https:\/\/abora.eu\/wp-content\/uploads\/Abora_I.jpg&#8220; background_position=&#8220;bottom_center&#8220; background_vertical_offset=&#8220;100%&#8220; border_radii=&#8220;on|20px|20px|20px|20px&#8220; global_colors_info=&#8220;{}&#8220; background__hover_enabled=&#8220;off|desktop&#8220; background_color_gradient_stops__hover=&#8220;rgba(0,0,0,0) 74%|rgba(0,0,0,0.69) 87%|rgba(0,0,0,0.73) 100%&#8220; use_background_color_gradient__hover=&#8220;on&#8220;][et_pb_blurb use_icon=&#8220;on&#8220; font_icon=&#8220;&#xe03c;||divi||400&#8243; icon_color=&#8220;#FFFFFF&#8220; image_icon_width=&#8220;42px&#8220; icon_alignment=&#8220;right&#8220; _builder_version=&#8220;4.27.5&#8243; _dynamic_attributes=&#8220;link_option_url&#8220; _module_preset=&#8220;default&#8220; body_text_color=&#8220;#FFFFFF&#8220; image_icon_custom_margin=&#8220;5px|10px|||false|false&#8220; custom_padding=&#8220;20px|20px|20px|20px|true|true&#8220; hover_transition_duration=&#8220;500ms&#8220; hover_transition_speed_curve=&#8220;ease-in-out&#8220; link_option_url=&#8220;@ET-DC@eyJkeW5hbWljIjp0cnVlLCJjb250ZW50IjoicG9zdF9saW5rX3VybF9wYWdlIiwic2V0dGluZ3MiOnsicG9zdF9pZCI6IjIwNDcifX0=@&#8220; global_colors_info=&#8220;{}&#8220;]<\/p>\n<p>&nbsp;<\/p>\n<p>&nbsp;<\/p>\n<p>&nbsp;<\/p>\n<p>&nbsp;<\/p>\n<p>&nbsp;<\/p>\n<p>&nbsp;<\/p>\n<p>Vorgeschichte<\/p>\n<p>[\/et_pb_blurb][\/et_pb_column][et_pb_column type=&#8220;1_4&#8243; _builder_version=&#8220;4.27.5&#8243; _module_preset=&#8220;default&#8220; use_background_color_gradient=&#8220;on&#8220; background_color_gradient_stops=&#8220;rgba(255,255,255,0) 68%|rgba(0,62,109,0.84) 90%&#8220; background_color_gradient_overlays_image=&#8220;on&#8220; background_image=&#8220;https:\/\/abora.eu\/wp-content\/uploads\/Scan10001h-scaled.jpg&#8220; background_position=&#8220;bottom_center&#8220; background_vertical_offset=&#8220;-4%&#8220; border_radii=&#8220;on|20px|20px|20px|20px&#8220; global_colors_info=&#8220;{}&#8220; background__hover_enabled=&#8220;off|desktop&#8220;][et_pb_blurb use_icon=&#8220;on&#8220; font_icon=&#8220;&#xe03c;||divi||400&#8243; icon_color=&#8220;#FFFFFF&#8220; image_icon_width=&#8220;42px&#8220; icon_alignment=&#8220;right&#8220; _builder_version=&#8220;4.27.5&#8243; _dynamic_attributes=&#8220;link_option_url&#8220; _module_preset=&#8220;default&#8220; body_text_color=&#8220;#FFFFFF&#8220; image_icon_custom_margin=&#8220;5px|10px|||false|false&#8220; custom_padding=&#8220;20px|20px|20px|20px|true|true&#8220; link_option_url=&#8220;@ET-DC@eyJkeW5hbWljIjp0cnVlLCJjb250ZW50IjoicG9zdF9saW5rX3VybF9wYWdlIiwic2V0dGluZ3MiOnsicG9zdF9pZCI6IjIwNTMifX0=@&#8220; global_colors_info=&#8220;{}&#8220;]<\/p>\n<p>&nbsp;<\/p>\n<p>&nbsp;<\/p>\n<p>&nbsp;<\/p>\n<p>&nbsp;<\/p>\n<p>&nbsp;<\/p>\n<p>&nbsp;<\/p>\n<p>DILMUN I<\/p>\n<p>[\/et_pb_blurb][\/et_pb_column][et_pb_column type=&#8220;1_4&#8243; _builder_version=&#8220;4.27.5&#8243; _module_preset=&#8220;default&#8220; use_background_color_gradient=&#8220;on&#8220; background_color_gradient_stops=&#8220;rgba(255,255,255,0) 68%|rgba(0,62,109,0.84) 90%&#8220; background_color_gradient_overlays_image=&#8220;on&#8220; background_image=&#8220;https:\/\/abora.eu\/wp-content\/uploads\/DSC_0365-1-scaled.jpg&#8220; background_position=&#8220;bottom_right&#8220; background_horizontal_offset=&#8220;36%&#8220; background_vertical_offset=&#8220;5%&#8220; border_radii=&#8220;on|20px|20px|20px|20px&#8220; global_colors_info=&#8220;{}&#8220; background__hover_enabled=&#8220;off|desktop&#8220;][et_pb_blurb use_icon=&#8220;on&#8220; font_icon=&#8220;&#xe03c;||divi||400&#8243; icon_color=&#8220;#FFFFFF&#8220; image_icon_width=&#8220;42px&#8220; icon_alignment=&#8220;right&#8220; _builder_version=&#8220;4.27.5&#8243; _dynamic_attributes=&#8220;link_option_url&#8220; _module_preset=&#8220;default&#8220; body_text_color=&#8220;#FFFFFF&#8220; image_icon_custom_margin=&#8220;5px|10px|||false|false&#8220; custom_padding=&#8220;20px|20px|20px|20px|true|true&#8220; filter_saturate=&#8220;85%&#8220; link_option_url=&#8220;@ET-DC@eyJkeW5hbWljIjp0cnVlLCJjb250ZW50IjoicG9zdF9saW5rX3VybF9wYWdlIiwic2V0dGluZ3MiOnsicG9zdF9pZCI6IjIwODQifX0=@&#8220; global_colors_info=&#8220;{}&#8220;]<\/p>\n<p>&nbsp;<\/p>\n<p>&nbsp;<\/p>\n<p>&nbsp;<\/p>\n<p>&nbsp;<\/p>\n<p>&nbsp;<\/p>\n<p>&nbsp;<\/p>\n<p>DILMUN II<\/p>\n<p>[\/et_pb_blurb][\/et_pb_column][et_pb_column type=&#8220;1_4&#8243; _builder_version=&#8220;4.27.5&#8243; _module_preset=&#8220;default&#8220; use_background_color_gradient=&#8220;on&#8220; background_color_gradient_stops=&#8220;rgba(255,255,255,0) 68%|rgba(0,62,109,0.84) 90%&#8220; background_color_gradient_overlays_image=&#8220;on&#8220; background_image=&#8220;https:\/\/abora.eu\/wp-content\/uploads\/DILMUN-3-KiWo-Seit01-scaled.jpg&#8220; background_position=&#8220;bottom_center&#8220; background_vertical_offset=&#8220;100%&#8220; border_radii=&#8220;on|20px|20px|20px|20px&#8220; global_colors_info=&#8220;{}&#8220; background__hover_enabled=&#8220;off|desktop&#8220;][et_pb_blurb use_icon=&#8220;on&#8220; font_icon=&#8220;&#xe03c;||divi||400&#8243; icon_color=&#8220;#FFFFFF&#8220; image_icon_width=&#8220;42px&#8220; icon_alignment=&#8220;right&#8220; _builder_version=&#8220;4.27.5&#8243; _dynamic_attributes=&#8220;link_option_url&#8220; _module_preset=&#8220;default&#8220; body_text_color=&#8220;#FFFFFF&#8220; image_icon_custom_margin=&#8220;5px|10px|||false|false&#8220; custom_padding=&#8220;20px|20px|20px|20px|true|true&#8220; link_option_url=&#8220;@ET-DC@eyJkeW5hbWljIjp0cnVlLCJjb250ZW50IjoicG9zdF9saW5rX3VybF9wYWdlIiwic2V0dGluZ3MiOnsicG9zdF9pZCI6IjIwODYifX0=@&#8220; global_colors_info=&#8220;{}&#8220;]<\/p>\n<p>&nbsp;<\/p>\n<p>&nbsp;<\/p>\n<p>&nbsp;<\/p>\n<p>&nbsp;<\/p>\n<p>&nbsp;<\/p>\n<p>&nbsp;<\/p>\n<p>DILMUN III<\/p>\n<p>[\/et_pb_blurb][\/et_pb_column][\/et_pb_row][et_pb_row column_structure=&#8220;1_4,1_4,1_4,1_4&#8243; use_custom_gutter=&#8220;on&#8220; gutter_width=&#8220;2&#8243; _builder_version=&#8220;4.27.6&#8243; _module_preset=&#8220;default&#8220; filter_saturate=&#8220;81%&#8220; hover_enabled=&#8220;0&#8243; global_colors_info=&#8220;{}&#8220; sticky_enabled=&#8220;0&#8243;][et_pb_column type=&#8220;1_4&#8243; _builder_version=&#8220;4.27.5&#8243; _module_preset=&#8220;default&#8220; use_background_color_gradient=&#8220;on&#8220; background_color_gradient_stops=&#8220;rgba(255,255,255,0) 68%|rgba(0,62,109,0.84) 90%&#8220; background_color_gradient_overlays_image=&#8220;on&#8220; background_image=&#8220;https:\/\/abora.eu\/wp-content\/uploads\/DSC_0194.jpg&#8220; background_position=&#8220;bottom_center&#8220; background_vertical_offset=&#8220;100%&#8220; border_radii=&#8220;on|20px|20px|20px|20px&#8220; global_colors_info=&#8220;{}&#8220; background__hover_enabled=&#8220;off|desktop&#8220; background_color_gradient_stops__hover=&#8220;rgba(0,0,0,0) 74%|rgba(0,0,0,0.69) 87%|rgba(0,0,0,0.73) 100%&#8220; use_background_color_gradient__hover=&#8220;on&#8220;][et_pb_blurb use_icon=&#8220;on&#8220; font_icon=&#8220;&#xe03c;||divi||400&#8243; icon_color=&#8220;#FFFFFF&#8220; image_icon_width=&#8220;42px&#8220; icon_alignment=&#8220;right&#8220; _builder_version=&#8220;4.27.5&#8243; _dynamic_attributes=&#8220;link_option_url&#8220; _module_preset=&#8220;default&#8220; body_text_color=&#8220;#FFFFFF&#8220; image_icon_custom_margin=&#8220;5px|10px|||false|false&#8220; custom_padding=&#8220;20px|20px|20px|20px|true|true&#8220; hover_transition_duration=&#8220;500ms&#8220; hover_transition_speed_curve=&#8220;ease-in-out&#8220; link_option_url=&#8220;@ET-DC@eyJkeW5hbWljIjp0cnVlLCJjb250ZW50IjoicG9zdF9saW5rX3VybF9wYWdlIiwic2V0dGluZ3MiOnsicG9zdF9pZCI6IjIxMDIifX0=@&#8220; global_colors_info=&#8220;{}&#8220;]<\/p>\n<p>&nbsp;<\/p>\n<p>&nbsp;<\/p>\n<p>&nbsp;<\/p>\n<p>&nbsp;<\/p>\n<p>&nbsp;<\/p>\n<p>&nbsp;<\/p>\n<p>Einbaum-Experimente<\/p>\n<p>[\/et_pb_blurb][\/et_pb_column][et_pb_column type=&#8220;1_4&#8243; _builder_version=&#8220;4.27.5&#8243; _module_preset=&#8220;default&#8220; use_background_color_gradient=&#8220;on&#8220; background_color_gradient_stops=&#8220;rgba(255,255,255,0) 68%|rgba(0,62,109,0.84) 90%&#8220; background_color_gradient_overlays_image=&#8220;on&#8220; background_image=&#8220;https:\/\/abora.eu\/wp-content\/uploads\/Dilmun-4b-1-scaled.jpg&#8220; background_position=&#8220;bottom_center&#8220; background_vertical_offset=&#8220;-4%&#8220; border_radii=&#8220;on|20px|20px|20px|20px&#8220; global_colors_info=&#8220;{}&#8220; background__hover_enabled=&#8220;off|desktop&#8220;][et_pb_blurb use_icon=&#8220;on&#8220; font_icon=&#8220;&#xe03c;||divi||400&#8243; icon_color=&#8220;#FFFFFF&#8220; image_icon_width=&#8220;42px&#8220; icon_alignment=&#8220;right&#8220; _builder_version=&#8220;4.27.5&#8243; _dynamic_attributes=&#8220;link_option_url&#8220; _module_preset=&#8220;default&#8220; body_text_color=&#8220;#FFFFFF&#8220; image_icon_custom_margin=&#8220;5px|10px|||false|false&#8220; custom_padding=&#8220;20px|20px|20px|20px|true|true&#8220; link_option_url=&#8220;@ET-DC@eyJkeW5hbWljIjp0cnVlLCJjb250ZW50IjoicG9zdF9saW5rX3VybF9wYWdlIiwic2V0dGluZ3MiOnsicG9zdF9pZCI6IjIxMTMifX0=@&#8220; global_colors_info=&#8220;{}&#8220;]<\/p>\n<p>&nbsp;<\/p>\n<p>&nbsp;<\/p>\n<p>&nbsp;<\/p>\n<p>&nbsp;<\/p>\n<p>&nbsp;<\/p>\n<p>&nbsp;<\/p>\n<p>DILMUN IV<\/p>\n<p>[\/et_pb_blurb][\/et_pb_column][et_pb_column type=&#8220;1_4&#8243; _builder_version=&#8220;4.27.6&#8243; _module_preset=&#8220;default&#8220; use_background_color_gradient=&#8220;on&#8220; background_color_gradient_stops=&#8220;rgba(255,255,255,0) 68%|rgba(0,62,109,0.84) 90%&#8220; background_color_gradient_overlays_image=&#8220;on&#8220; background_image=&#8220;https:\/\/abora.eu\/wp-content\/uploads\/DSC_1090-2-scaled.webp&#8220; background_position=&#8220;bottom_center&#8220; background_vertical_offset=&#8220;100%&#8220; hover_enabled=&#8220;0&#8243; border_radii=&#8220;on|20px|20px|20px|20px&#8220; global_colors_info=&#8220;{}&#8220; background__hover_enabled=&#8220;off|desktop&#8220; title_text=&#8220;DSC_1090&#8243; sticky_enabled=&#8220;0&#8243;][et_pb_blurb use_icon=&#8220;on&#8220; font_icon=&#8220;&#xe03c;||divi||400&#8243; icon_color=&#8220;#FFFFFF&#8220; image_icon_width=&#8220;42px&#8220; icon_alignment=&#8220;right&#8220; _builder_version=&#8220;4.27.5&#8243; _dynamic_attributes=&#8220;link_option_url&#8220; _module_preset=&#8220;default&#8220; body_text_color=&#8220;#FFFFFF&#8220; image_icon_custom_margin=&#8220;5px|10px|||false|false&#8220; custom_padding=&#8220;20px|20px|20px|20px|true|true&#8220; filter_saturate=&#8220;85%&#8220; link_option_url=&#8220;@ET-DC@eyJkeW5hbWljIjp0cnVlLCJjb250ZW50IjoicG9zdF9saW5rX3VybF9wYWdlIiwic2V0dGluZ3MiOnsicG9zdF9pZCI6IjE4MTYifX0=@&#8220; global_colors_info=&#8220;{}&#8220;]<\/p>\n<p>&nbsp;<\/p>\n<p>&nbsp;<\/p>\n<p>&nbsp;<\/p>\n<p>&nbsp;<\/p>\n<p>&nbsp;<\/p>\n<p>&nbsp;<\/p>\n<p>DILMUN S<\/p>\n<p>[\/et_pb_blurb][\/et_pb_column][et_pb_column type=&#8220;1_4&#8243; _builder_version=&#8220;4.27.6&#8243; _module_preset=&#8220;default&#8220; use_background_color_gradient=&#8220;on&#8220; background_color_gradient_stops=&#8220;rgba(255,255,255,0) 68%|rgba(0,62,109,0.84) 90%&#8220; background_color_gradient_overlays_image=&#8220;on&#8220; background_image=&#8220;https:\/\/abora.eu\/wp-content\/uploads\/Dilmun-S_Geiseltalsee-2-2.webp&#8220; background_position=&#8220;top_right&#8220; background_horizontal_offset=&#8220;63%&#8220; background_vertical_offset=&#8220;52%&#8220; hover_enabled=&#8220;0&#8243; border_radii=&#8220;on|20px|20px|20px|20px&#8220; global_colors_info=&#8220;{}&#8220; background__hover_enabled=&#8220;off|desktop&#8220; sticky_enabled=&#8220;0&#8243; title_text=&#8220;Dilmun-S_Geiseltalsee (2)&#8220;][et_pb_blurb use_icon=&#8220;on&#8220; font_icon=&#8220;&#xe03c;||divi||400&#8243; icon_color=&#8220;#FFFFFF&#8220; image_icon_width=&#8220;42px&#8220; icon_alignment=&#8220;right&#8220; _builder_version=&#8220;4.27.5&#8243; _dynamic_attributes=&#8220;link_option_url&#8220; _module_preset=&#8220;default&#8220; body_text_color=&#8220;#FFFFFF&#8220; image_icon_custom_margin=&#8220;5px|10px|||false|false&#8220; custom_padding=&#8220;20px|20px|20px|20px|true|true&#8220; link_option_url=&#8220;@ET-DC@eyJkeW5hbWljIjp0cnVlLCJjb250ZW50IjoicG9zdF9saW5rX3VybF9wYWdlIiwic2V0dGluZ3MiOnsicG9zdF9pZCI6IjI0NjQifX0=@&#8220; global_colors_info=&#8220;{}&#8220;]<\/p>\n<p>&nbsp;<\/p>\n<p>&nbsp;<\/p>\n<p>&nbsp;<\/p>\n<p>&nbsp;<\/p>\n<p>&nbsp;<\/p>\n<p>&nbsp;<\/p>\n<p>Neue DILMUN?<\/p>\n<p>[\/et_pb_blurb][\/et_pb_column][\/et_pb_row][\/et_pb_section]<\/p>\n","protected":false},"excerpt":{"rendered":"<p>zur\u00fcckDie DILMUN SchilfbooteDer Name DILMUN bezeichnet die fr\u00fchen experimentellen Schilfbootprojekte von Dominique G\u00f6rlitz. Er verweist auf die gleichnamige Insel Bahrain im Persischen Golf, die in den sumerischen \u00dcberlieferungen als Sitz des Gottes Enki galt \u2013 Schutzpatron der Seefahrer sowie Gott der Weisheit und der Wissenschaft. In diesem Sinne steht die DILMUN-Reihe f\u00fcr den Beginn einer [&hellip;]<\/p>\n","protected":false},"author":1,"featured_media":0,"parent":0,"menu_order":0,"comment_status":"closed","ping_status":"closed","template":"","meta":{"_et_pb_use_builder":"on","_et_pb_old_content":"","_et_gb_content_width":"","footnotes":""},"class_list":["post-1842","page","type-page","status-publish","hentry"],"yoast_head":"<!-- This site is optimized with the Yoast SEO plugin v27.3 - https:\/\/yoast.com\/product\/yoast-seo-wordpress\/ -->\n<title>DILMUN Schiffe - Mission Abora<\/title>\n<meta name=\"description\" content=\"Die DILMUN-Schilfboote waren die ersten experimentellen Projekte von Dr. G\u00f6rlitz &amp; legten das Fundament f\u00fcr die sp\u00e4teren ABORA-Expeditionen.\" \/>\n<meta name=\"robots\" content=\"index, follow, max-snippet:-1, max-image-preview:large, max-video-preview:-1\" \/>\n<link rel=\"canonical\" href=\"https:\/\/abora.eu\/en\/dilmun-schiffe\/\" \/>\n<meta property=\"og:locale\" content=\"en_US\" \/>\n<meta property=\"og:type\" content=\"article\" \/>\n<meta property=\"og:title\" content=\"DILMUN Schiffe - Mission Abora\" \/>\n<meta property=\"og:description\" content=\"Die DILMUN-Schilfboote waren die ersten experimentellen Projekte von Dr. G\u00f6rlitz &amp; legten das Fundament f\u00fcr die sp\u00e4teren ABORA-Expeditionen.\" \/>\n<meta property=\"og:url\" content=\"https:\/\/abora.eu\/en\/dilmun-schiffe\/\" \/>\n<meta property=\"og:site_name\" content=\"Mission Abora\" \/>\n<meta property=\"article:modified_time\" content=\"2026-03-26T12:46:59+00:00\" \/>\n<meta name=\"twitter:card\" content=\"summary_large_image\" \/>\n<meta name=\"twitter:label1\" content=\"Est. reading time\" \/>\n\t<meta name=\"twitter:data1\" content=\"1 minute\" \/>\n<script type=\"application\/ld+json\" class=\"yoast-schema-graph\">{\"@context\":\"https:\\\/\\\/schema.org\",\"@graph\":[{\"@type\":\"WebPage\",\"@id\":\"https:\\\/\\\/abora.eu\\\/dilmun-schiffe\\\/\",\"url\":\"https:\\\/\\\/abora.eu\\\/dilmun-schiffe\\\/\",\"name\":\"DILMUN Schiffe - Mission Abora\",\"isPartOf\":{\"@id\":\"https:\\\/\\\/abora.eu\\\/#website\"},\"datePublished\":\"2026-01-20T09:51:20+00:00\",\"dateModified\":\"2026-03-26T12:46:59+00:00\",\"description\":\"Die DILMUN-Schilfboote waren die ersten experimentellen Projekte von Dr. G\u00f6rlitz & legten das Fundament f\u00fcr die sp\u00e4teren ABORA-Expeditionen.\",\"breadcrumb\":{\"@id\":\"https:\\\/\\\/abora.eu\\\/dilmun-schiffe\\\/#breadcrumb\"},\"inLanguage\":\"en-US\",\"potentialAction\":[{\"@type\":\"ReadAction\",\"target\":[\"https:\\\/\\\/abora.eu\\\/dilmun-schiffe\\\/\"]}]},{\"@type\":\"BreadcrumbList\",\"@id\":\"https:\\\/\\\/abora.eu\\\/dilmun-schiffe\\\/#breadcrumb\",\"itemListElement\":[{\"@type\":\"ListItem\",\"position\":1,\"name\":\"Start\",\"item\":\"https:\\\/\\\/abora.eu\\\/\"},{\"@type\":\"ListItem\",\"position\":2,\"name\":\"DILMUN Schiffe\"}]},{\"@type\":\"WebSite\",\"@id\":\"https:\\\/\\\/abora.eu\\\/#website\",\"url\":\"https:\\\/\\\/abora.eu\\\/\",\"name\":\"Mission Abora\",\"description\":\"\",\"publisher\":{\"@id\":\"https:\\\/\\\/abora.eu\\\/#\\\/schema\\\/person\\\/953dad30d10fa7d560bb90cff0494e14\"},\"potentialAction\":[{\"@type\":\"SearchAction\",\"target\":{\"@type\":\"EntryPoint\",\"urlTemplate\":\"https:\\\/\\\/abora.eu\\\/?s={search_term_string}\"},\"query-input\":{\"@type\":\"PropertyValueSpecification\",\"valueRequired\":true,\"valueName\":\"search_term_string\"}}],\"inLanguage\":\"en-US\"},{\"@type\":[\"Person\",\"Organization\"],\"@id\":\"https:\\\/\\\/abora.eu\\\/#\\\/schema\\\/person\\\/953dad30d10fa7d560bb90cff0494e14\",\"name\":\"Dominique G\u00f6rlitz\",\"image\":{\"@type\":\"ImageObject\",\"inLanguage\":\"en-US\",\"@id\":\"https:\\\/\\\/abora.eu\\\/wp-content\\\/uploads\\\/Logo-1.png\",\"url\":\"https:\\\/\\\/abora.eu\\\/wp-content\\\/uploads\\\/Logo-1.png\",\"contentUrl\":\"https:\\\/\\\/abora.eu\\\/wp-content\\\/uploads\\\/Logo-1.png\",\"width\":1371,\"height\":1284,\"caption\":\"Dominique G\u00f6rlitz\"},\"logo\":{\"@id\":\"https:\\\/\\\/abora.eu\\\/wp-content\\\/uploads\\\/Logo-1.png\"}}]}<\/script>\n<!-- \/ Yoast SEO plugin. -->","yoast_head_json":{"title":"DILMUN Schiffe - Mission Abora","description":"Die DILMUN-Schilfboote waren die ersten experimentellen Projekte von Dr. G\u00f6rlitz & legten das Fundament f\u00fcr die sp\u00e4teren ABORA-Expeditionen.","robots":{"index":"index","follow":"follow","max-snippet":"max-snippet:-1","max-image-preview":"max-image-preview:large","max-video-preview":"max-video-preview:-1"},"canonical":"https:\/\/abora.eu\/en\/dilmun-schiffe\/","og_locale":"en_US","og_type":"article","og_title":"DILMUN Schiffe - Mission Abora","og_description":"Die DILMUN-Schilfboote waren die ersten experimentellen Projekte von Dr. G\u00f6rlitz & legten das Fundament f\u00fcr die sp\u00e4teren ABORA-Expeditionen.","og_url":"https:\/\/abora.eu\/en\/dilmun-schiffe\/","og_site_name":"Mission Abora","article_modified_time":"2026-03-26T12:46:59+00:00","twitter_card":"summary_large_image","twitter_misc":{"Est. reading time":"1 minute"},"schema":{"@context":"https:\/\/schema.org","@graph":[{"@type":"WebPage","@id":"https:\/\/abora.eu\/dilmun-schiffe\/","url":"https:\/\/abora.eu\/dilmun-schiffe\/","name":"DILMUN Schiffe - Mission Abora","isPartOf":{"@id":"https:\/\/abora.eu\/#website"},"datePublished":"2026-01-20T09:51:20+00:00","dateModified":"2026-03-26T12:46:59+00:00","description":"Die DILMUN-Schilfboote waren die ersten experimentellen Projekte von Dr. G\u00f6rlitz & legten das Fundament f\u00fcr die sp\u00e4teren ABORA-Expeditionen.","breadcrumb":{"@id":"https:\/\/abora.eu\/dilmun-schiffe\/#breadcrumb"},"inLanguage":"en-US","potentialAction":[{"@type":"ReadAction","target":["https:\/\/abora.eu\/dilmun-schiffe\/"]}]},{"@type":"BreadcrumbList","@id":"https:\/\/abora.eu\/dilmun-schiffe\/#breadcrumb","itemListElement":[{"@type":"ListItem","position":1,"name":"Start","item":"https:\/\/abora.eu\/"},{"@type":"ListItem","position":2,"name":"DILMUN Schiffe"}]},{"@type":"WebSite","@id":"https:\/\/abora.eu\/#website","url":"https:\/\/abora.eu\/","name":"Mission Abora","description":"","publisher":{"@id":"https:\/\/abora.eu\/#\/schema\/person\/953dad30d10fa7d560bb90cff0494e14"},"potentialAction":[{"@type":"SearchAction","target":{"@type":"EntryPoint","urlTemplate":"https:\/\/abora.eu\/?s={search_term_string}"},"query-input":{"@type":"PropertyValueSpecification","valueRequired":true,"valueName":"search_term_string"}}],"inLanguage":"en-US"},{"@type":["Person","Organization"],"@id":"https:\/\/abora.eu\/#\/schema\/person\/953dad30d10fa7d560bb90cff0494e14","name":"Dominique G\u00f6rlitz","image":{"@type":"ImageObject","inLanguage":"en-US","@id":"https:\/\/abora.eu\/wp-content\/uploads\/Logo-1.png","url":"https:\/\/abora.eu\/wp-content\/uploads\/Logo-1.png","contentUrl":"https:\/\/abora.eu\/wp-content\/uploads\/Logo-1.png","width":1371,"height":1284,"caption":"Dominique G\u00f6rlitz"},"logo":{"@id":"https:\/\/abora.eu\/wp-content\/uploads\/Logo-1.png"}}]}},"_links":{"self":[{"href":"https:\/\/abora.eu\/en\/wp-json\/wp\/v2\/pages\/1842","targetHints":{"allow":["GET"]}}],"collection":[{"href":"https:\/\/abora.eu\/en\/wp-json\/wp\/v2\/pages"}],"about":[{"href":"https:\/\/abora.eu\/en\/wp-json\/wp\/v2\/types\/page"}],"author":[{"embeddable":true,"href":"https:\/\/abora.eu\/en\/wp-json\/wp\/v2\/users\/1"}],"replies":[{"embeddable":true,"href":"https:\/\/abora.eu\/en\/wp-json\/wp\/v2\/comments?post=1842"}],"version-history":[{"count":31,"href":"https:\/\/abora.eu\/en\/wp-json\/wp\/v2\/pages\/1842\/revisions"}],"predecessor-version":[{"id":3984,"href":"https:\/\/abora.eu\/en\/wp-json\/wp\/v2\/pages\/1842\/revisions\/3984"}],"wp:attachment":[{"href":"https:\/\/abora.eu\/en\/wp-json\/wp\/v2\/media?parent=1842"}],"curies":[{"name":"wp","href":"https:\/\/api.w.org\/{rel}","templated":true}]}}