{"id":2126,"date":"2026-01-20T14:45:00","date_gmt":"2026-01-20T14:45:00","guid":{"rendered":"https:\/\/abora.neu.cm-rz.de\/?page_id=2126"},"modified":"2026-03-26T10:35:12","modified_gmt":"2026-03-26T10:35:12","slug":"cheops-projekte","status":"publish","type":"page","link":"https:\/\/abora.eu\/en\/cheops-projekte\/","title":{"rendered":"Cheops Projekte"},"content":{"rendered":"<p>[et_pb_section fb_built=&#8220;1&#8243; fullwidth=&#8220;on&#8220; _builder_version=&#8220;4.27.6&#8243; _module_preset=&#8220;default&#8220; background_image=&#8220;https:\/\/abora.eu\/wp-content\/uploads\/DSCF8854_pan-1-scaled.webp&#8220; background_position=&#8220;top_center&#8220; background_vertical_offset=&#8220;78%&#8220; hover_enabled=&#8220;0&#8243; global_colors_info=&#8220;{}&#8220; title_text=&#8220;DSCF8854_pan&#8220; sticky_enabled=&#8220;0&#8243;][et_pb_fullwidth_slider _builder_version=&#8220;4.27.6&#8243; _module_preset=&#8220;default&#8220; height=&#8220;60vh&#8220; auto=&#8220;on&#8220; auto_speed=&#8220;4500&#8243; auto_ignore_hover=&#8220;on&#8220; hover_enabled=&#8220;0&#8243; global_colors_info=&#8220;{}&#8220; sticky_enabled=&#8220;0&#8243;][\/et_pb_fullwidth_slider][\/et_pb_section][et_pb_section fb_built=&#8220;1&#8243; custom_padding_last_edited=&#8220;on|tablet&#8220; _builder_version=&#8220;4.27.5&#8243; _module_preset=&#8220;default&#8220; background_enable_image=&#8220;off&#8220; background_size=&#8220;initial&#8220; background_position=&#8220;bottom_center&#8220; background_vertical_offset=&#8220;100%&#8220; custom_padding=&#8220;100px||100px||true|false&#8220; custom_padding_tablet=&#8220;|40px||40px|true|true&#8220; custom_padding_phone=&#8220;100px|20px|100px|20px|true|true&#8220; global_colors_info=&#8220;{}&#8220;][et_pb_row column_structure=&#8220;2_3,1_3&#8243; _builder_version=&#8220;4.27.5&#8243; _module_preset=&#8220;default&#8220; global_colors_info=&#8220;{}&#8220;][et_pb_column type=&#8220;2_3&#8243; _builder_version=&#8220;4.27.5&#8243; _module_preset=&#8220;default&#8220; global_colors_info=&#8220;{}&#8220;][et_pb_text _builder_version=&#8220;4.27.5&#8243; _dynamic_attributes=&#8220;link_option_url&#8220; _module_preset=&#8220;default&#8220; text_font=&#8220;librefranklin-semibold||||||||&#8220; text_font_size=&#8220;18px&#8220; link_option_url=&#8220;@ET-DC@eyJkeW5hbWljIjp0cnVlLCJjb250ZW50IjoicG9zdF9saW5rX3VybF9wYWdlIiwic2V0dGluZ3MiOnsicG9zdF9pZCI6IjUzIn19@&#8220; global_colors_info=&#8220;{}&#8220; text_text_color__hover_enabled=&#8220;on|hover&#8220; text_text_color__hover=&#8220;#FF9600&#8243;]<\/p>\n<p>zur\u00fcck<\/p>\n<p>[\/et_pb_text][et_pb_text _builder_version=&#8220;4.27.5&#8243; _module_preset=&#8220;default&#8220; header_2_font_size=&#8220;22px&#8220; header_2_line_height=&#8220;1.6em&#8220; global_colors_info=&#8220;{}&#8220;]<\/p>\n<h2>Das Cheops Projekt<\/h2>\n<p>[\/et_pb_text][et_pb_text _builder_version=&#8220;4.27.5&#8243; _module_preset=&#8220;default&#8220; global_colors_info=&#8220;{}&#8220;]<\/p>\n<p><span zm=\"\">Das Cheops-Projekt befasst sich mit einem der spannendsten R\u00e4tsel der \u00c4gyptologie. Wie haben die Pharaonen der 4. Dynastie ihre Pyramiden gebaut? Nutzten sie dazu, wie Herodot beschreibt, sogar Eisen als Baumetall? Diesen und anderen Fragen ging Dominique G\u00f6rlitz mit seinem Team zwischen 2013-2016 nach.<\/span><\/p>\n<p>[\/et_pb_text][\/et_pb_column][et_pb_column type=&#8220;1_3&#8243; _builder_version=&#8220;4.27.5&#8243; _module_preset=&#8220;default&#8220; global_colors_info=&#8220;{}&#8220;][et_pb_icon font_icon=&#8220;&#xf03d;||fa||900&#8243; icon_color=&#8220;#FF9600&#8243; icon_width=&#8220;75px&#8220; url=&#8220;https:\/\/nuoflix.de\/das-cheops-projekt&#8220; url_new_window=&#8220;on&#8220; align=&#8220;right&#8220; align_tablet=&#8220;left&#8220; align_phone=&#8220;left&#8220; align_last_edited=&#8220;on|tablet&#8220; _builder_version=&#8220;4.27.5&#8243; _module_preset=&#8220;default&#8220; global_colors_info=&#8220;{}&#8220; icon_color__hover_enabled=&#8220;on|hover&#8220; icon_color__hover=&#8220;#003E6D&#8220;][\/et_pb_icon][\/et_pb_column][\/et_pb_row][et_pb_row column_structure=&#8220;1_4,1_4,1_4,1_4&#8243; use_custom_gutter=&#8220;on&#8220; gutter_width=&#8220;2&#8243; _builder_version=&#8220;4.27.6&#8243; _module_preset=&#8220;default&#8220; filter_saturate=&#8220;81%&#8220; hover_enabled=&#8220;0&#8243; global_colors_info=&#8220;{}&#8220; sticky_enabled=&#8220;0&#8243;][et_pb_column type=&#8220;1_4&#8243; _builder_version=&#8220;4.27.6&#8243; _module_preset=&#8220;default&#8220; use_background_color_gradient=&#8220;on&#8220; background_color_gradient_stops=&#8220;rgba(255,255,255,0) 68%|rgba(0,62,109,0.84) 90%&#8220; background_color_gradient_overlays_image=&#8220;on&#8220; background_image=&#8220;https:\/\/abora.eu\/wp-content\/uploads\/00-2.webp&#8220; background_position=&#8220;bottom_center&#8220; background_vertical_offset=&#8220;100%&#8220; hover_enabled=&#8220;0&#8243; border_radii=&#8220;on|20px|20px|20px|20px&#8220; global_colors_info=&#8220;{}&#8220; background__hover_enabled=&#8220;off|desktop&#8220; title_text=&#8220;00&#8243; sticky_enabled=&#8220;0&#8243;][et_pb_blurb use_icon=&#8220;on&#8220; font_icon=&#8220;&#xe03c;||divi||400&#8243; icon_color=&#8220;#FFFFFF&#8220; image_icon_width=&#8220;42px&#8220; icon_alignment=&#8220;right&#8220; _builder_version=&#8220;4.27.5&#8243; _dynamic_attributes=&#8220;link_option_url&#8220; _module_preset=&#8220;default&#8220; body_text_color=&#8220;#FFFFFF&#8220; background_enable_color=&#8220;off&#8220; image_icon_custom_margin=&#8220;5px|10px|||false|false&#8220; custom_padding=&#8220;20px|20px|20px|20px|true|true&#8220; filter_saturate=&#8220;85%&#8220; link_option_url=&#8220;@ET-DC@eyJkeW5hbWljIjp0cnVlLCJjb250ZW50IjoicG9zdF9saW5rX3VybF9wYWdlIiwic2V0dGluZ3MiOnsicG9zdF9pZCI6IjIxNDEifX0=@&#8220; global_colors_info=&#8220;{}&#8220;]<\/p>\n<p>&nbsp;<\/p>\n<p>&nbsp;<\/p>\n<p>&nbsp;<\/p>\n<p>&nbsp;<\/p>\n<p>&nbsp;<\/p>\n<p>&nbsp;<\/p>\n<p>Teil 1 &#8211; Das Cheops-Projekt<\/p>\n<p>[\/et_pb_blurb][\/et_pb_column][et_pb_column type=&#8220;1_4&#8243; _builder_version=&#8220;4.27.6&#8243; _module_preset=&#8220;default&#8220; background_color=&#8220;#003E6D&#8220; use_background_color_gradient=&#8220;on&#8220; background_color_gradient_stops=&#8220;rgba(255,255,255,0) 68%|rgba(0,62,109,0.84) 90%&#8220; background_color_gradient_overlays_image=&#8220;on&#8220; background_image=&#8220;https:\/\/abora.eu\/wp-content\/uploads\/Abb.-4-2.webp&#8220; background_position=&#8220;bottom_center&#8220; background_vertical_offset=&#8220;100%&#8220; hover_enabled=&#8220;0&#8243; border_radii=&#8220;on|20px|20px|20px|20px&#8220; global_colors_info=&#8220;{}&#8220; background__hover_enabled=&#8220;off|desktop&#8220; background_color_gradient_stops__hover=&#8220;rgba(0,0,0,0) 74%|rgba(0,0,0,0.69) 87%|rgba(0,0,0,0.73) 100%&#8220; use_background_color_gradient__hover=&#8220;on&#8220; title_text=&#8220;Abb. 4&#8243; sticky_enabled=&#8220;0&#8243;][et_pb_blurb use_icon=&#8220;on&#8220; font_icon=&#8220;&#xe03c;||divi||400&#8243; icon_color=&#8220;#FFFFFF&#8220; image_icon_width=&#8220;42px&#8220; icon_alignment=&#8220;right&#8220; _builder_version=&#8220;4.27.5&#8243; _dynamic_attributes=&#8220;link_option_url&#8220; _module_preset=&#8220;default&#8220; body_text_color=&#8220;#FFFFFF&#8220; background_enable_color=&#8220;off&#8220; image_icon_custom_margin=&#8220;5px|10px|||false|false&#8220; custom_padding=&#8220;20px|20px|20px|20px|true|true&#8220; hover_transition_duration=&#8220;500ms&#8220; hover_transition_speed_curve=&#8220;ease-in-out&#8220; link_option_url=&#8220;@ET-DC@eyJkeW5hbWljIjp0cnVlLCJjb250ZW50IjoicG9zdF9saW5rX3VybF9wYWdlIiwic2V0dGluZ3MiOnsicG9zdF9pZCI6IjIxNzkifX0=@&#8220; global_colors_info=&#8220;{}&#8220;]<\/p>\n<p>&nbsp;<\/p>\n<p>&nbsp;<\/p>\n<p>&nbsp;<\/p>\n<p>&nbsp;<\/p>\n<p>&nbsp;<\/p>\n<p>&nbsp;<\/p>\n<p>Teil 2 &#8211; Der Cheops-Skandal<\/p>\n<p>[\/et_pb_blurb][\/et_pb_column][et_pb_column type=&#8220;1_4&#8243; _builder_version=&#8220;4.27.6&#8243; _module_preset=&#8220;default&#8220; use_background_color_gradient=&#8220;on&#8220; background_color_gradient_stops=&#8220;rgba(255,255,255,0) 68%|rgba(0,62,109,0.84) 90%&#8220; background_color_gradient_overlays_image=&#8220;on&#8220; background_image=&#8220;https:\/\/abora.eu\/wp-content\/uploads\/Hebeexperiment-1.webp&#8220; background_size=&#8220;custom&#8220; background_image_width=&#8220;196%&#8220; background_image_height=&#8220;100%&#8220; background_position=&#8220;center_left&#8220; background_horizontal_offset=&#8220;32%&#8220; hover_enabled=&#8220;0&#8243; border_radii=&#8220;on|20px|20px|20px|20px&#8220; global_colors_info=&#8220;{}&#8220; background__hover_enabled=&#8220;off|desktop&#8220; title_text=&#8220;Hebeexperiment&#8220; sticky_enabled=&#8220;0&#8243;][et_pb_blurb use_icon=&#8220;on&#8220; font_icon=&#8220;&#xe03c;||divi||400&#8243; icon_color=&#8220;#FFFFFF&#8220; image_icon_width=&#8220;42px&#8220; icon_alignment=&#8220;right&#8220; _builder_version=&#8220;4.27.5&#8243; _dynamic_attributes=&#8220;link_option_url&#8220; _module_preset=&#8220;default&#8220; body_text_color=&#8220;#FFFFFF&#8220; background_enable_color=&#8220;off&#8220; image_icon_custom_margin=&#8220;5px|10px|||false|false&#8220; custom_padding=&#8220;20px|20px|20px|20px|true|true&#8220; link_option_url=&#8220;@ET-DC@eyJkeW5hbWljIjp0cnVlLCJjb250ZW50IjoicG9zdF9saW5rX3VybF9wYWdlIiwic2V0dGluZ3MiOnsicG9zdF9pZCI6IjIyMDYifX0=@&#8220; global_colors_info=&#8220;{}&#8220;]<\/p>\n<p>&nbsp;<\/p>\n<p>&nbsp;<\/p>\n<p>&nbsp;<\/p>\n<p>&nbsp;<\/p>\n<p>&nbsp;<\/p>\n<p>&nbsp;<\/p>\n<p>Teil 3 &#8211; Keil-Hebe-Experiment<\/p>\n<p>[\/et_pb_blurb][\/et_pb_column][et_pb_column type=&#8220;1_4&#8243; disabled_on=&#8220;on|on|on&#8220; _builder_version=&#8220;4.27.5&#8243; _module_preset=&#8220;default&#8220; use_background_color_gradient=&#8220;on&#8220; background_color_gradient_stops=&#8220;rgba(255,255,255,0) 68%|rgba(0,62,109,0.84) 90%&#8220; background_color_gradient_overlays_image=&#8220;on&#8220; background_image=&#8220;https:\/\/abora.neu.cm-rz.de\/wp-content\/uploads\/auf-der-Welle-02.jpg&#8220; background_position=&#8220;bottom_center&#8220; background_vertical_offset=&#8220;100%&#8220; border_radii=&#8220;on|20px|20px|20px|20px&#8220; disabled=&#8220;on&#8220; global_colors_info=&#8220;{}&#8220; background__hover_enabled=&#8220;off|desktop&#8220;][et_pb_blurb use_icon=&#8220;on&#8220; font_icon=&#8220;&#xe03c;||divi||400&#8243; icon_color=&#8220;#FFFFFF&#8220; image_icon_width=&#8220;42px&#8220; icon_alignment=&#8220;right&#8220; _builder_version=&#8220;4.27.5&#8243; _dynamic_attributes=&#8220;link_option_url&#8220; _module_preset=&#8220;default&#8220; body_text_color=&#8220;#FFFFFF&#8220; background_color=&#8220;#003E6D&#8220; image_icon_custom_margin=&#8220;5px|10px|||false|false&#8220; custom_padding=&#8220;20px|20px|20px|20px|true|true&#8220; link_option_url=&#8220;@ET-DC@eyJkeW5hbWljIjp0cnVlLCJjb250ZW50IjoicG9zdF9saW5rX3VybF9wYWdlIiwic2V0dGluZ3MiOnsicG9zdF9pZCI6IjEzMzIifX0=@&#8220; global_colors_info=&#8220;{}&#8220;]<\/p>\n<p>&nbsp;<\/p>\n<p>&nbsp;<\/p>\n<p>&nbsp;<\/p>\n<p>&nbsp;<\/p>\n<p>&nbsp;<\/p>\n<p>&nbsp;<\/p>\n<p>&#8230;.<\/p>\n<p>[\/et_pb_blurb][\/et_pb_column][\/et_pb_row][\/et_pb_section]<\/p>\n","protected":false},"excerpt":{"rendered":"<p>zur\u00fcckDas Cheops ProjektDas Cheops-Projekt befasst sich mit einem der spannendsten R\u00e4tsel der \u00c4gyptologie. Wie haben die Pharaonen der 4. Dynastie ihre Pyramiden gebaut? Nutzten sie dazu, wie Herodot beschreibt, sogar Eisen als Baumetall? Diesen und anderen Fragen ging Dominique G\u00f6rlitz mit seinem Team zwischen 2013-2016 nach.&nbsp; &nbsp; &nbsp; &nbsp; &nbsp; &nbsp; Teil 1 &#8211; Das [&hellip;]<\/p>\n","protected":false},"author":1,"featured_media":0,"parent":0,"menu_order":0,"comment_status":"closed","ping_status":"closed","template":"","meta":{"_et_pb_use_builder":"on","_et_pb_old_content":"<!-- wp:divi\/placeholder \/-->","_et_gb_content_width":"","footnotes":""},"class_list":["post-2126","page","type-page","status-publish","hentry"],"yoast_head":"<!-- This site is optimized with the Yoast SEO plugin v27.3 - https:\/\/yoast.com\/product\/yoast-seo-wordpress\/ -->\n<title>Cheops Projekte - Mission Abora<\/title>\n<meta name=\"description\" content=\"Das Cheops-Projekt untersucht experimentell den Bau der 4. Dynastie Pyramiden und pr\u00fcft, ob Eisen als Baumetall verwendet wurde.\" \/>\n<meta name=\"robots\" content=\"index, follow, max-snippet:-1, max-image-preview:large, max-video-preview:-1\" \/>\n<link rel=\"canonical\" href=\"https:\/\/abora.eu\/en\/cheops-projekte\/\" \/>\n<meta property=\"og:locale\" content=\"en_US\" \/>\n<meta property=\"og:type\" content=\"article\" \/>\n<meta property=\"og:title\" content=\"Cheops Projekte - Mission Abora\" \/>\n<meta property=\"og:description\" content=\"Das Cheops-Projekt untersucht experimentell den Bau der 4. Dynastie Pyramiden und pr\u00fcft, ob Eisen als Baumetall verwendet wurde.\" \/>\n<meta property=\"og:url\" content=\"https:\/\/abora.eu\/en\/cheops-projekte\/\" \/>\n<meta property=\"og:site_name\" content=\"Mission Abora\" \/>\n<meta property=\"article:modified_time\" content=\"2026-03-26T10:35:12+00:00\" \/>\n<meta name=\"twitter:card\" content=\"summary_large_image\" \/>\n<meta name=\"twitter:label1\" content=\"Est. reading time\" \/>\n\t<meta name=\"twitter:data1\" content=\"1 minute\" \/>\n<script type=\"application\/ld+json\" class=\"yoast-schema-graph\">{\"@context\":\"https:\\\/\\\/schema.org\",\"@graph\":[{\"@type\":\"WebPage\",\"@id\":\"https:\\\/\\\/abora.eu\\\/cheops-projekte\\\/\",\"url\":\"https:\\\/\\\/abora.eu\\\/cheops-projekte\\\/\",\"name\":\"Cheops Projekte - Mission Abora\",\"isPartOf\":{\"@id\":\"https:\\\/\\\/abora.eu\\\/#website\"},\"datePublished\":\"2026-01-20T14:45:00+00:00\",\"dateModified\":\"2026-03-26T10:35:12+00:00\",\"description\":\"Das Cheops-Projekt untersucht experimentell den Bau der 4. Dynastie Pyramiden und pr\u00fcft, ob Eisen als Baumetall verwendet wurde.\",\"breadcrumb\":{\"@id\":\"https:\\\/\\\/abora.eu\\\/cheops-projekte\\\/#breadcrumb\"},\"inLanguage\":\"en-US\",\"potentialAction\":[{\"@type\":\"ReadAction\",\"target\":[\"https:\\\/\\\/abora.eu\\\/cheops-projekte\\\/\"]}]},{\"@type\":\"BreadcrumbList\",\"@id\":\"https:\\\/\\\/abora.eu\\\/cheops-projekte\\\/#breadcrumb\",\"itemListElement\":[{\"@type\":\"ListItem\",\"position\":1,\"name\":\"Start\",\"item\":\"https:\\\/\\\/abora.eu\\\/\"},{\"@type\":\"ListItem\",\"position\":2,\"name\":\"Cheops Projekte\"}]},{\"@type\":\"WebSite\",\"@id\":\"https:\\\/\\\/abora.eu\\\/#website\",\"url\":\"https:\\\/\\\/abora.eu\\\/\",\"name\":\"Mission Abora\",\"description\":\"\",\"publisher\":{\"@id\":\"https:\\\/\\\/abora.eu\\\/#\\\/schema\\\/person\\\/953dad30d10fa7d560bb90cff0494e14\"},\"potentialAction\":[{\"@type\":\"SearchAction\",\"target\":{\"@type\":\"EntryPoint\",\"urlTemplate\":\"https:\\\/\\\/abora.eu\\\/?s={search_term_string}\"},\"query-input\":{\"@type\":\"PropertyValueSpecification\",\"valueRequired\":true,\"valueName\":\"search_term_string\"}}],\"inLanguage\":\"en-US\"},{\"@type\":[\"Person\",\"Organization\"],\"@id\":\"https:\\\/\\\/abora.eu\\\/#\\\/schema\\\/person\\\/953dad30d10fa7d560bb90cff0494e14\",\"name\":\"Dominique G\u00f6rlitz\",\"image\":{\"@type\":\"ImageObject\",\"inLanguage\":\"en-US\",\"@id\":\"https:\\\/\\\/abora.eu\\\/wp-content\\\/uploads\\\/Logo-1.png\",\"url\":\"https:\\\/\\\/abora.eu\\\/wp-content\\\/uploads\\\/Logo-1.png\",\"contentUrl\":\"https:\\\/\\\/abora.eu\\\/wp-content\\\/uploads\\\/Logo-1.png\",\"width\":1371,\"height\":1284,\"caption\":\"Dominique G\u00f6rlitz\"},\"logo\":{\"@id\":\"https:\\\/\\\/abora.eu\\\/wp-content\\\/uploads\\\/Logo-1.png\"}}]}<\/script>\n<!-- \/ Yoast SEO plugin. -->","yoast_head_json":{"title":"Cheops Projekte - Mission Abora","description":"Das Cheops-Projekt untersucht experimentell den Bau der 4. Dynastie Pyramiden und pr\u00fcft, ob Eisen als Baumetall verwendet wurde.","robots":{"index":"index","follow":"follow","max-snippet":"max-snippet:-1","max-image-preview":"max-image-preview:large","max-video-preview":"max-video-preview:-1"},"canonical":"https:\/\/abora.eu\/en\/cheops-projekte\/","og_locale":"en_US","og_type":"article","og_title":"Cheops Projekte - Mission Abora","og_description":"Das Cheops-Projekt untersucht experimentell den Bau der 4. Dynastie Pyramiden und pr\u00fcft, ob Eisen als Baumetall verwendet wurde.","og_url":"https:\/\/abora.eu\/en\/cheops-projekte\/","og_site_name":"Mission Abora","article_modified_time":"2026-03-26T10:35:12+00:00","twitter_card":"summary_large_image","twitter_misc":{"Est. reading time":"1 minute"},"schema":{"@context":"https:\/\/schema.org","@graph":[{"@type":"WebPage","@id":"https:\/\/abora.eu\/cheops-projekte\/","url":"https:\/\/abora.eu\/cheops-projekte\/","name":"Cheops Projekte - Mission Abora","isPartOf":{"@id":"https:\/\/abora.eu\/#website"},"datePublished":"2026-01-20T14:45:00+00:00","dateModified":"2026-03-26T10:35:12+00:00","description":"Das Cheops-Projekt untersucht experimentell den Bau der 4. Dynastie Pyramiden und pr\u00fcft, ob Eisen als Baumetall verwendet wurde.","breadcrumb":{"@id":"https:\/\/abora.eu\/cheops-projekte\/#breadcrumb"},"inLanguage":"en-US","potentialAction":[{"@type":"ReadAction","target":["https:\/\/abora.eu\/cheops-projekte\/"]}]},{"@type":"BreadcrumbList","@id":"https:\/\/abora.eu\/cheops-projekte\/#breadcrumb","itemListElement":[{"@type":"ListItem","position":1,"name":"Start","item":"https:\/\/abora.eu\/"},{"@type":"ListItem","position":2,"name":"Cheops Projekte"}]},{"@type":"WebSite","@id":"https:\/\/abora.eu\/#website","url":"https:\/\/abora.eu\/","name":"Mission Abora","description":"","publisher":{"@id":"https:\/\/abora.eu\/#\/schema\/person\/953dad30d10fa7d560bb90cff0494e14"},"potentialAction":[{"@type":"SearchAction","target":{"@type":"EntryPoint","urlTemplate":"https:\/\/abora.eu\/?s={search_term_string}"},"query-input":{"@type":"PropertyValueSpecification","valueRequired":true,"valueName":"search_term_string"}}],"inLanguage":"en-US"},{"@type":["Person","Organization"],"@id":"https:\/\/abora.eu\/#\/schema\/person\/953dad30d10fa7d560bb90cff0494e14","name":"Dominique G\u00f6rlitz","image":{"@type":"ImageObject","inLanguage":"en-US","@id":"https:\/\/abora.eu\/wp-content\/uploads\/Logo-1.png","url":"https:\/\/abora.eu\/wp-content\/uploads\/Logo-1.png","contentUrl":"https:\/\/abora.eu\/wp-content\/uploads\/Logo-1.png","width":1371,"height":1284,"caption":"Dominique G\u00f6rlitz"},"logo":{"@id":"https:\/\/abora.eu\/wp-content\/uploads\/Logo-1.png"}}]}},"_links":{"self":[{"href":"https:\/\/abora.eu\/en\/wp-json\/wp\/v2\/pages\/2126","targetHints":{"allow":["GET"]}}],"collection":[{"href":"https:\/\/abora.eu\/en\/wp-json\/wp\/v2\/pages"}],"about":[{"href":"https:\/\/abora.eu\/en\/wp-json\/wp\/v2\/types\/page"}],"author":[{"embeddable":true,"href":"https:\/\/abora.eu\/en\/wp-json\/wp\/v2\/users\/1"}],"replies":[{"embeddable":true,"href":"https:\/\/abora.eu\/en\/wp-json\/wp\/v2\/comments?post=2126"}],"version-history":[{"count":34,"href":"https:\/\/abora.eu\/en\/wp-json\/wp\/v2\/pages\/2126\/revisions"}],"predecessor-version":[{"id":3916,"href":"https:\/\/abora.eu\/en\/wp-json\/wp\/v2\/pages\/2126\/revisions\/3916"}],"wp:attachment":[{"href":"https:\/\/abora.eu\/en\/wp-json\/wp\/v2\/media?parent=2126"}],"curies":[{"name":"wp","href":"https:\/\/api.w.org\/{rel}","templated":true}]}}