{"id":2141,"date":"2026-01-20T15:00:24","date_gmt":"2026-01-20T15:00:24","guid":{"rendered":"https:\/\/abora.neu.cm-rz.de\/?page_id=2141"},"modified":"2026-03-26T12:21:52","modified_gmt":"2026-03-26T12:21:52","slug":"teil-1-das-cheops-projekt","status":"publish","type":"page","link":"https:\/\/abora.eu\/en\/teil-1-das-cheops-projekt\/","title":{"rendered":"Teil 1 \u2013 Das Cheops-Projekt"},"content":{"rendered":"<p>[et_pb_section fb_built=&#8220;1&#8243; _builder_version=&#8220;4.27.6&#8243; _module_preset=&#8220;default&#8220; background_image=&#8220;https:\/\/abora.eu\/wp-content\/uploads\/25-1-scaled.webp&#8220; background_position=&#8220;top_center&#8220; background_vertical_offset=&#8220;29%&#8220; height=&#8220;463px&#8220; hover_enabled=&#8220;0&#8243; global_colors_info=&#8220;{}&#8220; title_text=&#8220;25&#8243; sticky_enabled=&#8220;0&#8243;][\/et_pb_section][et_pb_section fb_built=&#8220;1&#8243; custom_padding_last_edited=&#8220;on|tablet&#8220; _builder_version=&#8220;4.27.5&#8243; _module_preset=&#8220;default&#8220; custom_padding_tablet=&#8220;|40px||40px|false|true&#8220; custom_padding_phone=&#8220;|20px||20px|false|true&#8220; global_colors_info=&#8220;{}&#8220;][et_pb_row column_structure=&#8220;1_2,1_2&#8243; _builder_version=&#8220;4.27.5&#8243; _module_preset=&#8220;default&#8220; global_colors_info=&#8220;{}&#8220;][et_pb_column type=&#8220;1_2&#8243; _builder_version=&#8220;4.27.5&#8243; _module_preset=&#8220;default&#8220; global_colors_info=&#8220;{}&#8220;][et_pb_text _builder_version=&#8220;4.27.5&#8243; _dynamic_attributes=&#8220;link_option_url&#8220; _module_preset=&#8220;default&#8220; text_font=&#8220;librefranklin-semibold||||||||&#8220; text_font_size=&#8220;18px&#8220; link_option_url=&#8220;@ET-DC@eyJkeW5hbWljIjp0cnVlLCJjb250ZW50IjoicG9zdF9saW5rX3VybF9wYWdlIiwic2V0dGluZ3MiOnsicG9zdF9pZCI6IjIxMjYifX0=@&#8220; global_colors_info=&#8220;{}&#8220; text_text_color__hover_enabled=&#8220;on|hover&#8220; text_text_color__hover=&#8220;#FF9600&#8243;]<\/p>\n<p>zur\u00fcck<\/p>\n<p>[\/et_pb_text][et_pb_text _builder_version=&#8220;4.27.5&#8243; _module_preset=&#8220;default&#8220; header_2_font_size=&#8220;30px&#8220; global_colors_info=&#8220;{}&#8220;]<\/p>\n<h2>Teilprojekt I<\/h2>\n<h3>Das Cheops-Projekt \u2013 Das Eisen der Pharaonen<\/h3>\n<p>[\/et_pb_text][et_pb_text _builder_version=&#8220;4.27.5&#8243; _module_preset=&#8220;default&#8220; global_colors_info=&#8220;{}&#8220;]<\/p>\n<p>Zu Beginn des Cheops-Projekts stand die ordnungsgem\u00e4\u00dfe Einholung einer offiziellen Forschungsgenehmigung f\u00fcr Arbeiten in der Gro\u00dfen Pyramide von Gizeh. F\u00fcr Dr. Dominique G\u00f6rlitz war dabei ein Punkt von zentraler Bedeutung: Er bestand ausdr\u00fccklich darauf, den damaligen Leiter des Gizeh-Plateaus, Gaber Ali Omar, pers\u00f6nlich zu treffen, um sich der Authentizit\u00e4t und Reichweite der Genehmigung zu versichern. Dieses Treffen fand statt und hatte weitreichende Konsequenzen: Der zust\u00e4ndige \u00c4gyptologe begleitete und beaufsichtigte die Beprobung der Deckensteine der K\u00f6nigskammer pers\u00f6nlich.<\/p>\n<p>Im Fokus der Untersuchung standen auff\u00e4llige, zungenf\u00f6rmige dunkle Anhaftungen an der Unterseite der gewaltigen Granitbalken. Urspr\u00fcnglich gingen die Forscher davon aus, dass es sich um organische R\u00fcckst\u00e4nde handeln k\u00f6nnte. Diese Annahme \u00e4nderte sich jedoch schlagartig bei der ersten genauen Begutachtung vor Ort. Im Licht seiner Stirnlampe erkannte G\u00f6rlitz einen metallischen Schwarzglanz \u2013 ein ein Ph\u00e4nomen, das bereits Plinius der \u00c4ltere im 1. Jahrhundert n. Chr. als charakteristisches Merkmal von Eisenbearbeitung beschrieben hatte.<\/p>\n<p>[\/et_pb_text][et_pb_text _builder_version=&#8220;4.27.5&#8243; _module_preset=&#8220;default&#8220; global_colors_info=&#8220;{}&#8220;]<\/p>\n<p>Daraufhin wurde die Probenstrategie angepasst. Mittels eines schonenden \u201e<em>Flaking<\/em>\u201c-Verfahrens \u2013 dem vorsichtigen Abschaben winziger Partikel mit einem Mei\u00dfel \u2013 wurden <span>Milligramm <\/span>kleine Proben der hauchd\u00fcnnen Patina von der Unterseite der Deckenbl\u00f6cke entnommen.\u00a0Noch vor Ort f\u00fchrte G\u00f6rlitz im Hotel einen einfachen, aber entscheidenden Test durch: Mit einem Magneten konnte er zeigen, dass die gewonnenen Partikel im Magnetfeld reagierten. Dieses Verhalten ist eindeutig \u2013 nur Eisen und sein Oxid Magnetit zeigen eine solche Reaktion.<\/p>\n<p>Die anschlie\u00dfenden Laboranalysen in Dresden best\u00e4tigten diese Beobachtungen eindeutig. Sowohl spektroskopische Untersuchungen als auch XPS-Analysen (R\u00f6ntgen-Photoelektronenspektroskopie) wiesen Magnetit (Fe\u2083O\u2084) als Hauptbestandteil der schwarzen Patina nach.<\/p>\n<p>[\/et_pb_text][et_pb_image src=&#8220;https:\/\/abora.eu\/wp-content\/uploads\/38-1-scaled.webp&#8220; title_text=&#8220;38&#8243; show_in_lightbox=&#8220;on&#8220; _builder_version=&#8220;4.27.6&#8243; _module_preset=&#8220;default&#8220; hover_enabled=&#8220;0&#8243; border_radii=&#8220;on|20px|20px|20px|20px&#8220; global_colors_info=&#8220;{}&#8220; sticky_enabled=&#8220;0&#8243;][\/et_pb_image][\/et_pb_column][et_pb_column type=&#8220;1_2&#8243; _builder_version=&#8220;4.27.5&#8243; _module_preset=&#8220;default&#8220; global_colors_info=&#8220;{}&#8220;][et_pb_image src=&#8220;https:\/\/abora.eu\/wp-content\/uploads\/04-3-scaled.webp&#8220; title_text=&#8220;04&#8243; show_in_lightbox=&#8220;on&#8220; _builder_version=&#8220;4.27.6&#8243; _module_preset=&#8220;default&#8220; hover_enabled=&#8220;0&#8243; border_radii=&#8220;on|20px|20px|20px|20px&#8220; global_colors_info=&#8220;{}&#8220; sticky_enabled=&#8220;0&#8243;][\/et_pb_image][et_pb_image src=&#8220;https:\/\/abora.eu\/wp-content\/uploads\/Eisen-der-Pharaonen-_01-1.webp&#8220; title_text=&#8220;Eisen der Pharaonen _01&#8243; show_in_lightbox=&#8220;on&#8220; _builder_version=&#8220;4.27.6&#8243; _module_preset=&#8220;default&#8220; hover_enabled=&#8220;0&#8243; border_radii=&#8220;on|20px|20px|20px|20px&#8220; global_colors_info=&#8220;{}&#8220; sticky_enabled=&#8220;0&#8243;][\/et_pb_image][et_pb_image src=&#8220;https:\/\/abora.eu\/wp-content\/uploads\/Abb.-10-2-scaled.webp&#8220; title_text=&#8220;Abb. 10&#8243; show_in_lightbox=&#8220;on&#8220; _builder_version=&#8220;4.27.6&#8243; _module_preset=&#8220;default&#8220; hover_enabled=&#8220;0&#8243; border_radii=&#8220;on|20px|20px|20px|20px&#8220; global_colors_info=&#8220;{}&#8220; sticky_enabled=&#8220;0&#8243;][\/et_pb_image][et_pb_text _builder_version=&#8220;4.27.5&#8243; _module_preset=&#8220;default&#8220; global_colors_info=&#8220;{}&#8220;]<\/p>\n<p>Wichtige fachliche Unterst\u00fctzung erhielt G\u00f6rlitz zudem von dem Eisenspezialisten Prof. Dr. Bernd Lychatz von der TU Bergakademie Freiberg. Lychatz wies darauf hin, dass Magnetit typischerweise als Zunder bei der Hochtemperaturkorrosion w\u00e4hrend des Ausschmiedens von Eisenblechen entsteht. Eine solche Zunderschicht k\u00f6nne sich \u2013 so seine Einsch\u00e4tzung \u2013 bei wiederholtem Transportieren, Absetzen und Anheben schwerer Steinbl\u00f6cke auf eisenbewehrten Hebehilfen in den Granit eindr\u00fccken.<\/p>\n<p>Diese Interpretation wurde durch elektronenmikroskopische Aufnahmen der Patina gest\u00fctzt, die eine mechanische Einpr\u00e4gung der magnetithaltigen Schicht erkennen lassen. Die Befunde wurden von unabh\u00e4ngigen Spezialisten begutachtet und sp\u00e4ter auch im Cheops-Film dokumentiert.<\/p>\n<p>Aus diesen Erkenntnissen entwickelte Dominique G\u00f6rlitz in der Folge die Keil-Hebe-Technik weiter \u2013 ein Ansatz, der den Einsatz einfacher eiserner Werkzeuge und Hebesysteme beim Bau der Cheops-Pyramide plausibel macht und den Kern der folgenden experimentellen Untersuchungen bildet.<\/p>\n<p>[\/et_pb_text][\/et_pb_column][\/et_pb_row][et_pb_row column_structure=&#8220;1_2,1_2&#8243; _builder_version=&#8220;4.27.5&#8243; _module_preset=&#8220;default&#8220; global_colors_info=&#8220;{}&#8220;][et_pb_column type=&#8220;1_2&#8243; _builder_version=&#8220;4.27.5&#8243; _module_preset=&#8220;default&#8220; global_colors_info=&#8220;{}&#8220;][et_pb_image src=&#8220;https:\/\/abora.eu\/wp-content\/uploads\/Abb.-8-3.webp&#8220; title_text=&#8220;Abb. 8&#8243; show_in_lightbox=&#8220;on&#8220; _builder_version=&#8220;4.27.6&#8243; _module_preset=&#8220;default&#8220; custom_margin=&#8220;||-15px||false|false&#8220; hover_enabled=&#8220;0&#8243; border_radii=&#8220;on|20px|20px|20px|20px&#8220; global_colors_info=&#8220;{}&#8220; sticky_enabled=&#8220;0&#8243;][\/et_pb_image][et_pb_text _builder_version=&#8220;4.27.5&#8243; _module_preset=&#8220;default&#8220; global_colors_info=&#8220;{}&#8220;]<\/p>\n<p><em><span zm=\"\">Ein Spektrogramm eines schwarzen Partikels. Die Elementanalyse zeigt als h\u00e4ufigste Elemente Eisen und Sauerstoff. Das entspricht einem Eisenoxid.<\/span>\u00a0<\/em><\/p>\n<p>[\/et_pb_text][\/et_pb_column][et_pb_column type=&#8220;1_2&#8243; _builder_version=&#8220;4.27.5&#8243; _module_preset=&#8220;default&#8220; global_colors_info=&#8220;{}&#8220;][et_pb_image src=&#8220;https:\/\/abora.eu\/wp-content\/uploads\/Abb.-11-1.webp&#8220; title_text=&#8220;Abb. 11&#8243; show_in_lightbox=&#8220;on&#8220; _builder_version=&#8220;4.27.6&#8243; _module_preset=&#8220;default&#8220; custom_margin=&#8220;||15px||false|false&#8220; hover_enabled=&#8220;0&#8243; border_radii=&#8220;on|20px|20px|20px|20px&#8220; global_colors_info=&#8220;{}&#8220; sticky_enabled=&#8220;0&#8243;][\/et_pb_image][et_pb_text _builder_version=&#8220;4.27.5&#8243; _module_preset=&#8220;default&#8220; global_colors_info=&#8220;{}&#8220;]<\/p>\n<p><em><span zm=\"\">Das rekonstruierte XPS-Profil einer Probe. Das Ergebnis ist eindeutig: Die dominante Verbindung in der schwarzen Schicht ist Magnetit (Fe<sub>3<\/sub>O<sub>4<\/sub>). Neben ein wenig Ferrit ist das v\u00f6llige Fehlen von H\u00e4matit (Fe<sub>2<\/sub>O<sub>3<\/sub>) ein wichtiges Resultat der Untersuchung.<\/span><\/em><\/p>\n<p>[\/et_pb_text][\/et_pb_column][\/et_pb_row][\/et_pb_section][et_pb_section fb_built=&#8220;1&#8243; custom_padding_last_edited=&#8220;on|phone&#8220; _builder_version=&#8220;4.27.5&#8243; _module_preset=&#8220;default&#8220; custom_padding_tablet=&#8220;|40px||40px|false|true&#8220; custom_padding_phone=&#8220;|20px||20px|false|true&#8220; global_colors_info=&#8220;{}&#8220;][et_pb_row column_structure=&#8220;1_2,1_2&#8243; _builder_version=&#8220;4.27.5&#8243; _module_preset=&#8220;default&#8220; global_colors_info=&#8220;{}&#8220;][et_pb_column type=&#8220;1_2&#8243; _builder_version=&#8220;4.27.5&#8243; _module_preset=&#8220;default&#8220; global_colors_info=&#8220;{}&#8220;][et_pb_text _builder_version=&#8220;4.27.5&#8243; _module_preset=&#8220;default&#8220; global_colors_info=&#8220;{}&#8220;]<\/p>\n<h3>Erg\u00e4nzende Analyse: Farbanhaftungen in der obersten Entlastungskammer<\/h3>\n<p>[\/et_pb_text][et_pb_image src=&#8220;https:\/\/abora.eu\/wp-content\/uploads\/DSC_0385-1-scaled.webp&#8220; title_text=&#8220;DSC_0385&#8243; show_in_lightbox=&#8220;on&#8220; _builder_version=&#8220;4.27.6&#8243; _module_preset=&#8220;default&#8220; hover_enabled=&#8220;0&#8243; border_radii=&#8220;on|20px|20px|20px|20px&#8220; global_colors_info=&#8220;{}&#8220; sticky_enabled=&#8220;0&#8243;][\/et_pb_image][et_pb_text _builder_version=&#8220;4.27.5&#8243; _module_preset=&#8220;default&#8220; global_colors_info=&#8220;{}&#8220;]<\/p>\n<p>Ali Gaber Omar stimmte der zus\u00e4tzlichen Untersuchung unter zwei Bedingungen zu:<\/p>\n<p>1. der strikten Einhaltung des Zeitplans; 2. der aktiven Mitwirkung an der Erstver\u00f6ffentlichung der Analyseergebnisse. Beide Bedingungen wurden akzeptiert. F\u00fcr G\u00f6rlitz war es eine Selbstverst\u00e4ndlichkeit und zugleich eine Ehre, diese Untersuchung in enger Zusammenarbeit mit einem hochrangigen \u00e4gyptischen Fachvertreter durchzuf\u00fchren.<\/p>\n<p>&nbsp;<\/p>\n<p>Es folgte der anspruchsvolle Aufstieg in die oberste Entlastungskammer. Gemeinsam mit dem Kameramann beprobte G\u00f6rlitz etwa zwei Meter entfernt von der Cheops-Kartusche eine kleine, bereits vorgesch\u00e4digte rote Hieroglyphe. Die entnommene Farbanhaftung umfasste weniger als 0,5 cm\u00b2 und wurde zusammen mit den zuvor gewonnenen Proben zur weiteren Analyse gegeben.<\/p>\n<p>Von besonderer Bedeutung war dabei eine Beobachtung aus der praktischen Erfahrung vor Ort: Die rote Inschrift war nicht direkt auf den Kalksteinblock aufgetragen, sondern als eine Art Fresko auf einer vorher aufgebrachten Gipsschicht. Diese Beobachtung widerspricht der h\u00e4ufig vertretenen Erkl\u00e4rung, es habe sich bei den Zeichen um einfache Steinmetz- oder Markierungszeichen gehandelt, die vor dem Einbau der Bl\u00f6cke angebracht worden seien.<\/p>\n<p>Zumindest die Inschriften auf den Giebelbl\u00f6cken k\u00f6nnen demnach erst nach dem Einsetzen der Steine und dem Aufbringen der Gipsschicht ausgef\u00fchrt worden sein. Diese Feststellung hat weitreichende Konsequenzen f\u00fcr die Interpretation der Malereien und bildet einen wichtigen Bestandteil der weiterf\u00fchrenden Diskussion um die Baugeschichte der Cheops-Pyramide.<\/p>\n<p>&nbsp;<\/p>\n<p>[\/et_pb_text][et_pb_image src=&#8220;https:\/\/abora.eu\/wp-content\/uploads\/DSC_0368-2-scaled.webp&#8220; title_text=&#8220;DSC_0368&#8243; show_in_lightbox=&#8220;on&#8220; _builder_version=&#8220;4.27.6&#8243; _module_preset=&#8220;default&#8220; hover_enabled=&#8220;0&#8243; border_radii=&#8220;on|20px|20px|20px|20px&#8220; global_colors_info=&#8220;{}&#8220; sticky_enabled=&#8220;0&#8243;][\/et_pb_image][\/et_pb_column][et_pb_column type=&#8220;1_2&#8243; _builder_version=&#8220;4.27.5&#8243; _module_preset=&#8220;default&#8220; global_colors_info=&#8220;{}&#8220;][et_pb_text _builder_version=&#8220;4.27.5&#8243; _module_preset=&#8220;default&#8220; global_colors_info=&#8220;{}&#8220;]<\/p>\n<p>Durch den Wechsel der Probenmethode auf das <em>Flaking<\/em>-Verfahren konnte ein erheblicher Zeitgewinn erzielt werden. Die urspr\u00fcnglich eingeplante Zeit f\u00fcr das aufwendige Abl\u00f6sen vermeintlich organischer Anhaftungen wurde nicht ben\u00f6tigt. Vor diesem Hintergrund wandten sich G\u00f6rlitz und Erdmann an den Leiter des Gizeh-Plateaus, Ali Gaber Omar, mit der Anfrage, die verbleibenden eineinhalb Stunden f\u00fcr einen Aufstieg in die Entlastungskammern \u00fcber der K\u00f6nigskammer zu nutzen.<\/p>\n<p>&nbsp;<\/p>\n<p>Dem Chefinspektor wurde offen die Intention des Vorhabens dargelegt: die Beprobung einer unbedeutenden Farbanhaftung im Bereich der von Howard Vyse entdeckten Malereien. Ziel dieser Untersuchung war es, Hinweise auf alt\u00e4gyptische, h\u00e4matithaltige Pigmente zu gewinnen. Hintergrund war eine seit fast 200 Jahren andauernde Kontroverse zwischen \u00c4gyptologen und unabh\u00e4ngigen Forschern \u00fcber die Authentizit\u00e4t der ber\u00fchmten Kartusche mit dem Namen des Bauherrn \u201eCheops\u201c (\u00e4gyptisch: Chufu).<\/p>\n<p>[\/et_pb_text][et_pb_image src=&#8220;https:\/\/abora.eu\/wp-content\/uploads\/Abb.-19-1-scaled.webp&#8220; title_text=&#8220;Abb. 19&#8243; show_in_lightbox=&#8220;on&#8220; _builder_version=&#8220;4.27.6&#8243; _module_preset=&#8220;default&#8220; hover_enabled=&#8220;0&#8243; border_radii=&#8220;on|20px|20px|20px|20px&#8220; global_colors_info=&#8220;{}&#8220; sticky_enabled=&#8220;0&#8243;][\/et_pb_image][et_pb_image src=&#8220;https:\/\/abora.eu\/wp-content\/uploads\/Abb.-22-1-scaled.webp&#8220; title_text=&#8220;Abb. 22&#8243; show_in_lightbox=&#8220;on&#8220; _builder_version=&#8220;4.27.6&#8243; _module_preset=&#8220;default&#8220; hover_enabled=&#8220;0&#8243; border_radii=&#8220;on|20px|20px|20px|20px&#8220; global_colors_info=&#8220;{}&#8220; sticky_enabled=&#8220;0&#8243;][\/et_pb_image][et_pb_text _builder_version=&#8220;4.27.5&#8243; _module_preset=&#8220;default&#8220; global_colors_info=&#8220;{}&#8220;]<\/p>\n<p><em>Die ersten Tests der Farbpartikel waren sehr schwierig, weil rote Farben im Elektronenmikroskop praktisch unsichtbar sind. \u2026 Die Farbanalysen wurden durch den Cheops-Skandal abrupt gestoppt und die Proben nach \u00c4gypten zur\u00fcckgeschickt.<\/em><\/p>\n<p>[\/et_pb_text][et_pb_image src=&#8220;https:\/\/abora.eu\/wp-content\/uploads\/Abb.-20-1-scaled.webp&#8220; title_text=&#8220;Abb. 20&#8243; show_in_lightbox=&#8220;on&#8220; _builder_version=&#8220;4.27.6&#8243; _module_preset=&#8220;default&#8220; hover_enabled=&#8220;0&#8243; border_radii=&#8220;on|20px|20px|20px|20px&#8220; global_colors_info=&#8220;{}&#8220; sticky_enabled=&#8220;0&#8243;][\/et_pb_image][et_pb_blurb title=&#8220;zu Teil 2 Das Cheops-Projekt: Skandal&#8220; use_icon=&#8220;on&#8220; font_icon=&#8220;&#x24;||divi||400&#8243; icon_color=&#8220;#FF9600&#8243; icon_placement=&#8220;left&#8220; image_icon_width=&#8220;72px&#8220; _builder_version=&#8220;4.27.5&#8243; _dynamic_attributes=&#8220;link_option_url&#8220; _module_preset=&#8220;default&#8220; header_text_color=&#8220;#FF9600&#8243; header_font_size=&#8220;22px&#8220; image_icon_custom_margin=&#8220;-20px||||false|false&#8220; module_alignment=&#8220;right&#8220; link_option_url=&#8220;@ET-DC@eyJkeW5hbWljIjp0cnVlLCJjb250ZW50IjoicG9zdF9saW5rX3VybF9wYWdlIiwic2V0dGluZ3MiOnsicG9zdF9pZCI6IjIxNzkifX0=@&#8220; global_colors_info=&#8220;{}&#8220;][\/et_pb_blurb][\/et_pb_column][\/et_pb_row][\/et_pb_section]<\/p>\n","protected":false},"excerpt":{"rendered":"<p>zur\u00fcckTeilprojekt I Das Cheops-Projekt \u2013 Das Eisen der PharaonenZu Beginn des Cheops-Projekts stand die ordnungsgem\u00e4\u00dfe Einholung einer offiziellen Forschungsgenehmigung f\u00fcr Arbeiten in der Gro\u00dfen Pyramide von Gizeh. F\u00fcr Dr. Dominique G\u00f6rlitz war dabei ein Punkt von zentraler Bedeutung: Er bestand ausdr\u00fccklich darauf, den damaligen Leiter des Gizeh-Plateaus, Gaber Ali Omar, pers\u00f6nlich zu treffen, um sich [&hellip;]<\/p>\n","protected":false},"author":1,"featured_media":0,"parent":0,"menu_order":0,"comment_status":"closed","ping_status":"closed","template":"","meta":{"_et_pb_use_builder":"on","_et_pb_old_content":"","_et_gb_content_width":"","footnotes":""},"class_list":["post-2141","page","type-page","status-publish","hentry"],"yoast_head":"<!-- This site is optimized with the Yoast SEO plugin v27.4 - https:\/\/yoast.com\/product\/yoast-seo-wordpress\/ -->\n<title>Teil 1 \u2013 Das Cheops-Projekt - Mission Abora<\/title>\n<meta name=\"description\" content=\"Teil I des Cheops-Projekts untersucht die Deckensteine der K\u00f6nigskammer &amp; entdeckt metallischen Schwarzglanz, der auf Eisenbearbeitung hinweist.\" \/>\n<meta name=\"robots\" content=\"index, follow, max-snippet:-1, max-image-preview:large, max-video-preview:-1\" \/>\n<link rel=\"canonical\" href=\"https:\/\/abora.eu\/en\/teil-1-das-cheops-projekt\/\" \/>\n<meta property=\"og:locale\" content=\"en_US\" \/>\n<meta property=\"og:type\" content=\"article\" \/>\n<meta property=\"og:title\" content=\"Teil 1 \u2013 Das Cheops-Projekt - Mission Abora\" \/>\n<meta property=\"og:description\" content=\"Teil I des Cheops-Projekts untersucht die Deckensteine der K\u00f6nigskammer &amp; entdeckt metallischen Schwarzglanz, der auf Eisenbearbeitung hinweist.\" \/>\n<meta property=\"og:url\" content=\"https:\/\/abora.eu\/en\/teil-1-das-cheops-projekt\/\" \/>\n<meta property=\"og:site_name\" content=\"Mission Abora\" \/>\n<meta property=\"article:modified_time\" content=\"2026-03-26T12:21:52+00:00\" \/>\n<meta name=\"twitter:card\" content=\"summary_large_image\" \/>\n<meta name=\"twitter:label1\" content=\"Est. reading time\" \/>\n\t<meta name=\"twitter:data1\" content=\"7 minutes\" \/>\n<script type=\"application\/ld+json\" class=\"yoast-schema-graph\">{\"@context\":\"https:\\\/\\\/schema.org\",\"@graph\":[{\"@type\":\"WebPage\",\"@id\":\"https:\\\/\\\/abora.eu\\\/teil-1-das-cheops-projekt\\\/\",\"url\":\"https:\\\/\\\/abora.eu\\\/teil-1-das-cheops-projekt\\\/\",\"name\":\"Teil 1 \u2013 Das Cheops-Projekt - Mission Abora\",\"isPartOf\":{\"@id\":\"https:\\\/\\\/abora.eu\\\/#website\"},\"datePublished\":\"2026-01-20T15:00:24+00:00\",\"dateModified\":\"2026-03-26T12:21:52+00:00\",\"description\":\"Teil I des Cheops-Projekts untersucht die Deckensteine der K\u00f6nigskammer & entdeckt metallischen Schwarzglanz, der auf Eisenbearbeitung hinweist.\",\"breadcrumb\":{\"@id\":\"https:\\\/\\\/abora.eu\\\/teil-1-das-cheops-projekt\\\/#breadcrumb\"},\"inLanguage\":\"en-US\",\"potentialAction\":[{\"@type\":\"ReadAction\",\"target\":[\"https:\\\/\\\/abora.eu\\\/teil-1-das-cheops-projekt\\\/\"]}]},{\"@type\":\"BreadcrumbList\",\"@id\":\"https:\\\/\\\/abora.eu\\\/teil-1-das-cheops-projekt\\\/#breadcrumb\",\"itemListElement\":[{\"@type\":\"ListItem\",\"position\":1,\"name\":\"Start\",\"item\":\"https:\\\/\\\/abora.eu\\\/\"},{\"@type\":\"ListItem\",\"position\":2,\"name\":\"Teil 1 \u2013 Das Cheops-Projekt\"}]},{\"@type\":\"WebSite\",\"@id\":\"https:\\\/\\\/abora.eu\\\/#website\",\"url\":\"https:\\\/\\\/abora.eu\\\/\",\"name\":\"Mission Abora\",\"description\":\"\",\"publisher\":{\"@id\":\"https:\\\/\\\/abora.eu\\\/#\\\/schema\\\/person\\\/953dad30d10fa7d560bb90cff0494e14\"},\"potentialAction\":[{\"@type\":\"SearchAction\",\"target\":{\"@type\":\"EntryPoint\",\"urlTemplate\":\"https:\\\/\\\/abora.eu\\\/?s={search_term_string}\"},\"query-input\":{\"@type\":\"PropertyValueSpecification\",\"valueRequired\":true,\"valueName\":\"search_term_string\"}}],\"inLanguage\":\"en-US\"},{\"@type\":[\"Person\",\"Organization\"],\"@id\":\"https:\\\/\\\/abora.eu\\\/#\\\/schema\\\/person\\\/953dad30d10fa7d560bb90cff0494e14\",\"name\":\"Dominique G\u00f6rlitz\",\"image\":{\"@type\":\"ImageObject\",\"inLanguage\":\"en-US\",\"@id\":\"https:\\\/\\\/abora.eu\\\/wp-content\\\/uploads\\\/Logo-1.png\",\"url\":\"https:\\\/\\\/abora.eu\\\/wp-content\\\/uploads\\\/Logo-1.png\",\"contentUrl\":\"https:\\\/\\\/abora.eu\\\/wp-content\\\/uploads\\\/Logo-1.png\",\"width\":1371,\"height\":1284,\"caption\":\"Dominique G\u00f6rlitz\"},\"logo\":{\"@id\":\"https:\\\/\\\/abora.eu\\\/wp-content\\\/uploads\\\/Logo-1.png\"}}]}<\/script>\n<!-- \/ Yoast SEO plugin. -->","yoast_head_json":{"title":"Teil 1 \u2013 Das Cheops-Projekt - Mission Abora","description":"Teil I des Cheops-Projekts untersucht die Deckensteine der K\u00f6nigskammer & entdeckt metallischen Schwarzglanz, der auf Eisenbearbeitung hinweist.","robots":{"index":"index","follow":"follow","max-snippet":"max-snippet:-1","max-image-preview":"max-image-preview:large","max-video-preview":"max-video-preview:-1"},"canonical":"https:\/\/abora.eu\/en\/teil-1-das-cheops-projekt\/","og_locale":"en_US","og_type":"article","og_title":"Teil 1 \u2013 Das Cheops-Projekt - Mission Abora","og_description":"Teil I des Cheops-Projekts untersucht die Deckensteine der K\u00f6nigskammer & entdeckt metallischen Schwarzglanz, der auf Eisenbearbeitung hinweist.","og_url":"https:\/\/abora.eu\/en\/teil-1-das-cheops-projekt\/","og_site_name":"Mission Abora","article_modified_time":"2026-03-26T12:21:52+00:00","twitter_card":"summary_large_image","twitter_misc":{"Est. reading time":"7 minutes"},"schema":{"@context":"https:\/\/schema.org","@graph":[{"@type":"WebPage","@id":"https:\/\/abora.eu\/teil-1-das-cheops-projekt\/","url":"https:\/\/abora.eu\/teil-1-das-cheops-projekt\/","name":"Teil 1 \u2013 Das Cheops-Projekt - Mission Abora","isPartOf":{"@id":"https:\/\/abora.eu\/#website"},"datePublished":"2026-01-20T15:00:24+00:00","dateModified":"2026-03-26T12:21:52+00:00","description":"Teil I des Cheops-Projekts untersucht die Deckensteine der K\u00f6nigskammer & entdeckt metallischen Schwarzglanz, der auf Eisenbearbeitung hinweist.","breadcrumb":{"@id":"https:\/\/abora.eu\/teil-1-das-cheops-projekt\/#breadcrumb"},"inLanguage":"en-US","potentialAction":[{"@type":"ReadAction","target":["https:\/\/abora.eu\/teil-1-das-cheops-projekt\/"]}]},{"@type":"BreadcrumbList","@id":"https:\/\/abora.eu\/teil-1-das-cheops-projekt\/#breadcrumb","itemListElement":[{"@type":"ListItem","position":1,"name":"Start","item":"https:\/\/abora.eu\/"},{"@type":"ListItem","position":2,"name":"Teil 1 \u2013 Das Cheops-Projekt"}]},{"@type":"WebSite","@id":"https:\/\/abora.eu\/#website","url":"https:\/\/abora.eu\/","name":"Mission Abora","description":"","publisher":{"@id":"https:\/\/abora.eu\/#\/schema\/person\/953dad30d10fa7d560bb90cff0494e14"},"potentialAction":[{"@type":"SearchAction","target":{"@type":"EntryPoint","urlTemplate":"https:\/\/abora.eu\/?s={search_term_string}"},"query-input":{"@type":"PropertyValueSpecification","valueRequired":true,"valueName":"search_term_string"}}],"inLanguage":"en-US"},{"@type":["Person","Organization"],"@id":"https:\/\/abora.eu\/#\/schema\/person\/953dad30d10fa7d560bb90cff0494e14","name":"Dominique G\u00f6rlitz","image":{"@type":"ImageObject","inLanguage":"en-US","@id":"https:\/\/abora.eu\/wp-content\/uploads\/Logo-1.png","url":"https:\/\/abora.eu\/wp-content\/uploads\/Logo-1.png","contentUrl":"https:\/\/abora.eu\/wp-content\/uploads\/Logo-1.png","width":1371,"height":1284,"caption":"Dominique G\u00f6rlitz"},"logo":{"@id":"https:\/\/abora.eu\/wp-content\/uploads\/Logo-1.png"}}]}},"_links":{"self":[{"href":"https:\/\/abora.eu\/en\/wp-json\/wp\/v2\/pages\/2141","targetHints":{"allow":["GET"]}}],"collection":[{"href":"https:\/\/abora.eu\/en\/wp-json\/wp\/v2\/pages"}],"about":[{"href":"https:\/\/abora.eu\/en\/wp-json\/wp\/v2\/types\/page"}],"author":[{"embeddable":true,"href":"https:\/\/abora.eu\/en\/wp-json\/wp\/v2\/users\/1"}],"replies":[{"embeddable":true,"href":"https:\/\/abora.eu\/en\/wp-json\/wp\/v2\/comments?post=2141"}],"version-history":[{"count":26,"href":"https:\/\/abora.eu\/en\/wp-json\/wp\/v2\/pages\/2141\/revisions"}],"predecessor-version":[{"id":3935,"href":"https:\/\/abora.eu\/en\/wp-json\/wp\/v2\/pages\/2141\/revisions\/3935"}],"wp:attachment":[{"href":"https:\/\/abora.eu\/en\/wp-json\/wp\/v2\/media?parent=2141"}],"curies":[{"name":"wp","href":"https:\/\/api.w.org\/{rel}","templated":true}]}}