{"id":2307,"date":"2026-01-21T07:23:06","date_gmt":"2026-01-21T07:23:06","guid":{"rendered":"https:\/\/abora.neu.cm-rz.de\/?page_id=2307"},"modified":"2026-03-26T14:54:00","modified_gmt":"2026-03-26T14:54:00","slug":"allgemeines-zum-raetsel-der-kanarischen-pyramiden","status":"publish","type":"page","link":"https:\/\/abora.eu\/en\/allgemeines-zum-raetsel-der-kanarischen-pyramiden\/","title":{"rendered":"Teil 1 &#8211; Allgemeines zum R\u00e4tsel der kanarischen Pyramiden"},"content":{"rendered":"<p>[et_pb_section fb_built=&#8220;1&#8243; _builder_version=&#8220;4.27.6&#8243; _module_preset=&#8220;default&#8220; background_enable_color=&#8220;off&#8220; background_image=&#8220;https:\/\/abora.eu\/wp-content\/uploads\/IMG_3339_Enhancer-1-scaled.webp&#8220; background_position=&#8220;top_center&#8220; background_vertical_offset=&#8220;41%&#8220; height=&#8220;463px&#8220; hover_enabled=&#8220;0&#8243; global_colors_info=&#8220;{}&#8220; title_text=&#8220;IMG_3339_Enhancer&#8220; sticky_enabled=&#8220;0&#8243;][\/et_pb_section][et_pb_section fb_built=&#8220;1&#8243; custom_padding_last_edited=&#8220;on|desktop&#8220; _builder_version=&#8220;4.27.5&#8243; _module_preset=&#8220;default&#8220; custom_padding=&#8220;||||false|false&#8220; custom_padding_tablet=&#8220;|40px||40px|false|true&#8220; custom_padding_phone=&#8220;|20px||20px|false|true&#8220; global_colors_info=&#8220;{}&#8220;][et_pb_row _builder_version=&#8220;4.27.5&#8243; _module_preset=&#8220;default&#8220; global_colors_info=&#8220;{}&#8220;][et_pb_column type=&#8220;4_4&#8243; _builder_version=&#8220;4.27.5&#8243; _module_preset=&#8220;default&#8220; global_colors_info=&#8220;{}&#8220;][et_pb_text _builder_version=&#8220;4.27.5&#8243; _dynamic_attributes=&#8220;link_option_url&#8220; _module_preset=&#8220;default&#8220; text_font=&#8220;librefranklin-semibold||||||||&#8220; text_font_size=&#8220;18px&#8220; link_option_url=&#8220;@ET-DC@eyJkeW5hbWljIjp0cnVlLCJjb250ZW50IjoicG9zdF9saW5rX3VybF9wYWdlIiwic2V0dGluZ3MiOnsicG9zdF9pZCI6IjIzMTgifX0=@&#8220; global_colors_info=&#8220;{}&#8220; text_text_color__hover_enabled=&#8220;on|hover&#8220; text_text_color__hover=&#8220;#FF9600&#8243;]<\/p>\n<p>zur\u00fcck<\/p>\n<p>[\/et_pb_text][et_pb_text _builder_version=&#8220;4.27.5&#8243; _module_preset=&#8220;default&#8220; custom_margin=&#8220;||10px||false|false&#8220; global_colors_info=&#8220;{}&#8220;]<\/p>\n<h4><strong>ABORA Fundraising dt:<\/strong><\/h4>\n<p>[\/et_pb_text][et_pb_icon font_icon=&#8220;&#xf03d;||fa||900&#8243; icon_color=&#8220;#FF9600&#8243; icon_width=&#8220;75px&#8220; url=&#8220;https:\/\/youtu.be\/C517me90AQM&#8220; url_new_window=&#8220;on&#8220; align=&#8220;left&#8220; align_tablet=&#8220;left&#8220; align_phone=&#8220;center&#8220; align_last_edited=&#8220;off|desktop&#8220; _builder_version=&#8220;4.27.5&#8243; _module_preset=&#8220;default&#8220; global_colors_info=&#8220;{}&#8220; icon_color__hover_enabled=&#8220;on|hover&#8220; icon_color__hover=&#8220;#003E6D&#8220;][\/et_pb_icon][\/et_pb_column][\/et_pb_row][et_pb_row column_structure=&#8220;1_2,1_2&#8243; _builder_version=&#8220;4.27.5&#8243; _module_preset=&#8220;default&#8220; global_colors_info=&#8220;{}&#8220;][et_pb_column type=&#8220;1_2&#8243; _builder_version=&#8220;4.27.5&#8243; _module_preset=&#8220;default&#8220; global_colors_info=&#8220;{}&#8220;][et_pb_text _builder_version=&#8220;4.27.5&#8243; _module_preset=&#8220;default&#8220; header_2_font_size=&#8220;30px&#8220; global_colors_info=&#8220;{}&#8220;]<\/p>\n<h2>Kapitel 1<\/h2>\n<h3>Allgemeines \u2013 Das R\u00e4tsel der kanarischen Pyramiden<\/h3>\n<p>[\/et_pb_text][et_pb_text _builder_version=&#8220;4.27.5&#8243; _module_preset=&#8220;default&#8220; global_colors_info=&#8220;{}&#8220;]<\/p>\n<p>Die Stufenpyramiden der Kanarischen Inseln geh\u00f6ren zu den bis heute am kontroversesten diskutierten Bauwerken im atlantischen Raum. Obwohl sie seit Jahrhunderten bekannt sind, ist ihre Entstehungszeit, Funktion und kulturelle Einordnung nach wie vor ungekl\u00e4rt. W\u00e4hrend ein Teil der Forschung sie als neuzeitliche Agrarbauten oder Steinhaufen des 19.\u00a0Jahrhunderts interpretiert, weisen zahlreiche strukturelle, astronomische und arch\u00e4ologische Merkmale auf eine deutlich \u00e4ltere, m\u00f6glicherweise vorgeschichtliche Herkunft hin.<\/p>\n<p>Besondere Aufmerksamkeit erlangte der Pyramidenkomplex von G\u00fc\u00edmar auf Teneriffa, der durch seine klare Stufenarchitektur, pr\u00e4zise Steinsetzung und wiederkehrende Ausrichtungsmuster auff\u00e4llt. Vergleichbare Bauformen finden sich jedoch auch auf anderen Inseln des Archipels \u2013 darunter La Palma und Lanzarote \u2013 was gegen eine rein lokale oder kurzfristige Bautradition spricht. Vielmehr deutet die Verteilung der Bauwerke auf ein \u00fcberregionales, kulturell verankertes Ph\u00e4nomen hin.<\/p>\n<p>[\/et_pb_text][\/et_pb_column][et_pb_column type=&#8220;1_2&#8243; _builder_version=&#8220;4.27.5&#8243; _module_preset=&#8220;default&#8220; global_colors_info=&#8220;{}&#8220;][et_pb_image src=&#8220;https:\/\/abora.eu\/wp-content\/uploads\/Phoenizier-01-1.webp&#8220; title_text=&#8220;Ph\u00f6nizier 01&#8243; show_in_lightbox=&#8220;on&#8220; _builder_version=&#8220;4.27.6&#8243; _module_preset=&#8220;default&#8220; hover_enabled=&#8220;0&#8243; border_radii=&#8220;on|20px|20px|20px|20px&#8220; global_colors_info=&#8220;{}&#8220; sticky_enabled=&#8220;0&#8243;][\/et_pb_image][et_pb_text _builder_version=&#8220;4.27.5&#8243; _module_preset=&#8220;default&#8220; global_colors_info=&#8220;{}&#8220;]<\/p>\n<p>Die Diskussion um die kanarischen Stufenbauten ber\u00fchrt zentrale Fragen der Atlantikforschung: Wann wurden die Kanarischen Inseln erstmals dauerhaft besiedelt?<br \/>Welche technischen und kulturellen F\u00e4higkeiten besa\u00dfen ihre fr\u00fchen Bewohner \u2013 die Guanchen? Und standen sie m\u00f6glicherweise in Kontakt mit Kulturen des Mittelmeerraums oder Nordafrikas, lange vor der europ\u00e4ischen Expansion?<\/p>\n<p>[\/et_pb_text][\/et_pb_column][\/et_pb_row][et_pb_row column_structure=&#8220;1_2,1_2&#8243; module_class=&#8220;reverse&#8220; _builder_version=&#8220;4.27.5&#8243; _module_preset=&#8220;default&#8220; global_colors_info=&#8220;{}&#8220; custom_css_main_element_last_edited=&#8220;on|phone&#8220;][et_pb_column type=&#8220;1_2&#8243; _builder_version=&#8220;4.27.5&#8243; _module_preset=&#8220;default&#8220; global_colors_info=&#8220;{}&#8220;][et_pb_image src=&#8220;https:\/\/abora.eu\/wp-content\/uploads\/DJI_21110220152624_0549_D-3.webp&#8220; title_text=&#8220;DJI_21110220152624_0549_D&#8220; show_in_lightbox=&#8220;on&#8220; _builder_version=&#8220;4.27.6&#8243; _module_preset=&#8220;default&#8220; custom_margin_tablet=&#8220;15px||||false|false&#8220; custom_margin_phone=&#8220;15px||||false|false&#8220; custom_margin_last_edited=&#8220;on|desktop&#8220; hover_enabled=&#8220;0&#8243; border_radii=&#8220;on|20px|20px|20px|20px&#8220; global_colors_info=&#8220;{}&#8220; sticky_enabled=&#8220;0&#8243;][\/et_pb_image][et_pb_blurb title=&#8220;zu Kapitel 2 &#8211; Die OSL-Datierung der ersten Stufenbauten&#8220; use_icon=&#8220;on&#8220; font_icon=&#8220;&#x24;||divi||400&#8243; icon_color=&#8220;#FF9600&#8243; icon_placement=&#8220;left&#8220; image_icon_width=&#8220;72px&#8220; _builder_version=&#8220;4.27.5&#8243; _dynamic_attributes=&#8220;link_option_url&#8220; _module_preset=&#8220;default&#8220; header_text_color=&#8220;#FF9600&#8243; header_font_size=&#8220;22px&#8220; header_line_height=&#8220;1.3em&#8220; image_icon_custom_margin=&#8220;-20px||||false|false&#8220; module_alignment=&#8220;right&#8220; link_option_url=&#8220;@ET-DC@eyJkeW5hbWljIjp0cnVlLCJjb250ZW50IjoicG9zdF9saW5rX3VybF9wYWdlIiwic2V0dGluZ3MiOnsicG9zdF9pZCI6IjIzMTAifX0=@&#8220; global_colors_info=&#8220;{}&#8220;][\/et_pb_blurb][\/et_pb_column][et_pb_column type=&#8220;1_2&#8243; _builder_version=&#8220;4.27.5&#8243; _module_preset=&#8220;default&#8220; global_colors_info=&#8220;{}&#8220;][et_pb_text _builder_version=&#8220;4.27.5&#8243; _module_preset=&#8220;default&#8220; global_colors_info=&#8220;{}&#8220;]<\/p>\n<p>Bisher geht man offiziell davon aus, dass die Kanarischen Inseln erst ziemlich sp\u00e4t um etwa 1.000 v. Chr. besiedelt wurden, vermutlich durch die Ph\u00f6nizier. Diese errichteten aber auch schon lange keine Stufenpyramiden mehr, sondern nutzten eine andere sakrale Architektur.<\/p>\n<p>Aus diesem Grund lehnt die Mehrheit der Arch\u00e4ologen auch die Interpretation dieser Stufenbauten als Stufenpyramiden ab. Sie erkennen darin Steinlesehaufen zum Ber\u00e4umen der Felder oder anderer landwirtschaftlicher Zwecke. Diese Interpretation steht jedoch im krassen Widerspruch zu \u00dcberlieferungen der ersten spanischen Chronisten, die den Legendenschatz der Guanchen aufzeichneten. Darin werden diese Stufenbauten klar als Produkte der Guanchen-Kultur f\u00fcr rituelle Zwecke definiert. Au\u00dferdem ist der Begriff \u201eStufenpyramide\u201c irref\u00fchrend. Vielmehr m\u00fcsste man sie nach altmesopotamischem Vorbild als \u201eZikkurate\u201c bezeichnen, da sie keine Grabm\u00e4ler wie in \u00c4gypten waren.<\/p>\n<p>Die folgenden Teilprojekte widmen sich jeweils einem zentralen Aspekt dieses komplexen Forschungsfeldes: von der OSL-Datierung fr\u00fcher Stufenbauten \u00fcber biochemische Analysen kanarischer Mumien bis hin zu astronomischen Ausrichtungen und au\u00dfergew\u00f6hnlichen Einzelfunden wie dem Menschenzahn von Lanzarote. Gemeinsam sollen sie dazu beitragen, das R\u00e4tsel der kanarischen Pyramiden aus unterschiedlichen Blickwinkeln neu zu beleuchten \u2013 offen, \u00fcberpr\u00fcfbar und jenseits etablierter Deutungsmuster.<\/p>\n<p>[\/et_pb_text][\/et_pb_column][\/et_pb_row][\/et_pb_section]<\/p>\n","protected":false},"excerpt":{"rendered":"<p>zur\u00fcckABORA Fundraising dt:Kapitel 1 Allgemeines \u2013 Das R\u00e4tsel der kanarischen PyramidenDie Stufenpyramiden der Kanarischen Inseln geh\u00f6ren zu den bis heute am kontroversesten diskutierten Bauwerken im atlantischen Raum. Obwohl sie seit Jahrhunderten bekannt sind, ist ihre Entstehungszeit, Funktion und kulturelle Einordnung nach wie vor ungekl\u00e4rt. W\u00e4hrend ein Teil der Forschung sie als neuzeitliche Agrarbauten oder Steinhaufen [&hellip;]<\/p>\n","protected":false},"author":1,"featured_media":0,"parent":0,"menu_order":0,"comment_status":"closed","ping_status":"closed","template":"","meta":{"_et_pb_use_builder":"on","_et_pb_old_content":"","_et_gb_content_width":"","footnotes":""},"class_list":["post-2307","page","type-page","status-publish","hentry"],"yoast_head":"<!-- This site is optimized with the Yoast SEO plugin v27.3 - https:\/\/yoast.com\/product\/yoast-seo-wordpress\/ -->\n<title>Teil 1 - Allgemeines zum R\u00e4tsel der kanarischen Pyramiden - Mission Abora<\/title>\n<meta name=\"description\" content=\"R\u00e4tsel im Atlantik: Die kanarischen Pyramiden von G\u00fc\u00edmar und ihre ungekl\u00e4rte Herkunft zwischen Arch\u00e4ologie und Astronomie.\" \/>\n<meta name=\"robots\" content=\"index, follow, max-snippet:-1, max-image-preview:large, max-video-preview:-1\" \/>\n<link rel=\"canonical\" href=\"https:\/\/abora.eu\/en\/allgemeines-zum-raetsel-der-kanarischen-pyramiden\/\" \/>\n<meta property=\"og:locale\" content=\"en_US\" \/>\n<meta property=\"og:type\" content=\"article\" \/>\n<meta property=\"og:title\" content=\"Teil 1 - Allgemeines zum R\u00e4tsel der kanarischen Pyramiden - Mission Abora\" \/>\n<meta property=\"og:description\" content=\"R\u00e4tsel im Atlantik: Die kanarischen Pyramiden von G\u00fc\u00edmar und ihre ungekl\u00e4rte Herkunft zwischen Arch\u00e4ologie und Astronomie.\" \/>\n<meta property=\"og:url\" content=\"https:\/\/abora.eu\/en\/allgemeines-zum-raetsel-der-kanarischen-pyramiden\/\" \/>\n<meta property=\"og:site_name\" content=\"Mission Abora\" \/>\n<meta property=\"article:modified_time\" content=\"2026-03-26T14:54:00+00:00\" \/>\n<meta name=\"twitter:card\" content=\"summary_large_image\" \/>\n<meta name=\"twitter:label1\" content=\"Est. reading time\" \/>\n\t<meta name=\"twitter:data1\" content=\"3 minutes\" \/>\n<script type=\"application\/ld+json\" class=\"yoast-schema-graph\">{\"@context\":\"https:\\\/\\\/schema.org\",\"@graph\":[{\"@type\":\"WebPage\",\"@id\":\"https:\\\/\\\/abora.eu\\\/allgemeines-zum-raetsel-der-kanarischen-pyramiden\\\/\",\"url\":\"https:\\\/\\\/abora.eu\\\/allgemeines-zum-raetsel-der-kanarischen-pyramiden\\\/\",\"name\":\"Teil 1 - Allgemeines zum R\u00e4tsel der kanarischen Pyramiden - Mission Abora\",\"isPartOf\":{\"@id\":\"https:\\\/\\\/abora.eu\\\/#website\"},\"datePublished\":\"2026-01-21T07:23:06+00:00\",\"dateModified\":\"2026-03-26T14:54:00+00:00\",\"description\":\"R\u00e4tsel im Atlantik: Die kanarischen Pyramiden von G\u00fc\u00edmar und ihre ungekl\u00e4rte Herkunft zwischen Arch\u00e4ologie und Astronomie.\",\"breadcrumb\":{\"@id\":\"https:\\\/\\\/abora.eu\\\/allgemeines-zum-raetsel-der-kanarischen-pyramiden\\\/#breadcrumb\"},\"inLanguage\":\"en-US\",\"potentialAction\":[{\"@type\":\"ReadAction\",\"target\":[\"https:\\\/\\\/abora.eu\\\/allgemeines-zum-raetsel-der-kanarischen-pyramiden\\\/\"]}]},{\"@type\":\"BreadcrumbList\",\"@id\":\"https:\\\/\\\/abora.eu\\\/allgemeines-zum-raetsel-der-kanarischen-pyramiden\\\/#breadcrumb\",\"itemListElement\":[{\"@type\":\"ListItem\",\"position\":1,\"name\":\"Start\",\"item\":\"https:\\\/\\\/abora.eu\\\/\"},{\"@type\":\"ListItem\",\"position\":2,\"name\":\"Teil 1 &#8211; Allgemeines zum R\u00e4tsel der kanarischen Pyramiden\"}]},{\"@type\":\"WebSite\",\"@id\":\"https:\\\/\\\/abora.eu\\\/#website\",\"url\":\"https:\\\/\\\/abora.eu\\\/\",\"name\":\"Mission Abora\",\"description\":\"\",\"publisher\":{\"@id\":\"https:\\\/\\\/abora.eu\\\/#\\\/schema\\\/person\\\/953dad30d10fa7d560bb90cff0494e14\"},\"potentialAction\":[{\"@type\":\"SearchAction\",\"target\":{\"@type\":\"EntryPoint\",\"urlTemplate\":\"https:\\\/\\\/abora.eu\\\/?s={search_term_string}\"},\"query-input\":{\"@type\":\"PropertyValueSpecification\",\"valueRequired\":true,\"valueName\":\"search_term_string\"}}],\"inLanguage\":\"en-US\"},{\"@type\":[\"Person\",\"Organization\"],\"@id\":\"https:\\\/\\\/abora.eu\\\/#\\\/schema\\\/person\\\/953dad30d10fa7d560bb90cff0494e14\",\"name\":\"Dominique G\u00f6rlitz\",\"image\":{\"@type\":\"ImageObject\",\"inLanguage\":\"en-US\",\"@id\":\"https:\\\/\\\/abora.eu\\\/wp-content\\\/uploads\\\/Logo-1.png\",\"url\":\"https:\\\/\\\/abora.eu\\\/wp-content\\\/uploads\\\/Logo-1.png\",\"contentUrl\":\"https:\\\/\\\/abora.eu\\\/wp-content\\\/uploads\\\/Logo-1.png\",\"width\":1371,\"height\":1284,\"caption\":\"Dominique G\u00f6rlitz\"},\"logo\":{\"@id\":\"https:\\\/\\\/abora.eu\\\/wp-content\\\/uploads\\\/Logo-1.png\"}}]}<\/script>\n<!-- \/ Yoast SEO plugin. -->","yoast_head_json":{"title":"Teil 1 - Allgemeines zum R\u00e4tsel der kanarischen Pyramiden - Mission Abora","description":"R\u00e4tsel im Atlantik: Die kanarischen Pyramiden von G\u00fc\u00edmar und ihre ungekl\u00e4rte Herkunft zwischen Arch\u00e4ologie und Astronomie.","robots":{"index":"index","follow":"follow","max-snippet":"max-snippet:-1","max-image-preview":"max-image-preview:large","max-video-preview":"max-video-preview:-1"},"canonical":"https:\/\/abora.eu\/en\/allgemeines-zum-raetsel-der-kanarischen-pyramiden\/","og_locale":"en_US","og_type":"article","og_title":"Teil 1 - Allgemeines zum R\u00e4tsel der kanarischen Pyramiden - Mission Abora","og_description":"R\u00e4tsel im Atlantik: Die kanarischen Pyramiden von G\u00fc\u00edmar und ihre ungekl\u00e4rte Herkunft zwischen Arch\u00e4ologie und Astronomie.","og_url":"https:\/\/abora.eu\/en\/allgemeines-zum-raetsel-der-kanarischen-pyramiden\/","og_site_name":"Mission Abora","article_modified_time":"2026-03-26T14:54:00+00:00","twitter_card":"summary_large_image","twitter_misc":{"Est. reading time":"3 minutes"},"schema":{"@context":"https:\/\/schema.org","@graph":[{"@type":"WebPage","@id":"https:\/\/abora.eu\/allgemeines-zum-raetsel-der-kanarischen-pyramiden\/","url":"https:\/\/abora.eu\/allgemeines-zum-raetsel-der-kanarischen-pyramiden\/","name":"Teil 1 - Allgemeines zum R\u00e4tsel der kanarischen Pyramiden - Mission Abora","isPartOf":{"@id":"https:\/\/abora.eu\/#website"},"datePublished":"2026-01-21T07:23:06+00:00","dateModified":"2026-03-26T14:54:00+00:00","description":"R\u00e4tsel im Atlantik: Die kanarischen Pyramiden von G\u00fc\u00edmar und ihre ungekl\u00e4rte Herkunft zwischen Arch\u00e4ologie und Astronomie.","breadcrumb":{"@id":"https:\/\/abora.eu\/allgemeines-zum-raetsel-der-kanarischen-pyramiden\/#breadcrumb"},"inLanguage":"en-US","potentialAction":[{"@type":"ReadAction","target":["https:\/\/abora.eu\/allgemeines-zum-raetsel-der-kanarischen-pyramiden\/"]}]},{"@type":"BreadcrumbList","@id":"https:\/\/abora.eu\/allgemeines-zum-raetsel-der-kanarischen-pyramiden\/#breadcrumb","itemListElement":[{"@type":"ListItem","position":1,"name":"Start","item":"https:\/\/abora.eu\/"},{"@type":"ListItem","position":2,"name":"Teil 1 &#8211; Allgemeines zum R\u00e4tsel der kanarischen Pyramiden"}]},{"@type":"WebSite","@id":"https:\/\/abora.eu\/#website","url":"https:\/\/abora.eu\/","name":"Mission Abora","description":"","publisher":{"@id":"https:\/\/abora.eu\/#\/schema\/person\/953dad30d10fa7d560bb90cff0494e14"},"potentialAction":[{"@type":"SearchAction","target":{"@type":"EntryPoint","urlTemplate":"https:\/\/abora.eu\/?s={search_term_string}"},"query-input":{"@type":"PropertyValueSpecification","valueRequired":true,"valueName":"search_term_string"}}],"inLanguage":"en-US"},{"@type":["Person","Organization"],"@id":"https:\/\/abora.eu\/#\/schema\/person\/953dad30d10fa7d560bb90cff0494e14","name":"Dominique G\u00f6rlitz","image":{"@type":"ImageObject","inLanguage":"en-US","@id":"https:\/\/abora.eu\/wp-content\/uploads\/Logo-1.png","url":"https:\/\/abora.eu\/wp-content\/uploads\/Logo-1.png","contentUrl":"https:\/\/abora.eu\/wp-content\/uploads\/Logo-1.png","width":1371,"height":1284,"caption":"Dominique G\u00f6rlitz"},"logo":{"@id":"https:\/\/abora.eu\/wp-content\/uploads\/Logo-1.png"}}]}},"_links":{"self":[{"href":"https:\/\/abora.eu\/en\/wp-json\/wp\/v2\/pages\/2307","targetHints":{"allow":["GET"]}}],"collection":[{"href":"https:\/\/abora.eu\/en\/wp-json\/wp\/v2\/pages"}],"about":[{"href":"https:\/\/abora.eu\/en\/wp-json\/wp\/v2\/types\/page"}],"author":[{"embeddable":true,"href":"https:\/\/abora.eu\/en\/wp-json\/wp\/v2\/users\/1"}],"replies":[{"embeddable":true,"href":"https:\/\/abora.eu\/en\/wp-json\/wp\/v2\/comments?post=2307"}],"version-history":[{"count":27,"href":"https:\/\/abora.eu\/en\/wp-json\/wp\/v2\/pages\/2307\/revisions"}],"predecessor-version":[{"id":4108,"href":"https:\/\/abora.eu\/en\/wp-json\/wp\/v2\/pages\/2307\/revisions\/4108"}],"wp:attachment":[{"href":"https:\/\/abora.eu\/en\/wp-json\/wp\/v2\/media?parent=2307"}],"curies":[{"name":"wp","href":"https:\/\/api.w.org\/{rel}","templated":true}]}}