{"id":2310,"date":"2026-01-21T07:24:00","date_gmt":"2026-01-21T07:24:00","guid":{"rendered":"https:\/\/abora.neu.cm-rz.de\/?page_id=2310"},"modified":"2026-03-26T14:57:45","modified_gmt":"2026-03-26T14:57:45","slug":"teil-2-die-osl-datierung-der-ersten-stufenbauten","status":"publish","type":"page","link":"https:\/\/abora.eu\/en\/teil-2-die-osl-datierung-der-ersten-stufenbauten\/","title":{"rendered":"Teil 2 &#8211; Die OSL-Datierung der ersten Stufenbauten"},"content":{"rendered":"<p>[et_pb_section fb_built=&#8220;1&#8243; _builder_version=&#8220;4.27.6&#8243; _module_preset=&#8220;default&#8220; background_image=&#8220;https:\/\/abora.eu\/wp-content\/uploads\/DJI_20241128084743_0227_D-1-scaled.webp&#8220; background_position=&#8220;top_center&#8220; background_vertical_offset=&#8220;43%&#8220; height=&#8220;463px&#8220; hover_enabled=&#8220;0&#8243; global_colors_info=&#8220;{}&#8220; title_text=&#8220;DJI_20241128084743_0227_D&#8220; sticky_enabled=&#8220;0&#8243;][\/et_pb_section][et_pb_section fb_built=&#8220;1&#8243; custom_padding_last_edited=&#8220;on|desktop&#8220; _builder_version=&#8220;4.27.5&#8243; _module_preset=&#8220;default&#8220; custom_padding=&#8220;||||false|false&#8220; custom_padding_tablet=&#8220;|40px||40px|false|true&#8220; custom_padding_phone=&#8220;|20px||20px|false|true&#8220; global_colors_info=&#8220;{}&#8220;][et_pb_row _builder_version=&#8220;4.27.5&#8243; _module_preset=&#8220;default&#8220; global_colors_info=&#8220;{}&#8220;][et_pb_column type=&#8220;4_4&#8243; _builder_version=&#8220;4.27.5&#8243; _module_preset=&#8220;default&#8220; global_colors_info=&#8220;{}&#8220;][et_pb_text _builder_version=&#8220;4.27.5&#8243; _dynamic_attributes=&#8220;link_option_url&#8220; _module_preset=&#8220;default&#8220; text_font=&#8220;librefranklin-semibold||||||||&#8220; text_font_size=&#8220;18px&#8220; link_option_url=&#8220;@ET-DC@eyJkeW5hbWljIjp0cnVlLCJjb250ZW50IjoicG9zdF9saW5rX3VybF9wYWdlIiwic2V0dGluZ3MiOnsicG9zdF9pZCI6IjIzMTgifX0=@&#8220; global_colors_info=&#8220;{}&#8220; text_text_color__hover_enabled=&#8220;on|hover&#8220; text_text_color__hover=&#8220;#FF9600&#8243;]<\/p>\n<p>zur\u00fcck<\/p>\n<p>[\/et_pb_text][et_pb_text _builder_version=&#8220;4.27.5&#8243; _module_preset=&#8220;default&#8220; custom_margin=&#8220;||10px||false|false&#8220; global_colors_info=&#8220;{}&#8220;]<\/p>\n<h4><strong>TF 2025 Vorbereitung OSL: <\/strong><\/h4>\n<p>[\/et_pb_text][et_pb_icon font_icon=&#8220;&#xf03d;||fa||900&#8243; icon_color=&#8220;#FF9600&#8243; icon_width=&#8220;75px&#8220; url=&#8220;https:\/\/youtu.be\/EoYnDrYlEX4&#8243; url_new_window=&#8220;on&#8220; align=&#8220;left&#8220; align_phone=&#8220;center&#8220; align_last_edited=&#8220;off|desktop&#8220; _builder_version=&#8220;4.27.5&#8243; _module_preset=&#8220;default&#8220; global_colors_info=&#8220;{}&#8220; icon_color__hover_enabled=&#8220;on|hover&#8220; icon_color__hover=&#8220;#003E6D&#8220;][\/et_pb_icon][\/et_pb_column][\/et_pb_row][et_pb_row _builder_version=&#8220;4.27.5&#8243; _module_preset=&#8220;default&#8220; global_colors_info=&#8220;{}&#8220;][et_pb_column type=&#8220;4_4&#8243; _builder_version=&#8220;4.27.5&#8243; _module_preset=&#8220;default&#8220; global_colors_info=&#8220;{}&#8220;][et_pb_text _builder_version=&#8220;4.27.5&#8243; _module_preset=&#8220;default&#8220; header_2_font_size=&#8220;30px&#8220; global_colors_info=&#8220;{}&#8220;]<\/p>\n<h2>Kapitel 2<\/h2>\n<h3>Die OSL-Datierung der ersten Stufenbauten<\/h3>\n<p>[\/et_pb_text][\/et_pb_column][\/et_pb_row][et_pb_row column_structure=&#8220;1_2,1_2&#8243; _builder_version=&#8220;4.27.5&#8243; _module_preset=&#8220;default&#8220; global_colors_info=&#8220;{}&#8220;][et_pb_column type=&#8220;1_2&#8243; _builder_version=&#8220;4.27.5&#8243; _module_preset=&#8220;default&#8220; global_colors_info=&#8220;{}&#8220;][et_pb_text _builder_version=&#8220;4.27.5&#8243; _module_preset=&#8220;default&#8220; global_colors_info=&#8220;{}&#8220;]<\/p>\n<p>Ein zentrales Anliegen des Kanaren-Pyramiden-Projekts ist die objektive zeitliche Einordnung der Stufenbauten. Da an den meisten Pyramidenanlagen keine organischen Materialien f\u00fcr klassische C<sub>14<\/sub>-Datierungen erhalten sind, war es notwendig, auf alternative naturwissenschaftliche Verfahren zur\u00fcckzugreifen. Aus diesem Grund fiel die Wahl auf die OSL-Datierung (<em>Optically Stimulated Luminescence<\/em>) \u2013 eine Methode, die sich besonders f\u00fcr die Datierung von sediment\u00e4ren und baulichen Kontexten eignet. Es gelang die beiden Spezialisten f\u00fcr OSL-Datierung zu gewinnen: Dr. Georgios Polymeris, Oberfl\u00e4chen-OSL (Athen) und Dr. Jorge S. Sanchez, Boden-OSL (A Coru\u00f1a).<\/p>\n<p>Die OSL-Datierung erm\u00f6glicht es, den Zeitpunkt zu bestimmen, an dem Mineralk\u00f6rner (meist Quarz oder Feldspat) zuletzt dem Sonnenlicht ausgesetzt waren. Sobald Sedimente verbaut oder \u00fcberdeckt werden, beginnt sich durch nat\u00fcrliche Umgebungsstrahlung eine messbare Lumineszenz aufzubauen. Durch gezielte Lichtstimulation im Labor kann diese gespeicherte Energie ausgelesen werden. Das Ergebnis erlaubt eine Datierung des Moments, an dem das Material letztmalig bewegt, abgelagert oder verbaut wurde \u2013 ein entscheidender Vorteil gegen\u00fcber Methoden, die lediglich organische Reste datieren.<\/p>\n<p>[\/et_pb_text][\/et_pb_column][et_pb_column type=&#8220;1_2&#8243; _builder_version=&#8220;4.27.5&#8243; _module_preset=&#8220;default&#8220; global_colors_info=&#8220;{}&#8220;][et_pb_image src=&#8220;https:\/\/abora.eu\/wp-content\/uploads\/20250624_113128-1-scaled.jpg&#8220; title_text=&#8220;20250624_113128&#8243; show_in_lightbox=&#8220;on&#8220; _builder_version=&#8220;4.27.6&#8243; _module_preset=&#8220;default&#8220; hover_enabled=&#8220;0&#8243; border_radii=&#8220;on|20px|20px|20px|20px&#8220; global_colors_info=&#8220;{}&#8220; sticky_enabled=&#8220;0&#8243;][\/et_pb_image][et_pb_text _builder_version=&#8220;4.27.5&#8243; _module_preset=&#8220;default&#8220; global_colors_info=&#8220;{}&#8220;]<\/p>\n<p><em><span zm=\"\">Das Bild zeigt den Komplex von Santo Domingo. Diese und die im oberen Bild im Komplex San Marcos befindliche Stufenpyramide wurden bei der ersten OSL datiert.<\/span><\/em><\/p>\n<p>[\/et_pb_text][\/et_pb_column][\/et_pb_row][et_pb_row column_structure=&#8220;1_2,1_2&#8243; module_class=&#8220;reverse&#8220; _builder_version=&#8220;4.27.5&#8243; _module_preset=&#8220;default&#8220; global_colors_info=&#8220;{}&#8220;][et_pb_column type=&#8220;1_2&#8243; _builder_version=&#8220;4.27.5&#8243; _module_preset=&#8220;default&#8220; global_colors_info=&#8220;{}&#8220;][et_pb_image src=&#8220;https:\/\/abora.eu\/wp-content\/uploads\/Gruppenbild-01-2-scaled.webp&#8220; title_text=&#8220;Gruppenbild 01&#8243; show_in_lightbox=&#8220;on&#8220; _builder_version=&#8220;4.27.6&#8243; _module_preset=&#8220;default&#8220; custom_margin_tablet=&#8220;15px||||false|false&#8220; custom_margin_phone=&#8220;15px||||false|false&#8220; custom_margin_last_edited=&#8220;on|desktop&#8220; hover_enabled=&#8220;0&#8243; border_radii=&#8220;on|20px|20px|20px|20px&#8220; global_colors_info=&#8220;{}&#8220; sticky_enabled=&#8220;0&#8243;][\/et_pb_image][et_pb_text _builder_version=&#8220;4.27.5&#8243; _module_preset=&#8220;default&#8220; global_colors_info=&#8220;{}&#8220;]<\/p>\n<p><em><span zm=\"\">Das OSL-Team an der Stufenpyramide von Santo Domingo: (v.l.n.re.) Julia &amp; Gustavo, Michael Rappengl\u00fcck, Beatriz G. Girona, Dominique G\u00f6rlitz und untere Reise &#8211; Georgios Polymeris, Ramon Z\u00fcrcher und Jorge S\u00e1nchez.<\/span><\/em><\/p>\n<p>[\/et_pb_text][\/et_pb_column][et_pb_column type=&#8220;1_2&#8243; _builder_version=&#8220;4.27.5&#8243; _module_preset=&#8220;default&#8220; global_colors_info=&#8220;{}&#8220;][et_pb_text _builder_version=&#8220;4.27.5&#8243; _module_preset=&#8220;default&#8220; global_colors_info=&#8220;{}&#8220;]<\/p>\n<p>Im Rahmen des Projekts wurden gezielt Sedimentproben aus konstruktiv relevanten Bereichen von zwei n\u00f6rdlichen Stufenpyramiden-Komplexen entnommen: San Marcos und Santo Domingo. Beide liegen zwischen Puerto de la Cruz und Icod. Besonderes Augenmerk lag dabei auf Schichten, die eindeutig mit der Errichtung der Pyramiden in Zusammenhang stehen, etwa Unterbauhorizonte, Rampen und verf\u00fcllte Zwischenr\u00e4ume. Die Probenentnahme erfolgte lichtgesch\u00fctzt und nach internationalen Standards, um Verf\u00e4lschungen der Messergebnisse auszuschlie\u00dfen.<\/p>\n<p>Die ersten OSL-Ergebnisse liefern \u00fcberraschend fr\u00fche Datierungen, die deutlich vor dem 19. Jahrhundert liegen und sich nicht mit der These rein neuzeitlicher Agrarbauten vereinbaren lassen. Stattdessen deuten sie auf Bauphasen hin, die in vorgeschichtliche oder fr\u00fchhistorische Zeitr\u00e4ume zur\u00fcckreichen: etwa 400 bis 600 Jahre vor heute. Die endg\u00fcltigen Resultate kommen in wenigen Wochen. Diese Resultate stehen im Einklang mit architektonischen Beobachtungen wie der systematischen Stufenform, der bewussten Ausrichtung einzelner Bauwerke sowie der arch\u00e4oastronomischen Ausrichtungen der meisten Stufenbauten.<\/p>\n<p>[\/et_pb_text][\/et_pb_column][\/et_pb_row][et_pb_row column_structure=&#8220;1_2,1_2&#8243; _builder_version=&#8220;4.27.5&#8243; _module_preset=&#8220;default&#8220; global_colors_info=&#8220;{}&#8220;][et_pb_column type=&#8220;1_2&#8243; _builder_version=&#8220;4.27.5&#8243; _module_preset=&#8220;default&#8220; global_colors_info=&#8220;{}&#8220;][et_pb_text _builder_version=&#8220;4.27.5&#8243; _module_preset=&#8220;default&#8220; global_colors_info=&#8220;{}&#8220;]<\/p>\n<p>Besonders bedeutsam ist dabei, dass die OSL-Daten insel\u00fcbergreifend vergleichbare Zeitfenster nahelegen. Dies spricht gegen die Steinhaufen-Theorie (span. <span>majanos<\/span>) und st\u00fctzt die Annahme einer kulturell verankerten Bautradition, die \u00fcber Generationen hinweg gepflegt wurde. Die Stufenpyramiden erscheinen damit nicht als zuf\u00e4llige Nebenprodukte landwirtschaftlicher Nutzung, sondern als gezielt errichtete Bauwerke mit funktionaler oder kultisch-ritueller Bedeutung.<\/p>\n<p>Die OSL-Datierung bildet somit eine tragende S\u00e4ule des Kanaren-Pyramiden-Projekts. Sie liefert erstmals eine methodisch unabh\u00e4ngige Zeitachse, auf deren Grundlage die weiteren Teilprojekte \u2013 bioarch\u00e4ologische Analysen, astro-arch\u00e4ologische Untersuchungen und Einzelfunde \u2013 sinnvoll eingeordnet und miteinander verkn\u00fcpft werden k\u00f6nnen.<\/p>\n<p>[\/et_pb_text][\/et_pb_column][et_pb_column type=&#8220;1_2&#8243; _builder_version=&#8220;4.27.5&#8243; _module_preset=&#8220;default&#8220; global_colors_info=&#8220;{}&#8220;][et_pb_image src=&#8220;https:\/\/abora.eu\/wp-content\/uploads\/DJI_21110408140001_0927_D_Enhancer-2-scaled.webp&#8220; show_in_lightbox=&#8220;on&#8220; _builder_version=&#8220;4.27.6&#8243; _module_preset=&#8220;default&#8220; hover_enabled=&#8220;0&#8243; border_radii=&#8220;on|20px|20px|20px|20px&#8220; global_colors_info=&#8220;{}&#8220; title_text=&#8220;DJI_21110408140001_0927_D_Enhancer&#8220; sticky_enabled=&#8220;0&#8243;][\/et_pb_image][et_pb_text _builder_version=&#8220;4.27.5&#8243; _module_preset=&#8220;default&#8220; global_colors_info=&#8220;{}&#8220;]<\/p>\n<p><em><span zm=\"\">Die OSL-Proben wurden alle nach A Coru\u00f1a gebracht und dort am Institut der Universit\u00e4t von Jorge und Georgios f\u00fcr die Lichtmessung aufwendig vorbereitet. Dieser Prozess dauerte mehrere Monate.<\/span><\/em><\/p>\n<p>[\/et_pb_text][\/et_pb_column][\/et_pb_row][et_pb_row column_structure=&#8220;1_2,1_2&#8243; _builder_version=&#8220;4.27.5&#8243; _module_preset=&#8220;default&#8220; global_colors_info=&#8220;{}&#8220;][et_pb_column type=&#8220;1_2&#8243; _builder_version=&#8220;4.27.5&#8243; _module_preset=&#8220;default&#8220; global_colors_info=&#8220;{}&#8220;][et_pb_text _builder_version=&#8220;4.27.5&#8243; _module_preset=&#8220;default&#8220; custom_margin=&#8220;||10px||false|false&#8220; global_colors_info=&#8220;{}&#8220;]<\/p>\n<h4><strong>TF OSL Hauptfilm 01 2025:<\/strong><\/h4>\n<p>[\/et_pb_text][et_pb_icon font_icon=&#8220;&#xf03d;||fa||900&#8243; icon_color=&#8220;#FF9600&#8243; icon_width=&#8220;75px&#8220; url=&#8220;https:\/\/www.youtube.com\/watch?v=Ng6ljxYAx8E&#8220; url_new_window=&#8220;on&#8220; align=&#8220;left&#8220; align_phone=&#8220;center&#8220; align_last_edited=&#8220;off|desktop&#8220; _builder_version=&#8220;4.27.5&#8243; _module_preset=&#8220;default&#8220; global_colors_info=&#8220;{}&#8220; icon_color__hover_enabled=&#8220;on|hover&#8220; icon_color__hover=&#8220;#003E6D&#8220;][\/et_pb_icon][\/et_pb_column][et_pb_column type=&#8220;1_2&#8243; _builder_version=&#8220;4.27.5&#8243; _module_preset=&#8220;default&#8220; global_colors_info=&#8220;{}&#8220;][et_pb_blurb title=&#8220;zu Kapitel 3 &#8211; Die Suche nach Alkaloiden in Kanaren-Mumien&#8220; use_icon=&#8220;on&#8220; font_icon=&#8220;&#x24;||divi||400&#8243; icon_color=&#8220;#FF9600&#8243; icon_placement=&#8220;left&#8220; image_icon_width=&#8220;72px&#8220; _builder_version=&#8220;4.27.5&#8243; _dynamic_attributes=&#8220;link_option_url&#8220; _module_preset=&#8220;default&#8220; header_text_color=&#8220;#FF9600&#8243; header_font_size=&#8220;22px&#8220; image_icon_custom_margin=&#8220;-20px||||false|false&#8220; module_alignment=&#8220;left&#8220; link_option_url=&#8220;@ET-DC@eyJkeW5hbWljIjp0cnVlLCJjb250ZW50IjoicG9zdF9saW5rX3VybF9wYWdlIiwic2V0dGluZ3MiOnsicG9zdF9pZCI6IjIzMTIifX0=@&#8220; global_colors_info=&#8220;{}&#8220;][\/et_pb_blurb][\/et_pb_column][\/et_pb_row][\/et_pb_section]<\/p>\n","protected":false},"excerpt":{"rendered":"<p>zur\u00fcckTF 2025 Vorbereitung OSL: Kapitel 2 Die OSL-Datierung der ersten StufenbautenEin zentrales Anliegen des Kanaren-Pyramiden-Projekts ist die objektive zeitliche Einordnung der Stufenbauten. Da an den meisten Pyramidenanlagen keine organischen Materialien f\u00fcr klassische C14-Datierungen erhalten sind, war es notwendig, auf alternative naturwissenschaftliche Verfahren zur\u00fcckzugreifen. Aus diesem Grund fiel die Wahl auf die OSL-Datierung (Optically Stimulated Luminescence) [&hellip;]<\/p>\n","protected":false},"author":1,"featured_media":0,"parent":0,"menu_order":0,"comment_status":"closed","ping_status":"closed","template":"","meta":{"_et_pb_use_builder":"on","_et_pb_old_content":"","_et_gb_content_width":"","footnotes":""},"class_list":["post-2310","page","type-page","status-publish","hentry"],"yoast_head":"<!-- This site is optimized with the Yoast SEO plugin v27.3 - https:\/\/yoast.com\/product\/yoast-seo-wordpress\/ -->\n<title>Teil 2 - Die OSL-Datierung der ersten Stufenbauten - Mission Abora<\/title>\n<meta name=\"description\" content=\"OSL-Datierung der kanarischen Pyramiden: Wie Lumineszenzmethoden eine objektive zeitliche Einordnung der Stufenbauten erm\u00f6glichen.\" \/>\n<meta name=\"robots\" content=\"index, follow, max-snippet:-1, max-image-preview:large, max-video-preview:-1\" \/>\n<link rel=\"canonical\" href=\"https:\/\/abora.eu\/en\/teil-2-die-osl-datierung-der-ersten-stufenbauten\/\" \/>\n<meta property=\"og:locale\" content=\"en_US\" \/>\n<meta property=\"og:type\" content=\"article\" \/>\n<meta property=\"og:title\" content=\"Teil 2 - Die OSL-Datierung der ersten Stufenbauten - Mission Abora\" \/>\n<meta property=\"og:description\" content=\"OSL-Datierung der kanarischen Pyramiden: Wie Lumineszenzmethoden eine objektive zeitliche Einordnung der Stufenbauten erm\u00f6glichen.\" \/>\n<meta property=\"og:url\" content=\"https:\/\/abora.eu\/en\/teil-2-die-osl-datierung-der-ersten-stufenbauten\/\" \/>\n<meta property=\"og:site_name\" content=\"Mission Abora\" \/>\n<meta property=\"article:modified_time\" content=\"2026-03-26T14:57:45+00:00\" \/>\n<meta name=\"twitter:card\" content=\"summary_large_image\" \/>\n<meta name=\"twitter:label1\" content=\"Est. reading time\" \/>\n\t<meta name=\"twitter:data1\" content=\"4 minutes\" \/>\n<script type=\"application\/ld+json\" class=\"yoast-schema-graph\">{\"@context\":\"https:\\\/\\\/schema.org\",\"@graph\":[{\"@type\":\"WebPage\",\"@id\":\"https:\\\/\\\/abora.eu\\\/teil-2-die-osl-datierung-der-ersten-stufenbauten\\\/\",\"url\":\"https:\\\/\\\/abora.eu\\\/teil-2-die-osl-datierung-der-ersten-stufenbauten\\\/\",\"name\":\"Teil 2 - Die OSL-Datierung der ersten Stufenbauten - Mission Abora\",\"isPartOf\":{\"@id\":\"https:\\\/\\\/abora.eu\\\/#website\"},\"datePublished\":\"2026-01-21T07:24:00+00:00\",\"dateModified\":\"2026-03-26T14:57:45+00:00\",\"description\":\"OSL-Datierung der kanarischen Pyramiden: Wie Lumineszenzmethoden eine objektive zeitliche Einordnung der Stufenbauten erm\u00f6glichen.\",\"breadcrumb\":{\"@id\":\"https:\\\/\\\/abora.eu\\\/teil-2-die-osl-datierung-der-ersten-stufenbauten\\\/#breadcrumb\"},\"inLanguage\":\"en-US\",\"potentialAction\":[{\"@type\":\"ReadAction\",\"target\":[\"https:\\\/\\\/abora.eu\\\/teil-2-die-osl-datierung-der-ersten-stufenbauten\\\/\"]}]},{\"@type\":\"BreadcrumbList\",\"@id\":\"https:\\\/\\\/abora.eu\\\/teil-2-die-osl-datierung-der-ersten-stufenbauten\\\/#breadcrumb\",\"itemListElement\":[{\"@type\":\"ListItem\",\"position\":1,\"name\":\"Start\",\"item\":\"https:\\\/\\\/abora.eu\\\/\"},{\"@type\":\"ListItem\",\"position\":2,\"name\":\"Teil 2 &#8211; Die OSL-Datierung der ersten Stufenbauten\"}]},{\"@type\":\"WebSite\",\"@id\":\"https:\\\/\\\/abora.eu\\\/#website\",\"url\":\"https:\\\/\\\/abora.eu\\\/\",\"name\":\"Mission Abora\",\"description\":\"\",\"publisher\":{\"@id\":\"https:\\\/\\\/abora.eu\\\/#\\\/schema\\\/person\\\/953dad30d10fa7d560bb90cff0494e14\"},\"potentialAction\":[{\"@type\":\"SearchAction\",\"target\":{\"@type\":\"EntryPoint\",\"urlTemplate\":\"https:\\\/\\\/abora.eu\\\/?s={search_term_string}\"},\"query-input\":{\"@type\":\"PropertyValueSpecification\",\"valueRequired\":true,\"valueName\":\"search_term_string\"}}],\"inLanguage\":\"en-US\"},{\"@type\":[\"Person\",\"Organization\"],\"@id\":\"https:\\\/\\\/abora.eu\\\/#\\\/schema\\\/person\\\/953dad30d10fa7d560bb90cff0494e14\",\"name\":\"Dominique G\u00f6rlitz\",\"image\":{\"@type\":\"ImageObject\",\"inLanguage\":\"en-US\",\"@id\":\"https:\\\/\\\/abora.eu\\\/wp-content\\\/uploads\\\/Logo-1.png\",\"url\":\"https:\\\/\\\/abora.eu\\\/wp-content\\\/uploads\\\/Logo-1.png\",\"contentUrl\":\"https:\\\/\\\/abora.eu\\\/wp-content\\\/uploads\\\/Logo-1.png\",\"width\":1371,\"height\":1284,\"caption\":\"Dominique G\u00f6rlitz\"},\"logo\":{\"@id\":\"https:\\\/\\\/abora.eu\\\/wp-content\\\/uploads\\\/Logo-1.png\"}}]}<\/script>\n<!-- \/ Yoast SEO plugin. -->","yoast_head_json":{"title":"Teil 2 - Die OSL-Datierung der ersten Stufenbauten - Mission Abora","description":"OSL-Datierung der kanarischen Pyramiden: Wie Lumineszenzmethoden eine objektive zeitliche Einordnung der Stufenbauten erm\u00f6glichen.","robots":{"index":"index","follow":"follow","max-snippet":"max-snippet:-1","max-image-preview":"max-image-preview:large","max-video-preview":"max-video-preview:-1"},"canonical":"https:\/\/abora.eu\/en\/teil-2-die-osl-datierung-der-ersten-stufenbauten\/","og_locale":"en_US","og_type":"article","og_title":"Teil 2 - Die OSL-Datierung der ersten Stufenbauten - Mission Abora","og_description":"OSL-Datierung der kanarischen Pyramiden: Wie Lumineszenzmethoden eine objektive zeitliche Einordnung der Stufenbauten erm\u00f6glichen.","og_url":"https:\/\/abora.eu\/en\/teil-2-die-osl-datierung-der-ersten-stufenbauten\/","og_site_name":"Mission Abora","article_modified_time":"2026-03-26T14:57:45+00:00","twitter_card":"summary_large_image","twitter_misc":{"Est. reading time":"4 minutes"},"schema":{"@context":"https:\/\/schema.org","@graph":[{"@type":"WebPage","@id":"https:\/\/abora.eu\/teil-2-die-osl-datierung-der-ersten-stufenbauten\/","url":"https:\/\/abora.eu\/teil-2-die-osl-datierung-der-ersten-stufenbauten\/","name":"Teil 2 - Die OSL-Datierung der ersten Stufenbauten - Mission Abora","isPartOf":{"@id":"https:\/\/abora.eu\/#website"},"datePublished":"2026-01-21T07:24:00+00:00","dateModified":"2026-03-26T14:57:45+00:00","description":"OSL-Datierung der kanarischen Pyramiden: Wie Lumineszenzmethoden eine objektive zeitliche Einordnung der Stufenbauten erm\u00f6glichen.","breadcrumb":{"@id":"https:\/\/abora.eu\/teil-2-die-osl-datierung-der-ersten-stufenbauten\/#breadcrumb"},"inLanguage":"en-US","potentialAction":[{"@type":"ReadAction","target":["https:\/\/abora.eu\/teil-2-die-osl-datierung-der-ersten-stufenbauten\/"]}]},{"@type":"BreadcrumbList","@id":"https:\/\/abora.eu\/teil-2-die-osl-datierung-der-ersten-stufenbauten\/#breadcrumb","itemListElement":[{"@type":"ListItem","position":1,"name":"Start","item":"https:\/\/abora.eu\/"},{"@type":"ListItem","position":2,"name":"Teil 2 &#8211; Die OSL-Datierung der ersten Stufenbauten"}]},{"@type":"WebSite","@id":"https:\/\/abora.eu\/#website","url":"https:\/\/abora.eu\/","name":"Mission Abora","description":"","publisher":{"@id":"https:\/\/abora.eu\/#\/schema\/person\/953dad30d10fa7d560bb90cff0494e14"},"potentialAction":[{"@type":"SearchAction","target":{"@type":"EntryPoint","urlTemplate":"https:\/\/abora.eu\/?s={search_term_string}"},"query-input":{"@type":"PropertyValueSpecification","valueRequired":true,"valueName":"search_term_string"}}],"inLanguage":"en-US"},{"@type":["Person","Organization"],"@id":"https:\/\/abora.eu\/#\/schema\/person\/953dad30d10fa7d560bb90cff0494e14","name":"Dominique G\u00f6rlitz","image":{"@type":"ImageObject","inLanguage":"en-US","@id":"https:\/\/abora.eu\/wp-content\/uploads\/Logo-1.png","url":"https:\/\/abora.eu\/wp-content\/uploads\/Logo-1.png","contentUrl":"https:\/\/abora.eu\/wp-content\/uploads\/Logo-1.png","width":1371,"height":1284,"caption":"Dominique G\u00f6rlitz"},"logo":{"@id":"https:\/\/abora.eu\/wp-content\/uploads\/Logo-1.png"}}]}},"_links":{"self":[{"href":"https:\/\/abora.eu\/en\/wp-json\/wp\/v2\/pages\/2310","targetHints":{"allow":["GET"]}}],"collection":[{"href":"https:\/\/abora.eu\/en\/wp-json\/wp\/v2\/pages"}],"about":[{"href":"https:\/\/abora.eu\/en\/wp-json\/wp\/v2\/types\/page"}],"author":[{"embeddable":true,"href":"https:\/\/abora.eu\/en\/wp-json\/wp\/v2\/users\/1"}],"replies":[{"embeddable":true,"href":"https:\/\/abora.eu\/en\/wp-json\/wp\/v2\/comments?post=2310"}],"version-history":[{"count":26,"href":"https:\/\/abora.eu\/en\/wp-json\/wp\/v2\/pages\/2310\/revisions"}],"predecessor-version":[{"id":4118,"href":"https:\/\/abora.eu\/en\/wp-json\/wp\/v2\/pages\/2310\/revisions\/4118"}],"wp:attachment":[{"href":"https:\/\/abora.eu\/en\/wp-json\/wp\/v2\/media?parent=2310"}],"curies":[{"name":"wp","href":"https:\/\/api.w.org\/{rel}","templated":true}]}}