{"id":2314,"date":"2026-01-21T07:25:36","date_gmt":"2026-01-21T07:25:36","guid":{"rendered":"https:\/\/abora.neu.cm-rz.de\/?page_id=2314"},"modified":"2026-03-26T15:07:30","modified_gmt":"2026-03-26T15:07:30","slug":"teil-4-die-astro-archaeologische-datierung-des-gueimar-kompkes","status":"publish","type":"page","link":"https:\/\/abora.eu\/en\/teil-4-die-astro-archaeologische-datierung-des-gueimar-kompkes\/","title":{"rendered":"Teil 4 &#8211; Die astro-arch\u00e4ologische Datierung des G\u00fc\u00edmar-Kompkes"},"content":{"rendered":"<p>[et_pb_section fb_built=&#8220;1&#8243; _builder_version=&#8220;4.27.6&#8243; _module_preset=&#8220;default&#8220; background_enable_color=&#8220;off&#8220; background_image=&#8220;https:\/\/abora.eu\/wp-content\/uploads\/DJI_21110220152624_0549_D-3.webp&#8220; height=&#8220;463px&#8220; hover_enabled=&#8220;0&#8243; global_colors_info=&#8220;{}&#8220; title_text=&#8220;DJI_21110220152624_0549_D&#8220; sticky_enabled=&#8220;0&#8243;][\/et_pb_section][et_pb_section fb_built=&#8220;1&#8243; custom_padding_last_edited=&#8220;on|phone&#8220; _builder_version=&#8220;4.27.5&#8243; _module_preset=&#8220;default&#8220; custom_padding=&#8220;|20px||20px|false|true&#8220; custom_padding_tablet=&#8220;|40px||40px|false|false&#8220; custom_padding_phone=&#8220;|20px||20px|false|true&#8220; global_colors_info=&#8220;{}&#8220;][et_pb_row _builder_version=&#8220;4.27.5&#8243; _module_preset=&#8220;default&#8220; custom_padding=&#8220;0px||0px||true|false&#8220; global_colors_info=&#8220;{}&#8220;][et_pb_column type=&#8220;4_4&#8243; _builder_version=&#8220;4.27.5&#8243; _module_preset=&#8220;default&#8220; global_colors_info=&#8220;{}&#8220;][et_pb_text _builder_version=&#8220;4.27.5&#8243; _dynamic_attributes=&#8220;link_option_url&#8220; _module_preset=&#8220;default&#8220; text_font=&#8220;librefranklin-semibold||||||||&#8220; text_font_size=&#8220;18px&#8220; link_option_url=&#8220;@ET-DC@eyJkeW5hbWljIjp0cnVlLCJjb250ZW50IjoicG9zdF9saW5rX3VybF9wYWdlIiwic2V0dGluZ3MiOnsicG9zdF9pZCI6IjIzMTgifX0=@&#8220; global_colors_info=&#8220;{}&#8220; text_text_color__hover_enabled=&#8220;on|hover&#8220; text_text_color__hover=&#8220;#FF9600&#8243;]<\/p>\n<p>zur\u00fcck<\/p>\n<p>[\/et_pb_text][et_pb_text _builder_version=&#8220;4.27.5&#8243; _module_preset=&#8220;default&#8220; custom_margin=&#8220;||10px||false|false&#8220; global_colors_info=&#8220;{}&#8220;]<\/p>\n<h4><strong>Astro-Forschung TF:<\/strong><\/h4>\n<p>[\/et_pb_text][et_pb_icon font_icon=&#8220;&#xf03d;||fa||900&#8243; icon_color=&#8220;#FF9600&#8243; icon_width=&#8220;75px&#8220; url=&#8220;http:\/\/www.youtube.com\/watch?v=95wmCBmsuxE&#8220; url_new_window=&#8220;on&#8220; align=&#8220;left&#8220; align_phone=&#8220;center&#8220; align_last_edited=&#8220;off|desktop&#8220; _builder_version=&#8220;4.27.5&#8243; _module_preset=&#8220;default&#8220; global_colors_info=&#8220;{}&#8220; icon_color__hover_enabled=&#8220;on|hover&#8220; icon_color__hover=&#8220;#003E6D&#8220;][\/et_pb_icon][\/et_pb_column][\/et_pb_row][et_pb_row column_structure=&#8220;1_2,1_2&#8243; _builder_version=&#8220;4.27.5&#8243; _module_preset=&#8220;default&#8220; global_colors_info=&#8220;{}&#8220;][et_pb_column type=&#8220;1_2&#8243; _builder_version=&#8220;4.27.5&#8243; _module_preset=&#8220;default&#8220; global_colors_info=&#8220;{}&#8220;][et_pb_text _builder_version=&#8220;4.27.5&#8243; _module_preset=&#8220;default&#8220; header_2_font_size=&#8220;30px&#8220; global_colors_info=&#8220;{}&#8220;]<\/p>\n<h2>Kapitel 4<\/h2>\n<h3>Die astro-arch\u00e4ologische Datierung des G\u00fc\u00edmar-Komplexes<\/h3>\n<p>[\/et_pb_text][et_pb_text _builder_version=&#8220;4.27.5&#8243; _module_preset=&#8220;default&#8220; global_colors_info=&#8220;{}&#8220;]<\/p>\n<p>Neben naturwissenschaftlichen Datierungsmethoden und bioarch\u00e4ologischen Analysen bildet die Astroarch\u00e4ologie einen weiteren zentralen Pfeiler des Kanaren-Pyramiden-Projekts. Sie untersucht, inwieweit Bauwerke bewusst auf astronomische Ereignisse wie Sonnenwenden, Tagundnachtgleichen oder markante Himmelserscheinungen ausgerichtet wurden. Gerade bei Kulturen ohne Schrift\u00fcberlieferung k\u00f6nnen solche Ausrichtungen wertvolle Hinweise auf Zeitstellung, Weltbild und rituelle Praxis liefern.<\/p>\n<p>Der Pyramidenkomplex von G\u00fc\u00edmar auf Teneriffa bietet hierf\u00fcr au\u00dfergew\u00f6hnlich g\u00fcnstige Voraussetzungen. Die ehemals neun Stufenpyramiden zeichnen sich durch eine klare geometrische Ordnung, wiederkehrende Bauachsen und eine auff\u00e4llige topografische Einbettung aus. Wichtige Impulse erhielt die Untersuchung durch den Austausch mit dem Arch\u00e4oastronomen Dr. Michael Rappengl\u00fcck\u00a0(1. Bild rechts oben). Rappengl\u00fcck verf\u00fcgt \u00fcber langj\u00e4hrige Erfahrung in der Analyse pr\u00e4historischer Himmelsbez\u00fcge und war unter anderem an Studien zu steinzeitlichen und fr\u00fchgeschichtlichen Kalenderanlagen beteiligt.<\/p>\n<p>Auf Grundlage dieser Erfahrungen wurde der G\u00fc\u00edmar-Komplex nicht isoliert betrachtet, sondern in einen gr\u00f6\u00dferen kulturhistorischen Kontext eingeordnet. Dabei stellten Rappengl\u00fcck und G\u00f6rlitz zuerst fest, dass es zwischen 3.000 bis 2.800 v. Chr. mit mehreren Pyramiden sogenannte Alignements gibt. D.h. bestimmte Pyramiden zeigen auf den Aufgang ganz bestimmter Sterne oder Konstellationen, wie z.B. Pyramide 3 um Mitternacht auf den Sirius oder Pyramide 6 wenige Stunden zuvor auf den Beteigeuze im Orion.<\/p>\n<p>[\/et_pb_text][\/et_pb_column][et_pb_column type=&#8220;1_2&#8243; _builder_version=&#8220;4.27.5&#8243; _module_preset=&#8220;default&#8220; global_colors_info=&#8220;{}&#8220;][et_pb_image src=&#8220;https:\/\/abora.eu\/wp-content\/uploads\/DG_MR-Astro-2024-1.webp&#8220; title_text=&#8220;DG_MR Astro 2024&#8243; show_in_lightbox=&#8220;on&#8220; _builder_version=&#8220;4.27.6&#8243; _module_preset=&#8220;default&#8220; hover_enabled=&#8220;0&#8243; border_radii=&#8220;on|20px|20px|20px|20px&#8220; global_colors_info=&#8220;{}&#8220; sticky_enabled=&#8220;0&#8243;][\/et_pb_image][et_pb_image src=&#8220;https:\/\/abora.eu\/wp-content\/uploads\/Ausrichtung-Kanaren-01_Enhancer-1-scaled.webp&#8220; title_text=&#8220;Ausrichtung Kanaren 01_Enhancer&#8220; show_in_lightbox=&#8220;on&#8220; _builder_version=&#8220;4.27.6&#8243; _module_preset=&#8220;default&#8220; hover_enabled=&#8220;0&#8243; border_radii=&#8220;on|20px|20px|20px|20px&#8220; global_colors_info=&#8220;{}&#8220; sticky_enabled=&#8220;0&#8243;][\/et_pb_image][\/et_pb_column][\/et_pb_row][et_pb_row column_structure=&#8220;1_2,1_2&#8243; _builder_version=&#8220;4.27.5&#8243; _module_preset=&#8220;default&#8220; global_colors_info=&#8220;{}&#8220;][et_pb_column type=&#8220;1_2&#8243; _builder_version=&#8220;4.27.5&#8243; _module_preset=&#8220;default&#8220; global_colors_info=&#8220;{}&#8220;][et_pb_image src=&#8220;https:\/\/abora.eu\/wp-content\/uploads\/Siruis-Gran-Canaria-3-scaled.webp&#8220; title_text=&#8220;Siruis Gran Canaria&#8220; show_in_lightbox=&#8220;on&#8220; _builder_version=&#8220;4.27.6&#8243; _module_preset=&#8220;default&#8220; hover_enabled=&#8220;0&#8243; border_radii=&#8220;on|20px|20px|20px|20px&#8220; global_colors_info=&#8220;{}&#8220; sticky_enabled=&#8220;0&#8243;][\/et_pb_image][\/et_pb_column][et_pb_column type=&#8220;1_2&#8243; _builder_version=&#8220;4.27.5&#8243; _module_preset=&#8220;default&#8220; global_colors_info=&#8220;{}&#8220;][et_pb_text _builder_version=&#8220;4.27.5&#8243; _module_preset=&#8220;default&#8220; global_colors_info=&#8220;{}&#8220;]<\/p>\n<p>Ein weiteres bedeutendes Ergebnis der Astroanalyse ist: Die beiden Au\u00dfenw\u00e4nde der Zeremonialterrasse markieren im besonderen Ma\u00dfe die \u201eunregelm\u00e4\u00dfige Breite\u201c im gesamten Verlauf der Milchstra\u00dfe. Im Untersuchungszeitraum steht sie im Osten zw. 82-110\u00b0 und im Westen wischen 278-298\u00b0 vertikal (Meridiandurchgang). Der vertikale Verlauf der Milchstra\u00dfe \u00fcber das Firmament wird exakt durch die vier hintereinanderliegenden Pyramiden und der Terrasse in beiden Himmelsrichtungen memoriert. Der Effekt wirkt am besten zwischen 2.800 bis 2.900 v. Chr. Auf diesen Punkt weist wiederum auch die Pyramide Nr. 8 hin, in deren Verl\u00e4ngerung (in der Unterwelt) die Los Conjaros Pyramide auf der Insel La Palma liegt.<\/p>\n<p>Die astroarch\u00e4ologischen Datierungen stellen damit keinen isolierten Beweis dar, sondern erg\u00e4nzen die \u00fcbrigen Forschungsstr\u00e4nge um eine entscheidende Dimension: Sie zeigt, dass die Erbauer der kanarischen Pyramiden nicht nur \u00fcber technische F\u00e4higkeiten verf\u00fcgten, sondern auch \u00fcber ein astronomisches Verst\u00e4ndnis von Zeit, Kosmos und Architektur \u2013 ein Befund, der das kulturelle Niveau der vorspanischen Kanaren in neuem Licht erscheinen l\u00e4sst.<\/p>\n<p>[\/et_pb_text][\/et_pb_column][\/et_pb_row][et_pb_row column_structure=&#8220;1_2,1_2&#8243; _builder_version=&#8220;4.27.5&#8243; _module_preset=&#8220;default&#8220; global_colors_info=&#8220;{}&#8220;][et_pb_column type=&#8220;1_2&#8243; _builder_version=&#8220;4.27.5&#8243; _module_preset=&#8220;default&#8220; global_colors_info=&#8220;{}&#8220;][et_pb_image src=&#8220;https:\/\/abora.eu\/wp-content\/uploads\/Doppelter-Sonnenuntergang-2025-1.webp&#8220; title_text=&#8220;Doppelter Sonnenuntergang 2025&#8243; show_in_lightbox=&#8220;on&#8220; _builder_version=&#8220;4.27.6&#8243; _module_preset=&#8220;default&#8220; hover_enabled=&#8220;0&#8243; border_radii=&#8220;on|20px|20px|20px|20px&#8220; global_colors_info=&#8220;{}&#8220; sticky_enabled=&#8220;0&#8243;][\/et_pb_image][et_pb_text _builder_version=&#8220;4.27.5&#8243; _module_preset=&#8220;default&#8220; global_colors_info=&#8220;{}&#8220;]<\/p>\n<p><em><span zm=\"\">Einmalige Aufnahme des &#8222;Doppelten Sonnenuntergangs&#8220; am Langpyramiden-Komplex von G\u00fc\u00edmar. Dort geht zur Sommer-Sonnenwende die Sonne durch eine Felsecke im Gebirge sprichw\u00f6rtlich zwei Mal unter.<\/span><\/em><\/p>\n<p>[\/et_pb_text][\/et_pb_column][et_pb_column type=&#8220;1_2&#8243; _builder_version=&#8220;4.27.5&#8243; _module_preset=&#8220;default&#8220; global_colors_info=&#8220;{}&#8220;][et_pb_image src=&#8220;https:\/\/abora.eu\/wp-content\/uploads\/Stellarium-09-11-2025-Suedwand-Zeremonialterasse-22-09-2800-1.webp&#8220; title_text=&#8220;Stellarium 09-11-2025 S\u00fcdwand Zeremonialterasse 22-09-2800&#8243; show_in_lightbox=&#8220;on&#8220; _builder_version=&#8220;4.27.6&#8243; _module_preset=&#8220;default&#8220; transform_translate=&#8220;-10px|0px&#8220; transform_translate_linked=&#8220;off&#8220; width=&#8220;120%&#8220; width_tablet=&#8220;120%&#8220; width_phone=&#8220;100%&#8220; width_last_edited=&#8220;on|desktop&#8220; module_alignment=&#8220;left&#8220; hover_enabled=&#8220;0&#8243; border_radii=&#8220;on|20px|20px|20px|20px&#8220; global_colors_info=&#8220;{}&#8220; sticky_enabled=&#8220;0&#8243;][\/et_pb_image][et_pb_text _builder_version=&#8220;4.27.5&#8243; _module_preset=&#8220;default&#8220; width=&#8220;120%&#8220; width_tablet=&#8220;120%&#8220; width_phone=&#8220;100%&#8220; width_last_edited=&#8220;on|desktop&#8220; global_colors_info=&#8220;{}&#8220;]<\/p>\n<p><em><span zm=\"\">Erste Probeuntersuchungen am Stellarium zur Position der Milchstra\u00dfe am Pyramiden-Komplex von G\u00fc\u00edmar.\u00a0<\/span><\/em><em>G\u00f6rlitz stellte mit Hilfe von Dr. Rappengl\u00fcck fest, dass die Zeremonialterrasse zwischen den Pyramiden 2 und 3 mit ihren trapezoiden <\/em><em><span zm=\"\">Mauern exakt auf die \u00e4u\u00dferen, unregelm\u00e4\u00dfigen R\u00e4nder der Milchstra\u00dfe verweist. Die Position und Ausrichtung besteht nur zwischen 3.000 &#8211; 2.800 v. Chr. Alles nur Zufall?<\/span><\/em><\/p>\n<p>[\/et_pb_text][et_pb_blurb title=&#8220;zu Teil 5 &#8211; Der Menschen-Zahn von Lanzarote&#8220; use_icon=&#8220;on&#8220; font_icon=&#8220;&#x24;||divi||400&#8243; icon_color=&#8220;#FF9600&#8243; icon_placement=&#8220;left&#8220; image_icon_width=&#8220;72px&#8220; _builder_version=&#8220;4.27.5&#8243; _dynamic_attributes=&#8220;link_option_url&#8220; _module_preset=&#8220;default&#8220; header_text_color=&#8220;#FF9600&#8243; header_font_size=&#8220;22px&#8220; image_icon_custom_margin=&#8220;-20px||||false|false&#8220; module_alignment=&#8220;right&#8220; link_option_url=&#8220;@ET-DC@eyJkeW5hbWljIjp0cnVlLCJjb250ZW50IjoicG9zdF9saW5rX3VybF9wYWdlIiwic2V0dGluZ3MiOnsicG9zdF9pZCI6IjIzMTYifX0=@&#8220; global_colors_info=&#8220;{}&#8220;][\/et_pb_blurb][\/et_pb_column][\/et_pb_row][\/et_pb_section]<\/p>\n","protected":false},"excerpt":{"rendered":"<p>zur\u00fcckAstro-Forschung TF:Kapitel 4 Die astro-arch\u00e4ologische Datierung des G\u00fc\u00edmar-KomplexesNeben naturwissenschaftlichen Datierungsmethoden und bioarch\u00e4ologischen Analysen bildet die Astroarch\u00e4ologie einen weiteren zentralen Pfeiler des Kanaren-Pyramiden-Projekts. Sie untersucht, inwieweit Bauwerke bewusst auf astronomische Ereignisse wie Sonnenwenden, Tagundnachtgleichen oder markante Himmelserscheinungen ausgerichtet wurden. Gerade bei Kulturen ohne Schrift\u00fcberlieferung k\u00f6nnen solche Ausrichtungen wertvolle Hinweise auf Zeitstellung, Weltbild und rituelle Praxis liefern. [&hellip;]<\/p>\n","protected":false},"author":1,"featured_media":0,"parent":0,"menu_order":0,"comment_status":"closed","ping_status":"closed","template":"","meta":{"_et_pb_use_builder":"on","_et_pb_old_content":"","_et_gb_content_width":"","footnotes":""},"class_list":["post-2314","page","type-page","status-publish","hentry"],"yoast_head":"<!-- This site is optimized with the Yoast SEO plugin v27.3 - https:\/\/yoast.com\/product\/yoast-seo-wordpress\/ -->\n<title>Teil 4 - Die astro-arch\u00e4ologische Datierung des G\u00fc\u00edmar-Kompkes - Mission Abora<\/title>\n<meta name=\"description\" content=\"Die astroarch\u00e4ologische Datierung des G\u00fc\u00edmar-Komplexes: Sternausrichtungen, Alignements und Hinweise auf pr\u00e4historische Zeitstellung.\" \/>\n<meta name=\"robots\" content=\"index, follow, max-snippet:-1, max-image-preview:large, max-video-preview:-1\" \/>\n<link rel=\"canonical\" href=\"https:\/\/abora.eu\/en\/teil-4-die-astro-archaeologische-datierung-des-gueimar-kompkes\/\" \/>\n<meta property=\"og:locale\" content=\"en_US\" \/>\n<meta property=\"og:type\" content=\"article\" \/>\n<meta property=\"og:title\" content=\"Teil 4 - Die astro-arch\u00e4ologische Datierung des G\u00fc\u00edmar-Kompkes - Mission Abora\" \/>\n<meta property=\"og:description\" content=\"Die astroarch\u00e4ologische Datierung des G\u00fc\u00edmar-Komplexes: Sternausrichtungen, Alignements und Hinweise auf pr\u00e4historische Zeitstellung.\" \/>\n<meta property=\"og:url\" content=\"https:\/\/abora.eu\/en\/teil-4-die-astro-archaeologische-datierung-des-gueimar-kompkes\/\" \/>\n<meta property=\"og:site_name\" content=\"Mission Abora\" \/>\n<meta property=\"article:modified_time\" content=\"2026-03-26T15:07:30+00:00\" \/>\n<meta name=\"twitter:card\" content=\"summary_large_image\" \/>\n<meta name=\"twitter:label1\" content=\"Est. reading time\" \/>\n\t<meta name=\"twitter:data1\" content=\"4 minutes\" \/>\n<script type=\"application\/ld+json\" class=\"yoast-schema-graph\">{\"@context\":\"https:\\\/\\\/schema.org\",\"@graph\":[{\"@type\":\"WebPage\",\"@id\":\"https:\\\/\\\/abora.eu\\\/teil-4-die-astro-archaeologische-datierung-des-gueimar-kompkes\\\/\",\"url\":\"https:\\\/\\\/abora.eu\\\/teil-4-die-astro-archaeologische-datierung-des-gueimar-kompkes\\\/\",\"name\":\"Teil 4 - Die astro-arch\u00e4ologische Datierung des G\u00fc\u00edmar-Kompkes - Mission Abora\",\"isPartOf\":{\"@id\":\"https:\\\/\\\/abora.eu\\\/#website\"},\"datePublished\":\"2026-01-21T07:25:36+00:00\",\"dateModified\":\"2026-03-26T15:07:30+00:00\",\"description\":\"Die astroarch\u00e4ologische Datierung des G\u00fc\u00edmar-Komplexes: Sternausrichtungen, Alignements und Hinweise auf pr\u00e4historische Zeitstellung.\",\"breadcrumb\":{\"@id\":\"https:\\\/\\\/abora.eu\\\/teil-4-die-astro-archaeologische-datierung-des-gueimar-kompkes\\\/#breadcrumb\"},\"inLanguage\":\"en-US\",\"potentialAction\":[{\"@type\":\"ReadAction\",\"target\":[\"https:\\\/\\\/abora.eu\\\/teil-4-die-astro-archaeologische-datierung-des-gueimar-kompkes\\\/\"]}]},{\"@type\":\"BreadcrumbList\",\"@id\":\"https:\\\/\\\/abora.eu\\\/teil-4-die-astro-archaeologische-datierung-des-gueimar-kompkes\\\/#breadcrumb\",\"itemListElement\":[{\"@type\":\"ListItem\",\"position\":1,\"name\":\"Start\",\"item\":\"https:\\\/\\\/abora.eu\\\/\"},{\"@type\":\"ListItem\",\"position\":2,\"name\":\"Teil 4 &#8211; Die astro-arch\u00e4ologische Datierung des G\u00fc\u00edmar-Kompkes\"}]},{\"@type\":\"WebSite\",\"@id\":\"https:\\\/\\\/abora.eu\\\/#website\",\"url\":\"https:\\\/\\\/abora.eu\\\/\",\"name\":\"Mission Abora\",\"description\":\"\",\"publisher\":{\"@id\":\"https:\\\/\\\/abora.eu\\\/#\\\/schema\\\/person\\\/953dad30d10fa7d560bb90cff0494e14\"},\"potentialAction\":[{\"@type\":\"SearchAction\",\"target\":{\"@type\":\"EntryPoint\",\"urlTemplate\":\"https:\\\/\\\/abora.eu\\\/?s={search_term_string}\"},\"query-input\":{\"@type\":\"PropertyValueSpecification\",\"valueRequired\":true,\"valueName\":\"search_term_string\"}}],\"inLanguage\":\"en-US\"},{\"@type\":[\"Person\",\"Organization\"],\"@id\":\"https:\\\/\\\/abora.eu\\\/#\\\/schema\\\/person\\\/953dad30d10fa7d560bb90cff0494e14\",\"name\":\"Dominique G\u00f6rlitz\",\"image\":{\"@type\":\"ImageObject\",\"inLanguage\":\"en-US\",\"@id\":\"https:\\\/\\\/abora.eu\\\/wp-content\\\/uploads\\\/Logo-1.png\",\"url\":\"https:\\\/\\\/abora.eu\\\/wp-content\\\/uploads\\\/Logo-1.png\",\"contentUrl\":\"https:\\\/\\\/abora.eu\\\/wp-content\\\/uploads\\\/Logo-1.png\",\"width\":1371,\"height\":1284,\"caption\":\"Dominique G\u00f6rlitz\"},\"logo\":{\"@id\":\"https:\\\/\\\/abora.eu\\\/wp-content\\\/uploads\\\/Logo-1.png\"}}]}<\/script>\n<!-- \/ Yoast SEO plugin. -->","yoast_head_json":{"title":"Teil 4 - Die astro-arch\u00e4ologische Datierung des G\u00fc\u00edmar-Kompkes - Mission Abora","description":"Die astroarch\u00e4ologische Datierung des G\u00fc\u00edmar-Komplexes: Sternausrichtungen, Alignements und Hinweise auf pr\u00e4historische Zeitstellung.","robots":{"index":"index","follow":"follow","max-snippet":"max-snippet:-1","max-image-preview":"max-image-preview:large","max-video-preview":"max-video-preview:-1"},"canonical":"https:\/\/abora.eu\/en\/teil-4-die-astro-archaeologische-datierung-des-gueimar-kompkes\/","og_locale":"en_US","og_type":"article","og_title":"Teil 4 - Die astro-arch\u00e4ologische Datierung des G\u00fc\u00edmar-Kompkes - Mission Abora","og_description":"Die astroarch\u00e4ologische Datierung des G\u00fc\u00edmar-Komplexes: Sternausrichtungen, Alignements und Hinweise auf pr\u00e4historische Zeitstellung.","og_url":"https:\/\/abora.eu\/en\/teil-4-die-astro-archaeologische-datierung-des-gueimar-kompkes\/","og_site_name":"Mission Abora","article_modified_time":"2026-03-26T15:07:30+00:00","twitter_card":"summary_large_image","twitter_misc":{"Est. reading time":"4 minutes"},"schema":{"@context":"https:\/\/schema.org","@graph":[{"@type":"WebPage","@id":"https:\/\/abora.eu\/teil-4-die-astro-archaeologische-datierung-des-gueimar-kompkes\/","url":"https:\/\/abora.eu\/teil-4-die-astro-archaeologische-datierung-des-gueimar-kompkes\/","name":"Teil 4 - Die astro-arch\u00e4ologische Datierung des G\u00fc\u00edmar-Kompkes - Mission Abora","isPartOf":{"@id":"https:\/\/abora.eu\/#website"},"datePublished":"2026-01-21T07:25:36+00:00","dateModified":"2026-03-26T15:07:30+00:00","description":"Die astroarch\u00e4ologische Datierung des G\u00fc\u00edmar-Komplexes: Sternausrichtungen, Alignements und Hinweise auf pr\u00e4historische Zeitstellung.","breadcrumb":{"@id":"https:\/\/abora.eu\/teil-4-die-astro-archaeologische-datierung-des-gueimar-kompkes\/#breadcrumb"},"inLanguage":"en-US","potentialAction":[{"@type":"ReadAction","target":["https:\/\/abora.eu\/teil-4-die-astro-archaeologische-datierung-des-gueimar-kompkes\/"]}]},{"@type":"BreadcrumbList","@id":"https:\/\/abora.eu\/teil-4-die-astro-archaeologische-datierung-des-gueimar-kompkes\/#breadcrumb","itemListElement":[{"@type":"ListItem","position":1,"name":"Start","item":"https:\/\/abora.eu\/"},{"@type":"ListItem","position":2,"name":"Teil 4 &#8211; Die astro-arch\u00e4ologische Datierung des G\u00fc\u00edmar-Kompkes"}]},{"@type":"WebSite","@id":"https:\/\/abora.eu\/#website","url":"https:\/\/abora.eu\/","name":"Mission Abora","description":"","publisher":{"@id":"https:\/\/abora.eu\/#\/schema\/person\/953dad30d10fa7d560bb90cff0494e14"},"potentialAction":[{"@type":"SearchAction","target":{"@type":"EntryPoint","urlTemplate":"https:\/\/abora.eu\/?s={search_term_string}"},"query-input":{"@type":"PropertyValueSpecification","valueRequired":true,"valueName":"search_term_string"}}],"inLanguage":"en-US"},{"@type":["Person","Organization"],"@id":"https:\/\/abora.eu\/#\/schema\/person\/953dad30d10fa7d560bb90cff0494e14","name":"Dominique G\u00f6rlitz","image":{"@type":"ImageObject","inLanguage":"en-US","@id":"https:\/\/abora.eu\/wp-content\/uploads\/Logo-1.png","url":"https:\/\/abora.eu\/wp-content\/uploads\/Logo-1.png","contentUrl":"https:\/\/abora.eu\/wp-content\/uploads\/Logo-1.png","width":1371,"height":1284,"caption":"Dominique G\u00f6rlitz"},"logo":{"@id":"https:\/\/abora.eu\/wp-content\/uploads\/Logo-1.png"}}]}},"_links":{"self":[{"href":"https:\/\/abora.eu\/en\/wp-json\/wp\/v2\/pages\/2314","targetHints":{"allow":["GET"]}}],"collection":[{"href":"https:\/\/abora.eu\/en\/wp-json\/wp\/v2\/pages"}],"about":[{"href":"https:\/\/abora.eu\/en\/wp-json\/wp\/v2\/types\/page"}],"author":[{"embeddable":true,"href":"https:\/\/abora.eu\/en\/wp-json\/wp\/v2\/users\/1"}],"replies":[{"embeddable":true,"href":"https:\/\/abora.eu\/en\/wp-json\/wp\/v2\/comments?post=2314"}],"version-history":[{"count":25,"href":"https:\/\/abora.eu\/en\/wp-json\/wp\/v2\/pages\/2314\/revisions"}],"predecessor-version":[{"id":4138,"href":"https:\/\/abora.eu\/en\/wp-json\/wp\/v2\/pages\/2314\/revisions\/4138"}],"wp:attachment":[{"href":"https:\/\/abora.eu\/en\/wp-json\/wp\/v2\/media?parent=2314"}],"curies":[{"name":"wp","href":"https:\/\/api.w.org\/{rel}","templated":true}]}}