{"id":2316,"date":"2026-01-21T07:26:05","date_gmt":"2026-01-21T07:26:05","guid":{"rendered":"https:\/\/abora.neu.cm-rz.de\/?page_id=2316"},"modified":"2026-03-26T15:15:16","modified_gmt":"2026-03-26T15:15:16","slug":"teil-5-der-menschen-zahn-von-lanzarote","status":"publish","type":"page","link":"https:\/\/abora.eu\/en\/teil-5-der-menschen-zahn-von-lanzarote\/","title":{"rendered":"Teil 5 &#8211; Der Menschen-Zahn von Lanzarote"},"content":{"rendered":"<p>[et_pb_section fb_built=&#8220;1&#8243; _builder_version=&#8220;4.27.6&#8243; _module_preset=&#8220;default&#8220; background_enable_color=&#8220;off&#8220; background_image=&#8220;https:\/\/abora.eu\/wp-content\/uploads\/photo_2022-12-07_17-27-10-2.webp&#8220; background_position=&#8220;top_center&#8220; background_vertical_offset=&#8220;56%&#8220; height=&#8220;463px&#8220; hover_enabled=&#8220;0&#8243; global_colors_info=&#8220;{}&#8220; title_text=&#8220;photo_2022-12-07_17-27-10&#8243; sticky_enabled=&#8220;0&#8243;][\/et_pb_section][et_pb_section fb_built=&#8220;1&#8243; custom_padding_last_edited=&#8220;on|phone&#8220; _builder_version=&#8220;4.27.5&#8243; _module_preset=&#8220;default&#8220; custom_padding_tablet=&#8220;|40px||40px|false|true&#8220; custom_padding_phone=&#8220;|20px||20px|false|true&#8220; global_colors_info=&#8220;{}&#8220;][et_pb_row _builder_version=&#8220;4.27.5&#8243; _module_preset=&#8220;default&#8220; global_colors_info=&#8220;{}&#8220;][et_pb_column type=&#8220;4_4&#8243; _builder_version=&#8220;4.27.5&#8243; _module_preset=&#8220;default&#8220; global_colors_info=&#8220;{}&#8220;][et_pb_text _builder_version=&#8220;4.27.5&#8243; _dynamic_attributes=&#8220;link_option_url&#8220; _module_preset=&#8220;default&#8220; text_font=&#8220;librefranklin-semibold||||||||&#8220; text_font_size=&#8220;18px&#8220; link_option_url=&#8220;@ET-DC@eyJkeW5hbWljIjp0cnVlLCJjb250ZW50IjoicG9zdF9saW5rX3VybF9wYWdlIiwic2V0dGluZ3MiOnsicG9zdF9pZCI6IjIzMTgifX0=@&#8220; global_colors_info=&#8220;{}&#8220; text_text_color__hover_enabled=&#8220;on|hover&#8220; text_text_color__hover=&#8220;#FF9600&#8243;]<\/p>\n<p>zur\u00fcck<\/p>\n<p>[\/et_pb_text][et_pb_text _builder_version=&#8220;4.27.5&#8243; _module_preset=&#8220;default&#8220; header_2_font_size=&#8220;30px&#8220; global_colors_info=&#8220;{}&#8220;]<\/p>\n<h2>Kapitel 5<\/h2>\n<h3>Der Menschenzahn von Lanzarote<\/h3>\n<p>[\/et_pb_text][\/et_pb_column][\/et_pb_row][et_pb_row column_structure=&#8220;1_2,1_2&#8243; _builder_version=&#8220;4.27.5&#8243; _module_preset=&#8220;default&#8220; global_colors_info=&#8220;{}&#8220;][et_pb_column type=&#8220;1_2&#8243; _builder_version=&#8220;4.27.5&#8243; _module_preset=&#8220;default&#8220; global_colors_info=&#8220;{}&#8220;][et_pb_text _builder_version=&#8220;4.27.5&#8243; _module_preset=&#8220;default&#8220; global_colors_info=&#8220;{}&#8220;]<\/p>\n<p>Die Entdeckung des sogenannten Menschenzahns von Lanzarote stellt einen der bislang unerwartetsten und zugleich potenziell folgenreichsten Befunde des Kanaren-Pyramiden-Projekts dar. Er entstand nicht im Rahmen einer klassischen Ausgrabung, sondern im Zuge der Vorbereitungen zur ABORA V-Mission, als Dr. Dominique G\u00f6rlitz und Ramon Z\u00fcrcher im Jahr 2023 Forschungsreisen auf die \u00f6stlichen Kanarischen Inseln unternahmen. Z\u00fcrcher ist seitdem Gesch\u00e4ftsf\u00fchrer der A.A.S. (Forschungsgesellschaft f\u00fcr Arch\u00e4ologie, Astronautik und SETI) und f\u00fchrt das Lebenswerk von Erich von D\u00e4niken (1935-2026) fort, der diese Institution einst begr\u00fcndete.<\/p>\n<p>Der konkrete Anlass f\u00fcr die Reise nach Lanzarote war ein Hinweis des Geomorphologen Prof. Dr. Ludwig Z\u00f6ller (ehemals Universit\u00e4t Bamberg). Z\u00f6ller hatte im Rahmen eines internationalen Forschungsprojekts zur stratigraphischen Gliederung der \u00f6stlichen Kanaren in einer Kiesgrube bei Guatiza mehrere Ziegenknochen entdeckt. Die in Deutschland durchgef\u00fchrten Datierungen ergaben ein Alter von etwa 3.400 bis 3.200 v. Chr., ein Ergebnis, das zus\u00e4tzlich durch TL-Datierungen (Thermolumineszenzdatierungen) der l\u00f6sshaltigen Sedimente abgesichert wurde.<\/p>\n<p>Dieser Befund stand in klarem Widerspruch zur g\u00e4ngigen Lehrmeinung, nach der die Kanaren fr\u00fchestens um 1.000 v. Chr. erstmals von Menschen besiedelt worden seien.\u00a0Die Anwesenheit domestizierter Ziegen am Ende des 4. Jahrtausends v. Chr. Impliziert jedoch menschliche Pr\u00e4senz \u2013 und damit eine wesentlich fr\u00fchere Erschlie\u00dfung des Archipels.<\/p>\n<p>[\/et_pb_text][\/et_pb_column][et_pb_column type=&#8220;1_2&#8243; _builder_version=&#8220;4.27.5&#8243; _module_preset=&#8220;default&#8220; global_colors_info=&#8220;{}&#8220;][et_pb_image src=&#8220;https:\/\/abora.eu\/wp-content\/uploads\/Bild-2_01-1.webp&#8220; title_text=&#8220;Bild 2_01&#8243; show_in_lightbox=&#8220;on&#8220; _builder_version=&#8220;4.27.6&#8243; _module_preset=&#8220;default&#8220; hover_enabled=&#8220;0&#8243; border_radii=&#8220;on|20px|20px|20px|20px&#8220; global_colors_info=&#8220;{}&#8220; sticky_enabled=&#8220;0&#8243;][\/et_pb_image][et_pb_image src=&#8220;https:\/\/abora.eu\/wp-content\/uploads\/Bild-2_03-1-scaled.webp&#8220; title_text=&#8220;Bild 2_03&#8243; show_in_lightbox=&#8220;on&#8220; _builder_version=&#8220;4.27.6&#8243; _module_preset=&#8220;default&#8220; hover_enabled=&#8220;0&#8243; border_radii=&#8220;on|20px|20px|20px|20px&#8220; global_colors_info=&#8220;{}&#8220; sticky_enabled=&#8220;0&#8243;][\/et_pb_image][\/et_pb_column][\/et_pb_row][et_pb_row column_structure=&#8220;1_2,1_2&#8243; module_class=&#8220;reverse&#8220; _builder_version=&#8220;4.27.5&#8243; _module_preset=&#8220;default&#8220; global_colors_info=&#8220;{}&#8220;][et_pb_column type=&#8220;1_2&#8243; _builder_version=&#8220;4.27.5&#8243; _module_preset=&#8220;default&#8220; global_colors_info=&#8220;{}&#8220;][et_pb_image src=&#8220;https:\/\/abora.eu\/wp-content\/uploads\/Bild-2_02-1.webp&#8220; title_text=&#8220;Bild 2_02&#8243; show_in_lightbox=&#8220;on&#8220; _builder_version=&#8220;4.27.6&#8243; _module_preset=&#8220;default&#8220; custom_margin=&#8220;||10px||false|false&#8220; hover_enabled=&#8220;0&#8243; border_radii=&#8220;on|20px|20px|20px|20px&#8220; global_colors_info=&#8220;{}&#8220; sticky_enabled=&#8220;0&#8243;][\/et_pb_image][et_pb_text _builder_version=&#8220;4.27.5&#8243; _module_preset=&#8220;default&#8220; global_colors_info=&#8220;{}&#8220;]<\/p>\n<p><em><span zm=\"\">Dieses Bild zeigt die von Z\u00f6ller entdeckten Ziegenknochen auf Lanzarote. Die domestizierten Tiere wurden auf etwa 3.300 v. Chr. datiert. Sie markieren somit den Beginn der \u00e4ltesten Besiedlung der Kanaren. Die kanarischen Arch\u00e4ologen akzeptieren diesen Befund leider nicht. Unser Zahn k\u00f6nnte da vielleicht helfen?<\/span><\/em><\/p>\n<p>[\/et_pb_text][\/et_pb_column][et_pb_column type=&#8220;1_2&#8243; _builder_version=&#8220;4.27.5&#8243; _module_preset=&#8220;default&#8220; global_colors_info=&#8220;{}&#8220;][et_pb_text _builder_version=&#8220;4.27.5&#8243; _module_preset=&#8220;default&#8220; global_colors_info=&#8220;{}&#8220;]<\/p>\n<p>Z\u00f6ller empfahl G\u00f6rlitz daher ausdr\u00fccklich, den Fundort erneut aufzusuchen und gezielt nach weiteren Knochen zu suchen. Er wies ihn anhand von Originalfotografien pers\u00f6nlich in die stratigraphische Situation ein. Diese Informationen gab G\u00f6rlitz vor Ort an Ramon Z\u00fcrcher weiter, w\u00e4hrend er selbst f\u00fcr ein mitgereistes Filmteam ein Interview gab.<\/p>\n<p>Z\u00fcrcher entdeckte daraufhin exakt im gleichen Fundhorizont, in dem die Ziegenknochen gelegen hatten, einen einzelnen Zahn. Zun\u00e4chst hielt er ihn f\u00fcr einen weiteren Ziegenfund. G\u00f6rlitz erkannte jedoch sofort, dass es sich nicht um einen Ziegenzahn, sondern um einen menschlichen Backenzahn handelte. Diese Einsch\u00e4tzung wurde sp\u00e4ter durch zwei unabh\u00e4ngige Gutachten deutscher Zahn\u00e4rzte best\u00e4tigt.<\/p>\n<p>Der Fund ist bislang noch nicht wissenschaftlich ausgewertet. Seit 2023 warten G\u00f6rlitz und Z\u00fcrcher auf die offizielle Freigabe durch den zust\u00e4ndigen Chefarch\u00e4ologen der \u00f6stlichen Kanaren, Prof. Pablo Atoche. Parallel dazu besteht eine konstruktive Zusammenarbeit mit der Chefarch\u00e4ologin der Kanaren, Prof. Carmen del Arco, sodass begr\u00fcndete Hoffnung besteht, den Zahn ab 2026 f\u00fcr weiterf\u00fchrende C<sub>14<\/sub>-Datierungen und humangenetische Analysen freigegeben zu bekommen.<\/p>\n<p>[\/et_pb_text][\/et_pb_column][\/et_pb_row][et_pb_row column_structure=&#8220;1_2,1_2&#8243; _builder_version=&#8220;4.27.5&#8243; _module_preset=&#8220;default&#8220; global_colors_info=&#8220;{}&#8220;][et_pb_column type=&#8220;1_2&#8243; _builder_version=&#8220;4.27.5&#8243; _module_preset=&#8220;default&#8220; global_colors_info=&#8220;{}&#8220;][et_pb_text _builder_version=&#8220;4.27.5&#8243; _module_preset=&#8220;default&#8220; custom_margin=&#8220;||||false|false&#8220; custom_padding=&#8220;20px||||false|false&#8220; global_colors_info=&#8220;{}&#8220;]<\/p>\n<p>Sollte sich das vermutete Alter best\u00e4tigen, h\u00e4tte dies weitreichende Konsequenzen. Die zentrale Frage der Kanaren-Arch\u00e4ologie \u2013 wann erreichten die ersten Menschen diesen \u00e4u\u00dfersten Au\u00dfenposten der Alten Welt? \u2013 m\u00fcsste grundlegend neu beantwortet werden. Ein neolithisches oder fr\u00fchbronzezeitliches Datum w\u00fcrde belegen, dass bereits deutlich fr\u00fcher als bislang angenommen hochseet\u00fcchtige Seefahrer den Atlantik erschlossen hatten.<\/p>\n<p>[\/et_pb_text][et_pb_image src=&#8220;https:\/\/abora.eu\/wp-content\/uploads\/IMG_6667-1-scaled.webp&#8220; title_text=&#8220;IMG_6667&#8243; show_in_lightbox=&#8220;on&#8220; _builder_version=&#8220;4.27.6&#8243; _module_preset=&#8220;default&#8220; hover_enabled=&#8220;0&#8243; border_radii=&#8220;on|20px|20px|20px|20px&#8220; global_colors_info=&#8220;{}&#8220; sticky_enabled=&#8220;0&#8243;][\/et_pb_image][\/et_pb_column][et_pb_column type=&#8220;1_2&#8243; _builder_version=&#8220;4.27.5&#8243; _module_preset=&#8220;default&#8220; global_colors_info=&#8220;{}&#8220;][et_pb_image src=&#8220;https:\/\/abora.eu\/wp-content\/uploads\/Tooth-of-Lanzarote-View-1-1-scaled.webp&#8220; title_text=&#8220;Tooth of Lanzarote View 1&#8243; show_in_lightbox=&#8220;on&#8220; _builder_version=&#8220;4.27.6&#8243; _module_preset=&#8220;default&#8220; hover_enabled=&#8220;0&#8243; border_radii=&#8220;on|20px|20px|20px|20px&#8220; global_colors_info=&#8220;{}&#8220; sticky_enabled=&#8220;0&#8243;][\/et_pb_image][et_pb_text _builder_version=&#8220;4.27.5&#8243; _module_preset=&#8220;default&#8220; global_colors_info=&#8220;{}&#8220;]<\/p>\n<p>Diese Erkenntnisse bilden einen wesentlichen Teil des wissenschaftlichen Fundaments der ABORA V-Mission. Sie legen nahe, dass transatlantische Navigation nicht erst ein Ph\u00e4nomen der Antike oder Neuzeit war, sondern bereits in pr\u00e4historischer Zeit m\u00f6glich gewesen sein k\u00f6nnte.<\/p>\n<p>Vor diesem Hintergrund startet ab 2026 ein weiteres internationales Forschungsprojekt in Kooperation mit zwei Universit\u00e4ten auf Kuba. Die OSL-Spezialisten des ABORA-Teams werden dort Felsbilder in ausgew\u00e4hlten H\u00f6hlen datieren, deren ikonographische Merkmale auff\u00e4llige transatlantische Parallelen aufweisen. Diese Bilder k\u00f6nnten als kulturelle Marker eines fr\u00fchen maritimen Austauschs dienen \u2013 und damit ein weiteres Mosaiksteinchen im Verst\u00e4ndnis der fr\u00fchesten globalen Seefahrt liefern.<\/p>\n<p>[\/et_pb_text][\/et_pb_column][\/et_pb_row][et_pb_row column_structure=&#8220;1_2,1_2&#8243; _builder_version=&#8220;4.27.5&#8243; _module_preset=&#8220;default&#8220; global_colors_info=&#8220;{}&#8220;][et_pb_column type=&#8220;1_2&#8243; _builder_version=&#8220;4.27.5&#8243; _module_preset=&#8220;default&#8220; global_colors_info=&#8220;{}&#8220;][et_pb_blurb title=&#8220;zum Kuba-Projekt&#8220; use_icon=&#8220;on&#8220; font_icon=&#8220;&#x24;||divi||400&#8243; icon_color=&#8220;#FF9600&#8243; icon_placement=&#8220;left&#8220; image_icon_width=&#8220;72px&#8220; _builder_version=&#8220;4.27.5&#8243; _dynamic_attributes=&#8220;link_option_url&#8220; _module_preset=&#8220;default&#8220; header_text_color=&#8220;#FF9600&#8243; header_font_size=&#8220;22px&#8220; image_icon_custom_margin=&#8220;-20px||||false|false&#8220; module_alignment=&#8220;right&#8220; link_option_url=&#8220;@ET-DC@eyJkeW5hbWljIjp0cnVlLCJjb250ZW50IjoicG9zdF9saW5rX3VybF9wYWdlIiwic2V0dGluZ3MiOnsicG9zdF9pZCI6IjI2NDgifX0=@&#8220; global_colors_info=&#8220;{}&#8220;][\/et_pb_blurb][\/et_pb_column][et_pb_column type=&#8220;1_2&#8243; _builder_version=&#8220;4.27.5&#8243; _module_preset=&#8220;default&#8220; global_colors_info=&#8220;{}&#8220;][\/et_pb_column][\/et_pb_row][\/et_pb_section]<\/p>\n","protected":false},"excerpt":{"rendered":"<p>zur\u00fcckKapitel 5 Der Menschenzahn von LanzaroteDie Entdeckung des sogenannten Menschenzahns von Lanzarote stellt einen der bislang unerwartetsten und zugleich potenziell folgenreichsten Befunde des Kanaren-Pyramiden-Projekts dar. Er entstand nicht im Rahmen einer klassischen Ausgrabung, sondern im Zuge der Vorbereitungen zur ABORA V-Mission, als Dr. Dominique G\u00f6rlitz und Ramon Z\u00fcrcher im Jahr 2023 Forschungsreisen auf die \u00f6stlichen [&hellip;]<\/p>\n","protected":false},"author":1,"featured_media":0,"parent":0,"menu_order":0,"comment_status":"closed","ping_status":"closed","template":"","meta":{"_et_pb_use_builder":"on","_et_pb_old_content":"","_et_gb_content_width":"","footnotes":""},"class_list":["post-2316","page","type-page","status-publish","hentry"],"yoast_head":"<!-- This site is optimized with the Yoast SEO plugin v27.3 - https:\/\/yoast.com\/product\/yoast-seo-wordpress\/ -->\n<title>Teil 5 - Der Menschen-Zahn von Lanzarote - Mission Abora<\/title>\n<meta name=\"description\" content=\"Der Menschenzahn von Lanzarote: Ein unerwarteter Fund mit weitreichenden Konsequenzen f\u00fcr die fr\u00fche Besiedlung der Kanaren.\" \/>\n<meta name=\"robots\" content=\"index, follow, max-snippet:-1, max-image-preview:large, max-video-preview:-1\" \/>\n<link rel=\"canonical\" href=\"https:\/\/abora.eu\/en\/teil-5-der-menschen-zahn-von-lanzarote\/\" \/>\n<meta property=\"og:locale\" content=\"en_US\" \/>\n<meta property=\"og:type\" content=\"article\" \/>\n<meta property=\"og:title\" content=\"Teil 5 - Der Menschen-Zahn von Lanzarote - Mission Abora\" \/>\n<meta property=\"og:description\" content=\"Der Menschenzahn von Lanzarote: Ein unerwarteter Fund mit weitreichenden Konsequenzen f\u00fcr die fr\u00fche Besiedlung der Kanaren.\" \/>\n<meta property=\"og:url\" content=\"https:\/\/abora.eu\/en\/teil-5-der-menschen-zahn-von-lanzarote\/\" \/>\n<meta property=\"og:site_name\" content=\"Mission Abora\" \/>\n<meta property=\"article:modified_time\" content=\"2026-03-26T15:15:16+00:00\" \/>\n<meta name=\"twitter:card\" content=\"summary_large_image\" \/>\n<meta name=\"twitter:label1\" content=\"Est. reading time\" \/>\n\t<meta name=\"twitter:data1\" content=\"5 minutes\" \/>\n<script type=\"application\/ld+json\" class=\"yoast-schema-graph\">{\"@context\":\"https:\\\/\\\/schema.org\",\"@graph\":[{\"@type\":\"WebPage\",\"@id\":\"https:\\\/\\\/abora.eu\\\/teil-5-der-menschen-zahn-von-lanzarote\\\/\",\"url\":\"https:\\\/\\\/abora.eu\\\/teil-5-der-menschen-zahn-von-lanzarote\\\/\",\"name\":\"Teil 5 - Der Menschen-Zahn von Lanzarote - Mission Abora\",\"isPartOf\":{\"@id\":\"https:\\\/\\\/abora.eu\\\/#website\"},\"datePublished\":\"2026-01-21T07:26:05+00:00\",\"dateModified\":\"2026-03-26T15:15:16+00:00\",\"description\":\"Der Menschenzahn von Lanzarote: Ein unerwarteter Fund mit weitreichenden Konsequenzen f\u00fcr die fr\u00fche Besiedlung der Kanaren.\",\"breadcrumb\":{\"@id\":\"https:\\\/\\\/abora.eu\\\/teil-5-der-menschen-zahn-von-lanzarote\\\/#breadcrumb\"},\"inLanguage\":\"en-US\",\"potentialAction\":[{\"@type\":\"ReadAction\",\"target\":[\"https:\\\/\\\/abora.eu\\\/teil-5-der-menschen-zahn-von-lanzarote\\\/\"]}]},{\"@type\":\"BreadcrumbList\",\"@id\":\"https:\\\/\\\/abora.eu\\\/teil-5-der-menschen-zahn-von-lanzarote\\\/#breadcrumb\",\"itemListElement\":[{\"@type\":\"ListItem\",\"position\":1,\"name\":\"Start\",\"item\":\"https:\\\/\\\/abora.eu\\\/\"},{\"@type\":\"ListItem\",\"position\":2,\"name\":\"Teil 5 &#8211; Der Menschen-Zahn von Lanzarote\"}]},{\"@type\":\"WebSite\",\"@id\":\"https:\\\/\\\/abora.eu\\\/#website\",\"url\":\"https:\\\/\\\/abora.eu\\\/\",\"name\":\"Mission Abora\",\"description\":\"\",\"publisher\":{\"@id\":\"https:\\\/\\\/abora.eu\\\/#\\\/schema\\\/person\\\/953dad30d10fa7d560bb90cff0494e14\"},\"potentialAction\":[{\"@type\":\"SearchAction\",\"target\":{\"@type\":\"EntryPoint\",\"urlTemplate\":\"https:\\\/\\\/abora.eu\\\/?s={search_term_string}\"},\"query-input\":{\"@type\":\"PropertyValueSpecification\",\"valueRequired\":true,\"valueName\":\"search_term_string\"}}],\"inLanguage\":\"en-US\"},{\"@type\":[\"Person\",\"Organization\"],\"@id\":\"https:\\\/\\\/abora.eu\\\/#\\\/schema\\\/person\\\/953dad30d10fa7d560bb90cff0494e14\",\"name\":\"Dominique G\u00f6rlitz\",\"image\":{\"@type\":\"ImageObject\",\"inLanguage\":\"en-US\",\"@id\":\"https:\\\/\\\/abora.eu\\\/wp-content\\\/uploads\\\/Logo-1.png\",\"url\":\"https:\\\/\\\/abora.eu\\\/wp-content\\\/uploads\\\/Logo-1.png\",\"contentUrl\":\"https:\\\/\\\/abora.eu\\\/wp-content\\\/uploads\\\/Logo-1.png\",\"width\":1371,\"height\":1284,\"caption\":\"Dominique G\u00f6rlitz\"},\"logo\":{\"@id\":\"https:\\\/\\\/abora.eu\\\/wp-content\\\/uploads\\\/Logo-1.png\"}}]}<\/script>\n<!-- \/ Yoast SEO plugin. -->","yoast_head_json":{"title":"Teil 5 - Der Menschen-Zahn von Lanzarote - Mission Abora","description":"Der Menschenzahn von Lanzarote: Ein unerwarteter Fund mit weitreichenden Konsequenzen f\u00fcr die fr\u00fche Besiedlung der Kanaren.","robots":{"index":"index","follow":"follow","max-snippet":"max-snippet:-1","max-image-preview":"max-image-preview:large","max-video-preview":"max-video-preview:-1"},"canonical":"https:\/\/abora.eu\/en\/teil-5-der-menschen-zahn-von-lanzarote\/","og_locale":"en_US","og_type":"article","og_title":"Teil 5 - Der Menschen-Zahn von Lanzarote - Mission Abora","og_description":"Der Menschenzahn von Lanzarote: Ein unerwarteter Fund mit weitreichenden Konsequenzen f\u00fcr die fr\u00fche Besiedlung der Kanaren.","og_url":"https:\/\/abora.eu\/en\/teil-5-der-menschen-zahn-von-lanzarote\/","og_site_name":"Mission Abora","article_modified_time":"2026-03-26T15:15:16+00:00","twitter_card":"summary_large_image","twitter_misc":{"Est. reading time":"5 minutes"},"schema":{"@context":"https:\/\/schema.org","@graph":[{"@type":"WebPage","@id":"https:\/\/abora.eu\/teil-5-der-menschen-zahn-von-lanzarote\/","url":"https:\/\/abora.eu\/teil-5-der-menschen-zahn-von-lanzarote\/","name":"Teil 5 - Der Menschen-Zahn von Lanzarote - Mission Abora","isPartOf":{"@id":"https:\/\/abora.eu\/#website"},"datePublished":"2026-01-21T07:26:05+00:00","dateModified":"2026-03-26T15:15:16+00:00","description":"Der Menschenzahn von Lanzarote: Ein unerwarteter Fund mit weitreichenden Konsequenzen f\u00fcr die fr\u00fche Besiedlung der Kanaren.","breadcrumb":{"@id":"https:\/\/abora.eu\/teil-5-der-menschen-zahn-von-lanzarote\/#breadcrumb"},"inLanguage":"en-US","potentialAction":[{"@type":"ReadAction","target":["https:\/\/abora.eu\/teil-5-der-menschen-zahn-von-lanzarote\/"]}]},{"@type":"BreadcrumbList","@id":"https:\/\/abora.eu\/teil-5-der-menschen-zahn-von-lanzarote\/#breadcrumb","itemListElement":[{"@type":"ListItem","position":1,"name":"Start","item":"https:\/\/abora.eu\/"},{"@type":"ListItem","position":2,"name":"Teil 5 &#8211; Der Menschen-Zahn von Lanzarote"}]},{"@type":"WebSite","@id":"https:\/\/abora.eu\/#website","url":"https:\/\/abora.eu\/","name":"Mission Abora","description":"","publisher":{"@id":"https:\/\/abora.eu\/#\/schema\/person\/953dad30d10fa7d560bb90cff0494e14"},"potentialAction":[{"@type":"SearchAction","target":{"@type":"EntryPoint","urlTemplate":"https:\/\/abora.eu\/?s={search_term_string}"},"query-input":{"@type":"PropertyValueSpecification","valueRequired":true,"valueName":"search_term_string"}}],"inLanguage":"en-US"},{"@type":["Person","Organization"],"@id":"https:\/\/abora.eu\/#\/schema\/person\/953dad30d10fa7d560bb90cff0494e14","name":"Dominique G\u00f6rlitz","image":{"@type":"ImageObject","inLanguage":"en-US","@id":"https:\/\/abora.eu\/wp-content\/uploads\/Logo-1.png","url":"https:\/\/abora.eu\/wp-content\/uploads\/Logo-1.png","contentUrl":"https:\/\/abora.eu\/wp-content\/uploads\/Logo-1.png","width":1371,"height":1284,"caption":"Dominique G\u00f6rlitz"},"logo":{"@id":"https:\/\/abora.eu\/wp-content\/uploads\/Logo-1.png"}}]}},"_links":{"self":[{"href":"https:\/\/abora.eu\/en\/wp-json\/wp\/v2\/pages\/2316","targetHints":{"allow":["GET"]}}],"collection":[{"href":"https:\/\/abora.eu\/en\/wp-json\/wp\/v2\/pages"}],"about":[{"href":"https:\/\/abora.eu\/en\/wp-json\/wp\/v2\/types\/page"}],"author":[{"embeddable":true,"href":"https:\/\/abora.eu\/en\/wp-json\/wp\/v2\/users\/1"}],"replies":[{"embeddable":true,"href":"https:\/\/abora.eu\/en\/wp-json\/wp\/v2\/comments?post=2316"}],"version-history":[{"count":20,"href":"https:\/\/abora.eu\/en\/wp-json\/wp\/v2\/pages\/2316\/revisions"}],"predecessor-version":[{"id":4147,"href":"https:\/\/abora.eu\/en\/wp-json\/wp\/v2\/pages\/2316\/revisions\/4147"}],"wp:attachment":[{"href":"https:\/\/abora.eu\/en\/wp-json\/wp\/v2\/media?parent=2316"}],"curies":[{"name":"wp","href":"https:\/\/api.w.org\/{rel}","templated":true}]}}