{"id":2318,"date":"2026-01-21T07:26:50","date_gmt":"2026-01-21T07:26:50","guid":{"rendered":"https:\/\/abora.neu.cm-rz.de\/?page_id=2318"},"modified":"2026-03-26T14:52:33","modified_gmt":"2026-03-26T14:52:33","slug":"kanaren-projekte","status":"publish","type":"page","link":"https:\/\/abora.eu\/en\/kanaren-projekte\/","title":{"rendered":"Kanaren Projekte"},"content":{"rendered":"<p>[et_pb_section fb_built=&#8220;1&#8243; fullwidth=&#8220;on&#8220; _builder_version=&#8220;4.27.6&#8243; _module_preset=&#8220;default&#8220; background_image=&#8220;https:\/\/abora.eu\/wp-content\/uploads\/IMG_3338_Optimizer-1-scaled.webp&#8220; background_position=&#8220;top_right&#8220; background_horizontal_offset=&#8220;-58%&#8220; background_vertical_offset=&#8220;37%&#8220; hover_enabled=&#8220;0&#8243; background_last_edited=&#8220;on|phone&#8220; background_horizontal_offset_phone=&#8220;71%&#8220; background_vertical_offset_phone=&#8220;0%&#8220; global_colors_info=&#8220;{}&#8220; sticky_enabled=&#8220;0&#8243; title_text=&#8220;IMG_3338_Optimizer&#8220;][et_pb_fullwidth_slider _builder_version=&#8220;4.27.6&#8243; _module_preset=&#8220;default&#8220; height=&#8220;60vh&#8220; auto=&#8220;on&#8220; auto_speed=&#8220;4500&#8243; auto_ignore_hover=&#8220;on&#8220; hover_enabled=&#8220;0&#8243; global_colors_info=&#8220;{}&#8220; sticky_enabled=&#8220;0&#8243;][\/et_pb_fullwidth_slider][\/et_pb_section][et_pb_section fb_built=&#8220;1&#8243; custom_padding_last_edited=&#8220;on|phone&#8220; _builder_version=&#8220;4.27.5&#8243; _module_preset=&#8220;default&#8220; background_enable_image=&#8220;off&#8220; background_size=&#8220;initial&#8220; background_position=&#8220;bottom_center&#8220; background_vertical_offset=&#8220;100%&#8220; custom_padding=&#8220;100px||100px||true|false&#8220; custom_padding_tablet=&#8220;|40px||40px|true|true&#8220; custom_padding_phone=&#8220;100px|20px|100px|20px|true|true&#8220; global_colors_info=&#8220;{}&#8220;][et_pb_row column_structure=&#8220;3_5,2_5&#8243; _builder_version=&#8220;4.27.5&#8243; _module_preset=&#8220;default&#8220; global_colors_info=&#8220;{}&#8220;][et_pb_column type=&#8220;3_5&#8243; _builder_version=&#8220;4.27.5&#8243; _module_preset=&#8220;default&#8220; global_colors_info=&#8220;{}&#8220;][et_pb_text _builder_version=&#8220;4.27.5&#8243; _dynamic_attributes=&#8220;link_option_url&#8220; _module_preset=&#8220;default&#8220; text_font=&#8220;librefranklin-semibold||||||||&#8220; text_font_size=&#8220;18px&#8220; link_option_url=&#8220;@ET-DC@eyJkeW5hbWljIjp0cnVlLCJjb250ZW50IjoicG9zdF9saW5rX3VybF9wYWdlIiwic2V0dGluZ3MiOnsicG9zdF9pZCI6IjUzIn19@&#8220; global_colors_info=&#8220;{}&#8220; text_text_color__hover_enabled=&#8220;on|hover&#8220; text_text_color__hover=&#8220;#FF9600&#8243;]<\/p>\n<p>zur\u00fcck<\/p>\n<p>[\/et_pb_text][et_pb_text _builder_version=&#8220;4.27.5&#8243; _module_preset=&#8220;default&#8220; header_2_font_size=&#8220;22px&#8220; header_2_line_height=&#8220;1.6em&#8220; global_colors_info=&#8220;{}&#8220;]<\/p>\n<h2>Das Kanaren-Projekt<\/h2>\n<p>[\/et_pb_text][\/et_pb_column][et_pb_column type=&#8220;2_5&#8243; _builder_version=&#8220;4.27.5&#8243; _module_preset=&#8220;default&#8220; global_colors_info=&#8220;{}&#8220;][\/et_pb_column][\/et_pb_row][et_pb_row column_structure=&#8220;1_4,1_4,1_4,1_4&#8243; use_custom_gutter=&#8220;on&#8220; gutter_width=&#8220;2&#8243; _builder_version=&#8220;4.27.6&#8243; _module_preset=&#8220;default&#8220; filter_saturate=&#8220;81%&#8220; hover_enabled=&#8220;0&#8243; global_colors_info=&#8220;{}&#8220; sticky_enabled=&#8220;0&#8243;][et_pb_column type=&#8220;1_4&#8243; _builder_version=&#8220;4.27.6&#8243; _module_preset=&#8220;default&#8220; use_background_color_gradient=&#8220;on&#8220; background_color_gradient_stops=&#8220;rgba(255,255,255,0) 68%|rgba(0,62,109,0.84) 90%&#8220; background_color_gradient_overlays_image=&#8220;on&#8220; background_image=&#8220;https:\/\/abora.eu\/wp-content\/uploads\/IMG_4014-1-scaled.webp&#8220; background_position=&#8220;bottom_center&#8220; background_vertical_offset=&#8220;100%&#8220; hover_enabled=&#8220;0&#8243; border_radii=&#8220;on|20px|20px|20px|20px&#8220; global_colors_info=&#8220;{}&#8220; background__hover_enabled=&#8220;off|desktop&#8220; title_text=&#8220;IMG_4014&#8243; sticky_enabled=&#8220;0&#8243;][et_pb_blurb use_icon=&#8220;on&#8220; font_icon=&#8220;&#xe03c;||divi||400&#8243; icon_color=&#8220;#FFFFFF&#8220; image_icon_width=&#8220;42px&#8220; icon_alignment=&#8220;right&#8220; _builder_version=&#8220;4.27.5&#8243; _dynamic_attributes=&#8220;link_option_url&#8220; _module_preset=&#8220;default&#8220; body_text_color=&#8220;#FFFFFF&#8220; background_enable_color=&#8220;off&#8220; image_icon_custom_margin=&#8220;5px|10px|||false|false&#8220; custom_padding=&#8220;20px|20px|20px|20px|true|true&#8220; filter_saturate=&#8220;85%&#8220; link_option_url=&#8220;@ET-DC@eyJkeW5hbWljIjp0cnVlLCJjb250ZW50IjoicG9zdF9saW5rX3VybF9wYWdlIiwic2V0dGluZ3MiOnsicG9zdF9pZCI6IjIzMDcifX0=@&#8220; global_colors_info=&#8220;{}&#8220;]<\/p>\n<p>&nbsp;<\/p>\n<p>&nbsp;<\/p>\n<p>&nbsp;<\/p>\n<p>&nbsp;<\/p>\n<p>&nbsp;<\/p>\n<p>&nbsp;<\/p>\n<p>1. Allgemeines zum R\u00e4tsel der kanarischen Pyramiden<\/p>\n<p>[\/et_pb_blurb][\/et_pb_column][et_pb_column type=&#8220;1_4&#8243; _builder_version=&#8220;4.27.6&#8243; _module_preset=&#8220;default&#8220; background_color=&#8220;#003E6D&#8220; use_background_color_gradient=&#8220;on&#8220; background_color_gradient_stops=&#8220;rgba(255,255,255,0) 68%|rgba(0,62,109,0.84) 90%&#8220; background_color_gradient_overlays_image=&#8220;on&#8220; background_image=&#8220;https:\/\/abora.eu\/wp-content\/uploads\/DJI_21110408140001_0927_D_Enhancer-2-scaled.webp&#8220; background_position=&#8220;bottom_center&#8220; background_vertical_offset=&#8220;100%&#8220; hover_enabled=&#8220;0&#8243; border_radii=&#8220;on|20px|20px|20px|20px&#8220; global_colors_info=&#8220;{}&#8220; background__hover_enabled=&#8220;off|desktop&#8220; background_color_gradient_stops__hover=&#8220;rgba(0,0,0,0) 74%|rgba(0,0,0,0.69) 87%|rgba(0,0,0,0.73) 100%&#8220; use_background_color_gradient__hover=&#8220;on&#8220; title_text=&#8220;DJI_21110408140001_0927_D_Enhancer&#8220; sticky_enabled=&#8220;0&#8243;][et_pb_blurb use_icon=&#8220;on&#8220; font_icon=&#8220;&#xe03c;||divi||400&#8243; icon_color=&#8220;#FFFFFF&#8220; image_icon_width=&#8220;42px&#8220; icon_alignment=&#8220;right&#8220; _builder_version=&#8220;4.27.5&#8243; _dynamic_attributes=&#8220;link_option_url&#8220; _module_preset=&#8220;default&#8220; body_text_color=&#8220;#FFFFFF&#8220; background_enable_color=&#8220;off&#8220; image_icon_custom_margin=&#8220;5px|10px|||false|false&#8220; custom_padding=&#8220;20px|20px|20px|20px|true|true&#8220; hover_transition_duration=&#8220;500ms&#8220; hover_transition_speed_curve=&#8220;ease-in-out&#8220; link_option_url=&#8220;@ET-DC@eyJkeW5hbWljIjp0cnVlLCJjb250ZW50IjoicG9zdF9saW5rX3VybF9wYWdlIiwic2V0dGluZ3MiOnsicG9zdF9pZCI6IjIzMTAifX0=@&#8220; global_colors_info=&#8220;{}&#8220;]<\/p>\n<p>&nbsp;<\/p>\n<p>&nbsp;<\/p>\n<p>&nbsp;<\/p>\n<p>&nbsp;<\/p>\n<p>&nbsp;<\/p>\n<p>&nbsp;<\/p>\n<p>2. Die OSL-Datierung der ersten Stufenbauten<\/p>\n<p>[\/et_pb_blurb][\/et_pb_column][et_pb_column type=&#8220;1_4&#8243; _builder_version=&#8220;4.27.6&#8243; _module_preset=&#8220;default&#8220; use_background_color_gradient=&#8220;on&#8220; background_color_gradient_stops=&#8220;rgba(255,255,255,0) 68%|rgba(0,62,109,0.84) 90%&#8220; background_color_gradient_overlays_image=&#8220;on&#8220; background_image=&#8220;https:\/\/abora.eu\/wp-content\/uploads\/DJI_21110220152624_0549_D-4-scaled.webp&#8220; background_position=&#8220;center_left&#8220; background_horizontal_offset=&#8220;61%&#8220; hover_enabled=&#8220;0&#8243; border_radii=&#8220;on|20px|20px|20px|20px&#8220; global_colors_info=&#8220;{}&#8220; background__hover_enabled=&#8220;off|desktop&#8220; sticky_enabled=&#8220;0&#8243; title_text=&#8220;DJI_21110220152624_0549_D&#8220;][et_pb_blurb use_icon=&#8220;on&#8220; font_icon=&#8220;&#xe03c;||divi||400&#8243; icon_color=&#8220;#FFFFFF&#8220; image_icon_width=&#8220;42px&#8220; icon_alignment=&#8220;right&#8220; _builder_version=&#8220;4.27.5&#8243; _dynamic_attributes=&#8220;link_option_url&#8220; _module_preset=&#8220;default&#8220; body_text_color=&#8220;#FFFFFF&#8220; background_enable_color=&#8220;off&#8220; image_icon_custom_margin=&#8220;5px|10px|||false|false&#8220; custom_padding=&#8220;20px|20px|20px|20px|true|true&#8220; link_option_url=&#8220;@ET-DC@eyJkeW5hbWljIjp0cnVlLCJjb250ZW50IjoicG9zdF9saW5rX3VybF9wYWdlIiwic2V0dGluZ3MiOnsicG9zdF9pZCI6IjIzMTIifX0=@&#8220; global_colors_info=&#8220;{}&#8220;]<\/p>\n<p>&nbsp;<\/p>\n<p>&nbsp;<\/p>\n<p>&nbsp;<\/p>\n<p>&nbsp;<\/p>\n<p>&nbsp;<\/p>\n<p>&nbsp;<\/p>\n<p>3. Die Suche nach Alkaloiden in Kanaren-Mumien<\/p>\n<p>[\/et_pb_blurb][\/et_pb_column][et_pb_column type=&#8220;1_4&#8243; disabled_on=&#8220;on|on|on&#8220; _builder_version=&#8220;4.27.5&#8243; _module_preset=&#8220;default&#8220; use_background_color_gradient=&#8220;on&#8220; background_color_gradient_stops=&#8220;rgba(255,255,255,0) 68%|rgba(0,62,109,0.84) 90%&#8220; background_color_gradient_overlays_image=&#8220;on&#8220; background_image=&#8220;https:\/\/abora.neu.cm-rz.de\/wp-content\/uploads\/auf-der-Welle-02.jpg&#8220; background_position=&#8220;bottom_center&#8220; background_vertical_offset=&#8220;100%&#8220; border_radii=&#8220;on|20px|20px|20px|20px&#8220; disabled=&#8220;on&#8220; global_colors_info=&#8220;{}&#8220; background__hover_enabled=&#8220;off|desktop&#8220;][et_pb_blurb use_icon=&#8220;on&#8220; font_icon=&#8220;&#xe03c;||divi||400&#8243; icon_color=&#8220;#FFFFFF&#8220; image_icon_width=&#8220;42px&#8220; icon_alignment=&#8220;right&#8220; _builder_version=&#8220;4.27.5&#8243; _dynamic_attributes=&#8220;link_option_url&#8220; _module_preset=&#8220;default&#8220; body_text_color=&#8220;#FFFFFF&#8220; background_color=&#8220;#003E6D&#8220; image_icon_custom_margin=&#8220;5px|10px|||false|false&#8220; custom_padding=&#8220;20px|20px|20px|20px|true|true&#8220; link_option_url=&#8220;@ET-DC@eyJkeW5hbWljIjp0cnVlLCJjb250ZW50IjoicG9zdF9saW5rX3VybF9wYWdlIiwic2V0dGluZ3MiOnsicG9zdF9pZCI6IjEzMzIifX0=@&#8220; global_colors_info=&#8220;{}&#8220;]<\/p>\n<p>&nbsp;<\/p>\n<p>&nbsp;<\/p>\n<p>&nbsp;<\/p>\n<p>&nbsp;<\/p>\n<p>&nbsp;<\/p>\n<p>&nbsp;<\/p>\n<p>&#8230;.<\/p>\n<p>[\/et_pb_blurb][\/et_pb_column][\/et_pb_row][et_pb_row column_structure=&#8220;1_4,1_4,1_4,1_4&#8243; use_custom_gutter=&#8220;on&#8220; gutter_width=&#8220;2&#8243; _builder_version=&#8220;4.27.6&#8243; _module_preset=&#8220;default&#8220; filter_saturate=&#8220;81%&#8220; hover_enabled=&#8220;0&#8243; global_colors_info=&#8220;{}&#8220; sticky_enabled=&#8220;0&#8243;][et_pb_column type=&#8220;1_4&#8243; _builder_version=&#8220;4.27.6&#8243; _module_preset=&#8220;default&#8220; use_background_color_gradient=&#8220;on&#8220; background_color_gradient_stops=&#8220;rgba(255,255,255,0) 63%|rgba(0,62,109,0.86) 77%|rgba(0,62,109,0.98) 88%&#8220; background_color_gradient_overlays_image=&#8220;on&#8220; background_image=&#8220;https:\/\/abora.eu\/wp-content\/uploads\/Siruis-Gran-Canaria-2-scaled.webp&#8220; background_position=&#8220;top_right&#8220; background_horizontal_offset=&#8220;65%&#8220; background_vertical_offset=&#8220;26%&#8220; hover_enabled=&#8220;0&#8243; border_radii=&#8220;on|20px|20px|20px|20px&#8220; global_colors_info=&#8220;{}&#8220; background__hover_enabled=&#8220;off|desktop&#8220; title_text=&#8220;Siruis Gran Canaria&#8220; sticky_enabled=&#8220;0&#8243;][et_pb_blurb use_icon=&#8220;on&#8220; font_icon=&#8220;&#xe03c;||divi||400&#8243; icon_color=&#8220;#FFFFFF&#8220; image_icon_width=&#8220;42px&#8220; icon_alignment=&#8220;right&#8220; _builder_version=&#8220;4.27.5&#8243; _dynamic_attributes=&#8220;link_option_url&#8220; _module_preset=&#8220;default&#8220; body_text_color=&#8220;#FFFFFF&#8220; background_enable_color=&#8220;off&#8220; image_icon_custom_margin=&#8220;5px|10px|||false|false&#8220; custom_padding=&#8220;20px|20px|20px|20px|true|true&#8220; filter_saturate=&#8220;85%&#8220; link_option_url=&#8220;@ET-DC@eyJkeW5hbWljIjp0cnVlLCJjb250ZW50IjoicG9zdF9saW5rX3VybF9wYWdlIiwic2V0dGluZ3MiOnsicG9zdF9pZCI6IjIzMTQifX0=@&#8220; global_colors_info=&#8220;{}&#8220;]<\/p>\n<p>&nbsp;<\/p>\n<p>&nbsp;<\/p>\n<p>&nbsp;<\/p>\n<p>&nbsp;<\/p>\n<p>&nbsp;<\/p>\n<p>&nbsp;<\/p>\n<p>4. Die astro-arch\u00e4ologische Datierung des G\u00fc\u00edmar-Kompkes<\/p>\n<p>[\/et_pb_blurb][\/et_pb_column][et_pb_column type=&#8220;1_4&#8243; _builder_version=&#8220;4.27.6&#8243; _module_preset=&#8220;default&#8220; background_color=&#8220;#003E6D&#8220; use_background_color_gradient=&#8220;on&#8220; background_color_gradient_stops=&#8220;rgba(255,255,255,0) 68%|rgba(0,62,109,0.84) 90%&#8220; background_color_gradient_overlays_image=&#8220;on&#8220; background_image=&#8220;https:\/\/abora.eu\/wp-content\/uploads\/photo_2022-12-07_17-27-10-2.webp&#8220; background_position=&#8220;bottom_center&#8220; background_vertical_offset=&#8220;100%&#8220; hover_enabled=&#8220;0&#8243; border_radii=&#8220;on|20px|20px|20px|20px&#8220; global_colors_info=&#8220;{}&#8220; background__hover_enabled=&#8220;off|desktop&#8220; background_color_gradient_stops__hover=&#8220;rgba(0,0,0,0) 74%|rgba(0,0,0,0.69) 87%|rgba(0,0,0,0.73) 100%&#8220; use_background_color_gradient__hover=&#8220;on&#8220; title_text=&#8220;photo_2022-12-07_17-27-10&#8243; sticky_enabled=&#8220;0&#8243;][et_pb_blurb use_icon=&#8220;on&#8220; font_icon=&#8220;&#xe03c;||divi||400&#8243; icon_color=&#8220;#FFFFFF&#8220; image_icon_width=&#8220;42px&#8220; icon_alignment=&#8220;right&#8220; _builder_version=&#8220;4.27.5&#8243; _dynamic_attributes=&#8220;link_option_url&#8220; _module_preset=&#8220;default&#8220; body_text_color=&#8220;#FFFFFF&#8220; background_enable_color=&#8220;off&#8220; image_icon_custom_margin=&#8220;5px|10px|||false|false&#8220; custom_padding=&#8220;20px|20px|20px|20px|true|true&#8220; hover_transition_duration=&#8220;500ms&#8220; hover_transition_speed_curve=&#8220;ease-in-out&#8220; link_option_url=&#8220;@ET-DC@eyJkeW5hbWljIjp0cnVlLCJjb250ZW50IjoicG9zdF9saW5rX3VybF9wYWdlIiwic2V0dGluZ3MiOnsicG9zdF9pZCI6IjIzMTYifX0=@&#8220; global_colors_info=&#8220;{}&#8220;]<\/p>\n<p>&nbsp;<\/p>\n<p>&nbsp;<\/p>\n<p>&nbsp;<\/p>\n<p>&nbsp;<\/p>\n<p>&nbsp;<\/p>\n<p>&nbsp;<\/p>\n<p>5. Der Menschen-Zahn von Lanzarote<\/p>\n<p>[\/et_pb_blurb][\/et_pb_column][et_pb_column type=&#8220;1_4&#8243; disabled_on=&#8220;on|on|on&#8220; _builder_version=&#8220;4.27.5&#8243; _module_preset=&#8220;default&#8220; background_color=&#8220;#003E6D&#8220; use_background_color_gradient=&#8220;on&#8220; background_color_gradient_stops=&#8220;rgba(255,255,255,0) 68%|rgba(0,62,109,0.84) 90%&#8220; background_color_gradient_overlays_image=&#8220;on&#8220; background_enable_image=&#8220;off&#8220; background_size=&#8220;custom&#8220; background_image_width=&#8220;196%&#8220; background_image_height=&#8220;100%&#8220; background_position=&#8220;center_left&#8220; background_horizontal_offset=&#8220;32%&#8220; border_radii=&#8220;on|20px|20px|20px|20px&#8220; disabled=&#8220;on&#8220; global_colors_info=&#8220;{}&#8220; background__hover_enabled=&#8220;off|desktop&#8220;][et_pb_blurb use_icon=&#8220;on&#8220; font_icon=&#8220;&#xe03c;||divi||400&#8243; icon_color=&#8220;#FFFFFF&#8220; image_icon_width=&#8220;42px&#8220; icon_alignment=&#8220;right&#8220; _builder_version=&#8220;4.27.5&#8243; _dynamic_attributes=&#8220;link_option_url&#8220; _module_preset=&#8220;default&#8220; body_text_color=&#8220;#FFFFFF&#8220; background_enable_color=&#8220;off&#8220; image_icon_custom_margin=&#8220;5px|10px|||false|false&#8220; custom_padding=&#8220;20px|20px|20px|20px|true|true&#8220; link_option_url=&#8220;@ET-DC@eyJkeW5hbWljIjp0cnVlLCJjb250ZW50IjoicG9zdF9saW5rX3VybF9wYWdlIiwic2V0dGluZ3MiOnsicG9zdF9pZCI6IjIyMDYifX0=@&#8220; global_colors_info=&#8220;{}&#8220;]<\/p>\n<p>&nbsp;<\/p>\n<p>&nbsp;<\/p>\n<p>&nbsp;<\/p>\n<p>&nbsp;<\/p>\n<p>&nbsp;<\/p>\n<p>&nbsp;<\/p>\n<p>&#8230;<\/p>\n<p>[\/et_pb_blurb][\/et_pb_column][et_pb_column type=&#8220;1_4&#8243; disabled_on=&#8220;on|on|on&#8220; _builder_version=&#8220;4.27.5&#8243; _module_preset=&#8220;default&#8220; use_background_color_gradient=&#8220;on&#8220; background_color_gradient_stops=&#8220;rgba(255,255,255,0) 68%|rgba(0,62,109,0.84) 90%&#8220; background_color_gradient_overlays_image=&#8220;on&#8220; background_image=&#8220;https:\/\/abora.neu.cm-rz.de\/wp-content\/uploads\/auf-der-Welle-02.jpg&#8220; background_position=&#8220;bottom_center&#8220; background_vertical_offset=&#8220;100%&#8220; border_radii=&#8220;on|20px|20px|20px|20px&#8220; disabled=&#8220;on&#8220; global_colors_info=&#8220;{}&#8220; background__hover_enabled=&#8220;off|desktop&#8220;][et_pb_blurb use_icon=&#8220;on&#8220; font_icon=&#8220;&#xe03c;||divi||400&#8243; icon_color=&#8220;#FFFFFF&#8220; image_icon_width=&#8220;42px&#8220; icon_alignment=&#8220;right&#8220; _builder_version=&#8220;4.27.5&#8243; _dynamic_attributes=&#8220;link_option_url&#8220; _module_preset=&#8220;default&#8220; body_text_color=&#8220;#FFFFFF&#8220; background_color=&#8220;#003E6D&#8220; image_icon_custom_margin=&#8220;5px|10px|||false|false&#8220; custom_padding=&#8220;20px|20px|20px|20px|true|true&#8220; link_option_url=&#8220;@ET-DC@eyJkeW5hbWljIjp0cnVlLCJjb250ZW50IjoicG9zdF9saW5rX3VybF9wYWdlIiwic2V0dGluZ3MiOnsicG9zdF9pZCI6IjEzMzIifX0=@&#8220; global_colors_info=&#8220;{}&#8220;]<\/p>\n<p>&nbsp;<\/p>\n<p>&nbsp;<\/p>\n<p>&nbsp;<\/p>\n<p>&nbsp;<\/p>\n<p>&nbsp;<\/p>\n<p>&nbsp;<\/p>\n<p>&#8230;.<\/p>\n<p>[\/et_pb_blurb][\/et_pb_column][\/et_pb_row][\/et_pb_section]<\/p>\n","protected":false},"excerpt":{"rendered":"<p>zur\u00fcckDas Kanaren-Projekt&nbsp; &nbsp; &nbsp; &nbsp; &nbsp; &nbsp; 1. Allgemeines zum R\u00e4tsel der kanarischen Pyramiden&nbsp; &nbsp; &nbsp; &nbsp; &nbsp; &nbsp; 2. Die OSL-Datierung der ersten Stufenbauten&nbsp; &nbsp; &nbsp; &nbsp; &nbsp; &nbsp; 3. Die Suche nach Alkaloiden in Kanaren-Mumien&nbsp; &nbsp; &nbsp; &nbsp; &nbsp; &nbsp; &#8230;.&nbsp; &nbsp; &nbsp; &nbsp; &nbsp; &nbsp; 4. Die astro-arch\u00e4ologische Datierung des G\u00fc\u00edmar-Kompkes&nbsp; &nbsp; [&hellip;]<\/p>\n","protected":false},"author":1,"featured_media":0,"parent":0,"menu_order":0,"comment_status":"closed","ping_status":"closed","template":"","meta":{"_et_pb_use_builder":"on","_et_pb_old_content":"<!-- wp:divi\/placeholder \/-->","_et_gb_content_width":"","footnotes":""},"class_list":["post-2318","page","type-page","status-publish","hentry"],"yoast_head":"<!-- This site is optimized with the Yoast SEO plugin v27.3 - https:\/\/yoast.com\/product\/yoast-seo-wordpress\/ -->\n<title>Kanaren Projekte - Mission Abora<\/title>\n<meta name=\"robots\" content=\"index, follow, max-snippet:-1, max-image-preview:large, max-video-preview:-1\" \/>\n<link rel=\"canonical\" href=\"https:\/\/abora.eu\/en\/kanaren-projekte\/\" \/>\n<meta property=\"og:locale\" content=\"en_US\" \/>\n<meta property=\"og:type\" content=\"article\" \/>\n<meta property=\"og:title\" content=\"Kanaren Projekte - Mission Abora\" \/>\n<meta property=\"og:description\" content=\"zur\u00fcckDas Kanaren-Projekt&nbsp; &nbsp; &nbsp; &nbsp; &nbsp; &nbsp; 1. Allgemeines zum R\u00e4tsel der kanarischen Pyramiden&nbsp; &nbsp; &nbsp; &nbsp; &nbsp; &nbsp; 2. Die OSL-Datierung der ersten Stufenbauten&nbsp; &nbsp; &nbsp; &nbsp; &nbsp; &nbsp; 3. Die Suche nach Alkaloiden in Kanaren-Mumien&nbsp; &nbsp; &nbsp; &nbsp; &nbsp; &nbsp; ....&nbsp; &nbsp; &nbsp; &nbsp; &nbsp; &nbsp; 4. Die astro-arch\u00e4ologische Datierung des G\u00fc\u00edmar-Kompkes&nbsp; &nbsp; [&hellip;]\" \/>\n<meta property=\"og:url\" content=\"https:\/\/abora.eu\/en\/kanaren-projekte\/\" \/>\n<meta property=\"og:site_name\" content=\"Mission Abora\" \/>\n<meta property=\"article:modified_time\" content=\"2026-03-26T14:52:33+00:00\" \/>\n<meta name=\"twitter:card\" content=\"summary_large_image\" \/>\n<meta name=\"twitter:label1\" content=\"Est. reading time\" \/>\n\t<meta name=\"twitter:data1\" content=\"8 minutes\" \/>\n<script type=\"application\/ld+json\" class=\"yoast-schema-graph\">{\"@context\":\"https:\\\/\\\/schema.org\",\"@graph\":[{\"@type\":\"WebPage\",\"@id\":\"https:\\\/\\\/abora.eu\\\/kanaren-projekte\\\/\",\"url\":\"https:\\\/\\\/abora.eu\\\/kanaren-projekte\\\/\",\"name\":\"Kanaren Projekte - Mission Abora\",\"isPartOf\":{\"@id\":\"https:\\\/\\\/abora.eu\\\/#website\"},\"datePublished\":\"2026-01-21T07:26:50+00:00\",\"dateModified\":\"2026-03-26T14:52:33+00:00\",\"breadcrumb\":{\"@id\":\"https:\\\/\\\/abora.eu\\\/kanaren-projekte\\\/#breadcrumb\"},\"inLanguage\":\"en-US\",\"potentialAction\":[{\"@type\":\"ReadAction\",\"target\":[\"https:\\\/\\\/abora.eu\\\/kanaren-projekte\\\/\"]}]},{\"@type\":\"BreadcrumbList\",\"@id\":\"https:\\\/\\\/abora.eu\\\/kanaren-projekte\\\/#breadcrumb\",\"itemListElement\":[{\"@type\":\"ListItem\",\"position\":1,\"name\":\"Start\",\"item\":\"https:\\\/\\\/abora.eu\\\/\"},{\"@type\":\"ListItem\",\"position\":2,\"name\":\"Kanaren Projekte\"}]},{\"@type\":\"WebSite\",\"@id\":\"https:\\\/\\\/abora.eu\\\/#website\",\"url\":\"https:\\\/\\\/abora.eu\\\/\",\"name\":\"Mission Abora\",\"description\":\"\",\"publisher\":{\"@id\":\"https:\\\/\\\/abora.eu\\\/#\\\/schema\\\/person\\\/953dad30d10fa7d560bb90cff0494e14\"},\"potentialAction\":[{\"@type\":\"SearchAction\",\"target\":{\"@type\":\"EntryPoint\",\"urlTemplate\":\"https:\\\/\\\/abora.eu\\\/?s={search_term_string}\"},\"query-input\":{\"@type\":\"PropertyValueSpecification\",\"valueRequired\":true,\"valueName\":\"search_term_string\"}}],\"inLanguage\":\"en-US\"},{\"@type\":[\"Person\",\"Organization\"],\"@id\":\"https:\\\/\\\/abora.eu\\\/#\\\/schema\\\/person\\\/953dad30d10fa7d560bb90cff0494e14\",\"name\":\"Dominique G\u00f6rlitz\",\"image\":{\"@type\":\"ImageObject\",\"inLanguage\":\"en-US\",\"@id\":\"https:\\\/\\\/abora.eu\\\/wp-content\\\/uploads\\\/Logo-1.png\",\"url\":\"https:\\\/\\\/abora.eu\\\/wp-content\\\/uploads\\\/Logo-1.png\",\"contentUrl\":\"https:\\\/\\\/abora.eu\\\/wp-content\\\/uploads\\\/Logo-1.png\",\"width\":1371,\"height\":1284,\"caption\":\"Dominique G\u00f6rlitz\"},\"logo\":{\"@id\":\"https:\\\/\\\/abora.eu\\\/wp-content\\\/uploads\\\/Logo-1.png\"}}]}<\/script>\n<!-- \/ Yoast SEO plugin. -->","yoast_head_json":{"title":"Kanaren Projekte - Mission Abora","robots":{"index":"index","follow":"follow","max-snippet":"max-snippet:-1","max-image-preview":"max-image-preview:large","max-video-preview":"max-video-preview:-1"},"canonical":"https:\/\/abora.eu\/en\/kanaren-projekte\/","og_locale":"en_US","og_type":"article","og_title":"Kanaren Projekte - Mission Abora","og_description":"zur\u00fcckDas Kanaren-Projekt&nbsp; &nbsp; &nbsp; &nbsp; &nbsp; &nbsp; 1. Allgemeines zum R\u00e4tsel der kanarischen Pyramiden&nbsp; &nbsp; &nbsp; &nbsp; &nbsp; &nbsp; 2. Die OSL-Datierung der ersten Stufenbauten&nbsp; &nbsp; &nbsp; &nbsp; &nbsp; &nbsp; 3. Die Suche nach Alkaloiden in Kanaren-Mumien&nbsp; &nbsp; &nbsp; &nbsp; &nbsp; &nbsp; ....&nbsp; &nbsp; &nbsp; &nbsp; &nbsp; &nbsp; 4. Die astro-arch\u00e4ologische Datierung des G\u00fc\u00edmar-Kompkes&nbsp; &nbsp; [&hellip;]","og_url":"https:\/\/abora.eu\/en\/kanaren-projekte\/","og_site_name":"Mission Abora","article_modified_time":"2026-03-26T14:52:33+00:00","twitter_card":"summary_large_image","twitter_misc":{"Est. reading time":"8 minutes"},"schema":{"@context":"https:\/\/schema.org","@graph":[{"@type":"WebPage","@id":"https:\/\/abora.eu\/kanaren-projekte\/","url":"https:\/\/abora.eu\/kanaren-projekte\/","name":"Kanaren Projekte - Mission Abora","isPartOf":{"@id":"https:\/\/abora.eu\/#website"},"datePublished":"2026-01-21T07:26:50+00:00","dateModified":"2026-03-26T14:52:33+00:00","breadcrumb":{"@id":"https:\/\/abora.eu\/kanaren-projekte\/#breadcrumb"},"inLanguage":"en-US","potentialAction":[{"@type":"ReadAction","target":["https:\/\/abora.eu\/kanaren-projekte\/"]}]},{"@type":"BreadcrumbList","@id":"https:\/\/abora.eu\/kanaren-projekte\/#breadcrumb","itemListElement":[{"@type":"ListItem","position":1,"name":"Start","item":"https:\/\/abora.eu\/"},{"@type":"ListItem","position":2,"name":"Kanaren Projekte"}]},{"@type":"WebSite","@id":"https:\/\/abora.eu\/#website","url":"https:\/\/abora.eu\/","name":"Mission Abora","description":"","publisher":{"@id":"https:\/\/abora.eu\/#\/schema\/person\/953dad30d10fa7d560bb90cff0494e14"},"potentialAction":[{"@type":"SearchAction","target":{"@type":"EntryPoint","urlTemplate":"https:\/\/abora.eu\/?s={search_term_string}"},"query-input":{"@type":"PropertyValueSpecification","valueRequired":true,"valueName":"search_term_string"}}],"inLanguage":"en-US"},{"@type":["Person","Organization"],"@id":"https:\/\/abora.eu\/#\/schema\/person\/953dad30d10fa7d560bb90cff0494e14","name":"Dominique G\u00f6rlitz","image":{"@type":"ImageObject","inLanguage":"en-US","@id":"https:\/\/abora.eu\/wp-content\/uploads\/Logo-1.png","url":"https:\/\/abora.eu\/wp-content\/uploads\/Logo-1.png","contentUrl":"https:\/\/abora.eu\/wp-content\/uploads\/Logo-1.png","width":1371,"height":1284,"caption":"Dominique G\u00f6rlitz"},"logo":{"@id":"https:\/\/abora.eu\/wp-content\/uploads\/Logo-1.png"}}]}},"_links":{"self":[{"href":"https:\/\/abora.eu\/en\/wp-json\/wp\/v2\/pages\/2318","targetHints":{"allow":["GET"]}}],"collection":[{"href":"https:\/\/abora.eu\/en\/wp-json\/wp\/v2\/pages"}],"about":[{"href":"https:\/\/abora.eu\/en\/wp-json\/wp\/v2\/types\/page"}],"author":[{"embeddable":true,"href":"https:\/\/abora.eu\/en\/wp-json\/wp\/v2\/users\/1"}],"replies":[{"embeddable":true,"href":"https:\/\/abora.eu\/en\/wp-json\/wp\/v2\/comments?post=2318"}],"version-history":[{"count":15,"href":"https:\/\/abora.eu\/en\/wp-json\/wp\/v2\/pages\/2318\/revisions"}],"predecessor-version":[{"id":4105,"href":"https:\/\/abora.eu\/en\/wp-json\/wp\/v2\/pages\/2318\/revisions\/4105"}],"wp:attachment":[{"href":"https:\/\/abora.eu\/en\/wp-json\/wp\/v2\/media?parent=2318"}],"curies":[{"name":"wp","href":"https:\/\/api.w.org\/{rel}","templated":true}]}}