{"id":2648,"date":"2026-01-21T15:26:01","date_gmt":"2026-01-21T15:26:01","guid":{"rendered":"https:\/\/abora.neu.cm-rz.de\/?page_id=2648"},"modified":"2026-03-26T15:19:11","modified_gmt":"2026-03-26T15:19:11","slug":"kuba-projekt","status":"publish","type":"page","link":"https:\/\/abora.eu\/en\/kuba-projekt\/","title":{"rendered":"Cuba Project"},"content":{"rendered":"<p>[et_pb_section fb_built=&#8220;1&#8243; _builder_version=&#8220;4.27.6&#8243; _module_preset=&#8220;default&#8220; background_enable_color=&#8220;off&#8220; background_image=&#8220;https:\/\/abora.eu\/wp-content\/uploads\/Bild-01-10.webp&#8220; background_position=&#8220;top_center&#8220; background_vertical_offset=&#8220;72%&#8220; height=&#8220;463px&#8220; hover_enabled=&#8220;0&#8243; global_colors_info=&#8220;{}&#8220; title_text=&#8220;Bild 01&#8243; sticky_enabled=&#8220;0&#8243;][\/et_pb_section][et_pb_section fb_built=&#8220;1&#8243; custom_padding_last_edited=&#8220;on|phone&#8220; _builder_version=&#8220;4.27.5&#8243; _module_preset=&#8220;default&#8220; custom_padding_tablet=&#8220;|40px||40px|false|true&#8220; custom_padding_phone=&#8220;|20px||20px|false|true&#8220; global_colors_info=&#8220;{}&#8220;][et_pb_row _builder_version=&#8220;4.27.5&#8243; _module_preset=&#8220;default&#8220; global_colors_info=&#8220;{}&#8220;][et_pb_column type=&#8220;4_4&#8243; _builder_version=&#8220;4.27.5&#8243; _module_preset=&#8220;default&#8220; global_colors_info=&#8220;{}&#8220;][et_pb_text _builder_version=&#8220;4.27.5&#8243; _dynamic_attributes=&#8220;link_option_url&#8220; _module_preset=&#8220;default&#8220; text_font=&#8220;librefranklin-semibold||||||||&#8220; text_font_size=&#8220;18px&#8220; link_option_url=&#8220;@ET-DC@eyJkeW5hbWljIjp0cnVlLCJjb250ZW50IjoicG9zdF9saW5rX3VybF9wYWdlIiwic2V0dGluZ3MiOnsicG9zdF9pZCI6IjUzIn19@&#8220; global_colors_info=&#8220;{}&#8220; text_text_color__hover_enabled=&#8220;on|hover&#8220; text_text_color__hover=&#8220;#FF9600&#8243;]<\/p>\n<p>zur\u00fcck<\/p>\n<p>[\/et_pb_text][et_pb_text _builder_version=&#8220;4.27.5&#8243; _module_preset=&#8220;default&#8220; custom_margin=&#8220;||10px||false|false&#8220; global_colors_info=&#8220;{}&#8220;]<\/p>\n<h4><strong>Kuba-Entdeckungen:<\/strong><\/h4>\n<p>[\/et_pb_text][et_pb_icon font_icon=&#8220;&#xf03d;||fa||900&#8243; icon_color=&#8220;#FF9600&#8243; icon_width=&#8220;75px&#8220; url=&#8220;http:\/\/www.youtube.com\/watch?v=GIBKK-LaBu4&#8243; url_new_window=&#8220;on&#8220; align=&#8220;left&#8220; align_tablet=&#8220;&#8220; align_phone=&#8220;left&#8220; align_last_edited=&#8220;on|phone&#8220; _builder_version=&#8220;4.27.5&#8243; _module_preset=&#8220;default&#8220; global_colors_info=&#8220;{}&#8220; icon_color__hover_enabled=&#8220;on|hover&#8220; icon_color__hover=&#8220;#003E6D&#8220;][\/et_pb_icon][\/et_pb_column][\/et_pb_row][et_pb_row column_structure=&#8220;1_2,1_2&#8243; _builder_version=&#8220;4.27.5&#8243; _module_preset=&#8220;default&#8220; global_colors_info=&#8220;{}&#8220;][et_pb_column type=&#8220;1_2&#8243; _builder_version=&#8220;4.27.5&#8243; _module_preset=&#8220;default&#8220; global_colors_info=&#8220;{}&#8220;][et_pb_text _builder_version=&#8220;4.27.5&#8243; _module_preset=&#8220;default&#8220; header_2_font_size=&#8220;30px&#8220; global_colors_info=&#8220;{}&#8220;]<\/p>\n<h2>Kuba<\/h2>\n<h3><strong>Felsbilder, Mythen und m\u00f6gliche transatlantische Spuren<\/strong><\/h3>\n<p>[\/et_pb_text][et_pb_text _builder_version=&#8220;4.27.5&#8243; _module_preset=&#8220;default&#8220; global_colors_info=&#8220;{}&#8220;]<\/p>\n<p>Die aktuellen Kuba-Forschungen des <a href=\"\/abora-1-4\">ABORA<\/a>-Teams gehen auf die enge Zusammenarbeit von Dr. Dominique G\u00f6rlitz mit <strong>Prof. Armando Rangel<\/strong> (Universit\u00e4t Havanna) und<strong>\u00a0Esteban Grau<\/strong> (Universit\u00e4t Matanzas) zur\u00fcck. Seit mehr als zwei Jahren widmen sich die Forscher gemeinsam der Frage, ob es bereits vor Kolumbus kulturelle und maritime Kontakte zwischen der Alten und der Neuen Welt gegeben haben k\u00f6nnte. W\u00e4hrend Prof. Rangel in Havanna anhand musealer Befunde \u2013 darunter Mumien, Steinschleudern und weitere Artefakte \u2013 auf m\u00f6gliche externe Einfl\u00fcsse hinwies, f\u00fchrte Prof. Grau G\u00f6rlitz in eine der bedeutendsten Fundst\u00e4tten Kubas ein: die Cueva Ambrosio auf der Halbinsel Varadero.<\/p>\n<p>Diese H\u00f6hle erweist sich als ein au\u00dfergew\u00f6hnliches Archiv pr\u00e4historischer Symbolik. Ihr herausragendster Befund ist die Darstellung eines Schilfbootes in roter Farbe, das in frappierender Weise nahezu alle charakteristischen Merkmale eines pr\u00e4dynastischen Schilfseglers der ober\u00e4gyptischen Negada-III-Kultur (um 3.100 v. Chr.) aufweist. Zu erkennen sind ein Dreieck-Quersegel, Bug- und Achterkabine, markante Stevenformen \u2013 und bemerkenswerterweise sogar mehrere Seitenschwerter am Vorderschiff. Eine solche Detailgenauigkeit ist weder aus der bekannten indigenen Bildsprache der Karibik noch aus rein funktionalen Darstellungen zu erkl\u00e4ren.<\/p>\n<p>Doch die Cueva Ambrosio birgt noch weit mehr. Astro-arch\u00e4ologische Motive zeigen Konstellationen der Plejaden und Hyaden in Verbindung mit dem durchziehenden Mond. Dr. Michael Rappengl\u00fcck ordnet diese Darstellungen der Astro-Mythologie des \u00f6stlichen Mittelmeerraums zu. Hinzu kommen zahlreiche konzentrische Spiralen, Symbolformen und kartografisch anmutende Zeichnungen, die nahezu identisch auf den Kanaren, in S\u00fcdspanien, auf Sardinien (Nuraghenkultur) sowie in Teilen des Mittelmeerraums auftreten. Diese formalen \u00dcbereinstimmungen \u00fcberschreiten deutlich den Rahmen zuf\u00e4lliger Parallelentwicklungen.<\/p>\n<p>[\/et_pb_text][\/et_pb_column][et_pb_column type=&#8220;1_2&#8243; _builder_version=&#8220;4.27.5&#8243; _module_preset=&#8220;default&#8220; global_colors_info=&#8220;{}&#8220;][et_pb_image src=&#8220;https:\/\/abora.eu\/wp-content\/uploads\/Bild-03-12.webp&#8220; title_text=&#8220;Bild 03&#8243; show_in_lightbox=&#8220;on&#8220; _builder_version=&#8220;4.27.6&#8243; _module_preset=&#8220;default&#8220; hover_enabled=&#8220;0&#8243; border_radii=&#8220;on|20px|20px|20px|20px&#8220; global_colors_info=&#8220;{}&#8220; sticky_enabled=&#8220;0&#8243;][\/et_pb_image][et_pb_text _builder_version=&#8220;4.27.5&#8243; _module_preset=&#8220;default&#8220; global_colors_info=&#8220;{}&#8220;]<\/p>\n<p><em>Thor Heyerdahl und seine Frau Jacqueline mit Fidel Castro (oben). Heyerdahl wurde sehr fr\u00fch auf die erstaunlichen \u00c4hnlichkeiten zwischen der Alten und Neuen Welt auf Kuba aufmerksam. Pr\u00e4sident Castro f\u00fchrte ihn mehrfach in uralte D\u00f6rfer im SO von Kuba, in denen angeblich noch die Nachfahren kanarischer Ureinwohner lebten.\u00a0<\/em><em>Das Bild unten zeigt Prof. Armando Rangel.<\/em><\/p>\n<p>[\/et_pb_text][et_pb_image src=&#8220;https:\/\/abora.eu\/wp-content\/uploads\/Prof.-Amando-Rangel-01-1.webp&#8220; title_text=&#8220;Prof. Amando Rangel 01&#8243; show_in_lightbox=&#8220;on&#8220; _builder_version=&#8220;4.27.6&#8243; _module_preset=&#8220;default&#8220; hover_enabled=&#8220;0&#8243; border_radii=&#8220;on|20px|20px|20px|20px&#8220; global_colors_info=&#8220;{}&#8220; sticky_enabled=&#8220;0&#8243;][\/et_pb_image][\/et_pb_column][\/et_pb_row][et_pb_row column_structure=&#8220;1_2,1_2&#8243; _builder_version=&#8220;4.27.5&#8243; _module_preset=&#8220;default&#8220; global_colors_info=&#8220;{}&#8220;][et_pb_column type=&#8220;1_2&#8243; _builder_version=&#8220;4.27.5&#8243; _module_preset=&#8220;default&#8220; global_colors_info=&#8220;{}&#8220;][et_pb_image src=&#8220;https:\/\/abora.eu\/wp-content\/uploads\/DSC_1172-1-scaled.webp&#8220; title_text=&#8220;DSC_1172&#8243; show_in_lightbox=&#8220;on&#8220; _builder_version=&#8220;4.27.6&#8243; _module_preset=&#8220;default&#8220; hover_enabled=&#8220;0&#8243; border_radii=&#8220;on|20px|20px|20px|20px&#8220; global_colors_info=&#8220;{}&#8220; sticky_enabled=&#8220;0&#8243;][\/et_pb_image][\/et_pb_column][et_pb_column type=&#8220;1_2&#8243; _builder_version=&#8220;4.27.5&#8243; _module_preset=&#8220;default&#8220; global_colors_info=&#8220;{}&#8220;][et_pb_text _builder_version=&#8220;4.27.5&#8243; _module_preset=&#8220;default&#8220; global_colors_info=&#8220;{}&#8220;]<\/p>\n<p>Vor diesem Hintergrund entschied sich das ABORA-Wissenschaftsteam, im M\u00e4rz 2026 eine gezielte Datierungsmission nach Kuba durchzuf\u00fchren. Neben der Cueva Ambrosio soll auch die s\u00fcdlichste Insel Kubas, die Isla de la Juventud, untersucht werden. Besonders im Osten der Insel (Punta del Este) existieren bislang kaum erforschte H\u00f6hlen mit umfangreichen Felsbildern. Erste Aufnahmen, die Esteban Grau dem Team \u00fcbermittelte, zeigen Motive, die sowohl an maya-zeitliche Darstellungen als auch an altmesopotamische Symbolik erinnern. Eine spezielle Darstellung rief bei Dr. Rappengl\u00fcck besonderes Interesse hervor, da sie nahezu identisch auf altsumerischen Rollsiegeln erscheint.<\/p>\n<p>Bereits im Februar 2025 stellte Dominique G\u00f6rlitz die Ziele und Hintergr\u00fcnde dieser gemeinsamen Kuba-Forschung im Rahmen einer internationalen wissenschaftlichen Konferenz in Havanna unter der Leitung von Armando Rangel vor. Damit wurde das Projekt fr\u00fchzeitig in einen offenen, akademischen Diskurs eingebettet.<\/p>\n<p>[\/et_pb_text][\/et_pb_column][\/et_pb_row][et_pb_row column_structure=&#8220;1_2,1_2&#8243; _builder_version=&#8220;4.27.5&#8243; _module_preset=&#8220;default&#8220; global_colors_info=&#8220;{}&#8220;][et_pb_column type=&#8220;1_2&#8243; _builder_version=&#8220;4.27.5&#8243; _module_preset=&#8220;default&#8220; global_colors_info=&#8220;{}&#8220;][et_pb_image src=&#8220;https:\/\/abora.eu\/wp-content\/uploads\/Varadero-Boat-Nachzeichnung-o.-Begriffe-1.webp&#8220; title_text=&#8220;Varadero Boat Nachzeichnung o. Begriffe&#8220; show_in_lightbox=&#8220;on&#8220; _builder_version=&#8220;4.27.6&#8243; _module_preset=&#8220;default&#8220; hover_enabled=&#8220;0&#8243; border_radii=&#8220;on|20px|20px|20px|20px&#8220; global_colors_info=&#8220;{}&#8220; sticky_enabled=&#8220;0&#8243;][\/et_pb_image][et_pb_text _builder_version=&#8220;4.27.5&#8243; _module_preset=&#8220;default&#8220; global_colors_info=&#8220;{}&#8220;]<\/p>\n<p><em>Das Schiffsbild aus der Cueva Ambrosio. Es zeigt beinahe alle nautischen und technischen Merkmale der pr\u00e4dynastischen Schilfboote der Negade-Kulturen. \u00dcberdies finden wir beinahe identische Schiffsbilder auch in S-Spanien und auf Teneriffa.<\/em><\/p>\n<p>[\/et_pb_text][\/et_pb_column][et_pb_column type=&#8220;1_2&#8243; _builder_version=&#8220;4.27.5&#8243; _module_preset=&#8220;default&#8220; global_colors_info=&#8220;{}&#8220;][et_pb_image src=&#8220;https:\/\/abora.eu\/wp-content\/uploads\/Varadero-Boat-dt-Interpretation-1.webp&#8220; title_text=&#8220;Varadero Boat dt Interpretation&#8220; show_in_lightbox=&#8220;on&#8220; _builder_version=&#8220;4.27.6&#8243; _module_preset=&#8220;default&#8220; hover_enabled=&#8220;0&#8243; border_radii=&#8220;on|20px|20px|20px|20px&#8220; global_colors_info=&#8220;{}&#8220; sticky_enabled=&#8220;0&#8243;][\/et_pb_image][et_pb_text _builder_version=&#8220;4.27.5&#8243; _module_preset=&#8220;default&#8220; global_colors_info=&#8220;{}&#8220;]<\/p>\n<p><em>Dominique G\u00f6rlitz interpretiert diese Darstellungen auf der rechten Seite nach seinen Jahrzehnte langen Erfahrungen. Die Bezeichnungen geben die Teile der Takelage wieder. Besonders auff\u00e4llig ist das Dreieck-Quersegel, das auch ein wenig an ein noch moderneres Lugger-Segel erinnert. Aber auch die anderen Details \u00e4hneln erstaunlich ihren vermeintlichen Vorbildern in der Alten Welt.<\/em><\/p>\n<p>[\/et_pb_text][\/et_pb_column][\/et_pb_row][et_pb_row column_structure=&#8220;1_2,1_2&#8243; _builder_version=&#8220;4.27.5&#8243; _module_preset=&#8220;default&#8220; global_colors_info=&#8220;{}&#8220;][et_pb_column type=&#8220;1_2&#8243; _builder_version=&#8220;4.27.5&#8243; _module_preset=&#8220;default&#8220; global_colors_info=&#8220;{}&#8220;][\/et_pb_column][et_pb_column type=&#8220;1_2&#8243; _builder_version=&#8220;4.27.5&#8243; _module_preset=&#8220;default&#8220; global_colors_info=&#8220;{}&#8220;][et_pb_text _builder_version=&#8220;4.27.5&#8243; _module_preset=&#8220;default&#8220; global_colors_info=&#8220;{}&#8220;]<\/p>\n<h3>Fazit und Ausblick<\/h3>\n<p>[\/et_pb_text][\/et_pb_column][\/et_pb_row][et_pb_row column_structure=&#8220;1_2,1_2&#8243; _builder_version=&#8220;4.27.5&#8243; _module_preset=&#8220;default&#8220; global_colors_info=&#8220;{}&#8220;][et_pb_column type=&#8220;1_2&#8243; _builder_version=&#8220;4.27.5&#8243; _module_preset=&#8220;default&#8220; global_colors_info=&#8220;{}&#8220;][et_pb_image src=&#8220;https:\/\/abora.eu\/wp-content\/uploads\/DSC_0680-2-scaled.webp&#8220; title_text=&#8220;DSC_0680&#8243; show_in_lightbox=&#8220;on&#8220; _builder_version=&#8220;4.27.6&#8243; _module_preset=&#8220;default&#8220; hover_enabled=&#8220;0&#8243; border_radii=&#8220;on|20px|20px|20px|20px&#8220; global_colors_info=&#8220;{}&#8220; sticky_enabled=&#8220;0&#8243;][\/et_pb_image][\/et_pb_column][et_pb_column type=&#8220;1_2&#8243; _builder_version=&#8220;4.27.5&#8243; _module_preset=&#8220;default&#8220; global_colors_info=&#8220;{}&#8220;][et_pb_text _builder_version=&#8220;4.27.5&#8243; _module_preset=&#8220;default&#8220; global_colors_info=&#8220;{}&#8220;]<\/p>\n<p>Die Kuba-Forschungen kn\u00fcpfen bewusst an \u00e4ltere, heute weitgehend verdr\u00e4ngte Erkenntnistraditionen an. Bereits Alexander von Humboldt und der Freiherr von Braunschweig hatten im 19. Jahrhundert auf auff\u00e4llige kulturelle Parallelen zwischen der Karibik, den Kanaren und sogar dem \u00f6stlichen Mittelmeerraum hingewiesen. Ihre Beobachtungen wurden sp\u00e4ter zugunsten eines strikt isolationistischen Weltbildes marginalisiert. Die aktuellen Befunde aus Kuba geben Anlass, diese fr\u00fchen Einsichten neu zu bewerten.<\/p>\n<p>Sollten die geplanten naturwissenschaftlichen Datierungen die vermuteten Alter best\u00e4tigen, w\u00fcrde sich ein kultureller Horizont abzeichnen, der weit \u00fcber lokale Entwicklungen hinausweist. In diesem Fall werden die Ergebnisse als Teil der wissenschaftlich-kulturellen Ladung an Bord der ABORA V eine weltweite Verbreitung finden. Ziel ist es nicht, alte Gewissheiten vorschnell zu ersetzen, sondern eine offene Debatte dar\u00fcber zu erm\u00f6glichen, ob fr\u00fche Seefahrer \u2013 lange vor der Antike \u2013 bereits den Atlantik als verbindenden Raum verstanden haben k\u00f6nnten.<\/p>\n<p>[\/et_pb_text][\/et_pb_column][\/et_pb_row][et_pb_row column_structure=&#8220;1_2,1_2&#8243; _builder_version=&#8220;4.27.5&#8243; _module_preset=&#8220;default&#8220; global_colors_info=&#8220;{}&#8220;][et_pb_column type=&#8220;1_2&#8243; _builder_version=&#8220;4.27.5&#8243; _module_preset=&#8220;default&#8220; global_colors_info=&#8220;{}&#8220;][et_pb_image src=&#8220;https:\/\/abora.eu\/wp-content\/uploads\/Taetovierungen-1.webp&#8220; title_text=&#8220;T\u00e4tovierungen&#8220; show_in_lightbox=&#8220;on&#8220; _builder_version=&#8220;4.27.6&#8243; _module_preset=&#8220;default&#8220; width=&#8220;107%&#8220; hover_enabled=&#8220;0&#8243; border_radii=&#8220;on|20px|20px|20px|20px&#8220; global_colors_info=&#8220;{}&#8220; sticky_enabled=&#8220;0&#8243;][\/et_pb_image][et_pb_text _builder_version=&#8220;4.27.5&#8243; _module_preset=&#8220;default&#8220; global_colors_info=&#8220;{}&#8220;]<\/p>\n<p><em>Dieses von den Kanaren stammende Bild nutzte schon Freiherr von Braunschweig, um auf die erstaunlichen Parallelen zwischen den Kanaren und Kuba zu verweisen. Insbesondere die T\u00e4towierungen, Mumifikationspraktiken und Trepanationstechniken verbinden die beiden Archipele auf beiden Seiten des Atlantiks.<\/em><\/p>\n<p>[\/et_pb_text][\/et_pb_column][et_pb_column type=&#8220;1_2&#8243; _builder_version=&#8220;4.27.5&#8243; _module_preset=&#8220;default&#8220; global_colors_info=&#8220;{}&#8220;][et_pb_image src=&#8220;https:\/\/abora.eu\/wp-content\/uploads\/DSC_1105-1-scaled.webp&#8220; title_text=&#8220;DSC_1105&#8243; show_in_lightbox=&#8220;on&#8220; _builder_version=&#8220;4.27.6&#8243; _module_preset=&#8220;default&#8220; width=&#8220;90%&#8220; filter_saturate=&#8220;184%&#8220; hover_enabled=&#8220;0&#8243; border_radii=&#8220;on|20px|20px|20px|20px&#8220; global_colors_info=&#8220;{}&#8220; sticky_enabled=&#8220;0&#8243;][\/et_pb_image][et_pb_text _builder_version=&#8220;4.27.5&#8243; _module_preset=&#8220;default&#8220; global_colors_info=&#8220;{}&#8220;]<\/p>\n<p><em>Diese astronomische Darstellung ist ebenso bedeutsam. Sie zeigt uns die Plejaden mit einer klassischen Mondwende. Doch auf der rechten Bildseite erkennt Rappengl\u00fcck die typische Darstellungsweise der Hyaden. Sie wurden schon im \u00f6stlichen Mittelmeerraum als Fischernetz dargestellt: Das Netz, das am Himmel den Mond wieder einf\u00e4ngt und zur\u00fcck zu den Plejaden schickt. Wie kommt so eine Ikonographie in die Neue Welt?<\/em><\/p>\n<p>[\/et_pb_text][\/et_pb_column][\/et_pb_row][et_pb_row column_structure=&#8220;1_2,1_2&#8243; _builder_version=&#8220;4.27.5&#8243; _module_preset=&#8220;default&#8220; global_colors_info=&#8220;{}&#8220;][et_pb_column type=&#8220;1_2&#8243; _builder_version=&#8220;4.27.5&#8243; _module_preset=&#8220;default&#8220; global_colors_info=&#8220;{}&#8220;][et_pb_text _builder_version=&#8220;4.27.5&#8243; _dynamic_attributes=&#8220;link_option_url&#8220; _module_preset=&#8220;default&#8220; text_font=&#8220;librefranklin-semibold||||||||&#8220; text_font_size=&#8220;18px&#8220; link_option_url=&#8220;@ET-DC@eyJkeW5hbWljIjp0cnVlLCJjb250ZW50IjoicG9zdF9saW5rX3VybF9wYWdlIiwic2V0dGluZ3MiOnsicG9zdF9pZCI6IjUzIn19@&#8220; global_colors_info=&#8220;{}&#8220; text_text_color__hover_enabled=&#8220;on|hover&#8220; text_text_color__hover=&#8220;#FF9600&#8243;]<\/p>\n<p>zur\u00fcck<\/p>\n<p>[\/et_pb_text][\/et_pb_column][et_pb_column type=&#8220;1_2&#8243; _builder_version=&#8220;4.27.5&#8243; _module_preset=&#8220;default&#8220; global_colors_info=&#8220;{}&#8220;][\/et_pb_column][\/et_pb_row][\/et_pb_section]<\/p>\n","protected":false},"excerpt":{"rendered":"<p>zur\u00fcckKuba-Entdeckungen:Kuba Felsbilder, Mythen und m\u00f6gliche transatlantische SpurenDie aktuellen Kuba-Forschungen des ABORA-Teams gehen auf die enge Zusammenarbeit von Dr. Dominique G\u00f6rlitz mit Prof. Armando Rangel (Universit\u00e4t Havanna) und\u00a0Esteban Grau (Universit\u00e4t Matanzas) zur\u00fcck. Seit mehr als zwei Jahren widmen sich die Forscher gemeinsam der Frage, ob es bereits vor Kolumbus kulturelle und maritime Kontakte zwischen der Alten [&hellip;]<\/p>\n","protected":false},"author":1,"featured_media":0,"parent":0,"menu_order":0,"comment_status":"closed","ping_status":"closed","template":"","meta":{"_et_pb_use_builder":"on","_et_pb_old_content":"","_et_gb_content_width":"","footnotes":""},"class_list":["post-2648","page","type-page","status-publish","hentry"],"yoast_head":"<!-- This site is optimized with the Yoast SEO plugin v27.3 - https:\/\/yoast.com\/product\/yoast-seo-wordpress\/ -->\n<title>Kuba-Projekt - Mission Abora<\/title>\n<meta name=\"description\" content=\"Kuba-Forschungen des ABORA-Teams: Schilfboote, Felsbilder und m\u00f6gliche transatlantische Kontakte vor Kolumbus.\" \/>\n<meta name=\"robots\" content=\"index, follow, max-snippet:-1, max-image-preview:large, max-video-preview:-1\" \/>\n<link rel=\"canonical\" href=\"https:\/\/abora.eu\/en\/kuba-projekt\/\" \/>\n<meta property=\"og:locale\" content=\"en_US\" \/>\n<meta property=\"og:type\" content=\"article\" \/>\n<meta property=\"og:title\" content=\"Kuba-Projekt - Mission Abora\" \/>\n<meta property=\"og:description\" content=\"Kuba-Forschungen des ABORA-Teams: Schilfboote, Felsbilder und m\u00f6gliche transatlantische Kontakte vor Kolumbus.\" \/>\n<meta property=\"og:url\" content=\"https:\/\/abora.eu\/en\/kuba-projekt\/\" \/>\n<meta property=\"og:site_name\" content=\"Mission Abora\" \/>\n<meta property=\"article:modified_time\" content=\"2026-03-26T15:19:11+00:00\" \/>\n<meta name=\"twitter:card\" content=\"summary_large_image\" \/>\n<meta name=\"twitter:label1\" content=\"Est. reading time\" \/>\n\t<meta name=\"twitter:data1\" content=\"6 minutes\" \/>\n<script type=\"application\/ld+json\" class=\"yoast-schema-graph\">{\"@context\":\"https:\\\/\\\/schema.org\",\"@graph\":[{\"@type\":\"WebPage\",\"@id\":\"https:\\\/\\\/abora.eu\\\/kuba-projekt\\\/\",\"url\":\"https:\\\/\\\/abora.eu\\\/kuba-projekt\\\/\",\"name\":\"Kuba-Projekt - Mission Abora\",\"isPartOf\":{\"@id\":\"https:\\\/\\\/abora.eu\\\/#website\"},\"datePublished\":\"2026-01-21T15:26:01+00:00\",\"dateModified\":\"2026-03-26T15:19:11+00:00\",\"description\":\"Kuba-Forschungen des ABORA-Teams: Schilfboote, Felsbilder und m\u00f6gliche transatlantische Kontakte vor Kolumbus.\",\"breadcrumb\":{\"@id\":\"https:\\\/\\\/abora.eu\\\/kuba-projekt\\\/#breadcrumb\"},\"inLanguage\":\"en-US\",\"potentialAction\":[{\"@type\":\"ReadAction\",\"target\":[\"https:\\\/\\\/abora.eu\\\/kuba-projekt\\\/\"]}]},{\"@type\":\"BreadcrumbList\",\"@id\":\"https:\\\/\\\/abora.eu\\\/kuba-projekt\\\/#breadcrumb\",\"itemListElement\":[{\"@type\":\"ListItem\",\"position\":1,\"name\":\"Start\",\"item\":\"https:\\\/\\\/abora.eu\\\/\"},{\"@type\":\"ListItem\",\"position\":2,\"name\":\"Kuba-Projekt\"}]},{\"@type\":\"WebSite\",\"@id\":\"https:\\\/\\\/abora.eu\\\/#website\",\"url\":\"https:\\\/\\\/abora.eu\\\/\",\"name\":\"Mission Abora\",\"description\":\"\",\"publisher\":{\"@id\":\"https:\\\/\\\/abora.eu\\\/#\\\/schema\\\/person\\\/953dad30d10fa7d560bb90cff0494e14\"},\"potentialAction\":[{\"@type\":\"SearchAction\",\"target\":{\"@type\":\"EntryPoint\",\"urlTemplate\":\"https:\\\/\\\/abora.eu\\\/?s={search_term_string}\"},\"query-input\":{\"@type\":\"PropertyValueSpecification\",\"valueRequired\":true,\"valueName\":\"search_term_string\"}}],\"inLanguage\":\"en-US\"},{\"@type\":[\"Person\",\"Organization\"],\"@id\":\"https:\\\/\\\/abora.eu\\\/#\\\/schema\\\/person\\\/953dad30d10fa7d560bb90cff0494e14\",\"name\":\"Dominique G\u00f6rlitz\",\"image\":{\"@type\":\"ImageObject\",\"inLanguage\":\"en-US\",\"@id\":\"https:\\\/\\\/abora.eu\\\/wp-content\\\/uploads\\\/Logo-1.png\",\"url\":\"https:\\\/\\\/abora.eu\\\/wp-content\\\/uploads\\\/Logo-1.png\",\"contentUrl\":\"https:\\\/\\\/abora.eu\\\/wp-content\\\/uploads\\\/Logo-1.png\",\"width\":1371,\"height\":1284,\"caption\":\"Dominique G\u00f6rlitz\"},\"logo\":{\"@id\":\"https:\\\/\\\/abora.eu\\\/wp-content\\\/uploads\\\/Logo-1.png\"}}]}<\/script>\n<!-- \/ Yoast SEO plugin. -->","yoast_head_json":{"title":"Kuba-Projekt - Mission Abora","description":"Kuba-Forschungen des ABORA-Teams: Schilfboote, Felsbilder und m\u00f6gliche transatlantische Kontakte vor Kolumbus.","robots":{"index":"index","follow":"follow","max-snippet":"max-snippet:-1","max-image-preview":"max-image-preview:large","max-video-preview":"max-video-preview:-1"},"canonical":"https:\/\/abora.eu\/en\/kuba-projekt\/","og_locale":"en_US","og_type":"article","og_title":"Kuba-Projekt - Mission Abora","og_description":"Kuba-Forschungen des ABORA-Teams: Schilfboote, Felsbilder und m\u00f6gliche transatlantische Kontakte vor Kolumbus.","og_url":"https:\/\/abora.eu\/en\/kuba-projekt\/","og_site_name":"Mission Abora","article_modified_time":"2026-03-26T15:19:11+00:00","twitter_card":"summary_large_image","twitter_misc":{"Est. reading time":"6 minutes"},"schema":{"@context":"https:\/\/schema.org","@graph":[{"@type":"WebPage","@id":"https:\/\/abora.eu\/kuba-projekt\/","url":"https:\/\/abora.eu\/kuba-projekt\/","name":"Kuba-Projekt - Mission Abora","isPartOf":{"@id":"https:\/\/abora.eu\/#website"},"datePublished":"2026-01-21T15:26:01+00:00","dateModified":"2026-03-26T15:19:11+00:00","description":"Kuba-Forschungen des ABORA-Teams: Schilfboote, Felsbilder und m\u00f6gliche transatlantische Kontakte vor Kolumbus.","breadcrumb":{"@id":"https:\/\/abora.eu\/kuba-projekt\/#breadcrumb"},"inLanguage":"en-US","potentialAction":[{"@type":"ReadAction","target":["https:\/\/abora.eu\/kuba-projekt\/"]}]},{"@type":"BreadcrumbList","@id":"https:\/\/abora.eu\/kuba-projekt\/#breadcrumb","itemListElement":[{"@type":"ListItem","position":1,"name":"Start","item":"https:\/\/abora.eu\/"},{"@type":"ListItem","position":2,"name":"Kuba-Projekt"}]},{"@type":"WebSite","@id":"https:\/\/abora.eu\/#website","url":"https:\/\/abora.eu\/","name":"Mission Abora","description":"","publisher":{"@id":"https:\/\/abora.eu\/#\/schema\/person\/953dad30d10fa7d560bb90cff0494e14"},"potentialAction":[{"@type":"SearchAction","target":{"@type":"EntryPoint","urlTemplate":"https:\/\/abora.eu\/?s={search_term_string}"},"query-input":{"@type":"PropertyValueSpecification","valueRequired":true,"valueName":"search_term_string"}}],"inLanguage":"en-US"},{"@type":["Person","Organization"],"@id":"https:\/\/abora.eu\/#\/schema\/person\/953dad30d10fa7d560bb90cff0494e14","name":"Dominique G\u00f6rlitz","image":{"@type":"ImageObject","inLanguage":"en-US","@id":"https:\/\/abora.eu\/wp-content\/uploads\/Logo-1.png","url":"https:\/\/abora.eu\/wp-content\/uploads\/Logo-1.png","contentUrl":"https:\/\/abora.eu\/wp-content\/uploads\/Logo-1.png","width":1371,"height":1284,"caption":"Dominique G\u00f6rlitz"},"logo":{"@id":"https:\/\/abora.eu\/wp-content\/uploads\/Logo-1.png"}}]}},"_links":{"self":[{"href":"https:\/\/abora.eu\/en\/wp-json\/wp\/v2\/pages\/2648","targetHints":{"allow":["GET"]}}],"collection":[{"href":"https:\/\/abora.eu\/en\/wp-json\/wp\/v2\/pages"}],"about":[{"href":"https:\/\/abora.eu\/en\/wp-json\/wp\/v2\/types\/page"}],"author":[{"embeddable":true,"href":"https:\/\/abora.eu\/en\/wp-json\/wp\/v2\/users\/1"}],"replies":[{"embeddable":true,"href":"https:\/\/abora.eu\/en\/wp-json\/wp\/v2\/comments?post=2648"}],"version-history":[{"count":37,"href":"https:\/\/abora.eu\/en\/wp-json\/wp\/v2\/pages\/2648\/revisions"}],"predecessor-version":[{"id":4157,"href":"https:\/\/abora.eu\/en\/wp-json\/wp\/v2\/pages\/2648\/revisions\/4157"}],"wp:attachment":[{"href":"https:\/\/abora.eu\/en\/wp-json\/wp\/v2\/media?parent=2648"}],"curies":[{"name":"wp","href":"https:\/\/api.w.org\/{rel}","templated":true}]}}