{"id":2711,"date":"2026-01-21T16:27:46","date_gmt":"2026-01-21T16:27:46","guid":{"rendered":"https:\/\/abora.neu.cm-rz.de\/?page_id=2711"},"modified":"2026-03-26T15:44:12","modified_gmt":"2026-03-26T15:44:12","slug":"fruehkartographie","status":"publish","type":"page","link":"https:\/\/abora.eu\/en\/fruehkartographie\/","title":{"rendered":"Early cartography"},"content":{"rendered":"<p>[et_pb_section fb_built=&#8220;1&#8243; _builder_version=&#8220;4.27.6&#8243; _module_preset=&#8220;default&#8220; background_enable_color=&#8220;off&#8220; background_image=&#8220;https:\/\/abora.eu\/wp-content\/uploads\/Totale-Hudson-Bay_Groenland-1.webp&#8220; background_position=&#8220;top_center&#8220; background_vertical_offset=&#8220;36%&#8220; height=&#8220;463px&#8220; hover_enabled=&#8220;0&#8243; global_colors_info=&#8220;{}&#8220; title_text=&#8220;Totale Hudson Bay_Gr\u00f6nland&#8220; sticky_enabled=&#8220;0&#8243;][\/et_pb_section][et_pb_section fb_built=&#8220;1&#8243; custom_padding_last_edited=&#8220;on|phone&#8220; _builder_version=&#8220;4.27.5&#8243; _module_preset=&#8220;default&#8220; custom_padding_tablet=&#8220;|40px||40px|false|true&#8220; custom_padding_phone=&#8220;|20px||20px|false|true&#8220; global_colors_info=&#8220;{}&#8220;][et_pb_row _builder_version=&#8220;4.27.5&#8243; _module_preset=&#8220;default&#8220; global_colors_info=&#8220;{}&#8220;][et_pb_column type=&#8220;4_4&#8243; _builder_version=&#8220;4.27.5&#8243; _module_preset=&#8220;default&#8220; global_colors_info=&#8220;{}&#8220;][et_pb_text _builder_version=&#8220;4.27.5&#8243; _dynamic_attributes=&#8220;link_option_url&#8220; _module_preset=&#8220;default&#8220; text_font=&#8220;librefranklin-semibold||||||||&#8220; text_font_size=&#8220;18px&#8220; link_option_url=&#8220;@ET-DC@eyJkeW5hbWljIjp0cnVlLCJjb250ZW50IjoicG9zdF9saW5rX3VybF9wYWdlIiwic2V0dGluZ3MiOnsicG9zdF9pZCI6IjUzIn19@&#8220; global_colors_info=&#8220;{}&#8220; text_text_color__hover_enabled=&#8220;on|hover&#8220; text_text_color__hover=&#8220;#FF9600&#8243;]<\/p>\n<p>zur\u00fcck<\/p>\n<p>[\/et_pb_text][et_pb_text _builder_version=&#8220;4.27.5&#8243; _module_preset=&#8220;default&#8220; header_2_font_size=&#8220;30px&#8220; global_colors_info=&#8220;{}&#8220;]<\/p>\n<h2>Fr\u00fchkartografie<\/h2>\n<h3>R\u00e4tsel alter Weltbilder<\/h3>\n<p>[\/et_pb_text][\/et_pb_column][\/et_pb_row][et_pb_row _builder_version=&#8220;4.27.5&#8243; _module_preset=&#8220;default&#8220; global_colors_info=&#8220;{}&#8220;][et_pb_column type=&#8220;4_4&#8243; _builder_version=&#8220;4.27.5&#8243; _module_preset=&#8220;default&#8220; global_colors_info=&#8220;{}&#8220;][et_pb_text _builder_version=&#8220;4.27.5&#8243; _module_preset=&#8220;default&#8220; global_colors_info=&#8220;{}&#8220;]<\/p>\n<p>Die Geschichte der europ\u00e4ischen Kartographie beginnt nach g\u00e4ngiger Lehrmeinung erst mit den gro\u00dfen Entdeckungsfahrten der Fr\u00fchen Neuzeit. Doch mehrere Kartenwerke des fr\u00fchen 16.\u00a0Jahrhunderts stellen dieses Narrativ infrage. Sie zeigen eine Welt, deren geografische Genauigkeit eigentlich erst Jahrhunderte sp\u00e4ter erreicht worden sein d\u00fcrfte.<\/p>\n<p>Besonders vier Werke gelten bis heute als R\u00e4tsel der Kartographie:<\/p>\n<ul>\n<li>die Waldseem\u00fcller-Karte von 1507, die erstmals den amerikanischen Doppelkontinent und den Pazifik darstellt,<\/li>\n<li>die Piri-Reis-Karte von 1513, die K\u00fcsten der Antarktis ohne die Drake-Stra\u00dfe zeigt,<\/li>\n<li>die Finaeus-Karte von 1531, welche die Antarktis nahezu vollst\u00e4ndig abbildet,<\/li>\n<li>sowie der Gothaer Marmorglobus von 1533 mit einer erstaunlich korrekten Darstellung S\u00fcdamerikas und der Nordostausrichtung des Amazonas.<\/li>\n<\/ul>\n<p>Diese Karten wirken in ihrer Pr\u00e4zision \u00fcberraschend modern. K\u00fcstenverl\u00e4ufe sind in weiten Teilen korrekt wiedergegeben, lange bevor europ\u00e4ische Seefahrer diese Regionen systematisch erkundet hatten. Besonders irritierend ist, dass sp\u00e4tere Karten diese Genauigkeit zun\u00e4chst nicht verbesserten. Teilweise vergingen bis zu 250 Jahre, ehe vergleichbare Darstellungen erneut erreicht wurden. Dies wirft eine bis heute unbeantwortete Frage auf: Beruhten diese fr\u00fchen Karten auf \u00e4lteren, m\u00f6glicherweise antiken oder sogar pr\u00e4historischen Quellen?<\/p>\n<p>[\/et_pb_text][\/et_pb_column][\/et_pb_row][et_pb_row column_structure=&#8220;1_2,1_2&#8243; _builder_version=&#8220;4.27.5&#8243; _module_preset=&#8220;default&#8220; global_colors_info=&#8220;{}&#8220;][et_pb_column type=&#8220;1_2&#8243; _builder_version=&#8220;4.27.5&#8243; _module_preset=&#8220;default&#8220; global_colors_info=&#8220;{}&#8220;][et_pb_image src=&#8220;https:\/\/abora.eu\/wp-content\/uploads\/Waldseemueller-1507_Klein-1.webp&#8220; title_text=&#8220;Waldseem\u00fcller 1507_Klein&#8220; show_in_lightbox=&#8220;on&#8220; _builder_version=&#8220;4.27.6&#8243; _module_preset=&#8220;default&#8220; hover_enabled=&#8220;0&#8243; border_radii=&#8220;on|20px|20px|20px|20px&#8220; global_colors_info=&#8220;{}&#8220; sticky_enabled=&#8220;0&#8243;][\/et_pb_image][et_pb_text _builder_version=&#8220;4.27.5&#8243; _module_preset=&#8220;default&#8220; global_colors_info=&#8220;{}&#8220;]<\/p>\n<p><em>Die Waldseem\u00fcller-Karte von 1507 zeigt erstmals den amerikanischen Doppelkontinenten (links).<\/em><\/p>\n<p>[\/et_pb_text][et_pb_image src=&#8220;https:\/\/abora.eu\/wp-content\/uploads\/Finaeus-1531-1.webp&#8220; title_text=&#8220;Finaeus 1531&#8243; show_in_lightbox=&#8220;on&#8220; _builder_version=&#8220;4.27.6&#8243; _module_preset=&#8220;default&#8220; hover_enabled=&#8220;0&#8243; border_radii=&#8220;on|20px|20px|20px|20px&#8220; global_colors_info=&#8220;{}&#8220; sticky_enabled=&#8220;0&#8243;][\/et_pb_image][et_pb_text _builder_version=&#8220;4.27.5&#8243; _module_preset=&#8220;default&#8220; global_colors_info=&#8220;{}&#8220;]<\/p>\n<p><em>Die Finaeus-Karte (1531) zeigt erstmals eine vollst\u00e4ndige und vor allem realistische Antarktis (links).<\/em><\/p>\n<p>[\/et_pb_text][et_pb_image src=&#8220;https:\/\/abora.eu\/wp-content\/uploads\/DSC_0019-1-scaled.webp&#8220; title_text=&#8220;DSC_0019&#8243; show_in_lightbox=&#8220;on&#8220; _builder_version=&#8220;4.27.6&#8243; _module_preset=&#8220;default&#8220; hover_enabled=&#8220;0&#8243; border_radii=&#8220;on|20px|20px|20px|20px&#8220; global_colors_info=&#8220;{}&#8220; sticky_enabled=&#8220;0&#8243;][\/et_pb_image][et_pb_text _builder_version=&#8220;4.27.5&#8243; _module_preset=&#8220;default&#8220; global_colors_info=&#8220;{}&#8220;]<\/p>\n<p>Der Marmorglobus von Gotha (1533) zeigt die exakten Umrisse der Antarktis und S-Amerikas (links).<\/p>\n<p>[\/et_pb_text][\/et_pb_column][et_pb_column type=&#8220;1_2&#8243; _builder_version=&#8220;4.27.5&#8243; _module_preset=&#8220;default&#8220; global_colors_info=&#8220;{}&#8220;][et_pb_image src=&#8220;https:\/\/abora.eu\/wp-content\/uploads\/Peri_Reis_Klein-1-scaled.webp&#8220; title_text=&#8220;Peri_Reis_Klein&#8220; show_in_lightbox=&#8220;on&#8220; _builder_version=&#8220;4.27.6&#8243; _module_preset=&#8220;default&#8220; hover_enabled=&#8220;0&#8243; border_radii=&#8220;on|20px|20px|20px|20px&#8220; global_colors_info=&#8220;{}&#8220; sticky_enabled=&#8220;0&#8243;][\/et_pb_image][et_pb_text _builder_version=&#8220;4.27.5&#8243; _module_preset=&#8220;default&#8220; global_colors_info=&#8220;{}&#8220;]<\/p>\n<p><em>Die Per\u00ed-Reis-Karte von 1513 zeigt erstmals die Antarktis und ein Literaturverzeichnis mit Bezug auf antike Karten (rechts im Hochformat).<\/em><\/p>\n<p>[\/et_pb_text][\/et_pb_column][\/et_pb_row][et_pb_row _builder_version=&#8220;4.27.5&#8243; _module_preset=&#8220;default&#8220; global_colors_info=&#8220;{}&#8220;][et_pb_column type=&#8220;4_4&#8243; _builder_version=&#8220;4.27.5&#8243; _module_preset=&#8220;default&#8220; global_colors_info=&#8220;{}&#8220;][et_pb_text _builder_version=&#8220;4.27.5&#8243; _module_preset=&#8220;default&#8220; header_4_line_height=&#8220;1.3em&#8220; global_colors_info=&#8220;{}&#8220;]<\/p>\n<h3>Neue Wege der Analyse \u2013 Digitale Rekonstruktion und Vergleich<\/h3>\n<p>[\/et_pb_text][et_pb_text _builder_version=&#8220;4.27.5&#8243; _module_preset=&#8220;default&#8220; header_4_line_height=&#8220;1.3em&#8220; global_colors_info=&#8220;{}&#8220;]<\/p>\n<p>Einen zentralen Beitrag zur Erforschung dieser Fragen lieferte die Wiederentdeckung einer bislang wenig beachteten Karte in der Nikolai-Sammlung des fr\u00fchen 16. Jahrhunderts in der Landesbibliothek Stuttgart. Die in Form von Globensegmenten erhaltene Karte wurde von einem interdisziplin\u00e4ren Forschungsteam um Dominique G\u00f6rlitz photogrammetrisch erfasst, digital zusammengesetzt, virtuell zu einem Globus rekonstruiert und zus\u00e4tzlich in eine Mercator-Projektion \u00fcbertragen.<\/p>\n<p>In einem gemeinsamen Projekt mit <strong>Dr. Andreas Bruschke<\/strong> und mit Unterst\u00fctzung von <strong>Dr. Jonas Bruschke<\/strong> entstanden zudem virtuelle Rekonstruktionen s\u00e4mtlicher erhaltener Sch\u00f6ner-Globen in Deutschland, darunter auch der in Stuttgart wiederentdeckte Globus eines Sch\u00fclers von Johannes Sch\u00f6ner. Ziel dieser Arbeiten war es, historische K\u00fcstenlinien erstmals georeferenziert mit modernen Kartendaten zu vergleichen, um Abweichungen und \u00dcbereinstimmungen quantitativ zu erfassen.<\/p>\n<p>Diese Untersuchungen sollten in einem zweiten Schritt \u2013 in Kooperation mit <strong>Prof. Manfred Buchroithner<\/strong> an der TU Dresden \u2013 in das Habilitationsverfahren von Dominique G\u00f6rlitz zur Fr\u00fchkartographie einflie\u00dfen. Der Cheops-Skandal beendete dieses Forschungsvorhaben jedoch abrupt.<\/p>\n<p>[\/et_pb_text][\/et_pb_column][\/et_pb_row][et_pb_row column_structure=&#8220;1_3,1_3,1_3&#8243; _builder_version=&#8220;4.27.5&#8243; _module_preset=&#8220;default&#8220; global_colors_info=&#8220;{}&#8220;][et_pb_column type=&#8220;1_3&#8243; _builder_version=&#8220;4.27.5&#8243; _module_preset=&#8220;default&#8220; global_colors_info=&#8220;{}&#8220;][et_pb_image src=&#8220;https:\/\/abora.eu\/wp-content\/uploads\/Finaeus-1531_Antarktis-1.webp&#8220; title_text=&#8220;Finaeus 1531_Antarktis&#8220; show_in_lightbox=&#8220;on&#8220; _builder_version=&#8220;4.27.6&#8243; _module_preset=&#8220;default&#8220; width=&#8220;69%&#8220; hover_enabled=&#8220;0&#8243; border_radii=&#8220;on|20px|20px|20px|20px&#8220; global_colors_info=&#8220;{}&#8220; sticky_enabled=&#8220;0&#8243;][\/et_pb_image][et_pb_text _builder_version=&#8220;4.27.5&#8243; _module_preset=&#8220;default&#8220; global_colors_info=&#8220;{}&#8220;]<\/p>\n<p><em>Dieses Bild d\u00fcrfte es eigentlich nicht geben, denn die Antarktis wurde erst um 1820 durch eine russisch-deutsche Expedition entdeckt.<\/em><em> Richtig erkundet wurde sie jedoch erst mit Hilfe der Radiotelemetrie in den 60er Jahren des 20. Jahrhunderts. Vorher wusste man nicht genau, wie die Umrisse der Antarktis exakt aussehen!<\/em><\/p>\n<p>[\/et_pb_text][\/et_pb_column][et_pb_column type=&#8220;1_3&#8243; _builder_version=&#8220;4.27.5&#8243; _module_preset=&#8220;default&#8220; global_colors_info=&#8220;{}&#8220;][et_pb_image src=&#8220;https:\/\/abora.eu\/wp-content\/uploads\/Anpassung-an-Google-Earth-02-1-scaled.webp&#8220; title_text=&#8220;Anpassung an Google Earth 02&#8243; show_in_lightbox=&#8220;on&#8220; _builder_version=&#8220;4.27.6&#8243; _module_preset=&#8220;default&#8220; width=&#8220;83%&#8220; module_alignment=&#8220;left&#8220; hover_enabled=&#8220;0&#8243; border_radii=&#8220;on|20px|20px|20px|20px&#8220; global_colors_info=&#8220;{}&#8220; sticky_enabled=&#8220;0&#8243;][\/et_pb_image][et_pb_text _builder_version=&#8220;4.27.5&#8243; _module_preset=&#8220;default&#8220; global_colors_info=&#8220;{}&#8220;]<\/p>\n<p><em>\u00c4hnlich der Finaeus-Karte zeigt auch der Marmorglobus eine ziemlich genaue K\u00fcstenlinie ohne die Palmer Halbinsel. Entscheidend ist, dass \u00e4hnlich wie auf der Per\u00ed-Reis-Karte Dominique den Umriss um ca. 30\u00b0 nach Westen drehen musste, um die \u00dcberdeckung der K\u00fcsten zu erreichen.<\/em><\/p>\n<p>[\/et_pb_text][\/et_pb_column][et_pb_column type=&#8220;1_3&#8243; _builder_version=&#8220;4.27.5&#8243; _module_preset=&#8220;default&#8220; global_colors_info=&#8220;{}&#8220;][et_pb_image src=&#8220;https:\/\/abora.eu\/wp-content\/uploads\/Antarktis_Nikolai-1535-1.webp&#8220; title_text=&#8220;Antarktis_Nikolai 1535&#8243; show_in_lightbox=&#8220;on&#8220; _builder_version=&#8220;4.27.6&#8243; _module_preset=&#8220;default&#8220; width=&#8220;120%&#8220; width_tablet=&#8220;120%&#8220; width_phone=&#8220;100%&#8220; width_last_edited=&#8220;on|phone&#8220; hover_enabled=&#8220;0&#8243; border_radii=&#8220;on|20px|20px|20px|20px&#8220; global_colors_info=&#8220;{}&#8220; sticky_enabled=&#8220;0&#8243;][\/et_pb_image][et_pb_text _builder_version=&#8220;4.27.5&#8243; _module_preset=&#8220;default&#8220; width=&#8220;120%&#8220; width_tablet=&#8220;120%&#8220; width_phone=&#8220;100%&#8220; width_last_edited=&#8220;on|phone&#8220; global_colors_info=&#8220;{}&#8220;]<\/p>\n<p><em>Die Globenrekonstruktion aus der Nikolai-Sammlung mit dem Sch\u00f6ner-Globusrekonstrukt. In der Vergr\u00f6\u00dferung sieht man die Ross-Bay, die erst 1841 entdeckt wurde. Besonders fallen zwei relativ gro\u00dfe Inseln auf. Sie existierten tats\u00e4chlich. Sie sind beide formgetreu, lagegetreu, beinahe ausrichtungsgetreu und v.a. proportionsgetreu gezeichnet! Wie konnten Kartographen um 1533-1535 dies vollbringen? Woher bekamen sie die exakten Geodaten f\u00fcr diese sph\u00e4rische Darstellungsweise?<\/em><\/p>\n<p>[\/et_pb_text][\/et_pb_column][\/et_pb_row][et_pb_row _builder_version=&#8220;4.27.5&#8243; _module_preset=&#8220;default&#8220; global_colors_info=&#8220;{}&#8220;][et_pb_column type=&#8220;4_4&#8243; _builder_version=&#8220;4.27.5&#8243; _module_preset=&#8220;default&#8220; global_colors_info=&#8220;{}&#8220;][et_pb_image src=&#8220;https:\/\/abora.eu\/wp-content\/uploads\/DSC_0049-2-scaled.webp&#8220; title_text=&#8220;DSC_0049&#8243; show_in_lightbox=&#8220;on&#8220; _builder_version=&#8220;4.27.6&#8243; _module_preset=&#8220;default&#8220; hover_enabled=&#8220;0&#8243; border_radii=&#8220;on|20px|20px|20px|20px&#8220; global_colors_info=&#8220;{}&#8220; sticky_enabled=&#8220;0&#8243;][\/et_pb_image][\/et_pb_column][\/et_pb_row][et_pb_row column_structure=&#8220;1_2,1_2&#8243; _builder_version=&#8220;4.27.5&#8243; _module_preset=&#8220;default&#8220; global_colors_info=&#8220;{}&#8220;][et_pb_column type=&#8220;1_2&#8243; _builder_version=&#8220;4.27.5&#8243; _module_preset=&#8220;default&#8220; global_colors_info=&#8220;{}&#8220;][et_pb_text _builder_version=&#8220;4.27.5&#8243; _dynamic_attributes=&#8220;link_option_url&#8220; _module_preset=&#8220;default&#8220; text_font=&#8220;librefranklin-semibold||||||||&#8220; text_font_size=&#8220;18px&#8220; link_option_url=&#8220;@ET-DC@eyJkeW5hbWljIjp0cnVlLCJjb250ZW50IjoicG9zdF9saW5rX3VybF9wYWdlIiwic2V0dGluZ3MiOnsicG9zdF9pZCI6IjUzIn19@&#8220; global_colors_info=&#8220;{}&#8220; text_text_color__hover_enabled=&#8220;on|hover&#8220; text_text_color__hover=&#8220;#FF9600&#8243;]<\/p>\n<p>zur\u00fcck<\/p>\n<p>[\/et_pb_text][\/et_pb_column][et_pb_column type=&#8220;1_2&#8243; _builder_version=&#8220;4.27.5&#8243; _module_preset=&#8220;default&#8220; global_colors_info=&#8220;{}&#8220;][\/et_pb_column][\/et_pb_row][\/et_pb_section]<\/p>\n","protected":false},"excerpt":{"rendered":"<p>zur\u00fcckFr\u00fchkartografie R\u00e4tsel alter WeltbilderDie Geschichte der europ\u00e4ischen Kartographie beginnt nach g\u00e4ngiger Lehrmeinung erst mit den gro\u00dfen Entdeckungsfahrten der Fr\u00fchen Neuzeit. Doch mehrere Kartenwerke des fr\u00fchen 16.\u00a0Jahrhunderts stellen dieses Narrativ infrage. Sie zeigen eine Welt, deren geografische Genauigkeit eigentlich erst Jahrhunderte sp\u00e4ter erreicht worden sein d\u00fcrfte. Besonders vier Werke gelten bis heute als R\u00e4tsel der Kartographie: [&hellip;]<\/p>\n","protected":false},"author":1,"featured_media":0,"parent":0,"menu_order":0,"comment_status":"closed","ping_status":"closed","template":"","meta":{"_et_pb_use_builder":"on","_et_pb_old_content":"","_et_gb_content_width":"","footnotes":""},"class_list":["post-2711","page","type-page","status-publish","hentry"],"yoast_head":"<!-- This site is optimized with the Yoast SEO plugin v27.3 - https:\/\/yoast.com\/product\/yoast-seo-wordpress\/ -->\n<title>Fr\u00fchkartographie - Mission Abora<\/title>\n<meta name=\"description\" content=\"Fr\u00fchkartografie: R\u00e4tsel alter Weltbilder auf Waldseem\u00fcller-, Piri-Reis- &amp; Finaeus-Karten sowie dem Gothaer Marmorglobus des 16. Jahrhunderts\" \/>\n<meta name=\"robots\" content=\"index, follow, max-snippet:-1, max-image-preview:large, max-video-preview:-1\" \/>\n<link rel=\"canonical\" href=\"https:\/\/abora.eu\/en\/fruehkartographie\/\" \/>\n<meta property=\"og:locale\" content=\"en_US\" \/>\n<meta property=\"og:type\" content=\"article\" \/>\n<meta property=\"og:title\" content=\"Fr\u00fchkartographie - Mission Abora\" \/>\n<meta property=\"og:description\" content=\"Fr\u00fchkartografie: R\u00e4tsel alter Weltbilder auf Waldseem\u00fcller-, Piri-Reis- &amp; Finaeus-Karten sowie dem Gothaer Marmorglobus des 16. Jahrhunderts\" \/>\n<meta property=\"og:url\" content=\"https:\/\/abora.eu\/en\/fruehkartographie\/\" \/>\n<meta property=\"og:site_name\" content=\"Mission Abora\" \/>\n<meta property=\"article:modified_time\" content=\"2026-03-26T15:44:12+00:00\" \/>\n<meta name=\"twitter:card\" content=\"summary_large_image\" \/>\n<meta name=\"twitter:label1\" content=\"Est. reading time\" \/>\n\t<meta name=\"twitter:data1\" content=\"5 minutes\" \/>\n<script type=\"application\/ld+json\" class=\"yoast-schema-graph\">{\"@context\":\"https:\\\/\\\/schema.org\",\"@graph\":[{\"@type\":\"WebPage\",\"@id\":\"https:\\\/\\\/abora.eu\\\/fruehkartographie\\\/\",\"url\":\"https:\\\/\\\/abora.eu\\\/fruehkartographie\\\/\",\"name\":\"Fr\u00fchkartographie - Mission Abora\",\"isPartOf\":{\"@id\":\"https:\\\/\\\/abora.eu\\\/#website\"},\"datePublished\":\"2026-01-21T16:27:46+00:00\",\"dateModified\":\"2026-03-26T15:44:12+00:00\",\"description\":\"Fr\u00fchkartografie: R\u00e4tsel alter Weltbilder auf Waldseem\u00fcller-, Piri-Reis- & Finaeus-Karten sowie dem Gothaer Marmorglobus des 16. Jahrhunderts\",\"breadcrumb\":{\"@id\":\"https:\\\/\\\/abora.eu\\\/fruehkartographie\\\/#breadcrumb\"},\"inLanguage\":\"en-US\",\"potentialAction\":[{\"@type\":\"ReadAction\",\"target\":[\"https:\\\/\\\/abora.eu\\\/fruehkartographie\\\/\"]}]},{\"@type\":\"BreadcrumbList\",\"@id\":\"https:\\\/\\\/abora.eu\\\/fruehkartographie\\\/#breadcrumb\",\"itemListElement\":[{\"@type\":\"ListItem\",\"position\":1,\"name\":\"Start\",\"item\":\"https:\\\/\\\/abora.eu\\\/\"},{\"@type\":\"ListItem\",\"position\":2,\"name\":\"Fr\u00fchkartographie\"}]},{\"@type\":\"WebSite\",\"@id\":\"https:\\\/\\\/abora.eu\\\/#website\",\"url\":\"https:\\\/\\\/abora.eu\\\/\",\"name\":\"Mission Abora\",\"description\":\"\",\"publisher\":{\"@id\":\"https:\\\/\\\/abora.eu\\\/#\\\/schema\\\/person\\\/953dad30d10fa7d560bb90cff0494e14\"},\"potentialAction\":[{\"@type\":\"SearchAction\",\"target\":{\"@type\":\"EntryPoint\",\"urlTemplate\":\"https:\\\/\\\/abora.eu\\\/?s={search_term_string}\"},\"query-input\":{\"@type\":\"PropertyValueSpecification\",\"valueRequired\":true,\"valueName\":\"search_term_string\"}}],\"inLanguage\":\"en-US\"},{\"@type\":[\"Person\",\"Organization\"],\"@id\":\"https:\\\/\\\/abora.eu\\\/#\\\/schema\\\/person\\\/953dad30d10fa7d560bb90cff0494e14\",\"name\":\"Dominique G\u00f6rlitz\",\"image\":{\"@type\":\"ImageObject\",\"inLanguage\":\"en-US\",\"@id\":\"https:\\\/\\\/abora.eu\\\/wp-content\\\/uploads\\\/Logo-1.png\",\"url\":\"https:\\\/\\\/abora.eu\\\/wp-content\\\/uploads\\\/Logo-1.png\",\"contentUrl\":\"https:\\\/\\\/abora.eu\\\/wp-content\\\/uploads\\\/Logo-1.png\",\"width\":1371,\"height\":1284,\"caption\":\"Dominique G\u00f6rlitz\"},\"logo\":{\"@id\":\"https:\\\/\\\/abora.eu\\\/wp-content\\\/uploads\\\/Logo-1.png\"}}]}<\/script>\n<!-- \/ Yoast SEO plugin. -->","yoast_head_json":{"title":"Fr\u00fchkartographie - Mission Abora","description":"Fr\u00fchkartografie: R\u00e4tsel alter Weltbilder auf Waldseem\u00fcller-, Piri-Reis- & Finaeus-Karten sowie dem Gothaer Marmorglobus des 16. Jahrhunderts","robots":{"index":"index","follow":"follow","max-snippet":"max-snippet:-1","max-image-preview":"max-image-preview:large","max-video-preview":"max-video-preview:-1"},"canonical":"https:\/\/abora.eu\/en\/fruehkartographie\/","og_locale":"en_US","og_type":"article","og_title":"Fr\u00fchkartographie - Mission Abora","og_description":"Fr\u00fchkartografie: R\u00e4tsel alter Weltbilder auf Waldseem\u00fcller-, Piri-Reis- & Finaeus-Karten sowie dem Gothaer Marmorglobus des 16. Jahrhunderts","og_url":"https:\/\/abora.eu\/en\/fruehkartographie\/","og_site_name":"Mission Abora","article_modified_time":"2026-03-26T15:44:12+00:00","twitter_card":"summary_large_image","twitter_misc":{"Est. reading time":"5 minutes"},"schema":{"@context":"https:\/\/schema.org","@graph":[{"@type":"WebPage","@id":"https:\/\/abora.eu\/fruehkartographie\/","url":"https:\/\/abora.eu\/fruehkartographie\/","name":"Fr\u00fchkartographie - Mission Abora","isPartOf":{"@id":"https:\/\/abora.eu\/#website"},"datePublished":"2026-01-21T16:27:46+00:00","dateModified":"2026-03-26T15:44:12+00:00","description":"Fr\u00fchkartografie: R\u00e4tsel alter Weltbilder auf Waldseem\u00fcller-, Piri-Reis- & Finaeus-Karten sowie dem Gothaer Marmorglobus des 16. Jahrhunderts","breadcrumb":{"@id":"https:\/\/abora.eu\/fruehkartographie\/#breadcrumb"},"inLanguage":"en-US","potentialAction":[{"@type":"ReadAction","target":["https:\/\/abora.eu\/fruehkartographie\/"]}]},{"@type":"BreadcrumbList","@id":"https:\/\/abora.eu\/fruehkartographie\/#breadcrumb","itemListElement":[{"@type":"ListItem","position":1,"name":"Start","item":"https:\/\/abora.eu\/"},{"@type":"ListItem","position":2,"name":"Fr\u00fchkartographie"}]},{"@type":"WebSite","@id":"https:\/\/abora.eu\/#website","url":"https:\/\/abora.eu\/","name":"Mission Abora","description":"","publisher":{"@id":"https:\/\/abora.eu\/#\/schema\/person\/953dad30d10fa7d560bb90cff0494e14"},"potentialAction":[{"@type":"SearchAction","target":{"@type":"EntryPoint","urlTemplate":"https:\/\/abora.eu\/?s={search_term_string}"},"query-input":{"@type":"PropertyValueSpecification","valueRequired":true,"valueName":"search_term_string"}}],"inLanguage":"en-US"},{"@type":["Person","Organization"],"@id":"https:\/\/abora.eu\/#\/schema\/person\/953dad30d10fa7d560bb90cff0494e14","name":"Dominique G\u00f6rlitz","image":{"@type":"ImageObject","inLanguage":"en-US","@id":"https:\/\/abora.eu\/wp-content\/uploads\/Logo-1.png","url":"https:\/\/abora.eu\/wp-content\/uploads\/Logo-1.png","contentUrl":"https:\/\/abora.eu\/wp-content\/uploads\/Logo-1.png","width":1371,"height":1284,"caption":"Dominique G\u00f6rlitz"},"logo":{"@id":"https:\/\/abora.eu\/wp-content\/uploads\/Logo-1.png"}}]}},"_links":{"self":[{"href":"https:\/\/abora.eu\/en\/wp-json\/wp\/v2\/pages\/2711","targetHints":{"allow":["GET"]}}],"collection":[{"href":"https:\/\/abora.eu\/en\/wp-json\/wp\/v2\/pages"}],"about":[{"href":"https:\/\/abora.eu\/en\/wp-json\/wp\/v2\/types\/page"}],"author":[{"embeddable":true,"href":"https:\/\/abora.eu\/en\/wp-json\/wp\/v2\/users\/1"}],"replies":[{"embeddable":true,"href":"https:\/\/abora.eu\/en\/wp-json\/wp\/v2\/comments?post=2711"}],"version-history":[{"count":22,"href":"https:\/\/abora.eu\/en\/wp-json\/wp\/v2\/pages\/2711\/revisions"}],"predecessor-version":[{"id":4181,"href":"https:\/\/abora.eu\/en\/wp-json\/wp\/v2\/pages\/2711\/revisions\/4181"}],"wp:attachment":[{"href":"https:\/\/abora.eu\/en\/wp-json\/wp\/v2\/media?parent=2711"}],"curies":[{"name":"wp","href":"https:\/\/api.w.org\/{rel}","templated":true}]}}