{"id":2889,"date":"2026-01-22T10:54:03","date_gmt":"2026-01-22T10:54:03","guid":{"rendered":"https:\/\/abora.eu\/?page_id=2889"},"modified":"2026-03-13T12:19:55","modified_gmt":"2026-03-13T12:19:55","slug":"spenden-3","status":"publish","type":"page","link":"https:\/\/abora.eu\/en\/spenden-3\/","title":{"rendered":"Spenden"},"content":{"rendered":"<p>[et_pb_section fb_built=&#8220;1&#8243; _builder_version=&#8220;4.27.5&#8243; _module_preset=&#8220;default&#8220; global_colors_info=&#8220;{}&#8220;][et_pb_row _builder_version=&#8220;4.27.5&#8243; _module_preset=&#8220;default&#8220; global_colors_info=&#8220;{}&#8220;][et_pb_column type=&#8220;4_4&#8243; _builder_version=&#8220;4.27.5&#8243; _module_preset=&#8220;default&#8220; global_colors_info=&#8220;{}&#8220;][et_pb_text _builder_version=&#8220;4.27.5&#8243; _module_preset=&#8220;default&#8220; header_2_font_size=&#8220;35px&#8220; global_colors_info=&#8220;{}&#8220;]<\/p>\n<h2>Sie m\u00f6chten uns unterst\u00fctzen?<\/h2>\n<p>[\/et_pb_text][et_pb_text _builder_version=&#8220;4.27.5&#8243; _module_preset=&#8220;default&#8220; global_colors_info=&#8220;{}&#8220;]<\/p>\n<p>Experimentalarch\u00e4ologische Projekte wie DILMUN und ABORA, Ausstellungen und Museum, Forschung und Forschungsreisen, Laboranalysen und deren Auswertungen \u2013 all das kostet Geld. Aus diesem Grund sind Sponsoring und Spenden immer notwendig. Ohne diese Unterst\u00fctzung durch Partner, Sponsoren, F\u00f6rderer, interessierte Privatpersonen, Firmen, die mit Geld- oder auch Sachleistungen helfen, sind die aufgef\u00fchrten Projekte nicht zu realisieren.<\/p>\n<p>Mit einer Spende unterst\u00fctzen Sie den Verein f\u00fcr experimentelle Arch\u00e4ologie, dessen Vorsitzender Dr. G\u00f6rlitz ist. Die Vereinsmitglieder sind an den seinen Projekten beteiligt und unterst\u00fctzen diese in vielf\u00e4ltiger Art und Weise.<\/p>\n<p>Auch kleine Betr\u00e4ge helfen und summieren sich, selbst der Kauf eines Buches oder einer DVD hilft!<\/p>\n<p>Haben wir Ihr Interesse geweckt, m\u00f6chten Sie die Projekte anderweitig unterst\u00fctzen, nehmen Sie bitte einfach Kontakt mit uns auf!<\/p>\n<p>[\/et_pb_text][et_pb_text _builder_version=&#8220;4.27.5&#8243; _module_preset=&#8220;default&#8220; global_colors_info=&#8220;{}&#8220;]<\/p>\n<h3>NEU &#8211; SPENDENKONTO \u00dcBER PAYPAL<\/h3>\n<p>[\/et_pb_text][et_pb_code _builder_version=&#8220;4.27.5&#8243; _module_preset=&#8220;default&#8220; hover_enabled=&#8220;0&#8243; global_colors_info=&#8220;{}&#8220; sticky_enabled=&#8220;0&#8243;]<\/p>\n<form action=\"https:\/\/www.paypal.com\/cgi-bin\/webscr\" method=\"post\" target=\"_blank\"><!-- [et_pb_line_break_holder] --><input type=\"hidden\" name=\"cmd\" value=\"_s-xclick\"><!-- [et_pb_line_break_holder] --><input type=\"hidden\" name=\"hosted_button_id\" value=\"7P7YTVKJQKVCY\"><!-- [et_pb_line_break_holder] --><input type=\"image\" src=\"https:\/\/www.paypalobjects.com\/de_DE\/DE\/i\/btn\/btn_donate_LG.gif\" border=\"0\" name=\"submit\" alt=\"Jetzt einfach, schnell und sicher online bezahlen \u2013 mit PayPal.\"><!-- [et_pb_line_break_holder] --><img loading=\"lazy\" decoding=\"async\" alt=\"\" border=\"0\" src=\"https:\/\/www.paypalobjects.com\/de_DE\/i\/scr\/pixel.gif\" width=\"1\" height=\"1\"><!-- [et_pb_line_break_holder] --><\/form>\n<p>[\/et_pb_code][et_pb_button button_url=&#8220;https:\/\/www.paypal.com\/donate?token=dus76ppj3BSC7WCXFUFOtsjNotownI19blq_v2VddbiO7xhEigrvgm-Kbjcoy3C0cXElU_Gl1AWQBGPF&#8220; button_text=&#8220;Spenden&#8220; disabled_on=&#8220;on|on|on&#8220; _builder_version=&#8220;4.27.5&#8243; _module_preset=&#8220;default&#8220; custom_button=&#8220;on&#8220; button_text_size=&#8220;22px&#8220; button_text_color=&#8220;#FFFFFF&#8220; button_bg_color=&#8220;#FF9600&#8243; button_border_width=&#8220;0px&#8220; button_font=&#8220;librefranklin-bold||||||||&#8220; disabled=&#8220;on&#8220; global_colors_info=&#8220;{}&#8220;][\/et_pb_button][et_pb_text _builder_version=&#8220;4.27.5&#8243; _module_preset=&#8220;default&#8220; global_colors_info=&#8220;{}&#8220;]<\/p>\n<h3>Spenden\u00fcberweisung Konto Sparkasse Chemnitz<\/h3>\n<p>[\/et_pb_text][et_pb_text _builder_version=&#8220;4.27.5&#8243; _module_preset=&#8220;default&#8220; text_font_size=&#8220;18px&#8220; text_line_height=&#8220;2.1em&#8220; global_colors_info=&#8220;{}&#8220;]<\/p>\n<p><span class=\"typo3-dimmed\"><span class=\"exampleContent\">Kontoinhaber: Dominique G\u00f6rlitz<br \/>IBAN: DE44870500003583006193 BIC: CHEKDE81XXX<\/span><\/span><\/p>\n<p>[\/et_pb_text][\/et_pb_column][\/et_pb_row][\/et_pb_section]<\/p>\n","protected":false},"excerpt":{"rendered":"<p>Sie m\u00f6chten uns unterst\u00fctzen?Experimentalarch\u00e4ologische Projekte wie DILMUN und ABORA, Ausstellungen und Museum, Forschung und Forschungsreisen, Laboranalysen und deren Auswertungen \u2013 all das kostet Geld. Aus diesem Grund sind Sponsoring und Spenden immer notwendig. Ohne diese Unterst\u00fctzung durch Partner, Sponsoren, F\u00f6rderer, interessierte Privatpersonen, Firmen, die mit Geld- oder auch Sachleistungen helfen, sind die aufgef\u00fchrten Projekte nicht [&hellip;]<\/p>\n","protected":false},"author":1,"featured_media":0,"parent":0,"menu_order":0,"comment_status":"closed","ping_status":"closed","template":"","meta":{"_et_pb_use_builder":"on","_et_pb_old_content":"","_et_gb_content_width":"","footnotes":""},"class_list":["post-2889","page","type-page","status-publish","hentry"],"yoast_head":"<!-- This site is optimized with the Yoast SEO plugin v27.4 - https:\/\/yoast.com\/product\/yoast-seo-wordpress\/ -->\n<title>Spenden - Mission Abora<\/title>\n<meta name=\"robots\" content=\"index, follow, max-snippet:-1, max-image-preview:large, max-video-preview:-1\" \/>\n<link rel=\"canonical\" href=\"https:\/\/abora.eu\/en\/spenden-3\/\" \/>\n<meta property=\"og:locale\" content=\"en_US\" \/>\n<meta property=\"og:type\" content=\"article\" \/>\n<meta property=\"og:title\" content=\"Spenden - Mission Abora\" \/>\n<meta property=\"og:description\" content=\"Sie m\u00f6chten uns unterst\u00fctzen?Experimentalarch\u00e4ologische Projekte wie DILMUN und ABORA, Ausstellungen und Museum, Forschung und Forschungsreisen, Laboranalysen und deren Auswertungen \u2013 all das kostet Geld. Aus diesem Grund sind Sponsoring und Spenden immer notwendig. Ohne diese Unterst\u00fctzung durch Partner, Sponsoren, F\u00f6rderer, interessierte Privatpersonen, Firmen, die mit Geld- oder auch Sachleistungen helfen, sind die aufgef\u00fchrten Projekte nicht [&hellip;]\" \/>\n<meta property=\"og:url\" content=\"https:\/\/abora.eu\/en\/spenden-3\/\" \/>\n<meta property=\"og:site_name\" content=\"Mission Abora\" \/>\n<meta property=\"article:modified_time\" content=\"2026-03-13T12:19:55+00:00\" \/>\n<meta property=\"og:image\" content=\"https:\/\/www.paypalobjects.com\/de_DE\/i\/scr\/pixel.gif\" \/>\n<meta name=\"twitter:card\" content=\"summary_large_image\" \/>\n<meta name=\"twitter:label1\" content=\"Est. reading time\" \/>\n\t<meta name=\"twitter:data1\" content=\"1 minute\" \/>\n<script type=\"application\/ld+json\" class=\"yoast-schema-graph\">{\"@context\":\"https:\\\/\\\/schema.org\",\"@graph\":[{\"@type\":\"WebPage\",\"@id\":\"https:\\\/\\\/abora.eu\\\/spenden-3\\\/\",\"url\":\"https:\\\/\\\/abora.eu\\\/spenden-3\\\/\",\"name\":\"Spenden - Mission Abora\",\"isPartOf\":{\"@id\":\"https:\\\/\\\/abora.eu\\\/#website\"},\"primaryImageOfPage\":{\"@id\":\"https:\\\/\\\/abora.eu\\\/spenden-3\\\/#primaryimage\"},\"image\":{\"@id\":\"https:\\\/\\\/abora.eu\\\/spenden-3\\\/#primaryimage\"},\"thumbnailUrl\":\"https:\\\/\\\/www.paypalobjects.com\\\/de_DE\\\/i\\\/scr\\\/pixel.gif\",\"datePublished\":\"2026-01-22T10:54:03+00:00\",\"dateModified\":\"2026-03-13T12:19:55+00:00\",\"breadcrumb\":{\"@id\":\"https:\\\/\\\/abora.eu\\\/spenden-3\\\/#breadcrumb\"},\"inLanguage\":\"en-US\",\"potentialAction\":[{\"@type\":\"ReadAction\",\"target\":[\"https:\\\/\\\/abora.eu\\\/spenden-3\\\/\"]}]},{\"@type\":\"ImageObject\",\"inLanguage\":\"en-US\",\"@id\":\"https:\\\/\\\/abora.eu\\\/spenden-3\\\/#primaryimage\",\"url\":\"https:\\\/\\\/www.paypalobjects.com\\\/de_DE\\\/i\\\/scr\\\/pixel.gif\",\"contentUrl\":\"https:\\\/\\\/www.paypalobjects.com\\\/de_DE\\\/i\\\/scr\\\/pixel.gif\"},{\"@type\":\"BreadcrumbList\",\"@id\":\"https:\\\/\\\/abora.eu\\\/spenden-3\\\/#breadcrumb\",\"itemListElement\":[{\"@type\":\"ListItem\",\"position\":1,\"name\":\"Start\",\"item\":\"https:\\\/\\\/abora.eu\\\/\"},{\"@type\":\"ListItem\",\"position\":2,\"name\":\"Spenden\"}]},{\"@type\":\"WebSite\",\"@id\":\"https:\\\/\\\/abora.eu\\\/#website\",\"url\":\"https:\\\/\\\/abora.eu\\\/\",\"name\":\"Mission Abora\",\"description\":\"\",\"publisher\":{\"@id\":\"https:\\\/\\\/abora.eu\\\/#\\\/schema\\\/person\\\/953dad30d10fa7d560bb90cff0494e14\"},\"potentialAction\":[{\"@type\":\"SearchAction\",\"target\":{\"@type\":\"EntryPoint\",\"urlTemplate\":\"https:\\\/\\\/abora.eu\\\/?s={search_term_string}\"},\"query-input\":{\"@type\":\"PropertyValueSpecification\",\"valueRequired\":true,\"valueName\":\"search_term_string\"}}],\"inLanguage\":\"en-US\"},{\"@type\":[\"Person\",\"Organization\"],\"@id\":\"https:\\\/\\\/abora.eu\\\/#\\\/schema\\\/person\\\/953dad30d10fa7d560bb90cff0494e14\",\"name\":\"Dominique G\u00f6rlitz\",\"image\":{\"@type\":\"ImageObject\",\"inLanguage\":\"en-US\",\"@id\":\"https:\\\/\\\/abora.eu\\\/wp-content\\\/uploads\\\/Logo-1.png\",\"url\":\"https:\\\/\\\/abora.eu\\\/wp-content\\\/uploads\\\/Logo-1.png\",\"contentUrl\":\"https:\\\/\\\/abora.eu\\\/wp-content\\\/uploads\\\/Logo-1.png\",\"width\":1371,\"height\":1284,\"caption\":\"Dominique G\u00f6rlitz\"},\"logo\":{\"@id\":\"https:\\\/\\\/abora.eu\\\/wp-content\\\/uploads\\\/Logo-1.png\"}}]}<\/script>\n<!-- \/ Yoast SEO plugin. -->","yoast_head_json":{"title":"Spenden - Mission Abora","robots":{"index":"index","follow":"follow","max-snippet":"max-snippet:-1","max-image-preview":"max-image-preview:large","max-video-preview":"max-video-preview:-1"},"canonical":"https:\/\/abora.eu\/en\/spenden-3\/","og_locale":"en_US","og_type":"article","og_title":"Spenden - Mission Abora","og_description":"Sie m\u00f6chten uns unterst\u00fctzen?Experimentalarch\u00e4ologische Projekte wie DILMUN und ABORA, Ausstellungen und Museum, Forschung und Forschungsreisen, Laboranalysen und deren Auswertungen \u2013 all das kostet Geld. Aus diesem Grund sind Sponsoring und Spenden immer notwendig. Ohne diese Unterst\u00fctzung durch Partner, Sponsoren, F\u00f6rderer, interessierte Privatpersonen, Firmen, die mit Geld- oder auch Sachleistungen helfen, sind die aufgef\u00fchrten Projekte nicht [&hellip;]","og_url":"https:\/\/abora.eu\/en\/spenden-3\/","og_site_name":"Mission Abora","article_modified_time":"2026-03-13T12:19:55+00:00","og_image":[{"url":"https:\/\/www.paypalobjects.com\/de_DE\/i\/scr\/pixel.gif","type":"","width":"","height":""}],"twitter_card":"summary_large_image","twitter_misc":{"Est. reading time":"1 minute"},"schema":{"@context":"https:\/\/schema.org","@graph":[{"@type":"WebPage","@id":"https:\/\/abora.eu\/spenden-3\/","url":"https:\/\/abora.eu\/spenden-3\/","name":"Spenden - Mission Abora","isPartOf":{"@id":"https:\/\/abora.eu\/#website"},"primaryImageOfPage":{"@id":"https:\/\/abora.eu\/spenden-3\/#primaryimage"},"image":{"@id":"https:\/\/abora.eu\/spenden-3\/#primaryimage"},"thumbnailUrl":"https:\/\/www.paypalobjects.com\/de_DE\/i\/scr\/pixel.gif","datePublished":"2026-01-22T10:54:03+00:00","dateModified":"2026-03-13T12:19:55+00:00","breadcrumb":{"@id":"https:\/\/abora.eu\/spenden-3\/#breadcrumb"},"inLanguage":"en-US","potentialAction":[{"@type":"ReadAction","target":["https:\/\/abora.eu\/spenden-3\/"]}]},{"@type":"ImageObject","inLanguage":"en-US","@id":"https:\/\/abora.eu\/spenden-3\/#primaryimage","url":"https:\/\/www.paypalobjects.com\/de_DE\/i\/scr\/pixel.gif","contentUrl":"https:\/\/www.paypalobjects.com\/de_DE\/i\/scr\/pixel.gif"},{"@type":"BreadcrumbList","@id":"https:\/\/abora.eu\/spenden-3\/#breadcrumb","itemListElement":[{"@type":"ListItem","position":1,"name":"Start","item":"https:\/\/abora.eu\/"},{"@type":"ListItem","position":2,"name":"Spenden"}]},{"@type":"WebSite","@id":"https:\/\/abora.eu\/#website","url":"https:\/\/abora.eu\/","name":"Mission Abora","description":"","publisher":{"@id":"https:\/\/abora.eu\/#\/schema\/person\/953dad30d10fa7d560bb90cff0494e14"},"potentialAction":[{"@type":"SearchAction","target":{"@type":"EntryPoint","urlTemplate":"https:\/\/abora.eu\/?s={search_term_string}"},"query-input":{"@type":"PropertyValueSpecification","valueRequired":true,"valueName":"search_term_string"}}],"inLanguage":"en-US"},{"@type":["Person","Organization"],"@id":"https:\/\/abora.eu\/#\/schema\/person\/953dad30d10fa7d560bb90cff0494e14","name":"Dominique G\u00f6rlitz","image":{"@type":"ImageObject","inLanguage":"en-US","@id":"https:\/\/abora.eu\/wp-content\/uploads\/Logo-1.png","url":"https:\/\/abora.eu\/wp-content\/uploads\/Logo-1.png","contentUrl":"https:\/\/abora.eu\/wp-content\/uploads\/Logo-1.png","width":1371,"height":1284,"caption":"Dominique G\u00f6rlitz"},"logo":{"@id":"https:\/\/abora.eu\/wp-content\/uploads\/Logo-1.png"}}]}},"_links":{"self":[{"href":"https:\/\/abora.eu\/en\/wp-json\/wp\/v2\/pages\/2889","targetHints":{"allow":["GET"]}}],"collection":[{"href":"https:\/\/abora.eu\/en\/wp-json\/wp\/v2\/pages"}],"about":[{"href":"https:\/\/abora.eu\/en\/wp-json\/wp\/v2\/types\/page"}],"author":[{"embeddable":true,"href":"https:\/\/abora.eu\/en\/wp-json\/wp\/v2\/users\/1"}],"replies":[{"embeddable":true,"href":"https:\/\/abora.eu\/en\/wp-json\/wp\/v2\/comments?post=2889"}],"version-history":[{"count":9,"href":"https:\/\/abora.eu\/en\/wp-json\/wp\/v2\/pages\/2889\/revisions"}],"predecessor-version":[{"id":3664,"href":"https:\/\/abora.eu\/en\/wp-json\/wp\/v2\/pages\/2889\/revisions\/3664"}],"wp:attachment":[{"href":"https:\/\/abora.eu\/en\/wp-json\/wp\/v2\/media?parent=2889"}],"curies":[{"name":"wp","href":"https:\/\/api.w.org\/{rel}","templated":true}]}}