{"id":2920,"date":"2026-01-22T11:26:14","date_gmt":"2026-01-22T11:26:14","guid":{"rendered":"https:\/\/abora.eu\/?page_id=2920"},"modified":"2026-02-02T07:41:15","modified_gmt":"2026-02-02T07:41:15","slug":"impressum","status":"publish","type":"page","link":"https:\/\/abora.eu\/en\/impressum\/","title":{"rendered":"Legal notice"},"content":{"rendered":"<p>[et_pb_section fb_built=&#8220;1&#8243; _builder_version=&#8220;4.27.5&#8243; _module_preset=&#8220;default&#8220; hover_enabled=&#8220;0&#8243; global_colors_info=&#8220;{}&#8220; custom_padding_last_edited=&#8220;on|tablet&#8220; custom_padding_phone=&#8220;|20px||20px|false|true&#8220; sticky_enabled=&#8220;0&#8243; custom_padding_tablet=&#8220;|40px||40px|false|true&#8220;][et_pb_row _builder_version=&#8220;4.27.5&#8243; _module_preset=&#8220;default&#8220; global_colors_info=&#8220;{}&#8220;][et_pb_column type=&#8220;4_4&#8243; _builder_version=&#8220;4.27.5&#8243; _module_preset=&#8220;default&#8220; global_colors_info=&#8220;{}&#8220;][et_pb_text _builder_version=&#8220;4.27.5&#8243; _module_preset=&#8220;default&#8220; header_2_font_size=&#8220;30px&#8220; global_colors_info=&#8220;{}&#8220;]<\/p>\n<h2>Impressum<\/h2>\n<p>[\/et_pb_text][\/et_pb_column][\/et_pb_row][et_pb_row _builder_version=&#8220;4.27.5&#8243; _module_preset=&#8220;default&#8220; global_colors_info=&#8220;{}&#8220;][et_pb_column type=&#8220;4_4&#8243; _builder_version=&#8220;4.27.5&#8243; _module_preset=&#8220;default&#8220; global_colors_info=&#8220;{}&#8220;][et_pb_text _builder_version=&#8220;4.27.5&#8243; _module_preset=&#8220;default&#8220; global_colors_info=&#8220;{}&#8220;]<\/p>\n<h3>Ansprechpartner<\/h3>\n<p>Dominique G\u00f6rlitz<br \/>Dr.-S.-Allende-Str. 46 \u2022 D \u2212 09119 Chemnitz<br \/>Telefon: 0049 &#8211; (0)371 725 478 0<br \/>Mobil: 0049 \u2212 (0)163 &#8211; 511 57 66<br \/>E-Mail: <a href=\"mailto:dominique.goerlitz@t-online.de\">dominique.goerlitz@t-online.de<\/a><br \/>Website: <a href=\"http:\/\/www.abora.eu\">www.abora.eu<\/a><\/p>\n<p>[\/et_pb_text][\/et_pb_column][\/et_pb_row][et_pb_row _builder_version=&#8220;4.27.5&#8243; _module_preset=&#8220;default&#8220; global_colors_info=&#8220;{}&#8220;][et_pb_column type=&#8220;4_4&#8243; _builder_version=&#8220;4.27.5&#8243; _module_preset=&#8220;default&#8220; global_colors_info=&#8220;{}&#8220;][et_pb_text _builder_version=&#8220;4.27.5&#8243; _module_preset=&#8220;default&#8220; global_colors_info=&#8220;{}&#8220;]<\/p>\n<h3>Haftung f\u00fcr Inhalte<\/h3>\n<p>Die Inhalte unserer Seiten wurden mit gr\u00f6\u00dfter Sorgfalt erstellt. F\u00fcr die Richtigkeit, Vollst\u00e4ndigkeit und Aktualit\u00e4t der Inhalte k\u00f6nnen wir jedoch keine Gew\u00e4hr \u00fcbernehmen. Als Diensteanbieter sind wir gem\u00e4\u00df \u00a7 7 Abs.1 TMG f\u00fcr eigene Inhalte auf diesen Seiten nach den allgemeinen Gesetzen verantwortlich. Nach \u00a7\u00a7 8 bis 10 TMG sind wir als Diensteanbieter jedoch nicht verpflichtet, \u00fcbermittelte oder gespeicherte fremde Informationen zu \u00fcberwachen oder nach Umst\u00e4nden zu forschen, die auf eine rechtswidrige T\u00e4tigkeit hinweisen. Verpflichtungen zur Entfernung oder Sperrung der Nutzung von Informationen nach den allgemeinen Gesetzen bleiben hiervon unber\u00fchrt. Eine diesbez\u00fcgliche Haftung ist jedoch erst ab dem Zeitpunkt der Kenntnis einer konkreten Rechtsverletzung m\u00f6glich. Bei Bekanntwerden von entsprechenden Rechtsverletzungen werden wir diese Inhalte umgehend entfernen.<\/p>\n<p>&nbsp;<\/p>\n<p>[\/et_pb_text][\/et_pb_column][\/et_pb_row][et_pb_row _builder_version=&#8220;4.27.5&#8243; _module_preset=&#8220;default&#8220; global_colors_info=&#8220;{}&#8220;][et_pb_column type=&#8220;4_4&#8243; _builder_version=&#8220;4.27.5&#8243; _module_preset=&#8220;default&#8220; global_colors_info=&#8220;{}&#8220;][et_pb_text _builder_version=&#8220;4.27.5&#8243; _module_preset=&#8220;default&#8220; global_colors_info=&#8220;{}&#8220;]<\/p>\n<h3>Haftung f\u00fcr Links<\/h3>\n<p>Unser Angebot enth\u00e4lt Links zu externen Webseiten Dritter, auf deren Inhalte wir keinen Einfluss haben. Deshalb k\u00f6nnen wir f\u00fcr diese fremden Inhalte auch keine Gew\u00e4hr \u00fcbernehmen. F\u00fcr die Inhalte der verlinkten Seiten ist stets der jeweilige Anbieter oder Betreiber der Seiten verantwortlich. Die verlinkten Seiten wurden zum Zeitpunkt der Verlinkung auf m\u00f6gliche Rechtsverst\u00f6\u00dfe \u00fcberpr\u00fcft. Rechtswidrige Inhalte waren zum Zeitpunkt der Verlinkung nicht erkennbar. Eine permanente inhaltliche Kontrolle der verlinkten Seiten ist jedoch ohne konkrete Anhaltspunkte einer Rechtsverletzung nicht zumutbar. Bei Bekanntwerden von Rechtsverletzungen werden wir derartige Links umgehend entfernen.<\/p>\n<p>&nbsp;<\/p>\n<p>[\/et_pb_text][\/et_pb_column][\/et_pb_row][et_pb_row _builder_version=&#8220;4.27.5&#8243; _module_preset=&#8220;default&#8220; global_colors_info=&#8220;{}&#8220;][et_pb_column type=&#8220;4_4&#8243; _builder_version=&#8220;4.27.5&#8243; _module_preset=&#8220;default&#8220; global_colors_info=&#8220;{}&#8220;][et_pb_text _builder_version=&#8220;4.27.5&#8243; _module_preset=&#8220;default&#8220; global_colors_info=&#8220;{}&#8220;]<\/p>\n<h3>Urheberrecht<\/h3>\n<p>Die durch die Seitenbetreiber erstellten Inhalte und Werke auf diesen Seiten unterliegen dem deutschen Urheberrecht. Die Vervielf\u00e4ltigung, Bearbeitung, Verbreitung und jede Art der Verwertung au\u00dferhalb der Grenzen des Urheberrechtes bed\u00fcrfen der schriftlichen Zustimmung des jeweiligen Autors bzw. Erstellers. Downloads und Kopien dieser Seite sind nur f\u00fcr den privaten, nicht kommerziellen Gebrauch gestattet. Soweit die Inhalte auf dieser Seite nicht vom Betreiber erstellt wurden, werden die Urheberrechte Dritter beachtet. Insbesondere werden Inhalte Dritter als solche gekennzeichnet. Sollten Sie trotzdem auf eine Urheberrechtsverletzung aufmerksam werden, bitten wir um einen entsprechenden Hinweis. Bei Bekanntwerden von Rechtsverletzungen werden wir derartige Inhalte umgehend entfernen.<\/p>\n<p>&nbsp;<\/p>\n<p>[\/et_pb_text][et_pb_text _builder_version=&#8220;4.27.5&#8243; _module_preset=&#8220;default&#8220; global_colors_info=&#8220;{}&#8220;]<\/p>\n<h3>Datenschutz<\/h3>\n<p>Die Nutzung unserer Webseite ist in der Regel ohne Angabe personenbezogener Daten m\u00f6glich. Soweit auf unseren Seiten personenbezogene Daten (beispielsweise Name, Anschrift oder eMail-Adressen) erhoben werden, erfolgt dies, soweit m\u00f6glich, stets auf freiwilliger Basis. Diese Daten werden ohne Ihre ausdr\u00fcckliche Zustimmung nicht an Dritte weitergegeben.<\/p>\n<p>Wir weisen darauf hin, dass die Daten\u00fcbertragung im Internet (z.B. bei der Kommunikation per E-Mail) Sicherheitsl\u00fccken aufweisen kann. Ein l\u00fcckenloser Schutz der Daten vor dem Zugriff durch Dritte ist nicht m\u00f6glich.<\/p>\n<p>Der Nutzung von im Rahmen der Impressumspflicht ver\u00f6ffentlichten Kontaktdaten durch Dritte zur \u00dcbersendung von nicht ausdr\u00fccklich angeforderter Werbung und Informationsmaterialien wird hiermit ausdr\u00fccklich widersprochen. Die Betreiber der Seiten behalten sich ausdr\u00fccklich rechtliche Schritte im Falle der unverlangten Zusendung von Werbeinformationen, etwa durch Spam-Mails, vor.<\/p>\n<p>&nbsp;<\/p>\n<p><em>Quellen: <a href=\"http:\/\/www.e-recht24.de\/muster-disclaimer.htm\" target=\"_blank\" rel=\"noopener\">Disclaimer eRecht24<\/a><\/em><\/p>\n<p>&nbsp;<\/p>\n<p>[\/et_pb_text][\/et_pb_column][\/et_pb_row][\/et_pb_section]<\/p>\n","protected":false},"excerpt":{"rendered":"<p>ImpressumAnsprechpartner Dominique G\u00f6rlitzDr.-S.-Allende-Str. 46 \u2022 D \u2212 09119 ChemnitzTelefon: 0049 &#8211; (0)371 725 478 0Mobil: 0049 \u2212 (0)163 &#8211; 511 57 66E-Mail: dominique.goerlitz@t-online.deWebsite: www.abora.euHaftung f\u00fcr Inhalte Die Inhalte unserer Seiten wurden mit gr\u00f6\u00dfter Sorgfalt erstellt. F\u00fcr die Richtigkeit, Vollst\u00e4ndigkeit und Aktualit\u00e4t der Inhalte k\u00f6nnen wir jedoch keine Gew\u00e4hr \u00fcbernehmen. Als Diensteanbieter sind wir gem\u00e4\u00df \u00a7 [&hellip;]<\/p>\n","protected":false},"author":1,"featured_media":0,"parent":0,"menu_order":0,"comment_status":"closed","ping_status":"closed","template":"","meta":{"_et_pb_use_builder":"on","_et_pb_old_content":"","_et_gb_content_width":"","footnotes":""},"class_list":["post-2920","page","type-page","status-publish","hentry"],"yoast_head":"<!-- This site is optimized with the Yoast SEO plugin v27.3 - https:\/\/yoast.com\/product\/yoast-seo-wordpress\/ -->\n<title>Impressum - Mission Abora<\/title>\n<meta name=\"robots\" content=\"index, follow, max-snippet:-1, max-image-preview:large, max-video-preview:-1\" \/>\n<link rel=\"canonical\" href=\"https:\/\/abora.eu\/en\/impressum\/\" \/>\n<meta property=\"og:locale\" content=\"en_US\" \/>\n<meta property=\"og:type\" content=\"article\" \/>\n<meta property=\"og:title\" content=\"Impressum - Mission Abora\" \/>\n<meta property=\"og:description\" content=\"ImpressumAnsprechpartner Dominique G\u00f6rlitzDr.-S.-Allende-Str. 46 \u2022 D \u2212 09119 ChemnitzTelefon: 0049 - (0)371 725 478 0Mobil: 0049 \u2212 (0)163 - 511 57 66E-Mail: dominique.goerlitz@t-online.deWebsite: www.abora.euHaftung f\u00fcr Inhalte Die Inhalte unserer Seiten wurden mit gr\u00f6\u00dfter Sorgfalt erstellt. F\u00fcr die Richtigkeit, Vollst\u00e4ndigkeit und Aktualit\u00e4t der Inhalte k\u00f6nnen wir jedoch keine Gew\u00e4hr \u00fcbernehmen. Als Diensteanbieter sind wir gem\u00e4\u00df \u00a7 [&hellip;]\" \/>\n<meta property=\"og:url\" content=\"https:\/\/abora.eu\/en\/impressum\/\" \/>\n<meta property=\"og:site_name\" content=\"Mission Abora\" \/>\n<meta property=\"article:modified_time\" content=\"2026-02-02T07:41:15+00:00\" \/>\n<meta name=\"twitter:card\" content=\"summary_large_image\" \/>\n<meta name=\"twitter:label1\" content=\"Est. reading time\" \/>\n\t<meta name=\"twitter:data1\" content=\"4 minutes\" \/>\n<script type=\"application\/ld+json\" class=\"yoast-schema-graph\">{\"@context\":\"https:\\\/\\\/schema.org\",\"@graph\":[{\"@type\":\"WebPage\",\"@id\":\"https:\\\/\\\/abora.eu\\\/impressum\\\/\",\"url\":\"https:\\\/\\\/abora.eu\\\/impressum\\\/\",\"name\":\"Impressum - Mission Abora\",\"isPartOf\":{\"@id\":\"https:\\\/\\\/abora.eu\\\/#website\"},\"datePublished\":\"2026-01-22T11:26:14+00:00\",\"dateModified\":\"2026-02-02T07:41:15+00:00\",\"breadcrumb\":{\"@id\":\"https:\\\/\\\/abora.eu\\\/impressum\\\/#breadcrumb\"},\"inLanguage\":\"en-US\",\"potentialAction\":[{\"@type\":\"ReadAction\",\"target\":[\"https:\\\/\\\/abora.eu\\\/impressum\\\/\"]}]},{\"@type\":\"BreadcrumbList\",\"@id\":\"https:\\\/\\\/abora.eu\\\/impressum\\\/#breadcrumb\",\"itemListElement\":[{\"@type\":\"ListItem\",\"position\":1,\"name\":\"Start\",\"item\":\"https:\\\/\\\/abora.eu\\\/\"},{\"@type\":\"ListItem\",\"position\":2,\"name\":\"Impressum\"}]},{\"@type\":\"WebSite\",\"@id\":\"https:\\\/\\\/abora.eu\\\/#website\",\"url\":\"https:\\\/\\\/abora.eu\\\/\",\"name\":\"Mission Abora\",\"description\":\"\",\"publisher\":{\"@id\":\"https:\\\/\\\/abora.eu\\\/#\\\/schema\\\/person\\\/953dad30d10fa7d560bb90cff0494e14\"},\"potentialAction\":[{\"@type\":\"SearchAction\",\"target\":{\"@type\":\"EntryPoint\",\"urlTemplate\":\"https:\\\/\\\/abora.eu\\\/?s={search_term_string}\"},\"query-input\":{\"@type\":\"PropertyValueSpecification\",\"valueRequired\":true,\"valueName\":\"search_term_string\"}}],\"inLanguage\":\"en-US\"},{\"@type\":[\"Person\",\"Organization\"],\"@id\":\"https:\\\/\\\/abora.eu\\\/#\\\/schema\\\/person\\\/953dad30d10fa7d560bb90cff0494e14\",\"name\":\"Dominique G\u00f6rlitz\",\"image\":{\"@type\":\"ImageObject\",\"inLanguage\":\"en-US\",\"@id\":\"https:\\\/\\\/abora.eu\\\/wp-content\\\/uploads\\\/Logo-1.png\",\"url\":\"https:\\\/\\\/abora.eu\\\/wp-content\\\/uploads\\\/Logo-1.png\",\"contentUrl\":\"https:\\\/\\\/abora.eu\\\/wp-content\\\/uploads\\\/Logo-1.png\",\"width\":1371,\"height\":1284,\"caption\":\"Dominique G\u00f6rlitz\"},\"logo\":{\"@id\":\"https:\\\/\\\/abora.eu\\\/wp-content\\\/uploads\\\/Logo-1.png\"}}]}<\/script>\n<!-- \/ Yoast SEO plugin. -->","yoast_head_json":{"title":"Impressum - Mission Abora","robots":{"index":"index","follow":"follow","max-snippet":"max-snippet:-1","max-image-preview":"max-image-preview:large","max-video-preview":"max-video-preview:-1"},"canonical":"https:\/\/abora.eu\/en\/impressum\/","og_locale":"en_US","og_type":"article","og_title":"Impressum - Mission Abora","og_description":"ImpressumAnsprechpartner Dominique G\u00f6rlitzDr.-S.-Allende-Str. 46 \u2022 D \u2212 09119 ChemnitzTelefon: 0049 - (0)371 725 478 0Mobil: 0049 \u2212 (0)163 - 511 57 66E-Mail: dominique.goerlitz@t-online.deWebsite: www.abora.euHaftung f\u00fcr Inhalte Die Inhalte unserer Seiten wurden mit gr\u00f6\u00dfter Sorgfalt erstellt. F\u00fcr die Richtigkeit, Vollst\u00e4ndigkeit und Aktualit\u00e4t der Inhalte k\u00f6nnen wir jedoch keine Gew\u00e4hr \u00fcbernehmen. Als Diensteanbieter sind wir gem\u00e4\u00df \u00a7 [&hellip;]","og_url":"https:\/\/abora.eu\/en\/impressum\/","og_site_name":"Mission Abora","article_modified_time":"2026-02-02T07:41:15+00:00","twitter_card":"summary_large_image","twitter_misc":{"Est. reading time":"4 minutes"},"schema":{"@context":"https:\/\/schema.org","@graph":[{"@type":"WebPage","@id":"https:\/\/abora.eu\/impressum\/","url":"https:\/\/abora.eu\/impressum\/","name":"Impressum - Mission Abora","isPartOf":{"@id":"https:\/\/abora.eu\/#website"},"datePublished":"2026-01-22T11:26:14+00:00","dateModified":"2026-02-02T07:41:15+00:00","breadcrumb":{"@id":"https:\/\/abora.eu\/impressum\/#breadcrumb"},"inLanguage":"en-US","potentialAction":[{"@type":"ReadAction","target":["https:\/\/abora.eu\/impressum\/"]}]},{"@type":"BreadcrumbList","@id":"https:\/\/abora.eu\/impressum\/#breadcrumb","itemListElement":[{"@type":"ListItem","position":1,"name":"Start","item":"https:\/\/abora.eu\/"},{"@type":"ListItem","position":2,"name":"Impressum"}]},{"@type":"WebSite","@id":"https:\/\/abora.eu\/#website","url":"https:\/\/abora.eu\/","name":"Mission Abora","description":"","publisher":{"@id":"https:\/\/abora.eu\/#\/schema\/person\/953dad30d10fa7d560bb90cff0494e14"},"potentialAction":[{"@type":"SearchAction","target":{"@type":"EntryPoint","urlTemplate":"https:\/\/abora.eu\/?s={search_term_string}"},"query-input":{"@type":"PropertyValueSpecification","valueRequired":true,"valueName":"search_term_string"}}],"inLanguage":"en-US"},{"@type":["Person","Organization"],"@id":"https:\/\/abora.eu\/#\/schema\/person\/953dad30d10fa7d560bb90cff0494e14","name":"Dominique G\u00f6rlitz","image":{"@type":"ImageObject","inLanguage":"en-US","@id":"https:\/\/abora.eu\/wp-content\/uploads\/Logo-1.png","url":"https:\/\/abora.eu\/wp-content\/uploads\/Logo-1.png","contentUrl":"https:\/\/abora.eu\/wp-content\/uploads\/Logo-1.png","width":1371,"height":1284,"caption":"Dominique G\u00f6rlitz"},"logo":{"@id":"https:\/\/abora.eu\/wp-content\/uploads\/Logo-1.png"}}]}},"_links":{"self":[{"href":"https:\/\/abora.eu\/en\/wp-json\/wp\/v2\/pages\/2920","targetHints":{"allow":["GET"]}}],"collection":[{"href":"https:\/\/abora.eu\/en\/wp-json\/wp\/v2\/pages"}],"about":[{"href":"https:\/\/abora.eu\/en\/wp-json\/wp\/v2\/types\/page"}],"author":[{"embeddable":true,"href":"https:\/\/abora.eu\/en\/wp-json\/wp\/v2\/users\/1"}],"replies":[{"embeddable":true,"href":"https:\/\/abora.eu\/en\/wp-json\/wp\/v2\/comments?post=2920"}],"version-history":[{"count":5,"href":"https:\/\/abora.eu\/en\/wp-json\/wp\/v2\/pages\/2920\/revisions"}],"predecessor-version":[{"id":3208,"href":"https:\/\/abora.eu\/en\/wp-json\/wp\/v2\/pages\/2920\/revisions\/3208"}],"wp:attachment":[{"href":"https:\/\/abora.eu\/en\/wp-json\/wp\/v2\/media?parent=2920"}],"curies":[{"name":"wp","href":"https:\/\/api.w.org\/{rel}","templated":true}]}}