{"id":2928,"date":"2026-01-22T11:36:39","date_gmt":"2026-01-22T11:36:39","guid":{"rendered":"https:\/\/abora.eu\/?page_id=2928"},"modified":"2026-02-03T08:53:58","modified_gmt":"2026-02-03T08:53:58","slug":"datenschutz","status":"publish","type":"page","link":"https:\/\/abora.eu\/en\/datenschutz\/","title":{"rendered":"Privacy policy"},"content":{"rendered":"<p>[et_pb_section fb_built=&#8220;1&#8243; custom_padding_last_edited=&#8220;on|tablet&#8220; _builder_version=&#8220;4.27.5&#8243; _module_preset=&#8220;default&#8220; custom_padding_tablet=&#8220;|40px||40px|false|true&#8220; custom_padding_phone=&#8220;|20px||20px|false|true&#8220; global_colors_info=&#8220;{}&#8220;][et_pb_row _builder_version=&#8220;4.27.5&#8243; _module_preset=&#8220;default&#8220; global_colors_info=&#8220;{}&#8220;][et_pb_column type=&#8220;4_4&#8243; _builder_version=&#8220;4.27.5&#8243; _module_preset=&#8220;default&#8220; global_colors_info=&#8220;{}&#8220;][et_pb_text _builder_version=&#8220;4.27.5&#8243; _module_preset=&#8220;default&#8220; global_colors_info=&#8220;{}&#8220;]<\/p>\n<h2>Datenschutz<\/h2>\n<p>[\/et_pb_text][et_pb_text _builder_version=&#8220;4.27.5&#8243; _module_preset=&#8220;default&#8220; global_colors_info=&#8220;{}&#8220;]<\/p>\n<p>Verantwortliche Stelle im Sinne der Datenschutzgesetze ist:<\/p>\n<p>Dominique G\u00f6rlitz<br \/>Dr.-S.-Allende-Str. 46 \u2022 D \u2212 09119 Chemnitz<br \/>Telefon: 0049 &#8211; (0)371 725 478 0<br \/>Mobil: 0049 \u2212 (0)163 &#8211; 511 57 66<br \/>E-Mail: <a href=\"mailto:dominique.goerlitz@t-online.de\">dominique.goerlitz@t-online.de<\/a><\/p>\n<p>[\/et_pb_text][\/et_pb_column][\/et_pb_row][et_pb_row _builder_version=&#8220;4.27.5&#8243; _module_preset=&#8220;default&#8220; global_colors_info=&#8220;{}&#8220;][et_pb_column type=&#8220;4_4&#8243; _builder_version=&#8220;4.27.5&#8243; _module_preset=&#8220;default&#8220; global_colors_info=&#8220;{}&#8220;][et_pb_text _builder_version=&#8220;4.27.5&#8243; _module_preset=&#8220;default&#8220; global_colors_info=&#8220;{}&#8220;]<\/p>\n<h3>Erfassung allgemeiner Informationen<\/h3>\n<p>[\/et_pb_text][et_pb_text _builder_version=&#8220;4.27.5&#8243; _module_preset=&#8220;default&#8220; global_colors_info=&#8220;{}&#8220;]<\/p>\n<p>Wenn Sie auf unsere Webseite zugreifen, werden automatisch Informationen allgemeiner Natur erfasst. Diese Informationen (Server-Logfiles) beinhalten etwa die Art des Webbrowsers, das verwendete Betriebssystem, den Domainnamen Ihres Internet Service Providers und \u00c4hnliches. Hierbei handelt es sich ausschlie\u00dflich um Informationen, welche keine R\u00fcckschl\u00fcsse auf Ihre Person zulassen. Diese Informationen sind technisch notwendig, um von Ihnen angeforderte Inhalte von Webseiten korrekt auszuliefern und fallen bei Nutzung des Internets zwingend an. Anonyme Informationen dieser Art werden von uns statistisch ausgewertet, um unseren Internetauftritt und die dahinterstehende Technik zu optimieren.<\/p>\n<p>[\/et_pb_text][\/et_pb_column][\/et_pb_row][et_pb_row _builder_version=&#8220;4.27.5&#8243; _module_preset=&#8220;default&#8220; global_colors_info=&#8220;{}&#8220;][et_pb_column type=&#8220;4_4&#8243; _builder_version=&#8220;4.27.5&#8243; _module_preset=&#8220;default&#8220; global_colors_info=&#8220;{}&#8220;][et_pb_text _builder_version=&#8220;4.27.5&#8243; _module_preset=&#8220;default&#8220; global_colors_info=&#8220;{}&#8220;]<\/p>\n<h3>Cookies<\/h3>\n<p>[\/et_pb_text][et_pb_text _builder_version=&#8220;4.27.5&#8243; _module_preset=&#8220;default&#8220; global_colors_info=&#8220;{}&#8220;]<\/p>\n<p>Wie viele andere Webseiten verwenden wir auch so genannte \u201eCookies\u201c. Cookies sind kleine Textdateien, die von einem Webseitenserver auf Ihre Festplatte \u00fcbertragen werden. Hierdurch erhalten wir automatisch bestimmte Daten wie z. B. IP-Adresse, verwendeter Browser, Betriebssystem \u00fcber Ihren Computer und Ihre Verbindung zum Internet.<\/p>\n<p>Cookies k\u00f6nnen nicht verwendet werden, um Programme zu starten oder Viren auf einen Computer zu \u00fcbertragen. Anhand der in Cookies enthaltenen Informationen k\u00f6nnen wir Ihnen die Navigation erleichtern und die korrekte Anzeige unserer Webseiten erm\u00f6glichen.<\/p>\n<p>In keinem Fall werden die von uns erfassten Daten an Dritte weitergegeben oder ohne Ihre Einwilligung eine Verkn\u00fcpfung mit personenbezogenen Daten hergestellt.<\/p>\n<p>Nat\u00fcrlich k\u00f6nnen Sie unsere Website grunds\u00e4tzlich auch ohne Cookies betrachten. Internet-Browser sind regelm\u00e4\u00dfig so eingestellt, dass sie Cookies akzeptieren. Sie k\u00f6nnen die Verwendung von Cookies jederzeit \u00fcber die Einstellungen Ihres Browsers deaktivieren. Bitte verwenden Sie die Hilfefunktionen Ihres Internetbrowsers, um zu erfahren, wie Sie diese Einstellungen \u00e4ndern k\u00f6nnen. Bitte beachten Sie, dass einzelne Funktionen unserer Website m\u00f6glicherweise nicht funktionieren, wenn Sie die Verwendung von Cookies deaktiviert haben.<\/p>\n<p>[\/et_pb_text][et_pb_text _builder_version=&#8220;4.27.5&#8243; _module_preset=&#8220;default&#8220; hover_enabled=&#8220;0&#8243; global_colors_info=&#8220;{}&#8220; sticky_enabled=&#8220;0&#8243;]<\/p>\n<div class=\"et_pb_module et_pb_text et_pb_text_7  et_pb_text_align_left et_pb_bg_layout_light\">\n<div class=\"et_pb_text_inner\">\n<h4>Cookie-Einwilligung mit Complianz<\/h4>\n<\/div>\n<\/div>\n<div class=\"et_pb_module et_pb_text et_pb_text_8  et_pb_text_align_left et_pb_bg_layout_light\">\n<div class=\"et_pb_text_inner\">\n<p>Complianz ist ein GDPR\/CCPA Cookie-Einwilligungsplugin der Complianz B.V., Kalmarweg 14-5 9723 JG (NL). Es erm\u00f6glicht die Gestaltung eines rechtskonformen Cookie Banners, der unsere Besucher \u00fcber gesetzte Cookies informiert und Ihre Einwilligung zur Speicherung bestimmter Cookies in Ihrem Browser anfragt.<\/p>\n<p>Die Nutzung von Complianz erfolgt, um die gesetzlich vorgeschriebenen Einwilligungen von Cookies einzuholen. Hierf\u00fcr gilt die Rechtsgrundlage Art. 6 Abs. 1 lit. f DSGVO.<\/p>\n<p>Beim Besuchen unserer Website erscheint Ihnen der Cookie-Einwilligungsbanner. Die Einwilligungen und Einstellungen, die Sie dort vornehmen werden durch ein Complianz-Cookie in Ihrem Browser gespeichert. Diese Daten werden nicht an Dritte weitergegeben.<\/p>\n<p>Mehr Informationen zur Speicherung und Nutzung von Nutzerdaten durch Complianz finden Sie in der Cookie-Richtlinie (EU) (Verlinkung im Namen) und in der Datenschutzerkl\u00e4rung von Complianz B.V. <a href=\"https:\/\/complianz.io\/legal\/privacy-statement\/\" target=\"_blank\" rel=\"noopener\">https:\/\/complianz.io\/legal\/privacy-statement\/<\/a><\/p>\n<\/div>\n<\/div>\n<p>[\/et_pb_text][\/et_pb_column][\/et_pb_row][et_pb_row _builder_version=&#8220;4.27.5&#8243; _module_preset=&#8220;default&#8220; global_colors_info=&#8220;{}&#8220;][et_pb_column type=&#8220;4_4&#8243; _builder_version=&#8220;4.27.5&#8243; _module_preset=&#8220;default&#8220; global_colors_info=&#8220;{}&#8220;][et_pb_text _builder_version=&#8220;4.27.5&#8243; _module_preset=&#8220;default&#8220; hover_enabled=&#8220;0&#8243; global_colors_info=&#8220;{}&#8220; sticky_enabled=&#8220;0&#8243;]<\/p>\n<h3>Verwendung des Plugins Wordfence<\/h3>\n<p>[\/et_pb_text][et_pb_text _builder_version=&#8220;4.27.5&#8243; _module_preset=&#8220;default&#8220; hover_enabled=&#8220;0&#8243; global_colors_info=&#8220;{}&#8220; sticky_enabled=&#8220;0&#8243;]<\/p>\n<div class=\"et_pb_row et_pb_row_7\">\n<div class=\"et_pb_column et_pb_column_4_4 et_pb_column_7  et_pb_css_mix_blend_mode_passthrough et-last-child\">\n<div class=\"et_pb_module et_pb_text et_pb_text_10  et_pb_text_align_left et_pb_bg_layout_light\">\n<div class=\"et_pb_text_inner\">\n<p>Zu Sicherheitszwecken verwendet diese Website das Plugin \u201eWordfence\u201c, einen Dienst der Defiant Inc., 800 5th Ave Ste 4100, Seattle, WA 98104, USA. Das Plugin sch\u00fctzt die Website vor unberechtigten Drittzugriffen, die sich versuchen Zugriff zur Website zu verschaffen, um dadurch an personenbezogene Daten zu gelangen. Durch den integrierten Malware Scanner wird unsere Website auf Schadsoftware gepr\u00fcft und Bedrohungen durch Viren werden abgewendet.<\/p>\n<p>Wordfence erfasst die IP-Adressen von Nutzern sowie gegebenenfalls weitere Daten zu Ihrem Verhalten auf unserer Website (insbesondere aufgerufene URLs und Header-Informationen), um unberechtigte Seitenzugriffe und Gefahren zu erkennen und abzuwehren. Dabei wird die erfasste IP-Adresse mit einer Liste bekannter Angreifer verglichen. Wird die erfasste IP-Adresse als Sicherheitsrisiko erkannt, kann Wordfence diese automatisch f\u00fcr den Seitenzugriff sperren. Die gesammelten Informationen werden an einen Server der Defiant Inc. (USA) gesendet und dort gespeichert.<\/p>\n<p>Die Nutzung von Wordfence erfolgt zur St\u00e4rkung der Sicherheit dieser Website und somit auch zur Sicherheit der Websitenutzer. Damit besteht ein berechtigtes Interesse im Sinne von Art. 6 Abs. 1 lit. f DSGVO.<\/p>\n<p>Mehr Informationen zum Umgang mit Nutzerdaten finden Sie\u00a0unter <a href=\"https:\/\/www.wordfence.com\/blog\/2018\/05\/wordfence-is-gdpr-compliant\/\" target=\"_blank\" rel=\"noopener\">https:\/\/www.wordfence.com\/blog\/2018\/05\/wordfence-is-gdpr-compliant\/<\/a>\u00a0und in der Datenschutzerkl\u00e4rung von Defiant:\u00a0<a href=\"https:\/\/www.wordfence.com\/privacy-policy\/\" target=\"_blank\" rel=\"noopener\">https:\/\/www.wordfence.com\/privacy-policy\/<\/a><\/p>\n<\/div>\n<\/div>\n<\/div>\n<\/div>\n<p>[\/et_pb_text][\/et_pb_column][\/et_pb_row][et_pb_row _builder_version=&#8220;4.27.5&#8243; _module_preset=&#8220;default&#8220; global_colors_info=&#8220;{}&#8220;][et_pb_column type=&#8220;4_4&#8243; _builder_version=&#8220;4.27.5&#8243; _module_preset=&#8220;default&#8220; global_colors_info=&#8220;{}&#8220;][et_pb_text _builder_version=&#8220;4.27.5&#8243; _module_preset=&#8220;default&#8220; global_colors_info=&#8220;{}&#8220;]<\/p>\n<h3>SSL-Verschl\u00fcsselung<\/h3>\n<p>[\/et_pb_text][et_pb_text _builder_version=&#8220;4.27.5&#8243; _module_preset=&#8220;default&#8220; global_colors_info=&#8220;{}&#8220;]<\/p>\n<p>Um die Sicherheit Ihrer Daten bei der \u00dcbertragung zu sch\u00fctzen, verwenden wir dem aktuellen Stand der Technik entsprechende Verschl\u00fcsselungsverfahren (z. B. SSL) \u00fcber HTTPS.<br \/>Kontaktformular<br \/>Treten Sie per E-Mail oder Kontaktformular mit uns in Kontakt, werden die von Ihnen gemachten Angaben zum Zwecke der Bearbeitung der Anfrage sowie f\u00fcr m\u00f6gliche Anschlussfragen gespeichert.<br \/>Verwendung von Scriptbibliotheken (Google Webfonts)<br \/>Um unsere Inhalte browser\u00fcbergreifend korrekt und grafisch ansprechend darzustellen, verwenden wir auf dieser Website Scriptbibliotheken und Schriftbibliotheken wie z. B. Google Webfonts (https:\/\/www.google.com\/webfonts\/). Google Webfonts werden zur Vermeidung mehrfachen Ladens in den Cache Ihres Browsers \u00fcbertragen. Falls der Browser die Google Webfonts nicht unterst\u00fctzt oder den Zugriff unterbindet, werden Inhalte in einer Standardschrift angezeigt.<\/p>\n<p>Der Aufruf von Scriptbibliotheken oder Schriftbibliotheken l\u00f6st automatisch eine Verbindung zum Betreiber der Bibliothek aus. Dabei ist es theoretisch m\u00f6glich \u2013 aktuell allerdings auch unklar ob und ggf. zu welchen Zwecken \u2013 dass Betreiber entsprechender Bibliotheken Daten erheben.<\/p>\n<p>Die Datenschutzrichtlinie des Bibliothekbetreibers Google finden Sie hier: <a href=\"https:\/\/www.google.com\/policies\/privacy\/\">https:\/\/www.google.com\/policies\/privacy<\/a><\/p>\n<p>[\/et_pb_text][\/et_pb_column][\/et_pb_row][et_pb_row _builder_version=&#8220;4.27.5&#8243; _module_preset=&#8220;default&#8220; global_colors_info=&#8220;{}&#8220;][et_pb_column type=&#8220;4_4&#8243; _builder_version=&#8220;4.27.5&#8243; _module_preset=&#8220;default&#8220; global_colors_info=&#8220;{}&#8220;][et_pb_text _builder_version=&#8220;4.27.5&#8243; _module_preset=&#8220;default&#8220; global_colors_info=&#8220;{}&#8220;]<\/p>\n<h3>Eingebettete YouTube-Videos<\/h3>\n<p>[\/et_pb_text][et_pb_text _builder_version=&#8220;4.27.5&#8243; _module_preset=&#8220;default&#8220; global_colors_info=&#8220;{}&#8220;]<\/p>\n<p>Auf einigen unserer Webseiten betten wir Youtube-Videos ein. Betreiber der entsprechenden Plugins ist die YouTube, LLC, 901 Cherry Ave., San Bruno, CA 94066, USA. Wenn Sie eine Seite mit dem YouTube-Plugin besuchen, wird eine Verbindung zu Servern von Youtube hergestellt. Dabei wird Youtube mitgeteilt, welche Seiten Sie besuchen. Wenn Sie in Ihrem Youtube-Account eingeloggt sind, kann Youtube Ihr Surfverhalten Ihnen pers\u00f6nlich zuzuordnen. Dies verhindern Sie, indem Sie sich vorher aus Ihrem Youtube-Account ausloggen.<\/p>\n<p>Wird ein Youtube-Video gestartet, setzt der Anbieter Cookies ein, die Hinweise \u00fcber das Nutzerverhalten sammeln.<\/p>\n<p>Wer das Speichern von Cookies f\u00fcr das Google-Ad-Programm deaktiviert hat, wird auch beim Anschauen von Youtube-Videos mit keinen solchen Cookies rechnen m\u00fcssen. Youtube legt aber auch in anderen Cookies nicht-personenbezogene Nutzungsinformationen ab. M\u00f6chten Sie dies verhindern, so m\u00fcssen Sie das Speichern von Cookies im Browser blockieren.<\/p>\n<p>Weitere Informationen zum Datenschutz bei \u201eYoutube\u201c finden Sie in der Datenschutzerkl\u00e4rung des Anbieters unter: <a href=\"https:\/\/www.google.de\/intl\/de\/policies\/privacy\/\">https:\/\/www.google.de\/intl\/de\/policies\/privacy\/ <\/a><\/p>\n<p>[\/et_pb_text][\/et_pb_column][\/et_pb_row][et_pb_row _builder_version=&#8220;4.27.5&#8243; _module_preset=&#8220;default&#8220; global_colors_info=&#8220;{}&#8220;][et_pb_column type=&#8220;4_4&#8243; _builder_version=&#8220;4.27.5&#8243; _module_preset=&#8220;default&#8220; global_colors_info=&#8220;{}&#8220;][et_pb_text _builder_version=&#8220;4.27.5&#8243; _module_preset=&#8220;default&#8220; global_colors_info=&#8220;{}&#8220;]<\/p>\n<h3>Ihre Rechte auf Auskunft, Berichtigung, Sperre, L\u00f6schung und Widerspruch<\/h3>\n<p>[\/et_pb_text][et_pb_text _builder_version=&#8220;4.27.5&#8243; _module_preset=&#8220;default&#8220; global_colors_info=&#8220;{}&#8220;]<\/p>\n<p>Sie haben das Recht, jederzeit Auskunft \u00fcber Ihre bei uns gespeicherten personenbezogenen Daten zu erhalten. Ebenso haben Sie das Recht auf Berichtigung, Sperrung oder, abgesehen von der vorgeschriebenen Datenspeicherung zur Gesch\u00e4ftsabwicklung, L\u00f6schung Ihrer personenbezogenen Daten. Bitte wenden Sie sich dazu an unseren Datenschutzbeauftragten. Die Kontaktdaten finden Sie ganz unten.<\/p>\n<p>Damit eine Sperre von Daten jederzeit ber\u00fccksichtigt werden kann, m\u00fcssen diese Daten zu Kontrollzwecken in einer Sperrdatei vorgehalten werden. Sie k\u00f6nnen auch die L\u00f6schung der Daten verlangen, soweit keine gesetzliche Archivierungsverpflichtung besteht. Soweit eine solche Verpflichtung besteht, sperren wir Ihre Daten auf Wunsch.<\/p>\n<p>Sie k\u00f6nnen \u00c4nderungen oder den Widerruf einer Einwilligung durch entsprechende Mitteilung an uns mit Wirkung f\u00fcr die Zukunft vornehmen.<\/p>\n<p>[\/et_pb_text][\/et_pb_column][\/et_pb_row][et_pb_row _builder_version=&#8220;4.27.5&#8243; _module_preset=&#8220;default&#8220; global_colors_info=&#8220;{}&#8220;][et_pb_column type=&#8220;4_4&#8243; _builder_version=&#8220;4.27.5&#8243; _module_preset=&#8220;default&#8220; global_colors_info=&#8220;{}&#8220;][et_pb_text _builder_version=&#8220;4.27.5&#8243; _module_preset=&#8220;default&#8220; global_colors_info=&#8220;{}&#8220;]<\/p>\n<h3>\u00c4nderung unserer Datenschutzbestimmungen<\/h3>\n<p>[\/et_pb_text][et_pb_text _builder_version=&#8220;4.27.5&#8243; _module_preset=&#8220;default&#8220; global_colors_info=&#8220;{}&#8220;]<\/p>\n<p>Wir behalten uns vor, diese Datenschutzerkl\u00e4rung gelegentlich anzupassen, damit sie stets den aktuellen rechtlichen Anforderungen entspricht oder um \u00c4nderungen unserer Leistungen in der Datenschutzerkl\u00e4rung umzusetzen, z. B. bei der Einf\u00fchrung neuer Services. F\u00fcr Ihren erneuten Besuch gilt dann die neue Datenschutzerkl\u00e4rung.<\/p>\n<p>Wenn Sie Fragen zum Datenschutz haben, schreiben Sie uns bitte eine E-Mail.\u00a0<a href=\"mailto:dominique.goerlitz@t-online.de\">dominique.goerlitz@t-online.de<\/a><\/p>\n<p>Die Datenschutzerkl\u00e4rung wurde mit dem <a href=\"https:\/\/www.activemind.de\/datenschutz\/datenschutzhinweis-generator\/\" target=\"_blank\" rel=\"noopener\">Datenschutzerkl\u00e4rungs-Generator der activeMind AG erstellt<\/a>.<\/p>\n<p>[\/et_pb_text][\/et_pb_column][\/et_pb_row][\/et_pb_section]<\/p>\n","protected":false},"excerpt":{"rendered":"<p>DatenschutzVerantwortliche Stelle im Sinne der Datenschutzgesetze ist: Dominique G\u00f6rlitzDr.-S.-Allende-Str. 46 \u2022 D \u2212 09119 ChemnitzTelefon: 0049 &#8211; (0)371 725 478 0Mobil: 0049 \u2212 (0)163 &#8211; 511 57 66E-Mail: dominique.goerlitz@t-online.deErfassung allgemeiner InformationenWenn Sie auf unsere Webseite zugreifen, werden automatisch Informationen allgemeiner Natur erfasst. Diese Informationen (Server-Logfiles) beinhalten etwa die Art des Webbrowsers, das verwendete Betriebssystem, den [&hellip;]<\/p>\n","protected":false},"author":1,"featured_media":0,"parent":0,"menu_order":0,"comment_status":"closed","ping_status":"closed","template":"","meta":{"_et_pb_use_builder":"on","_et_pb_old_content":"","_et_gb_content_width":"","footnotes":""},"class_list":["post-2928","page","type-page","status-publish","hentry"],"yoast_head":"<!-- This site is optimized with the Yoast SEO plugin v27.4 - https:\/\/yoast.com\/product\/yoast-seo-wordpress\/ -->\n<title>Datenschutz - Mission Abora<\/title>\n<meta name=\"robots\" content=\"index, follow, max-snippet:-1, max-image-preview:large, max-video-preview:-1\" \/>\n<link rel=\"canonical\" href=\"https:\/\/abora.eu\/en\/datenschutz\/\" \/>\n<meta property=\"og:locale\" content=\"en_US\" \/>\n<meta property=\"og:type\" content=\"article\" \/>\n<meta property=\"og:title\" content=\"Datenschutz - Mission Abora\" \/>\n<meta property=\"og:description\" content=\"DatenschutzVerantwortliche Stelle im Sinne der Datenschutzgesetze ist: Dominique G\u00f6rlitzDr.-S.-Allende-Str. 46 \u2022 D \u2212 09119 ChemnitzTelefon: 0049 - (0)371 725 478 0Mobil: 0049 \u2212 (0)163 - 511 57 66E-Mail: dominique.goerlitz@t-online.deErfassung allgemeiner InformationenWenn Sie auf unsere Webseite zugreifen, werden automatisch Informationen allgemeiner Natur erfasst. Diese Informationen (Server-Logfiles) beinhalten etwa die Art des Webbrowsers, das verwendete Betriebssystem, den [&hellip;]\" \/>\n<meta property=\"og:url\" content=\"https:\/\/abora.eu\/en\/datenschutz\/\" \/>\n<meta property=\"og:site_name\" content=\"Mission Abora\" \/>\n<meta property=\"article:modified_time\" content=\"2026-02-03T08:53:58+00:00\" \/>\n<meta name=\"twitter:card\" content=\"summary_large_image\" \/>\n<meta name=\"twitter:label1\" content=\"Est. reading time\" \/>\n\t<meta name=\"twitter:data1\" content=\"8 minutes\" \/>\n<script type=\"application\/ld+json\" class=\"yoast-schema-graph\">{\"@context\":\"https:\\\/\\\/schema.org\",\"@graph\":[{\"@type\":\"WebPage\",\"@id\":\"https:\\\/\\\/abora.eu\\\/datenschutz\\\/\",\"url\":\"https:\\\/\\\/abora.eu\\\/datenschutz\\\/\",\"name\":\"Datenschutz - Mission Abora\",\"isPartOf\":{\"@id\":\"https:\\\/\\\/abora.eu\\\/#website\"},\"datePublished\":\"2026-01-22T11:36:39+00:00\",\"dateModified\":\"2026-02-03T08:53:58+00:00\",\"breadcrumb\":{\"@id\":\"https:\\\/\\\/abora.eu\\\/datenschutz\\\/#breadcrumb\"},\"inLanguage\":\"en-US\",\"potentialAction\":[{\"@type\":\"ReadAction\",\"target\":[\"https:\\\/\\\/abora.eu\\\/datenschutz\\\/\"]}]},{\"@type\":\"BreadcrumbList\",\"@id\":\"https:\\\/\\\/abora.eu\\\/datenschutz\\\/#breadcrumb\",\"itemListElement\":[{\"@type\":\"ListItem\",\"position\":1,\"name\":\"Start\",\"item\":\"https:\\\/\\\/abora.eu\\\/\"},{\"@type\":\"ListItem\",\"position\":2,\"name\":\"Datenschutz\"}]},{\"@type\":\"WebSite\",\"@id\":\"https:\\\/\\\/abora.eu\\\/#website\",\"url\":\"https:\\\/\\\/abora.eu\\\/\",\"name\":\"Mission Abora\",\"description\":\"\",\"publisher\":{\"@id\":\"https:\\\/\\\/abora.eu\\\/#\\\/schema\\\/person\\\/953dad30d10fa7d560bb90cff0494e14\"},\"potentialAction\":[{\"@type\":\"SearchAction\",\"target\":{\"@type\":\"EntryPoint\",\"urlTemplate\":\"https:\\\/\\\/abora.eu\\\/?s={search_term_string}\"},\"query-input\":{\"@type\":\"PropertyValueSpecification\",\"valueRequired\":true,\"valueName\":\"search_term_string\"}}],\"inLanguage\":\"en-US\"},{\"@type\":[\"Person\",\"Organization\"],\"@id\":\"https:\\\/\\\/abora.eu\\\/#\\\/schema\\\/person\\\/953dad30d10fa7d560bb90cff0494e14\",\"name\":\"Dominique G\u00f6rlitz\",\"image\":{\"@type\":\"ImageObject\",\"inLanguage\":\"en-US\",\"@id\":\"https:\\\/\\\/abora.eu\\\/wp-content\\\/uploads\\\/Logo-1.png\",\"url\":\"https:\\\/\\\/abora.eu\\\/wp-content\\\/uploads\\\/Logo-1.png\",\"contentUrl\":\"https:\\\/\\\/abora.eu\\\/wp-content\\\/uploads\\\/Logo-1.png\",\"width\":1371,\"height\":1284,\"caption\":\"Dominique G\u00f6rlitz\"},\"logo\":{\"@id\":\"https:\\\/\\\/abora.eu\\\/wp-content\\\/uploads\\\/Logo-1.png\"}}]}<\/script>\n<!-- \/ Yoast SEO plugin. -->","yoast_head_json":{"title":"Datenschutz - Mission Abora","robots":{"index":"index","follow":"follow","max-snippet":"max-snippet:-1","max-image-preview":"max-image-preview:large","max-video-preview":"max-video-preview:-1"},"canonical":"https:\/\/abora.eu\/en\/datenschutz\/","og_locale":"en_US","og_type":"article","og_title":"Datenschutz - Mission Abora","og_description":"DatenschutzVerantwortliche Stelle im Sinne der Datenschutzgesetze ist: Dominique G\u00f6rlitzDr.-S.-Allende-Str. 46 \u2022 D \u2212 09119 ChemnitzTelefon: 0049 - (0)371 725 478 0Mobil: 0049 \u2212 (0)163 - 511 57 66E-Mail: dominique.goerlitz@t-online.deErfassung allgemeiner InformationenWenn Sie auf unsere Webseite zugreifen, werden automatisch Informationen allgemeiner Natur erfasst. Diese Informationen (Server-Logfiles) beinhalten etwa die Art des Webbrowsers, das verwendete Betriebssystem, den [&hellip;]","og_url":"https:\/\/abora.eu\/en\/datenschutz\/","og_site_name":"Mission Abora","article_modified_time":"2026-02-03T08:53:58+00:00","twitter_card":"summary_large_image","twitter_misc":{"Est. reading time":"8 minutes"},"schema":{"@context":"https:\/\/schema.org","@graph":[{"@type":"WebPage","@id":"https:\/\/abora.eu\/datenschutz\/","url":"https:\/\/abora.eu\/datenschutz\/","name":"Datenschutz - Mission Abora","isPartOf":{"@id":"https:\/\/abora.eu\/#website"},"datePublished":"2026-01-22T11:36:39+00:00","dateModified":"2026-02-03T08:53:58+00:00","breadcrumb":{"@id":"https:\/\/abora.eu\/datenschutz\/#breadcrumb"},"inLanguage":"en-US","potentialAction":[{"@type":"ReadAction","target":["https:\/\/abora.eu\/datenschutz\/"]}]},{"@type":"BreadcrumbList","@id":"https:\/\/abora.eu\/datenschutz\/#breadcrumb","itemListElement":[{"@type":"ListItem","position":1,"name":"Start","item":"https:\/\/abora.eu\/"},{"@type":"ListItem","position":2,"name":"Datenschutz"}]},{"@type":"WebSite","@id":"https:\/\/abora.eu\/#website","url":"https:\/\/abora.eu\/","name":"Mission Abora","description":"","publisher":{"@id":"https:\/\/abora.eu\/#\/schema\/person\/953dad30d10fa7d560bb90cff0494e14"},"potentialAction":[{"@type":"SearchAction","target":{"@type":"EntryPoint","urlTemplate":"https:\/\/abora.eu\/?s={search_term_string}"},"query-input":{"@type":"PropertyValueSpecification","valueRequired":true,"valueName":"search_term_string"}}],"inLanguage":"en-US"},{"@type":["Person","Organization"],"@id":"https:\/\/abora.eu\/#\/schema\/person\/953dad30d10fa7d560bb90cff0494e14","name":"Dominique G\u00f6rlitz","image":{"@type":"ImageObject","inLanguage":"en-US","@id":"https:\/\/abora.eu\/wp-content\/uploads\/Logo-1.png","url":"https:\/\/abora.eu\/wp-content\/uploads\/Logo-1.png","contentUrl":"https:\/\/abora.eu\/wp-content\/uploads\/Logo-1.png","width":1371,"height":1284,"caption":"Dominique G\u00f6rlitz"},"logo":{"@id":"https:\/\/abora.eu\/wp-content\/uploads\/Logo-1.png"}}]}},"_links":{"self":[{"href":"https:\/\/abora.eu\/en\/wp-json\/wp\/v2\/pages\/2928","targetHints":{"allow":["GET"]}}],"collection":[{"href":"https:\/\/abora.eu\/en\/wp-json\/wp\/v2\/pages"}],"about":[{"href":"https:\/\/abora.eu\/en\/wp-json\/wp\/v2\/types\/page"}],"author":[{"embeddable":true,"href":"https:\/\/abora.eu\/en\/wp-json\/wp\/v2\/users\/1"}],"replies":[{"embeddable":true,"href":"https:\/\/abora.eu\/en\/wp-json\/wp\/v2\/comments?post=2928"}],"version-history":[{"count":6,"href":"https:\/\/abora.eu\/en\/wp-json\/wp\/v2\/pages\/2928\/revisions"}],"predecessor-version":[{"id":3322,"href":"https:\/\/abora.eu\/en\/wp-json\/wp\/v2\/pages\/2928\/revisions\/3322"}],"wp:attachment":[{"href":"https:\/\/abora.eu\/en\/wp-json\/wp\/v2\/media?parent=2928"}],"curies":[{"name":"wp","href":"https:\/\/api.w.org\/{rel}","templated":true}]}}