{"id":454,"date":"2025-05-23T08:55:08","date_gmt":"2025-05-23T08:55:08","guid":{"rendered":"https:\/\/abora.neu.cm-rz.de\/?page_id=454"},"modified":"2026-03-26T10:20:27","modified_gmt":"2026-03-26T10:20:27","slug":"abora-5","status":"publish","type":"page","link":"https:\/\/abora.eu\/en\/abora-5\/","title":{"rendered":"ABORA V"},"content":{"rendered":"<p>[et_pb_section fb_built=&#8220;1&#8243; fullwidth=&#8220;on&#8220; _builder_version=&#8220;4.27.6&#8243; _module_preset=&#8220;default&#8220; hover_enabled=&#8220;0&#8243; global_colors_info=&#8220;{}&#8220; sticky_enabled=&#8220;0&#8243;][et_pb_fullwidth_slider _builder_version=&#8220;4.27.6&#8243; _module_preset=&#8220;default&#8220; height=&#8220;60vh&#8220; auto=&#8220;on&#8220; auto_speed=&#8220;4500&#8243; auto_ignore_hover=&#8220;on&#8220; hover_enabled=&#8220;0&#8243; global_colors_info=&#8220;{}&#8220; sticky_enabled=&#8220;0&#8243;][et_pb_slide _builder_version=&#8220;4.27.6&#8243; _module_preset=&#8220;default&#8220; background_enable_color=&#8220;off&#8220; background_image=&#8220;https:\/\/abora.eu\/wp-content\/uploads\/ABO_9393-2-scaled.webp&#8220; background_enable_image=&#8220;on&#8220; hover_enabled=&#8220;0&#8243; global_colors_info=&#8220;{}&#8220; sticky_transition=&#8220;on&#8220; title_text=&#8220;ABO_9393&#8243; sticky_enabled=&#8220;0&#8243;][\/et_pb_slide][\/et_pb_fullwidth_slider][\/et_pb_section][et_pb_section fb_built=&#8220;1&#8243; custom_padding_last_edited=&#8220;on|tablet&#8220; _builder_version=&#8220;4.27.5&#8243; _module_preset=&#8220;default&#8220; background_image=&#8220;https:\/\/abora.neu.cm-rz.de\/wp-content\/uploads\/map-1.png&#8220; background_size=&#8220;initial&#8220; background_position=&#8220;bottom_right&#8220; background_horizontal_offset=&#8220;-9%&#8220; background_vertical_offset=&#8220;30%&#8220; custom_padding_tablet=&#8220;|40px||40px|false|true&#8220; custom_padding_phone=&#8220;|20px||20px|false|true&#8220; global_colors_info=&#8220;{}&#8220;][et_pb_row column_structure=&#8220;1_2,1_2&#8243; _builder_version=&#8220;4.27.5&#8243; _module_preset=&#8220;default&#8220; global_colors_info=&#8220;{}&#8220;][et_pb_column type=&#8220;1_2&#8243; _builder_version=&#8220;4.27.5&#8243; _module_preset=&#8220;default&#8220; global_colors_info=&#8220;{}&#8220;][et_pb_text _builder_version=&#8220;4.27.5&#8243; _module_preset=&#8220;default&#8220; header_2_font_size=&#8220;30px&#8220; global_colors_info=&#8220;{}&#8220;]<\/p>\n<h2>ABORA V<\/h2>\n<h3>Transatlantische Seefahrt zwischen Alter und Neuer Welt<\/h3>\n<p>[\/et_pb_text][et_pb_text _builder_version=&#8220;4.27.5&#8243; _module_preset=&#8220;default&#8220; global_colors_info=&#8220;{}&#8220;]<\/p>\n<h3>1. Zielsetzung<\/h3>\n<p>Ziel der Expedition ABORA V ist es, erstmals unter kontrollierten experimentellen Bedingungen zu \u00fcberpr\u00fcfen, ob eine gezielte transatlantische Seereise von der Alten in die Neue Welt mit einem vorgeschichtlich rekonstruierbaren Schilfboot technisch und nautisch m\u00f6glich war.<\/p>\n<p>Im Mittelpunkt steht dabei nicht eine driftgetriebene \u00dcberfahrt, sondern die kontrollierte Navigation entlang einer vorgegebenen Route, die auch Kurse au\u00dferhalb reiner Vorwindbedingungen erfordert. ABORA V soll damit eine zentrale methodische Schw\u00e4che fr\u00fcher Experimente \u00fcberwinden.<\/p>\n<p>[\/et_pb_text][\/et_pb_column][et_pb_column type=&#8220;1_2&#8243; _builder_version=&#8220;4.27.5&#8243; _module_preset=&#8220;default&#8220; global_colors_info=&#8220;{}&#8220;][et_pb_image src=&#8220;https:\/\/abora.eu\/wp-content\/uploads\/ABORA-V_Titel-dt-1.webp&#8220; title_text=&#8220;ABORA V_Titel dt&#8220; show_in_lightbox=&#8220;on&#8220; _builder_version=&#8220;4.27.6&#8243; _module_preset=&#8220;default&#8220; width=&#8220;120%&#8220; width_tablet=&#8220;120%&#8220; width_phone=&#8220;100%&#8220; width_last_edited=&#8220;on|phone&#8220; max_width=&#8220;200%&#8220; hover_enabled=&#8220;0&#8243; border_radii=&#8220;on|30px|30px|30px|30px&#8220; global_colors_info=&#8220;{}&#8220; sticky_enabled=&#8220;0&#8243;][\/et_pb_image][\/et_pb_column][\/et_pb_row][et_pb_row _builder_version=&#8220;4.27.5&#8243; _module_preset=&#8220;default&#8220; custom_padding=&#8220;0px||0px||true|false&#8220; global_colors_info=&#8220;{}&#8220;][et_pb_column type=&#8220;4_4&#8243; _builder_version=&#8220;4.27.5&#8243; _module_preset=&#8220;default&#8220; global_colors_info=&#8220;{}&#8220;][et_pb_text _builder_version=&#8220;4.27.5&#8243; _module_preset=&#8220;default&#8220; custom_margin=&#8220;||10px||false|false&#8220; global_colors_info=&#8220;{}&#8220;]<\/p>\n<h4>ABORA V Trailer dt.:<\/h4>\n<p>[\/et_pb_text][et_pb_icon font_icon=&#8220;&#xf03d;||fa||900&#8243; icon_color=&#8220;#FF9600&#8243; icon_width=&#8220;75px&#8220; url=&#8220;https:\/\/youtu.be\/JNYiNiT1_XA&#8220; url_new_window=&#8220;on&#8220; align=&#8220;left&#8220; align_phone=&#8220;center&#8220; align_last_edited=&#8220;off|desktop&#8220; _builder_version=&#8220;4.27.5&#8243; _module_preset=&#8220;default&#8220; global_colors_info=&#8220;{}&#8220; icon_color__hover_enabled=&#8220;on|hover&#8220; icon_color__hover=&#8220;#003E6D&#8220;][\/et_pb_icon][\/et_pb_column][\/et_pb_row][\/et_pb_section][et_pb_section fb_built=&#8220;1&#8243; custom_padding_last_edited=&#8220;on|tablet&#8220; _builder_version=&#8220;4.27.5&#8243; _module_preset=&#8220;default&#8220; custom_padding_tablet=&#8220;|40px||40px|false|true&#8220; custom_padding_phone=&#8220;|20px||20px|false|true&#8220; global_colors_info=&#8220;{}&#8220;][et_pb_row column_structure=&#8220;1_2,1_2&#8243; _builder_version=&#8220;4.27.5&#8243; _module_preset=&#8220;default&#8220; global_colors_info=&#8220;{}&#8220;][et_pb_column type=&#8220;1_2&#8243; _builder_version=&#8220;4.27.5&#8243; _module_preset=&#8220;default&#8220; global_colors_info=&#8220;{}&#8220;][et_pb_image src=&#8220;https:\/\/abora.eu\/wp-content\/uploads\/Projektstatus-ABORA-V-01_2026-1.webp&#8220; title_text=&#8220;Projektstatus ABORA V 01_2026&#8243; show_in_lightbox=&#8220;on&#8220; _builder_version=&#8220;4.27.6&#8243; _module_preset=&#8220;default&#8220; hover_enabled=&#8220;0&#8243; border_radii=&#8220;on|20px|20px|20px|20px&#8220; global_colors_info=&#8220;{}&#8220; sticky_enabled=&#8220;0&#8243;][\/et_pb_image][\/et_pb_column][et_pb_column type=&#8220;1_2&#8243; _builder_version=&#8220;4.27.5&#8243; _module_preset=&#8220;default&#8220; global_colors_info=&#8220;{}&#8220;][et_pb_image src=&#8220;https:\/\/abora.eu\/wp-content\/uploads\/Route-ABORA-V-Neu-2.webp&#8220; title_text=&#8220;Route ABORA V Neu&#8220; show_in_lightbox=&#8220;on&#8220; _builder_version=&#8220;4.27.6&#8243; _module_preset=&#8220;default&#8220; hover_enabled=&#8220;0&#8243; border_radii=&#8220;on|20px|20px|20px|20px&#8220; global_colors_info=&#8220;{}&#8220; sticky_enabled=&#8220;0&#8243;][\/et_pb_image][\/et_pb_column][\/et_pb_row][\/et_pb_section][et_pb_section fb_built=&#8220;1&#8243; custom_padding_last_edited=&#8220;on|tablet&#8220; _builder_version=&#8220;4.27.5&#8243; _module_preset=&#8220;default&#8220; custom_padding_tablet=&#8220;|40px||40px|false|true&#8220; custom_padding_phone=&#8220;|20px||20px|false|true&#8220; global_colors_info=&#8220;{}&#8220;][et_pb_row column_structure=&#8220;1_2,1_2&#8243; custom_padding_last_edited=&#8220;on|desktop&#8220; _builder_version=&#8220;4.27.5&#8243; _module_preset=&#8220;default&#8220; background_enable_image=&#8220;off&#8220; background_size=&#8220;custom&#8220; background_image_width=&#8220;20%&#8220; background_position=&#8220;top_right&#8220; background_horizontal_offset=&#8220;100%&#8220; background_vertical_offset=&#8220;-76%&#8220; transform_scale_tablet=&#8220;&#8220; transform_scale_phone=&#8220;&#8220; transform_scale_last_edited=&#8220;on|phone&#8220; transform_translate_tablet=&#8220;0px|50px&#8220; transform_translate_phone=&#8220;0px|35px&#8220; transform_translate_last_edited=&#8220;on|tablet&#8220; transform_translate_linked_tablet=&#8220;off&#8220; transform_translate_linked_phone=&#8220;off&#8220; transform_rotate_tablet=&#8220;&#8220; transform_rotate_phone=&#8220;&#8220; transform_rotate_last_edited=&#8220;on|phone&#8220; transform_skew_tablet=&#8220;&#8220; transform_skew_phone=&#8220;&#8220; transform_skew_last_edited=&#8220;on|phone&#8220; transform_origin_tablet=&#8220;&#8220; transform_origin_phone=&#8220;&#8220; transform_origin_last_edited=&#8220;on|phone&#8220; transform_styles_last_edited=&#8220;on|tablet&#8220; custom_margin_tablet=&#8220;&#8220; custom_margin_phone=&#8220;||||false|false&#8220; custom_margin_last_edited=&#8220;on|phone&#8220; custom_padding_tablet=&#8220;&#8220; custom_padding_phone=&#8220;||||false|false&#8220; transform_styles_tablet=&#8220;&#8220; transform_styles_phone=&#8220;&#8220; global_colors_info=&#8220;{}&#8220;][et_pb_column type=&#8220;1_2&#8243; _builder_version=&#8220;4.27.5&#8243; _module_preset=&#8220;default&#8220; global_colors_info=&#8220;{}&#8220;][et_pb_text _builder_version=&#8220;4.27.5&#8243; _module_preset=&#8220;default&#8220; header_2_font_size=&#8220;30px&#8220; global_colors_info=&#8220;{}&#8220;]<\/p>\n<h3>Arch\u00e4ologischer Hintergrund<\/h3>\n<p>[\/et_pb_text][\/et_pb_column][et_pb_column type=&#8220;1_2&#8243; _builder_version=&#8220;4.27.5&#8243; _module_preset=&#8220;default&#8220; global_colors_info=&#8220;{}&#8220;][\/et_pb_column][\/et_pb_row][et_pb_row column_structure=&#8220;1_2,1_2&#8243; _builder_version=&#8220;4.27.5&#8243; _module_preset=&#8220;default&#8220; custom_margin_tablet=&#8220;-60px||||false|false&#8220; custom_margin_phone=&#8220;-2px||||false|false&#8220; custom_margin_last_edited=&#8220;on|phone&#8220; global_colors_info=&#8220;{}&#8220;][et_pb_column type=&#8220;1_2&#8243; _builder_version=&#8220;4.27.5&#8243; _module_preset=&#8220;default&#8220; global_colors_info=&#8220;{}&#8220;][et_pb_text _builder_version=&#8220;4.27.5&#8243; _module_preset=&#8220;default&#8220; global_colors_info=&#8220;{}&#8220;]<\/p>\n<p>Es geh\u00f6rt zu den bis heute ungel\u00f6sten Fragen der Altertumswissenschaften, ob sich die vorkolumbischen Kulturen der Neuen Welt vollst\u00e4ndig unabh\u00e4ngig von kulturellen Einfl\u00fcssen der Alten Welt entwickelt haben. Trotz zahlreicher und teils bemerkenswerter Parallelen zwischen den Kulturen des vorkolumbischen Amerika und jenen des Mittelmeerraumes fehlen bislang belastbare arch\u00e4ologische Erkl\u00e4rungsmodelle, die diese \u00dcbereinstimmungen \u00fcberzeugend einordnen.<\/p>\n<p>Vor diesem Hintergrund f\u00fchrt das ABORA-Team in Zusammenarbeit mit mehreren Universit\u00e4ten \u2013 darunter in Athen, La Coru\u00f1a, Teneriffa, Matanzas sowie k\u00fcnftig auch Rabat \u2013 neue Datierungs-, Analyse- und Vergleichsprojekte durch. Ziel dieser interdisziplin\u00e4ren Forschung ist es, die offenen Fragen auf der Grundlage neuer Daten und Fakten neu zu bewerten. Weiterf\u00fchrende Informationen zu diesen Forschungsprojekten finden sich unter dem Button \u201eProjekte\u201c.<\/p>\n<p>Sollten diese Untersuchungen Hinweise auf tats\u00e4chliche transatlantische Kontakte liefern, dient die geplante Seereise von Portugal \u00fcber Marokko, die Kanaren und Kuba in die Karibik als empirische \u00dcberpr\u00fcfung entsprechender Hypothesen.<\/p>\n<p>[\/et_pb_text][et_pb_image src=&#8220;https:\/\/abora.eu\/wp-content\/uploads\/Atlantik_Archaeologie-1-scaled.webp&#8220; title_text=&#8220;Atlantik_Arch\u00e4ologie&#8220; show_in_lightbox=&#8220;on&#8220; _builder_version=&#8220;4.27.6&#8243; _module_preset=&#8220;default&#8220; width=&#8220;100%&#8220; max_width=&#8220;200%&#8220; hover_enabled=&#8220;0&#8243; border_radii=&#8220;on|30px|30px|30px|30px&#8220; global_colors_info=&#8220;{}&#8220; sticky_enabled=&#8220;0&#8243;][\/et_pb_image][\/et_pb_column][et_pb_column type=&#8220;1_2&#8243; _builder_version=&#8220;4.27.5&#8243; _module_preset=&#8220;default&#8220; global_colors_info=&#8220;{}&#8220;][et_pb_text _builder_version=&#8220;4.27.5&#8243; _module_preset=&#8220;default&#8220; global_colors_info=&#8220;{}&#8220;]<\/p>\n<p>Die ber\u00fchmten RA-I- und RA-II-Expeditionen von Thor Heyerdahl haben weltweit gro\u00dfes Staunen ausgel\u00f6st, f\u00fchrten in der Facharch\u00e4ologie jedoch kaum zu einem Umdenken. Neben der damals noch geringen Fundlage lag dies vor allem an der begrenzten Man\u00f6vrierf\u00e4higkeit der Heyerdahl-Schiffe: Sie waren kaum in der Lage, pr\u00e4zise Kurse zu halten oder bei ung\u00fcnstigen Winden gezielt entfernte Ziele anzusteuern. Genau hier setzt ABORA V an.<\/p>\n<p>Die neue Expedition folgt einer klar definierten Route mit mehreren Zwischenzielen, die nicht ausschlie\u00dflich auf Vorwindkursen erreichbar sind. Besonders anspruchsvoll ist das Seegebiet zwischen Nordafrika und den Kanarischen Inseln, wo der Schilfsegler aus dem Kanarenstrom hinaus auf den offenen Atlantik navigieren soll, um gezielt Lanzarote und La Graciosa zu erreichen.<\/p>\n<p>\u00dcber ein bewusst gew\u00e4hltes Inselhopping innerhalb der Kanaren f\u00fchrt die Route anschlie\u00dfend \u00fcber tausende Kilometer in die Karibik. Entlang der Nordseiten (Windprallh\u00e4nge) mehrerer Inseln soll ABORA V mindestens bis La Havanna segeln. Optional wird \u2013 vorbehaltlich beh\u00f6rdlicher Genehmigungen \u2013 eine Weiterfahrt bis Florida angestrebt.<\/p>\n<p>Bereits Alexander von Humboldt und der Freiherr von Braunschweig berichteten \u00fcber erstaunliche kulturelle Parallelen zwischen den Kulturen des Antillenbogens und neolithischen Gesellschaften des Mittelmeerraumes. Das gezielte Erreichen der Karibik von Westeuropa aus w\u00e4re daher ein wichtiger Beleg daf\u00fcr, dass experimentelle Arch\u00e4ologie zur \u00dcberpr\u00fcfung von Erkenntnissen der Altertumskunde des 19. Jahrhunderts einen entscheidenden Beitrag leisten kann.<\/p>\n<p>[\/et_pb_text][\/et_pb_column][\/et_pb_row][\/et_pb_section][et_pb_section fb_built=&#8220;1&#8243; custom_padding_last_edited=&#8220;on|tablet&#8220; _builder_version=&#8220;4.27.5&#8243; _module_preset=&#8220;default&#8220; custom_padding_tablet=&#8220;|40px||40px|false|true&#8220; custom_padding_phone=&#8220;|20px||20px|false|true&#8220; global_colors_info=&#8220;{}&#8220;][et_pb_row column_structure=&#8220;1_2,1_2&#8243; _builder_version=&#8220;4.27.5&#8243; _module_preset=&#8220;default&#8220; global_colors_info=&#8220;{}&#8220;][et_pb_column type=&#8220;1_2&#8243; _builder_version=&#8220;4.27.5&#8243; _module_preset=&#8220;default&#8220; global_colors_info=&#8220;{}&#8220;][et_pb_text _builder_version=&#8220;4.27.5&#8243; _module_preset=&#8220;default&#8220; header_2_font_size=&#8220;30px&#8220; global_colors_info=&#8220;{}&#8220;]<\/p>\n<h3>Bau und technische Konzeption<\/h3>\n<p>[\/et_pb_text][et_pb_text _builder_version=&#8220;4.27.5&#8243; _module_preset=&#8220;default&#8220; global_colors_info=&#8220;{}&#8220;]<\/p>\n<p>Der Bau des Schilfbootes f\u00fcr ABORA V soll erneut in Huatajata am Titikakasee erfolgen. Im Inca Utama Hotel (Crillon Tours &amp; SPA) stehen gemeinsam mit den Aymara-Bootsbauern der Familie Limachi optimale Bedingungen f\u00fcr den Bau zur Verf\u00fcgung.<\/p>\n<p>Der Rumpf ist mit einer L\u00e4nge von 14 Metern und einer Breite von lediglich 4 Metern geplant, um eine hohe Rumpfgeschwindigkeit bei gleichzeitig guter Am-Wind-Eigenschaft zu erreichen. Parallel zum Rumpfbau werden die Mitglieder des ABORA-Vereins die Aufbauten fertigen, darunter: die beiden Kaj\u00fcten, Mast und Takelage sowie die Doppelruderanlage. Die positiven Erfahrungen mit den verl\u00e4ngerten Kaj\u00fcten f\u00fcr die rauen atlantische Seebedingungen werden auf ABORA V auf ihre Bew\u00e4hrungsprobe gestellt.<\/p>\n<p>Ein Jahr sp\u00e4ter sollen alle Komponenten in Cascais nahe Lissabon (Portugal) zu einem vollst\u00e4ndigen Schiff zusammengef\u00fcgt werden. Der dortige Yachtclub unterst\u00fctzt das Projekt logistisch und technisch bei den anspruchsvollen Arbeiten. Auch die Stadt Cascais begleitet die Expedition aktiv.<\/p>\n<p>Der konkrete Startzeitpunkt der Seereise h\u00e4ngt von der finalen Finanzierung ab. Erste namhafte Unternehmen haben ihr Interesse angezeigt, darunter die \u00f6sterreichische TGI AG (Treue Gold Investment).<\/p>\n<p>[\/et_pb_text][\/et_pb_column][et_pb_column type=&#8220;1_2&#8243; _builder_version=&#8220;4.27.5&#8243; _module_preset=&#8220;default&#8220; global_colors_info=&#8220;{}&#8220;][et_pb_image src=&#8220;https:\/\/abora.eu\/wp-content\/uploads\/SANY0423-1.webp&#8220; title_text=&#8220;SANY0423&#8243; show_in_lightbox=&#8220;on&#8220; _builder_version=&#8220;4.27.6&#8243; _module_preset=&#8220;default&#8220; width=&#8220;83%&#8220; width_tablet=&#8220;83%&#8220; width_phone=&#8220;100%&#8220; width_last_edited=&#8220;on|phone&#8220; hover_enabled=&#8220;0&#8243; border_radii=&#8220;on|20px|20px|20px|20px&#8220; global_colors_info=&#8220;{}&#8220; sticky_enabled=&#8220;0&#8243;][\/et_pb_image][\/et_pb_column][\/et_pb_row][\/et_pb_section][et_pb_section fb_built=&#8220;1&#8243; custom_padding_last_edited=&#8220;on|tablet&#8220; _builder_version=&#8220;4.27.5&#8243; _module_preset=&#8220;default&#8220; custom_padding_tablet=&#8220;|40px||40px|false|true&#8220; custom_padding_phone=&#8220;|20px||20px|false|true&#8220; global_colors_info=&#8220;{}&#8220;][et_pb_row column_structure=&#8220;1_2,1_2&#8243; module_class=&#8220;reverse&#8220; _builder_version=&#8220;4.27.5&#8243; _module_preset=&#8220;default&#8220; global_colors_info=&#8220;{}&#8220;][et_pb_column type=&#8220;1_2&#8243; _builder_version=&#8220;4.27.5&#8243; _module_preset=&#8220;default&#8220; global_colors_info=&#8220;{}&#8220;][et_pb_image src=&#8220;https:\/\/abora.eu\/wp-content\/uploads\/Abora-Logo-1.webp&#8220; title_text=&#8220;Abora-Logo&#8220; show_in_lightbox=&#8220;on&#8220; _builder_version=&#8220;4.27.6&#8243; _module_preset=&#8220;default&#8220; width=&#8220;83%&#8220; max_width=&#8220;200%&#8220; module_alignment=&#8220;center&#8220; hover_enabled=&#8220;0&#8243; border_radii=&#8220;on|30px|30px|30px|30px&#8220; global_colors_info=&#8220;{}&#8220; sticky_enabled=&#8220;0&#8243;][\/et_pb_image][\/et_pb_column][et_pb_column type=&#8220;1_2&#8243; _builder_version=&#8220;4.27.5&#8243; _module_preset=&#8220;default&#8220; global_colors_info=&#8220;{}&#8220;][et_pb_text _builder_version=&#8220;4.27.5&#8243; _module_preset=&#8220;default&#8220; header_2_font_size=&#8220;30px&#8220; global_colors_info=&#8220;{}&#8220;]<\/p>\n<h3>Fazit und Ausblicke<\/h3>\n<p>[\/et_pb_text][et_pb_text _builder_version=&#8220;4.27.5&#8243; _module_preset=&#8220;default&#8220; global_colors_info=&#8220;{}&#8220;]<\/p>\n<p>ABORA V b\u00fcndelt mehr als zwei Jahrzehnte experimenteller Seefahrtforschung zu einer Expedition, die methodisch neue Ma\u00dfst\u00e4be setzt. Erstmals soll eine kontrollierte, gezielte transatlantische Navigation mit einem vorgeschichtlich rekonstruierten Schilfboot nachgewiesen werden.<\/p>\n<p>Hinweise auf m\u00f6gliche fr\u00fche transatlantische Kontakte ergeben sich dabei auch aus der Verbreitung der Negade-Kultur, deren charakteristische Schilfboote mit Dreieck-Quersegeln und Seitenschwertern nicht nur in Ober\u00e4gypten, sondern auch in der Levante, S\u00fcdspanien, auf Teneriffa und sogar in der Karibik (Kuba) dargestellt sind, ebenso wie aus vergleichbaren Mumifikationstechniken auf beiden Seiten des Atlantiks. Gelingt diese Fahrt, w\u00fcrde sie nicht nur zentrale Annahmen zur fr\u00fchen Seefahrt neu bewerten, sondern auch zeigen, dass Experimentelle Arch\u00e4ologie ein unverzichtbares Instrument zur \u00dcberpr\u00fcfung alter kulturhistorischer Hypothesen ist. ABORA V versteht sich damit nicht als Schluss, sondern als Impulsgeber f\u00fcr eine offene, transdisziplin\u00e4re Neubewertung fr\u00fcher globaler Kontakte.<\/p>\n<p>&nbsp;<\/p>\n<p>[\/et_pb_text][\/et_pb_column][\/et_pb_row][\/et_pb_section]<\/p>\n","protected":false},"excerpt":{"rendered":"<p>ABORA V Transatlantische Seefahrt zwischen Alter und Neuer Welt1. Zielsetzung Ziel der Expedition ABORA V ist es, erstmals unter kontrollierten experimentellen Bedingungen zu \u00fcberpr\u00fcfen, ob eine gezielte transatlantische Seereise von der Alten in die Neue Welt mit einem vorgeschichtlich rekonstruierbaren Schilfboot technisch und nautisch m\u00f6glich war. Im Mittelpunkt steht dabei nicht eine driftgetriebene \u00dcberfahrt, sondern [&hellip;]<\/p>\n","protected":false},"author":1,"featured_media":0,"parent":0,"menu_order":0,"comment_status":"closed","ping_status":"closed","template":"","meta":{"_et_pb_use_builder":"on","_et_pb_old_content":"","_et_gb_content_width":"","footnotes":""},"class_list":["post-454","page","type-page","status-publish","hentry"],"yoast_head":"<!-- This site is optimized with the Yoast SEO plugin v27.3 - https:\/\/yoast.com\/product\/yoast-seo-wordpress\/ -->\n<title>ABORA V - Mission Abora<\/title>\n<meta name=\"description\" content=\"ABORA V pr\u00fcft die technische und nautische Machbarkeit einer kontrollierten transatlantischen Schilfbootreise von der Alten in die Neue Welt.\" \/>\n<meta name=\"robots\" content=\"index, follow, max-snippet:-1, max-image-preview:large, max-video-preview:-1\" \/>\n<link rel=\"canonical\" href=\"https:\/\/abora.eu\/en\/abora-5\/\" \/>\n<meta property=\"og:locale\" content=\"en_US\" \/>\n<meta property=\"og:type\" content=\"article\" \/>\n<meta property=\"og:title\" content=\"ABORA V - Mission Abora\" \/>\n<meta property=\"og:description\" content=\"ABORA V pr\u00fcft die technische und nautische Machbarkeit einer kontrollierten transatlantischen Schilfbootreise von der Alten in die Neue Welt.\" \/>\n<meta property=\"og:url\" content=\"https:\/\/abora.eu\/en\/abora-5\/\" \/>\n<meta property=\"og:site_name\" content=\"Mission Abora\" \/>\n<meta property=\"article:modified_time\" content=\"2026-03-26T10:20:27+00:00\" \/>\n<meta name=\"twitter:card\" content=\"summary_large_image\" \/>\n<meta name=\"twitter:label1\" content=\"Est. reading time\" \/>\n\t<meta name=\"twitter:data1\" content=\"6 minutes\" \/>\n<script type=\"application\/ld+json\" class=\"yoast-schema-graph\">{\"@context\":\"https:\\\/\\\/schema.org\",\"@graph\":[{\"@type\":\"WebPage\",\"@id\":\"https:\\\/\\\/abora.eu\\\/abora-5\\\/\",\"url\":\"https:\\\/\\\/abora.eu\\\/abora-5\\\/\",\"name\":\"ABORA V - Mission Abora\",\"isPartOf\":{\"@id\":\"https:\\\/\\\/abora.eu\\\/#website\"},\"datePublished\":\"2025-05-23T08:55:08+00:00\",\"dateModified\":\"2026-03-26T10:20:27+00:00\",\"description\":\"ABORA V pr\u00fcft die technische und nautische Machbarkeit einer kontrollierten transatlantischen Schilfbootreise von der Alten in die Neue Welt.\",\"breadcrumb\":{\"@id\":\"https:\\\/\\\/abora.eu\\\/abora-5\\\/#breadcrumb\"},\"inLanguage\":\"en-US\",\"potentialAction\":[{\"@type\":\"ReadAction\",\"target\":[\"https:\\\/\\\/abora.eu\\\/abora-5\\\/\"]}]},{\"@type\":\"BreadcrumbList\",\"@id\":\"https:\\\/\\\/abora.eu\\\/abora-5\\\/#breadcrumb\",\"itemListElement\":[{\"@type\":\"ListItem\",\"position\":1,\"name\":\"Start\",\"item\":\"https:\\\/\\\/abora.eu\\\/\"},{\"@type\":\"ListItem\",\"position\":2,\"name\":\"ABORA V\"}]},{\"@type\":\"WebSite\",\"@id\":\"https:\\\/\\\/abora.eu\\\/#website\",\"url\":\"https:\\\/\\\/abora.eu\\\/\",\"name\":\"Mission Abora\",\"description\":\"\",\"publisher\":{\"@id\":\"https:\\\/\\\/abora.eu\\\/#\\\/schema\\\/person\\\/953dad30d10fa7d560bb90cff0494e14\"},\"potentialAction\":[{\"@type\":\"SearchAction\",\"target\":{\"@type\":\"EntryPoint\",\"urlTemplate\":\"https:\\\/\\\/abora.eu\\\/?s={search_term_string}\"},\"query-input\":{\"@type\":\"PropertyValueSpecification\",\"valueRequired\":true,\"valueName\":\"search_term_string\"}}],\"inLanguage\":\"en-US\"},{\"@type\":[\"Person\",\"Organization\"],\"@id\":\"https:\\\/\\\/abora.eu\\\/#\\\/schema\\\/person\\\/953dad30d10fa7d560bb90cff0494e14\",\"name\":\"Dominique G\u00f6rlitz\",\"image\":{\"@type\":\"ImageObject\",\"inLanguage\":\"en-US\",\"@id\":\"https:\\\/\\\/abora.eu\\\/wp-content\\\/uploads\\\/Logo-1.png\",\"url\":\"https:\\\/\\\/abora.eu\\\/wp-content\\\/uploads\\\/Logo-1.png\",\"contentUrl\":\"https:\\\/\\\/abora.eu\\\/wp-content\\\/uploads\\\/Logo-1.png\",\"width\":1371,\"height\":1284,\"caption\":\"Dominique G\u00f6rlitz\"},\"logo\":{\"@id\":\"https:\\\/\\\/abora.eu\\\/wp-content\\\/uploads\\\/Logo-1.png\"}}]}<\/script>\n<!-- \/ Yoast SEO plugin. -->","yoast_head_json":{"title":"ABORA V - Mission Abora","description":"ABORA V pr\u00fcft die technische und nautische Machbarkeit einer kontrollierten transatlantischen Schilfbootreise von der Alten in die Neue Welt.","robots":{"index":"index","follow":"follow","max-snippet":"max-snippet:-1","max-image-preview":"max-image-preview:large","max-video-preview":"max-video-preview:-1"},"canonical":"https:\/\/abora.eu\/en\/abora-5\/","og_locale":"en_US","og_type":"article","og_title":"ABORA V - Mission Abora","og_description":"ABORA V pr\u00fcft die technische und nautische Machbarkeit einer kontrollierten transatlantischen Schilfbootreise von der Alten in die Neue Welt.","og_url":"https:\/\/abora.eu\/en\/abora-5\/","og_site_name":"Mission Abora","article_modified_time":"2026-03-26T10:20:27+00:00","twitter_card":"summary_large_image","twitter_misc":{"Est. reading time":"6 minutes"},"schema":{"@context":"https:\/\/schema.org","@graph":[{"@type":"WebPage","@id":"https:\/\/abora.eu\/abora-5\/","url":"https:\/\/abora.eu\/abora-5\/","name":"ABORA V - Mission Abora","isPartOf":{"@id":"https:\/\/abora.eu\/#website"},"datePublished":"2025-05-23T08:55:08+00:00","dateModified":"2026-03-26T10:20:27+00:00","description":"ABORA V pr\u00fcft die technische und nautische Machbarkeit einer kontrollierten transatlantischen Schilfbootreise von der Alten in die Neue Welt.","breadcrumb":{"@id":"https:\/\/abora.eu\/abora-5\/#breadcrumb"},"inLanguage":"en-US","potentialAction":[{"@type":"ReadAction","target":["https:\/\/abora.eu\/abora-5\/"]}]},{"@type":"BreadcrumbList","@id":"https:\/\/abora.eu\/abora-5\/#breadcrumb","itemListElement":[{"@type":"ListItem","position":1,"name":"Start","item":"https:\/\/abora.eu\/"},{"@type":"ListItem","position":2,"name":"ABORA V"}]},{"@type":"WebSite","@id":"https:\/\/abora.eu\/#website","url":"https:\/\/abora.eu\/","name":"Mission Abora","description":"","publisher":{"@id":"https:\/\/abora.eu\/#\/schema\/person\/953dad30d10fa7d560bb90cff0494e14"},"potentialAction":[{"@type":"SearchAction","target":{"@type":"EntryPoint","urlTemplate":"https:\/\/abora.eu\/?s={search_term_string}"},"query-input":{"@type":"PropertyValueSpecification","valueRequired":true,"valueName":"search_term_string"}}],"inLanguage":"en-US"},{"@type":["Person","Organization"],"@id":"https:\/\/abora.eu\/#\/schema\/person\/953dad30d10fa7d560bb90cff0494e14","name":"Dominique G\u00f6rlitz","image":{"@type":"ImageObject","inLanguage":"en-US","@id":"https:\/\/abora.eu\/wp-content\/uploads\/Logo-1.png","url":"https:\/\/abora.eu\/wp-content\/uploads\/Logo-1.png","contentUrl":"https:\/\/abora.eu\/wp-content\/uploads\/Logo-1.png","width":1371,"height":1284,"caption":"Dominique G\u00f6rlitz"},"logo":{"@id":"https:\/\/abora.eu\/wp-content\/uploads\/Logo-1.png"}}]}},"_links":{"self":[{"href":"https:\/\/abora.eu\/en\/wp-json\/wp\/v2\/pages\/454","targetHints":{"allow":["GET"]}}],"collection":[{"href":"https:\/\/abora.eu\/en\/wp-json\/wp\/v2\/pages"}],"about":[{"href":"https:\/\/abora.eu\/en\/wp-json\/wp\/v2\/types\/page"}],"author":[{"embeddable":true,"href":"https:\/\/abora.eu\/en\/wp-json\/wp\/v2\/users\/1"}],"replies":[{"embeddable":true,"href":"https:\/\/abora.eu\/en\/wp-json\/wp\/v2\/comments?post=454"}],"version-history":[{"count":42,"href":"https:\/\/abora.eu\/en\/wp-json\/wp\/v2\/pages\/454\/revisions"}],"predecessor-version":[{"id":3896,"href":"https:\/\/abora.eu\/en\/wp-json\/wp\/v2\/pages\/454\/revisions\/3896"}],"wp:attachment":[{"href":"https:\/\/abora.eu\/en\/wp-json\/wp\/v2\/media?parent=454"}],"curies":[{"name":"wp","href":"https:\/\/api.w.org\/{rel}","templated":true}]}}