{"id":57,"date":"2025-05-20T07:39:20","date_gmt":"2025-05-20T07:39:20","guid":{"rendered":"https:\/\/abora.neu.cm-rz.de\/?page_id=57"},"modified":"2026-03-30T07:26:17","modified_gmt":"2026-03-30T07:26:17","slug":"abora-1-4","status":"publish","type":"page","link":"https:\/\/abora.eu\/en\/abora-1-4\/","title":{"rendered":"ABORA I-IV"},"content":{"rendered":"<p>[et_pb_section fb_built=&#8220;1&#8243; fullwidth=&#8220;on&#8220; _builder_version=&#8220;4.27.5&#8243; _module_preset=&#8220;default&#8220; background_color=&#8220;#003E6D&#8220; background_last_edited=&#8220;on|phone&#8220; background_image_phone=&#8220;https:\/\/abora.eu\/wp-content\/uploads\/Wellen_Rumpf-00-1-scaled.jpg&#8220; background_enable_image_phone=&#8220;on&#8220; global_colors_info=&#8220;{}&#8220;][et_pb_fullwidth_slider show_cta_on_mobile=&#8220;off&#8220; disabled_on=&#8220;on|off|off&#8220; _builder_version=&#8220;4.27.6&#8243; _module_preset=&#8220;default&#8220; height=&#8220;60vh&#8220; auto=&#8220;on&#8220; auto_speed=&#8220;4500&#8243; auto_ignore_hover=&#8220;on&#8220; hover_enabled=&#8220;0&#8243; global_colors_info=&#8220;{}&#8220; sticky_enabled=&#8220;0&#8243;][et_pb_slide _builder_version=&#8220;4.27.6&#8243; _module_preset=&#8220;default&#8220; background_enable_color=&#8220;off&#8220; background_image=&#8220;https:\/\/abora.eu\/wp-content\/uploads\/ABO_1142-1-scaled.webp&#8220; background_enable_image=&#8220;on&#8220; hover_enabled=&#8220;0&#8243; global_colors_info=&#8220;{}&#8220; sticky_transition=&#8220;on&#8220; title_text=&#8220;ABO_1142&#8243; sticky_enabled=&#8220;0&#8243;][\/et_pb_slide][et_pb_slide admin_title=&#8220;ABORA I Sonnenuntergang&#8220; _builder_version=&#8220;4.27.5&#8243; _module_preset=&#8220;default&#8220; background_color=&#8220;#003E6D&#8220; background_enable_color=&#8220;on&#8220; background_image=&#8220;https:\/\/abora.eu\/wp-content\/uploads\/172-Sonnenuntergang_Korsika-Segeln_quer-Kopie-1.jpg&#8220; background_enable_image=&#8220;on&#8220; global_colors_info=&#8220;{}&#8220; sticky_transition=&#8220;on&#8220;][\/et_pb_slide][et_pb_slide _builder_version=&#8220;4.27.6&#8243; _module_preset=&#8220;default&#8220; background_enable_color=&#8220;off&#8220; background_image=&#8220;https:\/\/abora.eu\/wp-content\/uploads\/Freiheitsstatur_02-1-scaled.webp&#8220; background_enable_image=&#8220;on&#8220; background_position=&#8220;top_center&#8220; hover_enabled=&#8220;0&#8243; global_colors_info=&#8220;{}&#8220; sticky_transition=&#8220;on&#8220; title_text=&#8220;Freiheitsstatur_02&#8243; sticky_enabled=&#8220;0&#8243; background_vertical_offset=&#8220;54%&#8220;][\/et_pb_slide][et_pb_slide admin_title=&#8220;Unter Wasser&#8220; _builder_version=&#8220;4.27.6&#8243; _module_preset=&#8220;default&#8220; background_enable_color=&#8220;off&#8220; background_image=&#8220;https:\/\/abora.eu\/wp-content\/uploads\/Unterwasserschiff-03-1.webp&#8220; background_enable_image=&#8220;on&#8220; background_position=&#8220;bottom_center&#8220; background_vertical_offset=&#8220;45%&#8220; hover_enabled=&#8220;0&#8243; global_colors_info=&#8220;{}&#8220; sticky_transition=&#8220;on&#8220; title_text=&#8220;Unterwasserschiff 03&#8243; sticky_enabled=&#8220;0&#8243;][\/et_pb_slide][et_pb_slide _builder_version=&#8220;4.27.6&#8243; _module_preset=&#8220;default&#8220; background_enable_color=&#8220;off&#8220; background_image=&#8220;https:\/\/abora.eu\/wp-content\/uploads\/HT-02-1.webp&#8220; background_enable_image=&#8220;on&#8220; background_position=&#8220;bottom_center&#8220; background_vertical_offset=&#8220;13%&#8220; hover_enabled=&#8220;0&#8243; global_colors_info=&#8220;{}&#8220; sticky_transition=&#8220;on&#8220; sticky_enabled=&#8220;0&#8243; title_text=&#8220;HT 02&#8243;][\/et_pb_slide][et_pb_slide admin_title=&#8220;ABORA III&#8220; _builder_version=&#8220;4.27.6&#8243; _module_preset=&#8220;default&#8220; background_enable_color=&#8220;off&#8220; background_image=&#8220;https:\/\/abora.eu\/wp-content\/uploads\/ABORAIIIuntervollenSegeln-V-1-1.webp&#8220; background_enable_image=&#8220;on&#8220; background_position=&#8220;bottom_center&#8220; background_vertical_offset=&#8220;30%&#8220; hover_enabled=&#8220;0&#8243; global_colors_info=&#8220;{}&#8220; sticky_transition=&#8220;on&#8220; title_text=&#8220;ABORAIIIuntervollenSegeln V 1&#8243; sticky_enabled=&#8220;0&#8243;][\/et_pb_slide][et_pb_slide admin_title=&#8220;ABORA IV&#8220; _builder_version=&#8220;4.27.6&#8243; _module_preset=&#8220;default&#8220; background_color=&#8220;#003E6D&#8220; background_enable_color=&#8220;on&#8220; background_image=&#8220;https:\/\/abora.eu\/wp-content\/uploads\/Ios-03-4.webp&#8220; background_enable_image=&#8220;on&#8220; background_position=&#8220;bottom_center&#8220; background_vertical_offset=&#8220;31%&#8220; hover_enabled=&#8220;0&#8243; global_colors_info=&#8220;{}&#8220; sticky_transition=&#8220;on&#8220; title_text=&#8220;Ios 03&#8243; sticky_enabled=&#8220;0&#8243;][\/et_pb_slide][\/et_pb_fullwidth_slider][\/et_pb_section][et_pb_section fb_built=&#8220;1&#8243; custom_padding_last_edited=&#8220;on|phone&#8220; _builder_version=&#8220;4.27.5&#8243; _module_preset=&#8220;default&#8220; background_enable_image=&#8220;off&#8220; background_size=&#8220;initial&#8220; background_position=&#8220;bottom_center&#8220; background_vertical_offset=&#8220;100%&#8220; custom_padding=&#8220;100px||100px||true|false&#8220; custom_padding_tablet=&#8220;100px|40px|100px|40px|true|true&#8220; custom_padding_phone=&#8220;20px|20px||20px|false|true&#8220; global_colors_info=&#8220;{}&#8220;][et_pb_row column_structure=&#8220;3_4,1_4&#8243; custom_padding_last_edited=&#8220;on|phone&#8220; _builder_version=&#8220;4.27.5&#8243; _module_preset=&#8220;default&#8220; custom_margin_tablet=&#8220;&#8220; custom_margin_phone=&#8220;||||false|false&#8220; custom_margin_last_edited=&#8220;on|phone&#8220; custom_padding_tablet=&#8220;&#8220; custom_padding_phone=&#8220;||0px||false|false&#8220; global_colors_info=&#8220;{}&#8220;][et_pb_column type=&#8220;3_4&#8243; _builder_version=&#8220;4.27.5&#8243; _module_preset=&#8220;default&#8220; global_colors_info=&#8220;{}&#8220;][et_pb_text _builder_version=&#8220;4.27.5&#8243; _module_preset=&#8220;default&#8220; header_2_font_size=&#8220;22px&#8220; header_2_line_height=&#8220;1.6em&#8220; global_colors_info=&#8220;{}&#8220;]<\/p>\n<h2>Die ABORA-Expeditionen<\/h2>\n<p>[\/et_pb_text][et_pb_text _builder_version=&#8220;4.27.5&#8243; _module_preset=&#8220;default&#8220; header_2_font_size=&#8220;22px&#8220; header_2_line_height=&#8220;1.6em&#8220; global_colors_info=&#8220;{}&#8220;]<\/p>\n<p>Die ABORA-Expeditionen stellen die konsequente Weiterentwicklung der DILMUN-Forschungsreihe dar. Der Name leitet sich von der altkanarischen Gottheit Abora ab. Sie wurde einst auf Stufenpyramiden auf Teneriffa und La Palma verehrt. Aufbauend auf jahrzehntelanger Arbeit mit Schilfbooten widmet sich ABORA der praktischen \u00dcberpr\u00fcfung fr\u00fcher maritimer Handels- und Kulturkontakte auf offener See. Ziel der Projekte ist es, mit vorgeschichtlich rekonstruierten Schilfbooten die Seet\u00fcchtigkeit, Steuerbarkeit und Reichweite vorzeitlicher Expeditionsrouten unter realen Bedingungen empirisch zu \u00fcberpr\u00fcfen.<\/p>\n<p>[\/et_pb_text][\/et_pb_column][et_pb_column type=&#8220;1_4&#8243; _builder_version=&#8220;4.27.5&#8243; _module_preset=&#8220;default&#8220; global_colors_info=&#8220;{}&#8220;][et_pb_button button_url=&#8220;@ET-DC@eyJkeW5hbWljIjp0cnVlLCJjb250ZW50IjoicG9zdF9saW5rX3VybF9wYWdlIiwic2V0dGluZ3MiOnsicG9zdF9pZCI6IjQ5In19@&#8220; button_text=&#8220;Aktuelles&#8220; button_alignment=&#8220;right&#8220; _builder_version=&#8220;4.27.5&#8243; _dynamic_attributes=&#8220;button_url&#8220; _module_preset=&#8220;default&#8220; custom_button=&#8220;on&#8220; button_text_color=&#8220;#FFFFFF&#8220; button_bg_color=&#8220;#FF9600&#8243; button_border_radius=&#8220;25px&#8220; button_font=&#8220;librefranklin-semibold||||||||&#8220; button_use_icon=&#8220;off&#8220; custom_padding=&#8220;|40px||40px|false|true&#8220; global_colors_info=&#8220;{}&#8220;][\/et_pb_button][\/et_pb_column][\/et_pb_row][et_pb_row column_structure=&#8220;1_4,1_4,1_4,1_4&#8243; use_custom_gutter=&#8220;on&#8220; gutter_width=&#8220;2&#8243; _builder_version=&#8220;4.27.6&#8243; _module_preset=&#8220;default&#8220; filter_saturate=&#8220;81%&#8220; global_colors_info=&#8220;{}&#8220;][et_pb_column type=&#8220;1_4&#8243; _builder_version=&#8220;4.27.6&#8243; _module_preset=&#8220;default&#8220; use_background_color_gradient=&#8220;on&#8220; background_color_gradient_stops=&#8220;rgba(255,255,255,0) 68%|rgba(0,62,109,0.84) 90%&#8220; background_color_gradient_overlays_image=&#8220;on&#8220; background_image=&#8220;https:\/\/abora.eu\/wp-content\/uploads\/100-Segeln_Totale-BuchDeckbl-1.webp&#8220; background_position=&#8220;bottom_center&#8220; background_vertical_offset=&#8220;16%&#8220; filter_saturate=&#8220;134%&#8220; border_radii=&#8220;on|20px|20px|20px|20px&#8220; global_colors_info=&#8220;{}&#8220; background__hover_enabled=&#8220;off|desktop&#8220; background_color_gradient_stops__hover=&#8220;rgba(0,0,0,0) 74%|rgba(0,0,0,0.69) 87%|rgba(0,0,0,0.73) 100%&#8220; use_background_color_gradient__hover=&#8220;on&#8220;][et_pb_blurb use_icon=&#8220;on&#8220; font_icon=&#8220;&#xe03c;||divi||400&#8243; icon_color=&#8220;#FFFFFF&#8220; image_icon_width=&#8220;42px&#8220; icon_alignment=&#8220;right&#8220; _builder_version=&#8220;4.27.5&#8243; _dynamic_attributes=&#8220;link_option_url&#8220; _module_preset=&#8220;default&#8220; body_text_color=&#8220;#FFFFFF&#8220; image_icon_custom_margin=&#8220;5px|10px|||false|false&#8220; custom_padding=&#8220;20px|20px|20px|20px|true|true&#8220; hover_transition_duration=&#8220;500ms&#8220; hover_transition_speed_curve=&#8220;ease-in-out&#8220; link_option_url=&#8220;@ET-DC@eyJkeW5hbWljIjp0cnVlLCJjb250ZW50IjoicG9zdF9saW5rX3VybF9wYWdlIiwic2V0dGluZ3MiOnsicG9zdF9pZCI6IjEyMjIifX0=@&#8220; global_colors_info=&#8220;{}&#8220;]<\/p>\n<p>&nbsp;<\/p>\n<p>&nbsp;<\/p>\n<p>&nbsp;<\/p>\n<p>&nbsp;<\/p>\n<p>&nbsp;<\/p>\n<p>&nbsp;<\/p>\n<p>ABORA I<\/p>\n<p>[\/et_pb_blurb][\/et_pb_column][et_pb_column type=&#8220;1_4&#8243; _builder_version=&#8220;4.27.6&#8243; _module_preset=&#8220;default&#8220; use_background_color_gradient=&#8220;on&#8220; background_color_gradient_stops=&#8220;rgba(255,255,255,0) 68%|rgba(0,62,109,0.84) 90%&#8220; background_color_gradient_overlays_image=&#8220;on&#8220; background_image=&#8220;https:\/\/abora.eu\/wp-content\/uploads\/Abora-Totale-1-2.webp&#8220; background_position=&#8220;bottom_center&#8220; background_vertical_offset=&#8220;-4%&#8220; border_radii=&#8220;on|20px|20px|20px|20px&#8220; global_colors_info=&#8220;{}&#8220; background__hover_enabled=&#8220;off|desktop&#8220;][et_pb_blurb use_icon=&#8220;on&#8220; font_icon=&#8220;&#xe03c;||divi||400&#8243; icon_color=&#8220;#FFFFFF&#8220; image_icon_width=&#8220;42px&#8220; icon_alignment=&#8220;right&#8220; _builder_version=&#8220;4.27.5&#8243; _dynamic_attributes=&#8220;link_option_url&#8220; _module_preset=&#8220;default&#8220; body_text_color=&#8220;#FFFFFF&#8220; image_icon_custom_margin=&#8220;5px|10px|||false|false&#8220; custom_padding=&#8220;20px|20px|20px|20px|true|true&#8220; link_option_url=&#8220;@ET-DC@eyJkeW5hbWljIjp0cnVlLCJjb250ZW50IjoicG9zdF9saW5rX3VybF9wYWdlIiwic2V0dGluZ3MiOnsicG9zdF9pZCI6IjEyODYifX0=@&#8220; global_colors_info=&#8220;{}&#8220;]<\/p>\n<p>&nbsp;<\/p>\n<p>&nbsp;<\/p>\n<p>&nbsp;<\/p>\n<p>&nbsp;<\/p>\n<p>&nbsp;<\/p>\n<p>&nbsp;<\/p>\n<p>ABORA II<\/p>\n<p>[\/et_pb_blurb][\/et_pb_column][et_pb_column type=&#8220;1_4&#8243; _builder_version=&#8220;4.27.6&#8243; _module_preset=&#8220;default&#8220; use_background_color_gradient=&#8220;on&#8220; background_color_gradient_stops=&#8220;rgba(255,255,255,0) 68%|rgba(0,62,109,0.84) 90%&#8220; background_color_gradient_overlays_image=&#8220;on&#8220; background_image=&#8220;https:\/\/abora.eu\/wp-content\/uploads\/Freiheitsstatur_00_Enhancer-2-scaled.webp&#8220; background_position=&#8220;bottom_center&#8220; background_vertical_offset=&#8220;100%&#8220; border_radii=&#8220;on|20px|20px|20px|20px&#8220; global_colors_info=&#8220;{}&#8220; background__hover_enabled=&#8220;off|desktop&#8220;][et_pb_blurb use_icon=&#8220;on&#8220; font_icon=&#8220;&#xe03c;||divi||400&#8243; icon_color=&#8220;#FFFFFF&#8220; image_icon_width=&#8220;42px&#8220; icon_alignment=&#8220;right&#8220; _builder_version=&#8220;4.27.5&#8243; _dynamic_attributes=&#8220;link_option_url&#8220; _module_preset=&#8220;default&#8220; body_text_color=&#8220;#FFFFFF&#8220; image_icon_custom_margin=&#8220;5px|10px|||false|false&#8220; custom_padding=&#8220;20px|20px|20px|20px|true|true&#8220; filter_saturate=&#8220;85%&#8220; link_option_url=&#8220;@ET-DC@eyJkeW5hbWljIjp0cnVlLCJjb250ZW50IjoicG9zdF9saW5rX3VybF9wYWdlIiwic2V0dGluZ3MiOnsicG9zdF9pZCI6IjEzMDcifX0=@&#8220; global_colors_info=&#8220;{}&#8220;]<\/p>\n<p>&nbsp;<\/p>\n<p>&nbsp;<\/p>\n<p>&nbsp;<\/p>\n<p>&nbsp;<\/p>\n<p>&nbsp;<\/p>\n<p>&nbsp;<\/p>\n<p>ABORA III<\/p>\n<p>[\/et_pb_blurb][\/et_pb_column][et_pb_column type=&#8220;1_4&#8243; _builder_version=&#8220;4.27.6&#8243; _module_preset=&#8220;default&#8220; use_background_color_gradient=&#8220;on&#8220; background_color_gradient_stops=&#8220;rgba(255,255,255,0) 68%|rgba(0,62,109,0.84) 90%&#8220; background_color_gradient_overlays_image=&#8220;on&#8220; background_image=&#8220;https:\/\/abora.eu\/wp-content\/uploads\/auf-der-Welle-02-3.webp&#8220; background_position=&#8220;bottom_center&#8220; background_vertical_offset=&#8220;100%&#8220; border_radii=&#8220;on|20px|20px|20px|20px&#8220; global_colors_info=&#8220;{}&#8220; background__hover_enabled=&#8220;off|desktop&#8220;][et_pb_blurb use_icon=&#8220;on&#8220; font_icon=&#8220;&#xe03c;||divi||400&#8243; icon_color=&#8220;#FFFFFF&#8220; image_icon_width=&#8220;42px&#8220; icon_alignment=&#8220;right&#8220; _builder_version=&#8220;4.27.5&#8243; _dynamic_attributes=&#8220;link_option_url&#8220; _module_preset=&#8220;default&#8220; body_text_color=&#8220;#FFFFFF&#8220; image_icon_custom_margin=&#8220;5px|10px|||false|false&#8220; custom_padding=&#8220;20px|20px|20px|20px|true|true&#8220; link_option_url=&#8220;@ET-DC@eyJkeW5hbWljIjp0cnVlLCJjb250ZW50IjoicG9zdF9saW5rX3VybF9wYWdlIiwic2V0dGluZ3MiOnsicG9zdF9pZCI6IjEzMzIifX0=@&#8220; global_colors_info=&#8220;{}&#8220;]<\/p>\n<p>&nbsp;<\/p>\n<p>&nbsp;<\/p>\n<p>&nbsp;<\/p>\n<p>&nbsp;<\/p>\n<p>&nbsp;<\/p>\n<p>&nbsp;<\/p>\n<p>ABORA IV<\/p>\n<p>[\/et_pb_blurb][\/et_pb_column][\/et_pb_row][\/et_pb_section]<\/p>\n","protected":false},"excerpt":{"rendered":"<p>Die ABORA-ExpeditionenDie ABORA-Expeditionen stellen die konsequente Weiterentwicklung der DILMUN-Forschungsreihe dar. Der Name leitet sich von der altkanarischen Gottheit Abora ab. Sie wurde einst auf Stufenpyramiden auf Teneriffa und La Palma verehrt. Aufbauend auf jahrzehntelanger Arbeit mit Schilfbooten widmet sich ABORA der praktischen \u00dcberpr\u00fcfung fr\u00fcher maritimer Handels- und Kulturkontakte auf offener See. Ziel der Projekte ist [&hellip;]<\/p>\n","protected":false},"author":1,"featured_media":0,"parent":0,"menu_order":0,"comment_status":"closed","ping_status":"closed","template":"","meta":{"_et_pb_use_builder":"on","_et_pb_old_content":"<!-- wp:divi\/placeholder \/-->","_et_gb_content_width":"","footnotes":""},"class_list":["post-57","page","type-page","status-publish","hentry"],"yoast_head":"<!-- This site is optimized with the Yoast SEO plugin v27.3 - https:\/\/yoast.com\/product\/yoast-seo-wordpress\/ -->\n<title>ABORA I-IV - Mission Abora<\/title>\n<meta name=\"description\" content=\"Die ABORA-Expeditionen pr\u00fcfen experimentell die Seet\u00fcchtigkeit und Reichweite pr\u00e4historischer Schilfboote. Unterst\u00fctzen Sie uns! \u2726\" \/>\n<meta name=\"robots\" content=\"index, follow, max-snippet:-1, max-image-preview:large, max-video-preview:-1\" \/>\n<link rel=\"canonical\" href=\"https:\/\/abora.eu\/en\/abora-1-4\/\" \/>\n<meta property=\"og:locale\" content=\"en_US\" \/>\n<meta property=\"og:type\" content=\"article\" \/>\n<meta property=\"og:title\" content=\"ABORA I-IV - Mission Abora\" \/>\n<meta property=\"og:description\" content=\"Die ABORA-Expeditionen pr\u00fcfen experimentell die Seet\u00fcchtigkeit und Reichweite pr\u00e4historischer Schilfboote. Unterst\u00fctzen Sie uns! \u2726\" \/>\n<meta property=\"og:url\" content=\"https:\/\/abora.eu\/en\/abora-1-4\/\" \/>\n<meta property=\"og:site_name\" content=\"Mission Abora\" \/>\n<meta property=\"article:modified_time\" content=\"2026-03-30T07:26:17+00:00\" \/>\n<meta name=\"twitter:card\" content=\"summary_large_image\" \/>\n<meta name=\"twitter:label1\" content=\"Est. reading time\" \/>\n\t<meta name=\"twitter:data1\" content=\"1 minute\" \/>\n<script type=\"application\/ld+json\" class=\"yoast-schema-graph\">{\"@context\":\"https:\\\/\\\/schema.org\",\"@graph\":[{\"@type\":\"WebPage\",\"@id\":\"https:\\\/\\\/abora.eu\\\/abora-1-4\\\/\",\"url\":\"https:\\\/\\\/abora.eu\\\/abora-1-4\\\/\",\"name\":\"ABORA I-IV - Mission Abora\",\"isPartOf\":{\"@id\":\"https:\\\/\\\/abora.eu\\\/#website\"},\"datePublished\":\"2025-05-20T07:39:20+00:00\",\"dateModified\":\"2026-03-30T07:26:17+00:00\",\"description\":\"Die ABORA-Expeditionen pr\u00fcfen experimentell die Seet\u00fcchtigkeit und Reichweite pr\u00e4historischer Schilfboote. Unterst\u00fctzen Sie uns! \u2726\",\"breadcrumb\":{\"@id\":\"https:\\\/\\\/abora.eu\\\/abora-1-4\\\/#breadcrumb\"},\"inLanguage\":\"en-US\",\"potentialAction\":[{\"@type\":\"ReadAction\",\"target\":[\"https:\\\/\\\/abora.eu\\\/abora-1-4\\\/\"]}]},{\"@type\":\"BreadcrumbList\",\"@id\":\"https:\\\/\\\/abora.eu\\\/abora-1-4\\\/#breadcrumb\",\"itemListElement\":[{\"@type\":\"ListItem\",\"position\":1,\"name\":\"Start\",\"item\":\"https:\\\/\\\/abora.eu\\\/\"},{\"@type\":\"ListItem\",\"position\":2,\"name\":\"ABORA I-IV\"}]},{\"@type\":\"WebSite\",\"@id\":\"https:\\\/\\\/abora.eu\\\/#website\",\"url\":\"https:\\\/\\\/abora.eu\\\/\",\"name\":\"Mission Abora\",\"description\":\"\",\"publisher\":{\"@id\":\"https:\\\/\\\/abora.eu\\\/#\\\/schema\\\/person\\\/953dad30d10fa7d560bb90cff0494e14\"},\"potentialAction\":[{\"@type\":\"SearchAction\",\"target\":{\"@type\":\"EntryPoint\",\"urlTemplate\":\"https:\\\/\\\/abora.eu\\\/?s={search_term_string}\"},\"query-input\":{\"@type\":\"PropertyValueSpecification\",\"valueRequired\":true,\"valueName\":\"search_term_string\"}}],\"inLanguage\":\"en-US\"},{\"@type\":[\"Person\",\"Organization\"],\"@id\":\"https:\\\/\\\/abora.eu\\\/#\\\/schema\\\/person\\\/953dad30d10fa7d560bb90cff0494e14\",\"name\":\"Dominique G\u00f6rlitz\",\"image\":{\"@type\":\"ImageObject\",\"inLanguage\":\"en-US\",\"@id\":\"https:\\\/\\\/abora.eu\\\/wp-content\\\/uploads\\\/Logo-1.png\",\"url\":\"https:\\\/\\\/abora.eu\\\/wp-content\\\/uploads\\\/Logo-1.png\",\"contentUrl\":\"https:\\\/\\\/abora.eu\\\/wp-content\\\/uploads\\\/Logo-1.png\",\"width\":1371,\"height\":1284,\"caption\":\"Dominique G\u00f6rlitz\"},\"logo\":{\"@id\":\"https:\\\/\\\/abora.eu\\\/wp-content\\\/uploads\\\/Logo-1.png\"}}]}<\/script>\n<!-- \/ Yoast SEO plugin. -->","yoast_head_json":{"title":"ABORA I-IV - Mission Abora","description":"Die ABORA-Expeditionen pr\u00fcfen experimentell die Seet\u00fcchtigkeit und Reichweite pr\u00e4historischer Schilfboote. Unterst\u00fctzen Sie uns! \u2726","robots":{"index":"index","follow":"follow","max-snippet":"max-snippet:-1","max-image-preview":"max-image-preview:large","max-video-preview":"max-video-preview:-1"},"canonical":"https:\/\/abora.eu\/en\/abora-1-4\/","og_locale":"en_US","og_type":"article","og_title":"ABORA I-IV - Mission Abora","og_description":"Die ABORA-Expeditionen pr\u00fcfen experimentell die Seet\u00fcchtigkeit und Reichweite pr\u00e4historischer Schilfboote. Unterst\u00fctzen Sie uns! \u2726","og_url":"https:\/\/abora.eu\/en\/abora-1-4\/","og_site_name":"Mission Abora","article_modified_time":"2026-03-30T07:26:17+00:00","twitter_card":"summary_large_image","twitter_misc":{"Est. reading time":"1 minute"},"schema":{"@context":"https:\/\/schema.org","@graph":[{"@type":"WebPage","@id":"https:\/\/abora.eu\/abora-1-4\/","url":"https:\/\/abora.eu\/abora-1-4\/","name":"ABORA I-IV - Mission Abora","isPartOf":{"@id":"https:\/\/abora.eu\/#website"},"datePublished":"2025-05-20T07:39:20+00:00","dateModified":"2026-03-30T07:26:17+00:00","description":"Die ABORA-Expeditionen pr\u00fcfen experimentell die Seet\u00fcchtigkeit und Reichweite pr\u00e4historischer Schilfboote. Unterst\u00fctzen Sie uns! \u2726","breadcrumb":{"@id":"https:\/\/abora.eu\/abora-1-4\/#breadcrumb"},"inLanguage":"en-US","potentialAction":[{"@type":"ReadAction","target":["https:\/\/abora.eu\/abora-1-4\/"]}]},{"@type":"BreadcrumbList","@id":"https:\/\/abora.eu\/abora-1-4\/#breadcrumb","itemListElement":[{"@type":"ListItem","position":1,"name":"Start","item":"https:\/\/abora.eu\/"},{"@type":"ListItem","position":2,"name":"ABORA I-IV"}]},{"@type":"WebSite","@id":"https:\/\/abora.eu\/#website","url":"https:\/\/abora.eu\/","name":"Mission Abora","description":"","publisher":{"@id":"https:\/\/abora.eu\/#\/schema\/person\/953dad30d10fa7d560bb90cff0494e14"},"potentialAction":[{"@type":"SearchAction","target":{"@type":"EntryPoint","urlTemplate":"https:\/\/abora.eu\/?s={search_term_string}"},"query-input":{"@type":"PropertyValueSpecification","valueRequired":true,"valueName":"search_term_string"}}],"inLanguage":"en-US"},{"@type":["Person","Organization"],"@id":"https:\/\/abora.eu\/#\/schema\/person\/953dad30d10fa7d560bb90cff0494e14","name":"Dominique G\u00f6rlitz","image":{"@type":"ImageObject","inLanguage":"en-US","@id":"https:\/\/abora.eu\/wp-content\/uploads\/Logo-1.png","url":"https:\/\/abora.eu\/wp-content\/uploads\/Logo-1.png","contentUrl":"https:\/\/abora.eu\/wp-content\/uploads\/Logo-1.png","width":1371,"height":1284,"caption":"Dominique G\u00f6rlitz"},"logo":{"@id":"https:\/\/abora.eu\/wp-content\/uploads\/Logo-1.png"}}]}},"_links":{"self":[{"href":"https:\/\/abora.eu\/en\/wp-json\/wp\/v2\/pages\/57","targetHints":{"allow":["GET"]}}],"collection":[{"href":"https:\/\/abora.eu\/en\/wp-json\/wp\/v2\/pages"}],"about":[{"href":"https:\/\/abora.eu\/en\/wp-json\/wp\/v2\/types\/page"}],"author":[{"embeddable":true,"href":"https:\/\/abora.eu\/en\/wp-json\/wp\/v2\/users\/1"}],"replies":[{"embeddable":true,"href":"https:\/\/abora.eu\/en\/wp-json\/wp\/v2\/comments?post=57"}],"version-history":[{"count":101,"href":"https:\/\/abora.eu\/en\/wp-json\/wp\/v2\/pages\/57\/revisions"}],"predecessor-version":[{"id":4249,"href":"https:\/\/abora.eu\/en\/wp-json\/wp\/v2\/pages\/57\/revisions\/4249"}],"wp:attachment":[{"href":"https:\/\/abora.eu\/en\/wp-json\/wp\/v2\/media?parent=57"}],"curies":[{"name":"wp","href":"https:\/\/api.w.org\/{rel}","templated":true}]}}